{"id":9766,"date":"2021-05-30T14:08:16","date_gmt":"2021-05-30T14:08:16","guid":{"rendered":"https:\/\/serinidog.com\/allgemeine-geschaeftsbedingungen-agb-serinidog\/"},"modified":"2024-12-20T19:52:28","modified_gmt":"2024-12-20T19:52:28","slug":"allgemeine-geschaeftsbedingungen-agb-serinidog","status":"publish","type":"page","link":"https:\/\/serinidog.com\/de\/allgemeine-geschaeftsbedingungen-agb-serinidog\/","title":{"rendered":"Allgemeine Gesch\u00e4ftsbedingungen (AGB) &#8211; SeriniDog"},"content":{"rendered":"\n<h2 class=\"wp-block-heading\" id=\"h-1-champ-d-application\">1. Anwendungsbereich<\/h2>\n\n<p>Diese allgemeinen Gesch\u00e4ftsbedingungen gelten ausschlie\u00dflich f\u00fcr alle Verk\u00e4ufe, die \u00fcber die Website serinidog.com abgeschlossen werden. Diese Bedingungen sind jederzeit auf dieser Website zug\u00e4nglich und haben gegebenenfalls Vorrang vor jeder anderen Version oder jedem anderen widerspr\u00fcchlichen Dokument. <\/p>\n\n<h2 class=\"wp-block-heading\" id=\"h-2-informations-sur-l-entreprise-et-conclusion-du-contrat\">2. Informationen \u00fcber das Unternehmen und Vertragsabschluss<\/h2>\n\n<p><strong>Firma:<\/strong> SeriniDog<br\/><strong>Adresse:<\/strong> Rue des m\u00e9sanges, 33450 Saint Loubes<br\/><strong>Website:<\/strong> serinidog.com<br\/><strong>Email:<\/strong> <a>contact@serinidog.com<\/a><\/p>\n\n<p>Die Best\u00e4tigung der Bestellung bedeutet die Annahme der vorliegenden Allgemeinen Gesch\u00e4ftsbedingungen, die Anerkennung, diese vollst\u00e4ndig gelesen zu haben, und den Verzicht auf die Geltendmachung der eigenen Einkaufsbedingungen oder anderer Bedingungen. Die Gesamtheit der gelieferten Daten und die registrierte Best\u00e4tigung gelten als Beweis f\u00fcr die Transaktion. <\/p>\n\n<h3 class=\"wp-block-heading\" id=\"h-3-modalites-de-paiement\">3. Zahlungsmodalit\u00e4ten<\/h3>\n\n<p>Die Bezahlung der Bestellungen erfolgt ausschlie\u00dflich per Kreditkarte \u00fcber Stripe. Der Kunde wird zu einer sicheren Schnittstelle weitergeleitet, um die Zahlung zu t\u00e4tigen. <\/p>\n\n<h3 class=\"wp-block-heading\" id=\"h-4-conditions-de-livraison\">4. Lieferbedingungen<\/h3>\n\n<p>Wir liefern unsere Produkte ausschlie\u00dflich per Post. Die Lieferkosten werden bei der Bestellung je nach gew\u00e4hltem Produkt angegeben. Einzelheiten zu den Abholoptionen werden zum Zeitpunkt der Bestellung mitgeteilt.  <\/p>\n\n<h3 class=\"wp-block-heading\" id=\"h-5-reserve-de-propriete\">5. Eigentumsvorbehalt<\/h3>\n\n<p>Die Produkte bleiben das Eigentum von SeriniDog bis zur vollst\u00e4ndigen Bezahlung des Preises.<\/p>\n\n<h3 class=\"wp-block-heading\" id=\"h-6-dommages-de-transport\">6. Transportsch\u00e4den<\/h3>\n\n<p>Im Falle eines Transportschadens muss der Kunde bei der Lieferung oder innerhalb von 24 Stunden nach der Lieferung eine Beschwerde beim Transportunternehmen einreichen. Die gesetzlichen Rechte des Kunden bleiben hiervon unber\u00fchrt. <\/p>\n\n<h3 class=\"wp-block-heading\" id=\"h-7-garanties-et-responsabilite\">7. Garantien und Haftung<\/h3>\n\n<p>SeriniDog verpflichtet sich, Produkte zu liefern, die den vertraglichen Bestimmungen entsprechen. Die Produkte profitieren von Rechts wegen und ohne zus\u00e4tzliche Zahlung, unabh\u00e4ngig vom Widerrufsrecht, gem\u00e4\u00df den gesetzlichen Bestimmungen, <\/p>\n\n<ul class=\"wp-block-list\">\n<li>der gesetzlichen Konformit\u00e4tsgarantie,<\/li>\n\n\n\n<li>die gesetzliche Garantie gegen versteckte M\u00e4ngel, die aus einem Material-, Entwurfs- oder Herstellungsfehler resultieren, der die gelieferten Produkte betrifft.<\/li>\n<\/ul>\n\n<h3 class=\"wp-block-heading\" id=\"h-8-reglement-des-litiges\">8. Beilegung von Streitigkeiten<\/h3>\n\n<p>Im Falle eines Rechtsstreits werden die Kunden gebeten, den Kundenservice von SeriniDog zu kontaktieren, um eine g\u00fctliche L\u00f6sung zu finden. Falls keine Einigung erzielt werden kann, sind die Gerichte am Wohnort des Beklagten zust\u00e4ndig. <\/p>\n\n<h3 class=\"wp-block-heading\" id=\"h-9-modifications-des-conditions-generales-de-vente\">9. \u00c4nderungen der Allgemeinen Gesch\u00e4ftsbedingungen<\/h3>\n\n<p>SeriniDog beh\u00e4lt sich das Recht vor, die Allgemeinen Gesch\u00e4ftsbedingungen jederzeit zu \u00e4ndern. Im Falle einer \u00c4nderung gelten die allgemeinen Gesch\u00e4ftsbedingungen, die zum Zeitpunkt der Bestellung g\u00fcltig waren. <\/p>\n","protected":false},"excerpt":{"rendered":"<p>1. Anwendungsbereich Diese allgemeinen Gesch\u00e4ftsbedingungen gelten ausschlie\u00dflich f\u00fcr alle Verk\u00e4ufe, die \u00fcber die Website serinidog.com abgeschlossen werden. Diese Bedingungen sind jederzeit auf dieser Website zug\u00e4nglich und haben gegebenenfalls Vorrang vor jeder anderen Version oder jedem anderen widerspr\u00fcchlichen Dokument. 2. Informationen \u00fcber das Unternehmen und Vertragsabschluss Firma: SeriniDogAdresse: Rue des m\u00e9sanges, 33450 Saint LoubesWebsite: serinidog.comEmail: contact@serinidog.com &#8230; <a title=\"Allgemeine Gesch\u00e4ftsbedingungen (AGB) &#8211; SeriniDog\" class=\"read-more\" href=\"https:\/\/serinidog.com\/de\/allgemeine-geschaeftsbedingungen-agb-serinidog\/\" aria-label=\"Mehr Informationen \u00fcber Allgemeine Gesch\u00e4ftsbedingungen (AGB) &#8211; SeriniDog\">Weiterlesen &#8230;<\/a><\/p>\n","protected":false},"author":1,"featured_media":0,"parent":0,"menu_order":0,"comment_status":"closed","ping_status":"open","template":"","meta":{"footnotes":""},"class_list":["post-9766","page","type-page","status-publish"],"yoast_head":"<!-- This site is optimized with the Yoast SEO Premium plugin v23.4 (Yoast SEO v27.5) - https:\/\/yoast.com\/product\/yoast-seo-premium-wordpress\/ -->\n<title>Allgemeine Gesch\u00e4ftsbedingungen (AGB) - SeriniDog - SeriniDog<\/title>\n<meta name=\"robots\" content=\"noindex, nofollow\" \/>\n<meta property=\"og:locale\" content=\"de_DE\" \/>\n<meta property=\"og:type\" content=\"article\" \/>\n<meta property=\"og:title\" content=\"Allgemeine Gesch\u00e4ftsbedingungen (AGB) - SeriniDog - SeriniDog\" \/>\n<meta property=\"og:description\" content=\"1. Anwendungsbereich Diese allgemeinen Gesch\u00e4ftsbedingungen gelten ausschlie\u00dflich f\u00fcr alle Verk\u00e4ufe, die \u00fcber die Website serinidog.com abgeschlossen werden. Diese Bedingungen sind jederzeit auf dieser Website zug\u00e4nglich und haben gegebenenfalls Vorrang vor jeder anderen Version oder jedem anderen widerspr\u00fcchlichen Dokument. 2. Informationen \u00fcber das Unternehmen und Vertragsabschluss Firma: SeriniDogAdresse: Rue des m\u00e9sanges, 33450 Saint LoubesWebsite: serinidog.comEmail: contact@serinidog.com ... Weiterlesen ...\" \/>\n<meta property=\"og:url\" content=\"https:\/\/serinidog.com\/de\/allgemeine-geschaeftsbedingungen-agb-serinidog\/\" \/>\n<meta property=\"og:site_name\" content=\"SeriniDog\" \/>\n<meta property=\"article:modified_time\" content=\"2024-12-20T19:52:28+00:00\" \/>\n<meta name=\"twitter:card\" content=\"summary_large_image\" \/>\n<meta name=\"twitter:label1\" content=\"Gesch\u00e4tzte Lesezeit\" \/>\n\t<meta name=\"twitter:data1\" content=\"2\u00a0Minuten\" \/>\n<script type=\"application\/ld+json\" class=\"yoast-schema-graph\">{\"@context\":\"https:\\\/\\\/schema.org\",\"@graph\":[{\"@type\":\"WebPage\",\"@id\":\"https:\\\/\\\/serinidog.com\\\/de\\\/allgemeine-geschaeftsbedingungen-agb-serinidog\\\/\",\"url\":\"https:\\\/\\\/serinidog.com\\\/de\\\/allgemeine-geschaeftsbedingungen-agb-serinidog\\\/\",\"name\":\"Allgemeine Gesch\u00e4ftsbedingungen (AGB) - SeriniDog - SeriniDog\",\"isPartOf\":{\"@id\":\"https:\\\/\\\/serinidog.com\\\/de\\\/#website\"},\"datePublished\":\"2021-05-30T14:08:16+00:00\",\"dateModified\":\"2024-12-20T19:52:28+00:00\",\"breadcrumb\":{\"@id\":\"https:\\\/\\\/serinidog.com\\\/de\\\/allgemeine-geschaeftsbedingungen-agb-serinidog\\\/#breadcrumb\"},\"inLanguage\":\"de\",\"potentialAction\":[{\"@type\":\"ReadAction\",\"target\":[\"https:\\\/\\\/serinidog.com\\\/de\\\/allgemeine-geschaeftsbedingungen-agb-serinidog\\\/\"]}]},{\"@type\":\"BreadcrumbList\",\"@id\":\"https:\\\/\\\/serinidog.com\\\/de\\\/allgemeine-geschaeftsbedingungen-agb-serinidog\\\/#breadcrumb\",\"itemListElement\":[{\"@type\":\"ListItem\",\"position\":1,\"name\":\"Accueil\",\"item\":\"https:\\\/\\\/serinidog.com\\\/de\\\/\"},{\"@type\":\"ListItem\",\"position\":2,\"name\":\"Allgemeine Gesch\u00e4ftsbedingungen (AGB) &#8211; SeriniDog\"}]},{\"@type\":\"WebSite\",\"@id\":\"https:\\\/\\\/serinidog.com\\\/de\\\/#website\",\"url\":\"https:\\\/\\\/serinidog.com\\\/de\\\/\",\"name\":\"SeriniDog\",\"description\":\"Shop pour chien\",\"potentialAction\":[{\"@type\":\"SearchAction\",\"target\":{\"@type\":\"EntryPoint\",\"urlTemplate\":\"https:\\\/\\\/serinidog.com\\\/de\\\/?s={search_term_string}\"},\"query-input\":{\"@type\":\"PropertyValueSpecification\",\"valueRequired\":true,\"valueName\":\"search_term_string\"}}],\"inLanguage\":\"de\"}]}<\/script>\n<!-- \/ Yoast SEO Premium plugin. -->","yoast_head_json":{"title":"Allgemeine Gesch\u00e4ftsbedingungen (AGB) - SeriniDog - SeriniDog","robots":{"index":"noindex","follow":"nofollow"},"og_locale":"de_DE","og_type":"article","og_title":"Allgemeine Gesch\u00e4ftsbedingungen (AGB) - SeriniDog - SeriniDog","og_description":"1. Anwendungsbereich Diese allgemeinen Gesch\u00e4ftsbedingungen gelten ausschlie\u00dflich f\u00fcr alle Verk\u00e4ufe, die \u00fcber die Website serinidog.com abgeschlossen werden. Diese Bedingungen sind jederzeit auf dieser Website zug\u00e4nglich und haben gegebenenfalls Vorrang vor jeder anderen Version oder jedem anderen widerspr\u00fcchlichen Dokument. 2. Informationen \u00fcber das Unternehmen und Vertragsabschluss Firma: SeriniDogAdresse: Rue des m\u00e9sanges, 33450 Saint LoubesWebsite: serinidog.comEmail: contact@serinidog.com ... Weiterlesen ...","og_url":"https:\/\/serinidog.com\/de\/allgemeine-geschaeftsbedingungen-agb-serinidog\/","og_site_name":"SeriniDog","article_modified_time":"2024-12-20T19:52:28+00:00","twitter_card":"summary_large_image","twitter_misc":{"Gesch\u00e4tzte Lesezeit":"2\u00a0Minuten"},"schema":{"@context":"https:\/\/schema.org","@graph":[{"@type":"WebPage","@id":"https:\/\/serinidog.com\/de\/allgemeine-geschaeftsbedingungen-agb-serinidog\/","url":"https:\/\/serinidog.com\/de\/allgemeine-geschaeftsbedingungen-agb-serinidog\/","name":"Allgemeine Gesch\u00e4ftsbedingungen (AGB) - SeriniDog - SeriniDog","isPartOf":{"@id":"https:\/\/serinidog.com\/de\/#website"},"datePublished":"2021-05-30T14:08:16+00:00","dateModified":"2024-12-20T19:52:28+00:00","breadcrumb":{"@id":"https:\/\/serinidog.com\/de\/allgemeine-geschaeftsbedingungen-agb-serinidog\/#breadcrumb"},"inLanguage":"de","potentialAction":[{"@type":"ReadAction","target":["https:\/\/serinidog.com\/de\/allgemeine-geschaeftsbedingungen-agb-serinidog\/"]}]},{"@type":"BreadcrumbList","@id":"https:\/\/serinidog.com\/de\/allgemeine-geschaeftsbedingungen-agb-serinidog\/#breadcrumb","itemListElement":[{"@type":"ListItem","position":1,"name":"Accueil","item":"https:\/\/serinidog.com\/de\/"},{"@type":"ListItem","position":2,"name":"Allgemeine Gesch\u00e4ftsbedingungen (AGB) &#8211; SeriniDog"}]},{"@type":"WebSite","@id":"https:\/\/serinidog.com\/de\/#website","url":"https:\/\/serinidog.com\/de\/","name":"SeriniDog","description":"Shop pour chien","potentialAction":[{"@type":"SearchAction","target":{"@type":"EntryPoint","urlTemplate":"https:\/\/serinidog.com\/de\/?s={search_term_string}"},"query-input":{"@type":"PropertyValueSpecification","valueRequired":true,"valueName":"search_term_string"}}],"inLanguage":"de"}]}},"_links":{"self":[{"href":"https:\/\/serinidog.com\/de\/wp-json\/wp\/v2\/pages\/9766","targetHints":{"allow":["GET"]}}],"collection":[{"href":"https:\/\/serinidog.com\/de\/wp-json\/wp\/v2\/pages"}],"about":[{"href":"https:\/\/serinidog.com\/de\/wp-json\/wp\/v2\/types\/page"}],"author":[{"embeddable":true,"href":"https:\/\/serinidog.com\/de\/wp-json\/wp\/v2\/users\/1"}],"replies":[{"embeddable":true,"href":"https:\/\/serinidog.com\/de\/wp-json\/wp\/v2\/comments?post=9766"}],"version-history":[{"count":3,"href":"https:\/\/serinidog.com\/de\/wp-json\/wp\/v2\/pages\/9766\/revisions"}],"predecessor-version":[{"id":10220,"href":"https:\/\/serinidog.com\/de\/wp-json\/wp\/v2\/pages\/9766\/revisions\/10220"}],"wp:attachment":[{"href":"https:\/\/serinidog.com\/de\/wp-json\/wp\/v2\/media?parent=9766"}],"curies":[{"name":"wp","href":"https:\/\/api.w.org\/{rel}","templated":true}]}}