{"id":10071,"date":"2024-05-01T19:52:33","date_gmt":"2024-05-01T19:52:33","guid":{"rendered":"https:\/\/serinidog.com\/p\/serinidog-taktisches-anti-traktionsgeschirr\/"},"modified":"2024-12-28T21:50:30","modified_gmt":"2024-12-28T21:50:30","slug":"serinidog-taktisches-anti-traktionsgeschirr","status":"publish","type":"product","link":"https:\/\/serinidog.com\/de\/p\/serinidog-taktisches-anti-traktionsgeschirr\/","title":{"rendered":"SeriniDog taktisches Anti-Traktionsgeschirr"},"content":{"rendered":"<p>Sind Sie es leid, sich beim Gassigehen mit Ihrem Hund abm\u00fchen zu m\u00fcssen? Unser <strong>SeriniDog Anti-Zug-Geschirr<\/strong> wurde speziell entwickelt, um Ihnen zu helfen. Dank seiner fortschrittlichen Funktionen reduziert es die Zugkraft und verbessert das Verhalten Ihres Hundes, so dass jeder Spaziergang angenehmer und entspannter wird.  <\/p>\n<h2>Umfassender Schutz und optimaler Komfort<\/h2>\n<p>Dieses Geschirr bietet einen umfassenden K\u00f6rperschutz, ohne auf Komfort zu verzichten. Hergestellt aus hochwertigen Materialien, bietet das 1050D Nylon Haltbarkeit und Elastizit\u00e4t, ideal f\u00fcr alle Umgebungen. Die Belastungspunkte sind gepolstert, um die Haut Ihres Hundes zu sch\u00fctzen, w\u00e4hrend das atmungsaktive Netzgewebe f\u00fcr eine ausreichende Bel\u00fcftung sorgt, damit Ihr Hund auch im Sommer k\u00fchl und komfortabel bleibt.  <\/p>\n<h2>Verbesserte Kontrolle ohne Einbu\u00dfen bei der Bewegungsfreiheit<\/h2>\n<p>Mit vollst\u00e4ndig verstellbaren Schulter- und Brustgurten, die mit vier Schnellverschlussschnallen ausgestattet sind, ist dieses Geschirr <strong>einfach anzupassen<\/strong>, um eine perfekte Passform zu gew\u00e4hrleisten. Es bietet optimale Kontrolle, ohne die Beweglichkeit Ihres Vierbeiners einzuschr\u00e4nken, was f\u00fcr sein Wohlbefinden und den Muskelaufbau von entscheidender Bedeutung ist. <\/p>\n<p><strong>Verst\u00e4rkte Sicherheit mit starken Schnallen und 2 Befestigungspunkten<\/strong><\/p>\n<p>Die beiden Metallschnallen an den Schultern sind so konzipiert, dass sie <strong>starken Zugkr\u00e4ften standhalten<\/strong> und sicherstellen, dass Ihr Hund in jeder Situation sicher bleibt. Das Geschirr ist au\u00dferdem mit <strong>zwei Metallbefestigungspunkten f\u00fcr die Leine<\/strong> ausgestattet: ein vorderer Clip, um <strong>den Hund daran zu hindern, an der Leine zu ziehen<\/strong>, und ein hinterer Clip f\u00fcr entspannte Spazierg\u00e4nge, was Ihnen die n\u00f6tige Flexibilit\u00e4t verleiht, um verschiedene Laufsituationen zu bew\u00e4ltigen. <\/p>\n<p><strong>Praktisches und personalisierbares Zubeh\u00f6r<\/strong><\/p>\n<p>Nutzen Sie das Molle-System, um Zubeh\u00f6r wie Taschen und Wasserflaschen zu befestigen, und personalisieren Sie das Geschirr mit Aufn\u00e4hern auf den Klettverschl\u00fcssen. Zeigen Sie die einzigartige Pers\u00f6nlichkeit Ihres Hundes und erh\u00f6hen Sie gleichzeitig seine Funktionalit\u00e4t.<\/p>\n<h2>Verf\u00fcgbare Gr\u00f6\u00dfen f\u00fcr alle Hunde<\/h2>\n<ul>\n<li><strong>S<\/strong>: Halsumfang: 31-46 cm, Brustumfang: 51-61 cm<\/li>\n<li><strong>M<\/strong>: Halsumfang: 41-56 cm, Brustumfang: 67-78 cm<\/li>\n<li><strong>L<\/strong>: Halsumfang: 46-61 cm, Brustumfang: 71-89 cm<\/li>\n<li><strong>XL<\/strong>: Halsumfang: 51-71 cm, Brustumfang: 81-99 cm<\/li>\n<\/ul>\n<p>Entscheiden Sie sich f\u00fcr das SeriniDog Zugentlastungsgeschirr und erm\u00f6glichen Sie Ihrem Hund und sich selbst <strong>ruhigere und kontrolliertere Spazierg\u00e4nge<\/strong>. Kaufen Sie jetzt und verwandeln Sie Ihre t\u00e4glichen Spazierg\u00e4nge in Momente des gemeinsamen Vergn\u00fcgens! <\/p>\n","protected":false},"excerpt":{"rendered":"<p><a href=\"https:\/\/serinidog.com\/wp-content\/uploads\/2024\/05\/serinidog-taille-harnais-1.webp\" target=\"_blank\" rel=\"noopener\">Gr\u00f6\u00dfentabellen f\u00fcr den Hebegurt<\/a><\/p>\n<p>Lieferzeit: 48-72 Stunden<\/p>\n","protected":false},"featured_media":3833,"comment_status":"open","ping_status":"closed","template":"","meta":[],"product_brand":[76],"product_cat":[220],"product_tag":[],"class_list":{"0":"post-10071","1":"product","2":"type-product","3":"status-publish","4":"has-post-thumbnail","6":"product_brand-serinidog","7":"product_cat-hundegeschirr","8":"sales-flash-overlay","9":"woocommerce-text-align-left","10":"woocommerce-image-align-center","11":"do-quantity-buttons","12":"wc-has-gallery","14":"first","15":"instock","16":"taxable","17":"shipping-taxable","18":"purchasable","19":"product-type-variable","20":"has-default-attributes"},"yoast_head":"<!-- This site is optimized with the Yoast SEO Premium plugin v23.4 (Yoast SEO v27.5) - https:\/\/yoast.com\/product\/yoast-seo-premium-wordpress\/ -->\n<title>SeriniDog taktisches Anti-Traktionsgeschirr - SeriniDog<\/title>\n<meta name=\"robots\" content=\"index, follow, max-snippet:-1, max-image-preview:large, max-video-preview:-1\" \/>\n<link rel=\"canonical\" href=\"https:\/\/serinidog.com\/de\/p\/serinidog-taktisches-anti-traktionsgeschirr\/\" \/>\n<meta property=\"og:locale\" content=\"de_DE\" \/>\n<meta property=\"og:type\" content=\"article\" \/>\n<meta property=\"og:title\" content=\"SeriniDog taktisches Anti-Traktionsgeschirr - SeriniDog\" \/>\n<meta property=\"og:description\" content=\"Gr\u00f6\u00dfentabellen f\u00fcr den Hebegurt Lieferzeit: 48-72 Stunden\" \/>\n<meta property=\"og:url\" content=\"https:\/\/serinidog.com\/de\/p\/serinidog-taktisches-anti-traktionsgeschirr\/\" \/>\n<meta property=\"og:site_name\" content=\"SeriniDog\" \/>\n<meta property=\"article:modified_time\" content=\"2024-12-28T21:50:30+00:00\" \/>\n<meta property=\"og:image\" content=\"https:\/\/serinidog.com\/wp-content\/uploads\/2024\/05\/S89e66a9a00ea422ca512d97470626819d-3.webp\" \/>\n\t<meta property=\"og:image:width\" content=\"800\" \/>\n\t<meta property=\"og:image:height\" content=\"800\" \/>\n\t<meta property=\"og:image:type\" content=\"image\/webp\" \/>\n<meta name=\"twitter:card\" content=\"summary_large_image\" \/>\n<meta name=\"twitter:label1\" content=\"Verf\u00fcgbarkeit\" \/>\n\t<meta name=\"twitter:data1\" content=\"Auf Lager\" \/>\n<script type=\"application\/ld+json\" class=\"yoast-schema-graph\">{\"@context\":\"https:\\\/\\\/schema.org\",\"@graph\":[{\"@type\":\"WebPage\",\"@id\":\"https:\\\/\\\/serinidog.com\\\/de\\\/p\\\/serinidog-taktisches-anti-traktionsgeschirr\\\/\",\"url\":\"https:\\\/\\\/serinidog.com\\\/de\\\/p\\\/serinidog-taktisches-anti-traktionsgeschirr\\\/\",\"name\":\"SeriniDog taktisches Anti-Traktionsgeschirr - SeriniDog\",\"isPartOf\":{\"@id\":\"https:\\\/\\\/serinidog.com\\\/de\\\/#website\"},\"primaryImageOfPage\":{\"@id\":\"https:\\\/\\\/serinidog.com\\\/de\\\/p\\\/serinidog-taktisches-anti-traktionsgeschirr\\\/#primaryimage\"},\"image\":{\"@id\":\"https:\\\/\\\/serinidog.com\\\/de\\\/p\\\/serinidog-taktisches-anti-traktionsgeschirr\\\/#primaryimage\"},\"thumbnailUrl\":\"https:\\\/\\\/serinidog.com\\\/wp-content\\\/uploads\\\/2024\\\/05\\\/S89e66a9a00ea422ca512d97470626819d-3.webp\",\"datePublished\":\"2024-05-01T19:52:33+00:00\",\"dateModified\":\"2024-12-28T21:50:30+00:00\",\"breadcrumb\":{\"@id\":\"https:\\\/\\\/serinidog.com\\\/de\\\/p\\\/serinidog-taktisches-anti-traktionsgeschirr\\\/#breadcrumb\"},\"inLanguage\":\"de\",\"potentialAction\":[{\"@type\":\"ReadAction\",\"target\":[\"https:\\\/\\\/serinidog.com\\\/de\\\/p\\\/serinidog-taktisches-anti-traktionsgeschirr\\\/\"]}]},{\"@type\":\"ImageObject\",\"inLanguage\":\"de\",\"@id\":\"https:\\\/\\\/serinidog.com\\\/de\\\/p\\\/serinidog-taktisches-anti-traktionsgeschirr\\\/#primaryimage\",\"url\":\"https:\\\/\\\/serinidog.com\\\/wp-content\\\/uploads\\\/2024\\\/05\\\/S89e66a9a00ea422ca512d97470626819d-3.webp\",\"contentUrl\":\"https:\\\/\\\/serinidog.com\\\/wp-content\\\/uploads\\\/2024\\\/05\\\/S89e66a9a00ea422ca512d97470626819d-3.webp\",\"width\":800,\"height\":800},{\"@type\":\"BreadcrumbList\",\"@id\":\"https:\\\/\\\/serinidog.com\\\/de\\\/p\\\/serinidog-taktisches-anti-traktionsgeschirr\\\/#breadcrumb\",\"itemListElement\":[{\"@type\":\"ListItem\",\"position\":1,\"name\":\"Accueil\",\"item\":\"https:\\\/\\\/serinidog.com\\\/de\\\/\"},{\"@type\":\"ListItem\",\"position\":2,\"name\":\"Boutique\",\"item\":\"https:\\\/\\\/serinidog.com\\\/shop\\\/\"},{\"@type\":\"ListItem\",\"position\":3,\"name\":\"Hundegeschirr\",\"item\":\"https:\\\/\\\/serinidog.com\\\/de\\\/c\\\/hundegeschirr\\\/\"},{\"@type\":\"ListItem\",\"position\":4,\"name\":\"SeriniDog taktisches Anti-Traktionsgeschirr\"}]},{\"@type\":\"WebSite\",\"@id\":\"https:\\\/\\\/serinidog.com\\\/de\\\/#website\",\"url\":\"https:\\\/\\\/serinidog.com\\\/de\\\/\",\"name\":\"SeriniDog\",\"description\":\"Shop pour chien\",\"potentialAction\":[{\"@type\":\"SearchAction\",\"target\":{\"@type\":\"EntryPoint\",\"urlTemplate\":\"https:\\\/\\\/serinidog.com\\\/de\\\/?s={search_term_string}\"},\"query-input\":{\"@type\":\"PropertyValueSpecification\",\"valueRequired\":true,\"valueName\":\"search_term_string\"}}],\"inLanguage\":\"de\"}]}<\/script>\n<meta property=\"product:brand\" content=\"Serinidog\" \/>\n<meta property=\"og:availability\" content=\"instock\" \/>\n<meta property=\"product:availability\" content=\"instock\" \/>\n<meta property=\"product:retailer_item_id\" content=\"cop9qvve4ukg009jac20\" \/>\n<meta property=\"product:condition\" content=\"new\" \/>\n<!-- \/ Yoast SEO Premium plugin. -->","yoast_head_json":{"title":"SeriniDog taktisches Anti-Traktionsgeschirr - SeriniDog","robots":{"index":"index","follow":"follow","max-snippet":"max-snippet:-1","max-image-preview":"max-image-preview:large","max-video-preview":"max-video-preview:-1"},"canonical":"https:\/\/serinidog.com\/de\/p\/serinidog-taktisches-anti-traktionsgeschirr\/","og_locale":"de_DE","og_type":"article","og_title":"SeriniDog taktisches Anti-Traktionsgeschirr - SeriniDog","og_description":"Gr\u00f6\u00dfentabellen f\u00fcr den Hebegurt Lieferzeit: 48-72 Stunden","og_url":"https:\/\/serinidog.com\/de\/p\/serinidog-taktisches-anti-traktionsgeschirr\/","og_site_name":"SeriniDog","article_modified_time":"2024-12-28T21:50:30+00:00","og_image":[{"width":800,"height":800,"url":"https:\/\/serinidog.com\/wp-content\/uploads\/2024\/05\/S89e66a9a00ea422ca512d97470626819d-3.webp","type":"image\/webp"}],"twitter_card":"summary_large_image","twitter_misc":{"Verf\u00fcgbarkeit":"Auf Lager"},"schema":{"@context":"https:\/\/schema.org","@graph":[{"@type":"WebPage","@id":"https:\/\/serinidog.com\/de\/p\/serinidog-taktisches-anti-traktionsgeschirr\/","url":"https:\/\/serinidog.com\/de\/p\/serinidog-taktisches-anti-traktionsgeschirr\/","name":"SeriniDog taktisches Anti-Traktionsgeschirr - SeriniDog","isPartOf":{"@id":"https:\/\/serinidog.com\/de\/#website"},"primaryImageOfPage":{"@id":"https:\/\/serinidog.com\/de\/p\/serinidog-taktisches-anti-traktionsgeschirr\/#primaryimage"},"image":{"@id":"https:\/\/serinidog.com\/de\/p\/serinidog-taktisches-anti-traktionsgeschirr\/#primaryimage"},"thumbnailUrl":"https:\/\/serinidog.com\/wp-content\/uploads\/2024\/05\/S89e66a9a00ea422ca512d97470626819d-3.webp","datePublished":"2024-05-01T19:52:33+00:00","dateModified":"2024-12-28T21:50:30+00:00","breadcrumb":{"@id":"https:\/\/serinidog.com\/de\/p\/serinidog-taktisches-anti-traktionsgeschirr\/#breadcrumb"},"inLanguage":"de","potentialAction":[{"@type":"ReadAction","target":["https:\/\/serinidog.com\/de\/p\/serinidog-taktisches-anti-traktionsgeschirr\/"]}]},{"@type":"ImageObject","inLanguage":"de","@id":"https:\/\/serinidog.com\/de\/p\/serinidog-taktisches-anti-traktionsgeschirr\/#primaryimage","url":"https:\/\/serinidog.com\/wp-content\/uploads\/2024\/05\/S89e66a9a00ea422ca512d97470626819d-3.webp","contentUrl":"https:\/\/serinidog.com\/wp-content\/uploads\/2024\/05\/S89e66a9a00ea422ca512d97470626819d-3.webp","width":800,"height":800},{"@type":"BreadcrumbList","@id":"https:\/\/serinidog.com\/de\/p\/serinidog-taktisches-anti-traktionsgeschirr\/#breadcrumb","itemListElement":[{"@type":"ListItem","position":1,"name":"Accueil","item":"https:\/\/serinidog.com\/de\/"},{"@type":"ListItem","position":2,"name":"Boutique","item":"https:\/\/serinidog.com\/shop\/"},{"@type":"ListItem","position":3,"name":"Hundegeschirr","item":"https:\/\/serinidog.com\/de\/c\/hundegeschirr\/"},{"@type":"ListItem","position":4,"name":"SeriniDog taktisches Anti-Traktionsgeschirr"}]},{"@type":"WebSite","@id":"https:\/\/serinidog.com\/de\/#website","url":"https:\/\/serinidog.com\/de\/","name":"SeriniDog","description":"Shop pour chien","potentialAction":[{"@type":"SearchAction","target":{"@type":"EntryPoint","urlTemplate":"https:\/\/serinidog.com\/de\/?s={search_term_string}"},"query-input":{"@type":"PropertyValueSpecification","valueRequired":true,"valueName":"search_term_string"}}],"inLanguage":"de"}]},"product_brand":"Serinidog","og_availability":"instock","product_availability":"instock","product_retailer_item_id":"cop9qvve4ukg009jac20","product_condition":"new"},"_links":{"self":[{"href":"https:\/\/serinidog.com\/de\/wp-json\/wp\/v2\/product\/10071","targetHints":{"allow":["GET"]}}],"collection":[{"href":"https:\/\/serinidog.com\/de\/wp-json\/wp\/v2\/product"}],"about":[{"href":"https:\/\/serinidog.com\/de\/wp-json\/wp\/v2\/types\/product"}],"replies":[{"embeddable":true,"href":"https:\/\/serinidog.com\/de\/wp-json\/wp\/v2\/comments?post=10071"}],"wp:featuredmedia":[{"embeddable":true,"href":"https:\/\/serinidog.com\/de\/wp-json\/wp\/v2\/media\/3833"}],"wp:attachment":[{"href":"https:\/\/serinidog.com\/de\/wp-json\/wp\/v2\/media?parent=10071"}],"wp:term":[{"taxonomy":"product_brand","embeddable":true,"href":"https:\/\/serinidog.com\/de\/wp-json\/wp\/v2\/product_brand?post=10071"},{"taxonomy":"product_cat","embeddable":true,"href":"https:\/\/serinidog.com\/de\/wp-json\/wp\/v2\/product_cat?post=10071"},{"taxonomy":"product_tag","embeddable":true,"href":"https:\/\/serinidog.com\/de\/wp-json\/wp\/v2\/product_tag?post=10071"}],"curies":[{"name":"wp","href":"https:\/\/api.w.org\/{rel}","templated":true}]}}