{"id":10092,"date":"2024-05-21T11:52:36","date_gmt":"2024-05-21T11:52:36","guid":{"rendered":"https:\/\/serinidog.com\/p\/angenehm-zu-haltende-und-starke-hundeleine\/"},"modified":"2024-12-28T21:49:50","modified_gmt":"2024-12-28T21:49:50","slug":"angenehm-zu-haltende-und-starke-hundeleine","status":"publish","type":"product","link":"https:\/\/serinidog.com\/de\/p\/angenehm-zu-haltende-und-starke-hundeleine\/","title":{"rendered":"Angenehm zu haltende und starke Hundeleine"},"content":{"rendered":"<h2>Merkmale :<\/h2>\n<ul>\n<li><strong>L\u00e4nge:<\/strong> 110 cm<\/li>\n<li><strong>Breite:<\/strong> 2,5 cm<\/li>\n<li><strong>Material:<\/strong> Hochwertiges Nylongurtband mit weicher Netzpolsterung<\/li>\n<li><strong>Farbe:<\/strong> Schwarz<\/li>\n<\/ul>\n<h2>Hauptvorteile :<\/h2>\n<ul>\n<li><strong>Sicherheit und Sichtbarkeit:<\/strong> Ihr Hund wird dank der reflektierenden Streifen in jeder Situation sichtbar sein.<\/li>\n<li><strong>Komfort und Ergonomie:<\/strong> Ein Design, das auf das Wohlbefinden Ihres Hundes und Ihren Komfort bei Spazierg\u00e4ngen ausgerichtet ist.<\/li>\n<li><strong>Robustheit und Langlebigkeit:<\/strong> Hochwertige Materialien f\u00fcr eine au\u00dfergew\u00f6hnliche <strong>Langlebigkeit<\/strong>.<\/li>\n<li><strong>Alltagstauglichkeit:<\/strong> Einfach zu verwenden und f\u00fcr alle Situationen geeignet.<\/li>\n<li class=\"a-spacing-mini\"><span class=\"a-list-item\"><strong>Gepolsterter Griff<\/strong> und breites, dickes Design f\u00fcr Komfort und Haltbarkeit.<\/span><\/li>\n<li class=\"a-spacing-mini\"><span class=\"a-list-item\"><strong>Ein haltbarer Verschluss<\/strong> aus rostfreier Zinklegierung f\u00fcr eine einfache und sichere Befestigung an einer Halskette oder einem Geschirr.<\/span><\/li>\n<\/ul>\n<h4>Warum sollten Sie sich f\u00fcr unsere Leine entscheiden?<\/h4>\n<p>Entscheiden Sie sich f\u00fcr eine Leine, die Sicherheit, Komfort und Haltbarkeit miteinander verbindet. Ob f\u00fcr einen Abendspaziergang oder ein Abenteuer am Tag, diese Leine ist die ideale Wahl f\u00fcr alle Hundebesitzer, die sich um das Wohlergehen ihres vierbeinigen Freundes sorgen. <\/p>\n<p><strong>Legen Sie diese Leine jetzt in Ihren Warenkorb und bieten Sie Ihrem Hund das beste Erlebnis beim Spazierengehen!<\/strong><\/p>\n","protected":false},"excerpt":{"rendered":"<p>Lieferung: 48 bis 72 Stunden<\/p>\n","protected":false},"featured_media":7657,"comment_status":"open","ping_status":"closed","template":"","meta":[],"product_brand":[76],"product_cat":[259],"product_tag":[],"class_list":{"0":"post-10092","1":"product","2":"type-product","3":"status-publish","4":"has-post-thumbnail","6":"product_brand-serinidog","7":"product_cat-hundeleinen","8":"sales-flash-overlay","9":"woocommerce-text-align-left","10":"woocommerce-image-align-center","11":"do-quantity-buttons","13":"first","14":"instock","15":"taxable","16":"shipping-taxable","17":"purchasable","18":"product-type-simple"},"yoast_head":"<!-- This site is optimized with the Yoast SEO Premium plugin v23.4 (Yoast SEO v27.5) - https:\/\/yoast.com\/product\/yoast-seo-premium-wordpress\/ -->\n<title>Angenehm zu haltende und starke Hundeleine - SeriniDog<\/title>\n<meta name=\"robots\" content=\"index, follow, max-snippet:-1, max-image-preview:large, max-video-preview:-1\" \/>\n<link rel=\"canonical\" href=\"https:\/\/serinidog.com\/de\/p\/angenehm-zu-haltende-und-starke-hundeleine\/\" \/>\n<meta property=\"og:locale\" content=\"de_DE\" \/>\n<meta property=\"og:type\" content=\"article\" \/>\n<meta property=\"og:title\" content=\"Angenehm zu haltende und starke Hundeleine - SeriniDog\" \/>\n<meta property=\"og:description\" content=\"Lieferung: 48 bis 72 Stunden\" \/>\n<meta property=\"og:url\" content=\"https:\/\/serinidog.com\/de\/p\/angenehm-zu-haltende-und-starke-hundeleine\/\" \/>\n<meta property=\"og:site_name\" content=\"SeriniDog\" \/>\n<meta property=\"article:modified_time\" content=\"2024-12-28T21:49:50+00:00\" \/>\n<meta property=\"og:image\" content=\"https:\/\/serinidog.com\/wp-content\/uploads\/2024\/05\/Design-sans-titre.jpg\" \/>\n\t<meta property=\"og:image:width\" content=\"800\" \/>\n\t<meta property=\"og:image:height\" content=\"800\" \/>\n\t<meta property=\"og:image:type\" content=\"image\/jpeg\" \/>\n<meta name=\"twitter:card\" content=\"summary_large_image\" \/>\n<meta name=\"twitter:label1\" content=\"Preis\" \/>\n\t<meta name=\"twitter:data1\" content=\"17,50&nbsp;&euro;\" \/>\n\t<meta name=\"twitter:label2\" content=\"Verf\u00fcgbarkeit\" \/>\n\t<meta name=\"twitter:data2\" content=\"Auf Lager\" \/>\n<script type=\"application\/ld+json\" class=\"yoast-schema-graph\">{\"@context\":\"https:\\\/\\\/schema.org\",\"@graph\":[{\"@type\":\"WebPage\",\"@id\":\"https:\\\/\\\/serinidog.com\\\/de\\\/p\\\/angenehm-zu-haltende-und-starke-hundeleine\\\/\",\"url\":\"https:\\\/\\\/serinidog.com\\\/de\\\/p\\\/angenehm-zu-haltende-und-starke-hundeleine\\\/\",\"name\":\"Angenehm zu haltende und starke Hundeleine - SeriniDog\",\"isPartOf\":{\"@id\":\"https:\\\/\\\/serinidog.com\\\/de\\\/#website\"},\"primaryImageOfPage\":{\"@id\":\"https:\\\/\\\/serinidog.com\\\/de\\\/p\\\/angenehm-zu-haltende-und-starke-hundeleine\\\/#primaryimage\"},\"image\":{\"@id\":\"https:\\\/\\\/serinidog.com\\\/de\\\/p\\\/angenehm-zu-haltende-und-starke-hundeleine\\\/#primaryimage\"},\"thumbnailUrl\":\"https:\\\/\\\/serinidog.com\\\/wp-content\\\/uploads\\\/2024\\\/05\\\/Design-sans-titre.jpg\",\"datePublished\":\"2024-05-21T11:52:36+00:00\",\"dateModified\":\"2024-12-28T21:49:50+00:00\",\"breadcrumb\":{\"@id\":\"https:\\\/\\\/serinidog.com\\\/de\\\/p\\\/angenehm-zu-haltende-und-starke-hundeleine\\\/#breadcrumb\"},\"inLanguage\":\"de\",\"potentialAction\":[{\"@type\":\"ReadAction\",\"target\":[\"https:\\\/\\\/serinidog.com\\\/de\\\/p\\\/angenehm-zu-haltende-und-starke-hundeleine\\\/\"]}]},{\"@type\":\"ImageObject\",\"inLanguage\":\"de\",\"@id\":\"https:\\\/\\\/serinidog.com\\\/de\\\/p\\\/angenehm-zu-haltende-und-starke-hundeleine\\\/#primaryimage\",\"url\":\"https:\\\/\\\/serinidog.com\\\/wp-content\\\/uploads\\\/2024\\\/05\\\/Design-sans-titre.jpg\",\"contentUrl\":\"https:\\\/\\\/serinidog.com\\\/wp-content\\\/uploads\\\/2024\\\/05\\\/Design-sans-titre.jpg\",\"width\":800,\"height\":800},{\"@type\":\"BreadcrumbList\",\"@id\":\"https:\\\/\\\/serinidog.com\\\/de\\\/p\\\/angenehm-zu-haltende-und-starke-hundeleine\\\/#breadcrumb\",\"itemListElement\":[{\"@type\":\"ListItem\",\"position\":1,\"name\":\"Accueil\",\"item\":\"https:\\\/\\\/serinidog.com\\\/de\\\/\"},{\"@type\":\"ListItem\",\"position\":2,\"name\":\"Boutique\",\"item\":\"https:\\\/\\\/serinidog.com\\\/shop\\\/\"},{\"@type\":\"ListItem\",\"position\":3,\"name\":\"Hundeleinen\",\"item\":\"https:\\\/\\\/serinidog.com\\\/de\\\/c\\\/hundeleinen\\\/\"},{\"@type\":\"ListItem\",\"position\":4,\"name\":\"Angenehm zu haltende und starke Hundeleine\"}]},{\"@type\":\"WebSite\",\"@id\":\"https:\\\/\\\/serinidog.com\\\/de\\\/#website\",\"url\":\"https:\\\/\\\/serinidog.com\\\/de\\\/\",\"name\":\"SeriniDog\",\"description\":\"Shop pour chien\",\"potentialAction\":[{\"@type\":\"SearchAction\",\"target\":{\"@type\":\"EntryPoint\",\"urlTemplate\":\"https:\\\/\\\/serinidog.com\\\/de\\\/?s={search_term_string}\"},\"query-input\":{\"@type\":\"PropertyValueSpecification\",\"valueRequired\":true,\"valueName\":\"search_term_string\"}}],\"inLanguage\":\"de\"}]}<\/script>\n<meta property=\"product:brand\" content=\"Serinidog\" \/>\n<meta property=\"product:price:amount\" content=\"17.50\" \/>\n<meta property=\"product:price:currency\" content=\"EUR\" \/>\n<meta property=\"og:availability\" content=\"instock\" \/>\n<meta property=\"product:availability\" content=\"instock\" \/>\n<meta property=\"product:condition\" content=\"new\" \/>\n<!-- \/ Yoast SEO Premium plugin. -->","yoast_head_json":{"title":"Angenehm zu haltende und starke Hundeleine - SeriniDog","robots":{"index":"index","follow":"follow","max-snippet":"max-snippet:-1","max-image-preview":"max-image-preview:large","max-video-preview":"max-video-preview:-1"},"canonical":"https:\/\/serinidog.com\/de\/p\/angenehm-zu-haltende-und-starke-hundeleine\/","og_locale":"de_DE","og_type":"article","og_title":"Angenehm zu haltende und starke Hundeleine - SeriniDog","og_description":"Lieferung: 48 bis 72 Stunden","og_url":"https:\/\/serinidog.com\/de\/p\/angenehm-zu-haltende-und-starke-hundeleine\/","og_site_name":"SeriniDog","article_modified_time":"2024-12-28T21:49:50+00:00","og_image":[{"width":800,"height":800,"url":"https:\/\/serinidog.com\/wp-content\/uploads\/2024\/05\/Design-sans-titre.jpg","type":"image\/jpeg"}],"twitter_card":"summary_large_image","twitter_misc":{"Preis":"17,50&nbsp;&euro;","Verf\u00fcgbarkeit":"Auf Lager"},"schema":{"@context":"https:\/\/schema.org","@graph":[{"@type":"WebPage","@id":"https:\/\/serinidog.com\/de\/p\/angenehm-zu-haltende-und-starke-hundeleine\/","url":"https:\/\/serinidog.com\/de\/p\/angenehm-zu-haltende-und-starke-hundeleine\/","name":"Angenehm zu haltende und starke Hundeleine - SeriniDog","isPartOf":{"@id":"https:\/\/serinidog.com\/de\/#website"},"primaryImageOfPage":{"@id":"https:\/\/serinidog.com\/de\/p\/angenehm-zu-haltende-und-starke-hundeleine\/#primaryimage"},"image":{"@id":"https:\/\/serinidog.com\/de\/p\/angenehm-zu-haltende-und-starke-hundeleine\/#primaryimage"},"thumbnailUrl":"https:\/\/serinidog.com\/wp-content\/uploads\/2024\/05\/Design-sans-titre.jpg","datePublished":"2024-05-21T11:52:36+00:00","dateModified":"2024-12-28T21:49:50+00:00","breadcrumb":{"@id":"https:\/\/serinidog.com\/de\/p\/angenehm-zu-haltende-und-starke-hundeleine\/#breadcrumb"},"inLanguage":"de","potentialAction":[{"@type":"ReadAction","target":["https:\/\/serinidog.com\/de\/p\/angenehm-zu-haltende-und-starke-hundeleine\/"]}]},{"@type":"ImageObject","inLanguage":"de","@id":"https:\/\/serinidog.com\/de\/p\/angenehm-zu-haltende-und-starke-hundeleine\/#primaryimage","url":"https:\/\/serinidog.com\/wp-content\/uploads\/2024\/05\/Design-sans-titre.jpg","contentUrl":"https:\/\/serinidog.com\/wp-content\/uploads\/2024\/05\/Design-sans-titre.jpg","width":800,"height":800},{"@type":"BreadcrumbList","@id":"https:\/\/serinidog.com\/de\/p\/angenehm-zu-haltende-und-starke-hundeleine\/#breadcrumb","itemListElement":[{"@type":"ListItem","position":1,"name":"Accueil","item":"https:\/\/serinidog.com\/de\/"},{"@type":"ListItem","position":2,"name":"Boutique","item":"https:\/\/serinidog.com\/shop\/"},{"@type":"ListItem","position":3,"name":"Hundeleinen","item":"https:\/\/serinidog.com\/de\/c\/hundeleinen\/"},{"@type":"ListItem","position":4,"name":"Angenehm zu haltende und starke Hundeleine"}]},{"@type":"WebSite","@id":"https:\/\/serinidog.com\/de\/#website","url":"https:\/\/serinidog.com\/de\/","name":"SeriniDog","description":"Shop pour chien","potentialAction":[{"@type":"SearchAction","target":{"@type":"EntryPoint","urlTemplate":"https:\/\/serinidog.com\/de\/?s={search_term_string}"},"query-input":{"@type":"PropertyValueSpecification","valueRequired":true,"valueName":"search_term_string"}}],"inLanguage":"de"}]},"product_brand":"Serinidog","product_price_amount":"17.50","product_price_currency":"EUR","og_availability":"instock","product_availability":"instock","product_condition":"new"},"_links":{"self":[{"href":"https:\/\/serinidog.com\/de\/wp-json\/wp\/v2\/product\/10092","targetHints":{"allow":["GET"]}}],"collection":[{"href":"https:\/\/serinidog.com\/de\/wp-json\/wp\/v2\/product"}],"about":[{"href":"https:\/\/serinidog.com\/de\/wp-json\/wp\/v2\/types\/product"}],"replies":[{"embeddable":true,"href":"https:\/\/serinidog.com\/de\/wp-json\/wp\/v2\/comments?post=10092"}],"wp:featuredmedia":[{"embeddable":true,"href":"https:\/\/serinidog.com\/de\/wp-json\/wp\/v2\/media\/7657"}],"wp:attachment":[{"href":"https:\/\/serinidog.com\/de\/wp-json\/wp\/v2\/media?parent=10092"}],"wp:term":[{"taxonomy":"product_brand","embeddable":true,"href":"https:\/\/serinidog.com\/de\/wp-json\/wp\/v2\/product_brand?post=10092"},{"taxonomy":"product_cat","embeddable":true,"href":"https:\/\/serinidog.com\/de\/wp-json\/wp\/v2\/product_cat?post=10092"},{"taxonomy":"product_tag","embeddable":true,"href":"https:\/\/serinidog.com\/de\/wp-json\/wp\/v2\/product_tag?post=10092"}],"curies":[{"name":"wp","href":"https:\/\/api.w.org\/{rel}","templated":true}]}}