{"id":10128,"date":"2024-05-02T07:39:14","date_gmt":"2024-05-02T07:39:14","guid":{"rendered":"https:\/\/serinidog.com\/p\/serini-dog-taktisches-hundehalsband-aus-nylon-mit-griff\/"},"modified":"2024-12-28T21:50:12","modified_gmt":"2024-12-28T21:50:12","slug":"serini-dog-taktisches-hundehalsband-aus-nylon-mit-griff","status":"publish","type":"product","link":"https:\/\/serinidog.com\/de\/p\/serini-dog-taktisches-hundehalsband-aus-nylon-mit-griff\/","title":{"rendered":"Serini Dog taktisches Hundehalsband aus Nylon mit Griff"},"content":{"rendered":"<p>W\u00e4hlen Sie das SeriniDog Nylonhalsband, die ideale Wahl f\u00fcr Besitzer von mittelgro\u00dfen bis gro\u00dfen Hunden, die Sicherheit, Komfort und Stil suchen. Dieses Halsband aus strapazierf\u00e4higem, doppellagigem Nylon und einer Schnalle aus einer Zinklegierung vereint Haltbarkeit und Zweckm\u00e4\u00dfigkeit. <\/p>\n<div style=\"width: 1200px;\" class=\"wp-video\"><video class=\"wp-video-shortcode\" id=\"video-10128-1\" width=\"1200\" height=\"675\" preload=\"metadata\" controls=\"controls\"><source type=\"video\/mp4\" src=\"https:\/\/serinidog.com\/wp-content\/uploads\/2024\/05\/sLl3keYm3CUnmf69UJ0_314431387494_mp4_265_hd.mp4?_=1\" \/><a href=\"https:\/\/serinidog.com\/wp-content\/uploads\/2024\/05\/sLl3keYm3CUnmf69UJ0_314431387494_mp4_265_hd.mp4\">https:\/\/serinidog.com\/wp-content\/uploads\/2024\/05\/sLl3keYm3CUnmf69UJ0_314431387494_mp4_265_hd.mp4<\/a><\/video><\/div>\n<h2>Schl\u00fcsselpunkte des Produkts<\/h2>\n<ul>\n<li><strong>Wichtigstes Material :<\/strong> Hochwertiges, robustes Nylon<\/li>\n<li><strong>Verschiedene Farben:<\/strong> Schwarz, Gr\u00fcn, Gelb, Camouflage, Rot, Rosa, Blau<\/li>\n<li><strong>Einstellbare Abmessungen :<\/strong>\n<ul>\n<li><strong>Gr\u00f6\u00dfe M:<\/strong> Verstellbar von 36 bis 48 cm<\/li>\n<li><strong>Gr\u00f6\u00dfe L:<\/strong> Verstellbar von 42 bis 54 cm<\/li>\n<li><strong>Gr\u00f6\u00dfe XL<\/strong>: anpassbar von 50 bis 62 cm<\/li>\n<\/ul>\n<\/li>\n<li><strong>Design:<\/strong> Mit integriertem Kontrollgriff und D-Ring aus Zinklegierung<\/li>\n<li><strong>Art des Produkts :<\/strong> Halsb\u00e4nder f\u00fcr Hunde<\/li>\n<\/ul>\n<h2>Vorteile des Serini Dog Halsbandes<\/h2>\n<ul>\n<li><strong>\u00dcberlegene Haltbarkeit:<\/strong> Kratz- und rei\u00dffest dank des dicken Nylons. Perfekt f\u00fcr alle Aktivit\u00e4ten im Freien, unabh\u00e4ngig von der Jahreszeit. <\/li>\n<li><strong>Optimierter Tragekomfort:<\/strong> Das weiche Futter sch\u00fctzt die Haut Ihres Hundes vor Reibung und sorgt f\u00fcr einen hohen Tragekomfort w\u00e4hrend des ganzen Tages.<\/li>\n<li><strong>Erh\u00f6hte Sicherheit:<\/strong> Der Kontrollgriff bietet einen schnellen und festen Griff, um Ihren Hund in jeder Notsituation leicht zu kontrollieren.<\/li>\n<li><strong>Benutzerfreundlichkeit:<\/strong> Flexible Metallschnalle f\u00fcr eine einfache Handhabung, gesichert durch einen Schnellverschluss.<\/li>\n<\/ul>\n<h2>Warum sollten Sie sich f\u00fcr das Serini Dog Halsband entscheiden?<\/h2>\n<p>Das Halsband von SeriniDog ist mehr als nur ein Hundezubeh\u00f6r. Es wurde entwickelt, um die Sicherheit und den Komfort Ihres Hundes zu gew\u00e4hrleisten und gleichzeitig einen eleganten Stil zu zeigen. Die Konstruktion aus hochwertigem Nylon und die praktischen Funktionen wie die einfache Anpassung und der Kontrollgriff machen es zum idealen Halsband f\u00fcr alle, die Funktionalit\u00e4t mit \u00c4sthetik kombinieren m\u00f6chten.  <\/p>\n<h2>Spezifische Anweisungen<\/h2>\n<p>Messen Sie den Hals Ihres Hundes vor dem Kauf, um eine perfekte Passform zu gew\u00e4hrleisten. Weitere Informationen finden Sie in unserem Gr\u00f6\u00dfenratgeber und in den FAQs. F\u00fcr eine pers\u00f6nliche Beratung wenden Sie sich bitte an unseren Kundenservice. <\/p>\n<h2>Jetzt kaufen<\/h2>\n<p>Lassen Sie sich die Gelegenheit nicht entgehen, Ihrem Hund den Komfort und die Sicherheit zu bieten, die er verdient. Klicken Sie auf &#8222;In den Warenkorb&#8220;, um Ihr SeriniDog Nylonhalsband jetzt zu kaufen. Ihr Hund wird Ihnen f\u00fcr dieses praktische und schicke Halsband danken!  <\/p>\n","protected":false},"excerpt":{"rendered":"<p>Lieferung: 48-72 Stunden<\/p>\n<p><a href=\"https:\/\/serinidog.com\/wp-content\/uploads\/2024\/05\/taille-collier-1.webp\" target=\"_blank\" rel=\"noopener\">Gr\u00f6\u00dfenf\u00fchrer<\/a><\/p>\n","protected":false},"featured_media":7409,"comment_status":"open","ping_status":"closed","template":"","meta":[],"product_brand":[76],"product_cat":[263],"product_tag":[],"class_list":{"0":"post-10128","1":"product","2":"type-product","3":"status-publish","4":"has-post-thumbnail","6":"product_brand-serinidog","7":"product_cat-halsbander-fur-hunde","8":"sales-flash-overlay","9":"woocommerce-text-align-left","10":"woocommerce-image-align-center","11":"do-quantity-buttons","12":"wc-has-gallery","14":"first","15":"instock","16":"taxable","17":"shipping-taxable","18":"purchasable","19":"product-type-variable","20":"has-default-attributes"},"yoast_head":"<!-- This site is optimized with the Yoast SEO Premium plugin v23.4 (Yoast SEO v27.5) - https:\/\/yoast.com\/product\/yoast-seo-premium-wordpress\/ -->\n<title>SeriniDog Nylon-Hundehalsband mit taktischem Griff<\/title>\n<meta name=\"description\" content=\"Entdecken Sie das SeriniDog Nylon-Halsband, das perfekt f\u00fcr mittelgro\u00dfe bis gro\u00dfe Hunde geeignet ist. Dieses Halsband mit integriertem Griff wurde entwickelt, um Haltbarkeit, Komfort und Stil zu kombinieren und bietet Sicherheit und Kontrolle bei Ihren Spazierg\u00e4ngen.\" \/>\n<meta name=\"robots\" content=\"index, follow, max-snippet:-1, max-image-preview:large, max-video-preview:-1\" \/>\n<link rel=\"canonical\" href=\"https:\/\/serinidog.com\/de\/p\/serini-dog-taktisches-hundehalsband-aus-nylon-mit-griff\/\" \/>\n<meta property=\"og:locale\" content=\"de_DE\" \/>\n<meta property=\"og:type\" content=\"article\" \/>\n<meta property=\"og:title\" content=\"SeriniDog Nylon-Hundehalsband mit taktischem Griff\" \/>\n<meta property=\"og:description\" content=\"Entdecken Sie das SeriniDog Nylon-Halsband, das perfekt f\u00fcr mittelgro\u00dfe bis gro\u00dfe Hunde geeignet ist. Dieses Halsband mit integriertem Griff wurde entwickelt, um Haltbarkeit, Komfort und Stil zu kombinieren und bietet Sicherheit und Kontrolle bei Ihren Spazierg\u00e4ngen.\" \/>\n<meta property=\"og:url\" content=\"https:\/\/serinidog.com\/de\/p\/serini-dog-taktisches-hundehalsband-aus-nylon-mit-griff\/\" \/>\n<meta property=\"og:site_name\" content=\"SeriniDog\" \/>\n<meta property=\"article:modified_time\" content=\"2024-12-28T21:50:12+00:00\" \/>\n<meta property=\"og:image\" content=\"https:\/\/serinidog.com\/wp-content\/uploads\/2024\/05\/02327083e1e29cb9ec3a308bd2f1a9b5.jpg\" \/>\n\t<meta property=\"og:image:width\" content=\"748\" \/>\n\t<meta property=\"og:image:height\" content=\"678\" \/>\n\t<meta property=\"og:image:type\" content=\"image\/jpeg\" \/>\n<meta name=\"twitter:card\" content=\"summary_large_image\" \/>\n<meta name=\"twitter:label1\" content=\"Verf\u00fcgbarkeit\" \/>\n\t<meta name=\"twitter:data1\" content=\"Auf Lager\" \/>\n<script type=\"application\/ld+json\" class=\"yoast-schema-graph\">{\"@context\":\"https:\\\/\\\/schema.org\",\"@graph\":[{\"@type\":\"WebPage\",\"@id\":\"https:\\\/\\\/serinidog.com\\\/de\\\/p\\\/serini-dog-taktisches-hundehalsband-aus-nylon-mit-griff\\\/\",\"url\":\"https:\\\/\\\/serinidog.com\\\/de\\\/p\\\/serini-dog-taktisches-hundehalsband-aus-nylon-mit-griff\\\/\",\"name\":\"SeriniDog Nylon-Hundehalsband mit taktischem Griff\",\"isPartOf\":{\"@id\":\"https:\\\/\\\/serinidog.com\\\/de\\\/#website\"},\"primaryImageOfPage\":{\"@id\":\"https:\\\/\\\/serinidog.com\\\/de\\\/p\\\/serini-dog-taktisches-hundehalsband-aus-nylon-mit-griff\\\/#primaryimage\"},\"image\":{\"@id\":\"https:\\\/\\\/serinidog.com\\\/de\\\/p\\\/serini-dog-taktisches-hundehalsband-aus-nylon-mit-griff\\\/#primaryimage\"},\"thumbnailUrl\":\"https:\\\/\\\/serinidog.com\\\/wp-content\\\/uploads\\\/2024\\\/05\\\/02327083e1e29cb9ec3a308bd2f1a9b5.jpg\",\"datePublished\":\"2024-05-02T07:39:14+00:00\",\"dateModified\":\"2024-12-28T21:50:12+00:00\",\"description\":\"Entdecken Sie das SeriniDog Nylon-Halsband, das perfekt f\u00fcr mittelgro\u00dfe bis gro\u00dfe Hunde geeignet ist. Dieses Halsband mit integriertem Griff wurde entwickelt, um Haltbarkeit, Komfort und Stil zu kombinieren und bietet Sicherheit und Kontrolle bei Ihren Spazierg\u00e4ngen.\",\"breadcrumb\":{\"@id\":\"https:\\\/\\\/serinidog.com\\\/de\\\/p\\\/serini-dog-taktisches-hundehalsband-aus-nylon-mit-griff\\\/#breadcrumb\"},\"inLanguage\":\"de\",\"potentialAction\":[{\"@type\":\"ReadAction\",\"target\":[\"https:\\\/\\\/serinidog.com\\\/de\\\/p\\\/serini-dog-taktisches-hundehalsband-aus-nylon-mit-griff\\\/\"]}]},{\"@type\":\"ImageObject\",\"inLanguage\":\"de\",\"@id\":\"https:\\\/\\\/serinidog.com\\\/de\\\/p\\\/serini-dog-taktisches-hundehalsband-aus-nylon-mit-griff\\\/#primaryimage\",\"url\":\"https:\\\/\\\/serinidog.com\\\/wp-content\\\/uploads\\\/2024\\\/05\\\/02327083e1e29cb9ec3a308bd2f1a9b5.jpg\",\"contentUrl\":\"https:\\\/\\\/serinidog.com\\\/wp-content\\\/uploads\\\/2024\\\/05\\\/02327083e1e29cb9ec3a308bd2f1a9b5.jpg\",\"width\":748,\"height\":678},{\"@type\":\"BreadcrumbList\",\"@id\":\"https:\\\/\\\/serinidog.com\\\/de\\\/p\\\/serini-dog-taktisches-hundehalsband-aus-nylon-mit-griff\\\/#breadcrumb\",\"itemListElement\":[{\"@type\":\"ListItem\",\"position\":1,\"name\":\"Accueil\",\"item\":\"https:\\\/\\\/serinidog.com\\\/de\\\/\"},{\"@type\":\"ListItem\",\"position\":2,\"name\":\"Boutique\",\"item\":\"https:\\\/\\\/serinidog.com\\\/shop\\\/\"},{\"@type\":\"ListItem\",\"position\":3,\"name\":\"Halsb\u00e4nder f\u00fcr Hunde\",\"item\":\"https:\\\/\\\/serinidog.com\\\/de\\\/c\\\/halsbander-fur-hunde\\\/\"},{\"@type\":\"ListItem\",\"position\":4,\"name\":\"Serini Dog taktisches Hundehalsband aus Nylon mit Griff\"}]},{\"@type\":\"WebSite\",\"@id\":\"https:\\\/\\\/serinidog.com\\\/de\\\/#website\",\"url\":\"https:\\\/\\\/serinidog.com\\\/de\\\/\",\"name\":\"SeriniDog\",\"description\":\"Shop pour chien\",\"potentialAction\":[{\"@type\":\"SearchAction\",\"target\":{\"@type\":\"EntryPoint\",\"urlTemplate\":\"https:\\\/\\\/serinidog.com\\\/de\\\/?s={search_term_string}\"},\"query-input\":{\"@type\":\"PropertyValueSpecification\",\"valueRequired\":true,\"valueName\":\"search_term_string\"}}],\"inLanguage\":\"de\"}]}<\/script>\n<meta property=\"product:brand\" content=\"Serinidog\" \/>\n<meta property=\"og:availability\" content=\"instock\" \/>\n<meta property=\"product:availability\" content=\"instock\" \/>\n<meta property=\"product:retailer_item_id\" content=\"copk67ve4ukg009jagk0\" \/>\n<meta property=\"product:condition\" content=\"new\" \/>\n<!-- \/ Yoast SEO Premium plugin. -->","yoast_head_json":{"title":"SeriniDog Nylon-Hundehalsband mit taktischem Griff","description":"Entdecken Sie das SeriniDog Nylon-Halsband, das perfekt f\u00fcr mittelgro\u00dfe bis gro\u00dfe Hunde geeignet ist. Dieses Halsband mit integriertem Griff wurde entwickelt, um Haltbarkeit, Komfort und Stil zu kombinieren und bietet Sicherheit und Kontrolle bei Ihren Spazierg\u00e4ngen.","robots":{"index":"index","follow":"follow","max-snippet":"max-snippet:-1","max-image-preview":"max-image-preview:large","max-video-preview":"max-video-preview:-1"},"canonical":"https:\/\/serinidog.com\/de\/p\/serini-dog-taktisches-hundehalsband-aus-nylon-mit-griff\/","og_locale":"de_DE","og_type":"article","og_title":"SeriniDog Nylon-Hundehalsband mit taktischem Griff","og_description":"Entdecken Sie das SeriniDog Nylon-Halsband, das perfekt f\u00fcr mittelgro\u00dfe bis gro\u00dfe Hunde geeignet ist. Dieses Halsband mit integriertem Griff wurde entwickelt, um Haltbarkeit, Komfort und Stil zu kombinieren und bietet Sicherheit und Kontrolle bei Ihren Spazierg\u00e4ngen.","og_url":"https:\/\/serinidog.com\/de\/p\/serini-dog-taktisches-hundehalsband-aus-nylon-mit-griff\/","og_site_name":"SeriniDog","article_modified_time":"2024-12-28T21:50:12+00:00","og_image":[{"width":748,"height":678,"url":"https:\/\/serinidog.com\/wp-content\/uploads\/2024\/05\/02327083e1e29cb9ec3a308bd2f1a9b5.jpg","type":"image\/jpeg"}],"twitter_card":"summary_large_image","twitter_misc":{"Verf\u00fcgbarkeit":"Auf Lager"},"schema":{"@context":"https:\/\/schema.org","@graph":[{"@type":"WebPage","@id":"https:\/\/serinidog.com\/de\/p\/serini-dog-taktisches-hundehalsband-aus-nylon-mit-griff\/","url":"https:\/\/serinidog.com\/de\/p\/serini-dog-taktisches-hundehalsband-aus-nylon-mit-griff\/","name":"SeriniDog Nylon-Hundehalsband mit taktischem Griff","isPartOf":{"@id":"https:\/\/serinidog.com\/de\/#website"},"primaryImageOfPage":{"@id":"https:\/\/serinidog.com\/de\/p\/serini-dog-taktisches-hundehalsband-aus-nylon-mit-griff\/#primaryimage"},"image":{"@id":"https:\/\/serinidog.com\/de\/p\/serini-dog-taktisches-hundehalsband-aus-nylon-mit-griff\/#primaryimage"},"thumbnailUrl":"https:\/\/serinidog.com\/wp-content\/uploads\/2024\/05\/02327083e1e29cb9ec3a308bd2f1a9b5.jpg","datePublished":"2024-05-02T07:39:14+00:00","dateModified":"2024-12-28T21:50:12+00:00","description":"Entdecken Sie das SeriniDog Nylon-Halsband, das perfekt f\u00fcr mittelgro\u00dfe bis gro\u00dfe Hunde geeignet ist. Dieses Halsband mit integriertem Griff wurde entwickelt, um Haltbarkeit, Komfort und Stil zu kombinieren und bietet Sicherheit und Kontrolle bei Ihren Spazierg\u00e4ngen.","breadcrumb":{"@id":"https:\/\/serinidog.com\/de\/p\/serini-dog-taktisches-hundehalsband-aus-nylon-mit-griff\/#breadcrumb"},"inLanguage":"de","potentialAction":[{"@type":"ReadAction","target":["https:\/\/serinidog.com\/de\/p\/serini-dog-taktisches-hundehalsband-aus-nylon-mit-griff\/"]}]},{"@type":"ImageObject","inLanguage":"de","@id":"https:\/\/serinidog.com\/de\/p\/serini-dog-taktisches-hundehalsband-aus-nylon-mit-griff\/#primaryimage","url":"https:\/\/serinidog.com\/wp-content\/uploads\/2024\/05\/02327083e1e29cb9ec3a308bd2f1a9b5.jpg","contentUrl":"https:\/\/serinidog.com\/wp-content\/uploads\/2024\/05\/02327083e1e29cb9ec3a308bd2f1a9b5.jpg","width":748,"height":678},{"@type":"BreadcrumbList","@id":"https:\/\/serinidog.com\/de\/p\/serini-dog-taktisches-hundehalsband-aus-nylon-mit-griff\/#breadcrumb","itemListElement":[{"@type":"ListItem","position":1,"name":"Accueil","item":"https:\/\/serinidog.com\/de\/"},{"@type":"ListItem","position":2,"name":"Boutique","item":"https:\/\/serinidog.com\/shop\/"},{"@type":"ListItem","position":3,"name":"Halsb\u00e4nder f\u00fcr Hunde","item":"https:\/\/serinidog.com\/de\/c\/halsbander-fur-hunde\/"},{"@type":"ListItem","position":4,"name":"Serini Dog taktisches Hundehalsband aus Nylon mit Griff"}]},{"@type":"WebSite","@id":"https:\/\/serinidog.com\/de\/#website","url":"https:\/\/serinidog.com\/de\/","name":"SeriniDog","description":"Shop pour chien","potentialAction":[{"@type":"SearchAction","target":{"@type":"EntryPoint","urlTemplate":"https:\/\/serinidog.com\/de\/?s={search_term_string}"},"query-input":{"@type":"PropertyValueSpecification","valueRequired":true,"valueName":"search_term_string"}}],"inLanguage":"de"}]},"product_brand":"Serinidog","og_availability":"instock","product_availability":"instock","product_retailer_item_id":"copk67ve4ukg009jagk0","product_condition":"new"},"_links":{"self":[{"href":"https:\/\/serinidog.com\/de\/wp-json\/wp\/v2\/product\/10128","targetHints":{"allow":["GET"]}}],"collection":[{"href":"https:\/\/serinidog.com\/de\/wp-json\/wp\/v2\/product"}],"about":[{"href":"https:\/\/serinidog.com\/de\/wp-json\/wp\/v2\/types\/product"}],"replies":[{"embeddable":true,"href":"https:\/\/serinidog.com\/de\/wp-json\/wp\/v2\/comments?post=10128"}],"wp:featuredmedia":[{"embeddable":true,"href":"https:\/\/serinidog.com\/de\/wp-json\/wp\/v2\/media\/7409"}],"wp:attachment":[{"href":"https:\/\/serinidog.com\/de\/wp-json\/wp\/v2\/media?parent=10128"}],"wp:term":[{"taxonomy":"product_brand","embeddable":true,"href":"https:\/\/serinidog.com\/de\/wp-json\/wp\/v2\/product_brand?post=10128"},{"taxonomy":"product_cat","embeddable":true,"href":"https:\/\/serinidog.com\/de\/wp-json\/wp\/v2\/product_cat?post=10128"},{"taxonomy":"product_tag","embeddable":true,"href":"https:\/\/serinidog.com\/de\/wp-json\/wp\/v2\/product_tag?post=10128"}],"curies":[{"name":"wp","href":"https:\/\/api.w.org\/{rel}","templated":true}]}}