{"id":9246,"date":"2024-12-09T21:51:35","date_gmt":"2024-12-09T21:51:35","guid":{"rendered":"https:\/\/serinidog.com\/p\/zugentlastungsgeschirr-mit-griff-und-4-halsbaendern-fuer-eine-bessere-kontrolle-ueber-ausgewachsene-hunde\/"},"modified":"2024-12-28T22:04:19","modified_gmt":"2024-12-28T22:04:19","slug":"zugentlastungsgeschirr-mit-griff-und-4-halsbaendern-fuer-eine-bessere-kontrolle-ueber-ausgewachsene-hunde","status":"publish","type":"product","link":"https:\/\/serinidog.com\/de\/p\/zugentlastungsgeschirr-mit-griff-und-4-halsbaendern-fuer-eine-bessere-kontrolle-ueber-ausgewachsene-hunde\/","title":{"rendered":"Zugentlastungsgeschirr mit Griff und 4 Halsb\u00e4ndern f\u00fcr eine bessere Kontrolle \u00fcber ausgewachsene Hunde"},"content":{"rendered":"<h2 id=\"harnais-anti-traction-avec-poign\u00e9e-et-attaches-autour-du-cou--le-choix-id\u00e9al-pour-les-promenades-sereines\">Zugentlastungsgeschirr mit Griff und Halsb\u00e4ndern: die ideale Wahl f\u00fcr entspannte Spazierg\u00e4nge<\/h2>\n<p>Haben Sie genug von Spazierg\u00e4ngen, bei denen Ihr Hund st\u00e4ndig zieht? Dann ist das Zugentlastungsgeschirr mit Griff und Halsb\u00e4ndern die richtige L\u00f6sung f\u00fcr Sie. Dieses Geschirr wurde f\u00fcr eine hervorragende Kontrolle und optimalen Komfort entwickelt und ist ein unverzichtbarer Verb\u00fcndeter f\u00fcr angenehme Spazierg\u00e4nge unter allen Umst\u00e4nden.  <\/p>\n<h3 id=\"pourquoi-choisir-ce-harnais-\">Warum sollten Sie diesen Hebegurt w\u00e4hlen?<\/h3>\n<p>Das Ziel dieses Geschirrs ist es, einzigartigen Komfort zu bieten und gleichzeitig einen guten Halt auf Ihren Spazierg\u00e4ngen zu gew\u00e4hrleisten. Dank des ergonomischen Designs und der atmungsaktiven Materialien wird jeder Spaziergang zu einem gemeinsamen Vergn\u00fcgen f\u00fcr Sie und Ihren Hund. <\/p>\n<h3 id=\"avantages-du-harnais-anti-traction\">Vorteile des Anti-Traktionsgeschirrs<\/h3>\n<ul>\n<li><strong>Effektive Kontrolle<\/strong>: Mit dem oberen Griff behalten Sie in heiklen Situationen die Kontrolle und helfen, impulsives Verhalten zu verhindern.<\/li>\n<li><strong>Zugentlastung<\/strong>: Verabschieden Sie sich von stressigen Spazierg\u00e4ngen; dieses Geschirr ist so konzipiert, dass die Zugbelastung minimiert wird, so dass der Spaziergang f\u00fcr Sie beide angenehm ist.<\/li>\n<li><strong>Verstellbarkeit<\/strong>: Dieses Geschirr ist mit mehreren Befestigungs- und Einstellm\u00f6glichkeiten ausgestattet und passt sich an jede K\u00f6rperform an, um eine perfekte Passform f\u00fcr Ihren vierbeinigen Freund zu gew\u00e4hrleisten.<\/li>\n<\/ul>\n<h3 id=\"sp\u00e9cificit\u00e9s-techniques\">Technische Spezifikationen<\/h3>\n<ul>\n<li><strong>Strapazierf\u00e4hige Materialien<\/strong>: Dieses Geschirr ist aus Polyester-Blend gefertigt und garantiert eine lange Lebensdauer bei den t\u00e4glichen Abenteuern.<\/li>\n<li><strong>Reflektierende Funktion<\/strong>: Sorgen Sie f\u00fcr die Sicherheit Ihres Hundes auch bei n\u00e4chtlichen Spazierg\u00e4ngen, da die reflektierenden Elemente seine Sichtbarkeit erh\u00f6hen.<\/li>\n<li><strong>Saisonalit\u00e4t<\/strong>: Dieser Hebegurt ist f\u00fcr den ganzj\u00e4hrigen Gebrauch konzipiert und eignet sich f\u00fcr jede Jahreszeit, ob Regen oder Sonnenschein.<\/li>\n<\/ul>\n<h2 id=\"donnez-\u00e0-votre-chien-ce-quil-m\u00e9rite\">Geben Sie Ihrem Hund, was er verdient.<\/h2>\n<p>Mit diesem Zugentlastungsgeschirr werden Spazierg\u00e4nge zu einem Moment der Verbundenheit und Entspannung. Sie k\u00f6nnen jeden Moment in vollen Z\u00fcgen genie\u00dfen, ohne sich Sorgen \u00fcber unangenehmes Ziehen machen zu m\u00fcssen. Entscheiden Sie sich f\u00fcr Qualit\u00e4t und Komfort f\u00fcr Ihren erwachsenen Hund. Mit dem Zugentlastungsgeschirr mit Griff und Halsb\u00e4ndern werden Ihre Spazierg\u00e4nge zu einem angenehmen Erlebnis.   <\/p>\n","protected":false},"excerpt":{"rendered":"<p>Machen Sie Ihre Spazierg\u00e4nge mit Ihrem Hund zu etwas ganz Besonderem mit dem Zugentlastungsgeschirr mit Griff und Halsb\u00e4ndern. Das Geschirr wurde f\u00fcr optimalen Komfort entworfen und reduziert effektiv die Zugkr\u00e4fte, w\u00e4hrend es Ihnen mit seinem oberen Griff eine perfekte Kontrolle bietet. Es ist aus strapazierf\u00e4higem Material gefertigt und mit reflektierenden Elementen ausgestattet, um die Sicherheit bei Nachtwanderungen zu erh\u00f6hen. G\u00f6nnen Sie Ihrem Hund das, was er verdient und genie\u00dfen Sie ruhige und gem\u00fctliche Spazierg\u00e4nge. Entscheiden Sie sich noch heute f\u00fcr Komfort und Qualit\u00e4t!    <\/p>\n","protected":false},"featured_media":6769,"comment_status":"open","ping_status":"closed","template":"","meta":[],"product_brand":[],"product_cat":[220],"product_tag":[],"class_list":{"0":"post-9246","1":"product","2":"type-product","3":"status-publish","4":"has-post-thumbnail","6":"product_cat-hundegeschirr","7":"sales-flash-overlay","8":"woocommerce-text-align-left","9":"woocommerce-image-align-center","10":"do-quantity-buttons","12":"first","13":"instock","14":"taxable","15":"shipping-taxable","16":"product-type-variable"},"yoast_head":"<!-- This site is optimized with the Yoast SEO Premium plugin v23.4 (Yoast SEO v27.5) - https:\/\/yoast.com\/product\/yoast-seo-premium-wordpress\/ -->\n<title>Zugentlastungsgeschirr mit Griff und 4 Halsb\u00e4ndern f\u00fcr eine bessere Kontrolle \u00fcber ausgewachsene Hunde - SeriniDog<\/title>\n<meta name=\"robots\" content=\"index, follow, max-snippet:-1, max-image-preview:large, max-video-preview:-1\" \/>\n<link rel=\"canonical\" href=\"https:\/\/serinidog.com\/de\/p\/zugentlastungsgeschirr-mit-griff-und-4-halsbaendern-fuer-eine-bessere-kontrolle-ueber-ausgewachsene-hunde\/\" \/>\n<meta property=\"og:locale\" content=\"de_DE\" \/>\n<meta property=\"og:type\" content=\"article\" \/>\n<meta property=\"og:title\" content=\"Zugentlastungsgeschirr mit Griff und 4 Halsb\u00e4ndern f\u00fcr eine bessere Kontrolle \u00fcber ausgewachsene Hunde - SeriniDog\" \/>\n<meta property=\"og:description\" content=\"Machen Sie Ihre Spazierg\u00e4nge mit Ihrem Hund zu etwas ganz Besonderem mit dem Zugentlastungsgeschirr mit Griff und Halsb\u00e4ndern. Das Geschirr wurde f\u00fcr optimalen Komfort entworfen und reduziert effektiv die Zugkr\u00e4fte, w\u00e4hrend es Ihnen mit seinem oberen Griff eine perfekte Kontrolle bietet. Es ist aus strapazierf\u00e4higem Material gefertigt und mit reflektierenden Elementen ausgestattet, um die Sicherheit bei Nachtwanderungen zu erh\u00f6hen. G\u00f6nnen Sie Ihrem Hund das, was er verdient und genie\u00dfen Sie ruhige und gem\u00fctliche Spazierg\u00e4nge. Entscheiden Sie sich noch heute f\u00fcr Komfort und Qualit\u00e4t!\" \/>\n<meta property=\"og:url\" content=\"https:\/\/serinidog.com\/de\/p\/zugentlastungsgeschirr-mit-griff-und-4-halsbaendern-fuer-eine-bessere-kontrolle-ueber-ausgewachsene-hunde\/\" \/>\n<meta property=\"og:site_name\" content=\"SeriniDog\" \/>\n<meta property=\"article:modified_time\" content=\"2024-12-28T22:04:19+00:00\" \/>\n<meta property=\"og:image\" content=\"https:\/\/serinidog.com\/wp-content\/uploads\/2024\/12\/S1e508e4f4a6847a1a23bf221939c4999i.webp\" \/>\n\t<meta property=\"og:image:width\" content=\"1600\" \/>\n\t<meta property=\"og:image:height\" content=\"1600\" \/>\n\t<meta property=\"og:image:type\" content=\"image\/webp\" \/>\n<meta name=\"twitter:card\" content=\"summary_large_image\" \/>\n<meta name=\"twitter:label1\" content=\"Verf\u00fcgbarkeit\" \/>\n\t<meta name=\"twitter:data1\" content=\"Auf Lager\" \/>\n<script type=\"application\/ld+json\" class=\"yoast-schema-graph\">{\"@context\":\"https:\\\/\\\/schema.org\",\"@graph\":[{\"@type\":\"WebPage\",\"@id\":\"https:\\\/\\\/serinidog.com\\\/de\\\/p\\\/zugentlastungsgeschirr-mit-griff-und-4-halsbaendern-fuer-eine-bessere-kontrolle-ueber-ausgewachsene-hunde\\\/\",\"url\":\"https:\\\/\\\/serinidog.com\\\/de\\\/p\\\/zugentlastungsgeschirr-mit-griff-und-4-halsbaendern-fuer-eine-bessere-kontrolle-ueber-ausgewachsene-hunde\\\/\",\"name\":\"Zugentlastungsgeschirr mit Griff und 4 Halsb\u00e4ndern f\u00fcr eine bessere Kontrolle \u00fcber ausgewachsene Hunde - SeriniDog\",\"isPartOf\":{\"@id\":\"https:\\\/\\\/serinidog.com\\\/de\\\/#website\"},\"primaryImageOfPage\":{\"@id\":\"https:\\\/\\\/serinidog.com\\\/de\\\/p\\\/zugentlastungsgeschirr-mit-griff-und-4-halsbaendern-fuer-eine-bessere-kontrolle-ueber-ausgewachsene-hunde\\\/#primaryimage\"},\"image\":{\"@id\":\"https:\\\/\\\/serinidog.com\\\/de\\\/p\\\/zugentlastungsgeschirr-mit-griff-und-4-halsbaendern-fuer-eine-bessere-kontrolle-ueber-ausgewachsene-hunde\\\/#primaryimage\"},\"thumbnailUrl\":\"https:\\\/\\\/serinidog.com\\\/wp-content\\\/uploads\\\/2024\\\/12\\\/S1e508e4f4a6847a1a23bf221939c4999i.webp\",\"datePublished\":\"2024-12-09T21:51:35+00:00\",\"dateModified\":\"2024-12-28T22:04:19+00:00\",\"breadcrumb\":{\"@id\":\"https:\\\/\\\/serinidog.com\\\/de\\\/p\\\/zugentlastungsgeschirr-mit-griff-und-4-halsbaendern-fuer-eine-bessere-kontrolle-ueber-ausgewachsene-hunde\\\/#breadcrumb\"},\"inLanguage\":\"de\",\"potentialAction\":[{\"@type\":\"ReadAction\",\"target\":[\"https:\\\/\\\/serinidog.com\\\/de\\\/p\\\/zugentlastungsgeschirr-mit-griff-und-4-halsbaendern-fuer-eine-bessere-kontrolle-ueber-ausgewachsene-hunde\\\/\"]}]},{\"@type\":\"ImageObject\",\"inLanguage\":\"de\",\"@id\":\"https:\\\/\\\/serinidog.com\\\/de\\\/p\\\/zugentlastungsgeschirr-mit-griff-und-4-halsbaendern-fuer-eine-bessere-kontrolle-ueber-ausgewachsene-hunde\\\/#primaryimage\",\"url\":\"https:\\\/\\\/serinidog.com\\\/wp-content\\\/uploads\\\/2024\\\/12\\\/S1e508e4f4a6847a1a23bf221939c4999i.webp\",\"contentUrl\":\"https:\\\/\\\/serinidog.com\\\/wp-content\\\/uploads\\\/2024\\\/12\\\/S1e508e4f4a6847a1a23bf221939c4999i.webp\",\"width\":1600,\"height\":1600},{\"@type\":\"BreadcrumbList\",\"@id\":\"https:\\\/\\\/serinidog.com\\\/de\\\/p\\\/zugentlastungsgeschirr-mit-griff-und-4-halsbaendern-fuer-eine-bessere-kontrolle-ueber-ausgewachsene-hunde\\\/#breadcrumb\",\"itemListElement\":[{\"@type\":\"ListItem\",\"position\":1,\"name\":\"Accueil\",\"item\":\"https:\\\/\\\/serinidog.com\\\/de\\\/\"},{\"@type\":\"ListItem\",\"position\":2,\"name\":\"Boutique\",\"item\":\"https:\\\/\\\/serinidog.com\\\/shop\\\/\"},{\"@type\":\"ListItem\",\"position\":3,\"name\":\"Hundegeschirr\",\"item\":\"https:\\\/\\\/serinidog.com\\\/de\\\/c\\\/hundegeschirr\\\/\"},{\"@type\":\"ListItem\",\"position\":4,\"name\":\"Zugentlastungsgeschirr mit Griff und 4 Halsb\u00e4ndern f\u00fcr eine bessere Kontrolle \u00fcber ausgewachsene Hunde\"}]},{\"@type\":\"WebSite\",\"@id\":\"https:\\\/\\\/serinidog.com\\\/de\\\/#website\",\"url\":\"https:\\\/\\\/serinidog.com\\\/de\\\/\",\"name\":\"SeriniDog\",\"description\":\"Shop pour chien\",\"potentialAction\":[{\"@type\":\"SearchAction\",\"target\":{\"@type\":\"EntryPoint\",\"urlTemplate\":\"https:\\\/\\\/serinidog.com\\\/de\\\/?s={search_term_string}\"},\"query-input\":{\"@type\":\"PropertyValueSpecification\",\"valueRequired\":true,\"valueName\":\"search_term_string\"}}],\"inLanguage\":\"de\"}]}<\/script>\n<meta property=\"og:availability\" content=\"instock\" \/>\n<meta property=\"product:availability\" content=\"instock\" \/>\n<meta property=\"product:retailer_item_id\" content=\"ctbmbne3ieqg00abd8b0\" \/>\n<meta property=\"product:condition\" content=\"new\" \/>\n<!-- \/ Yoast SEO Premium plugin. -->","yoast_head_json":{"title":"Zugentlastungsgeschirr mit Griff und 4 Halsb\u00e4ndern f\u00fcr eine bessere Kontrolle \u00fcber ausgewachsene Hunde - SeriniDog","robots":{"index":"index","follow":"follow","max-snippet":"max-snippet:-1","max-image-preview":"max-image-preview:large","max-video-preview":"max-video-preview:-1"},"canonical":"https:\/\/serinidog.com\/de\/p\/zugentlastungsgeschirr-mit-griff-und-4-halsbaendern-fuer-eine-bessere-kontrolle-ueber-ausgewachsene-hunde\/","og_locale":"de_DE","og_type":"article","og_title":"Zugentlastungsgeschirr mit Griff und 4 Halsb\u00e4ndern f\u00fcr eine bessere Kontrolle \u00fcber ausgewachsene Hunde - SeriniDog","og_description":"Machen Sie Ihre Spazierg\u00e4nge mit Ihrem Hund zu etwas ganz Besonderem mit dem Zugentlastungsgeschirr mit Griff und Halsb\u00e4ndern. Das Geschirr wurde f\u00fcr optimalen Komfort entworfen und reduziert effektiv die Zugkr\u00e4fte, w\u00e4hrend es Ihnen mit seinem oberen Griff eine perfekte Kontrolle bietet. Es ist aus strapazierf\u00e4higem Material gefertigt und mit reflektierenden Elementen ausgestattet, um die Sicherheit bei Nachtwanderungen zu erh\u00f6hen. G\u00f6nnen Sie Ihrem Hund das, was er verdient und genie\u00dfen Sie ruhige und gem\u00fctliche Spazierg\u00e4nge. Entscheiden Sie sich noch heute f\u00fcr Komfort und Qualit\u00e4t!","og_url":"https:\/\/serinidog.com\/de\/p\/zugentlastungsgeschirr-mit-griff-und-4-halsbaendern-fuer-eine-bessere-kontrolle-ueber-ausgewachsene-hunde\/","og_site_name":"SeriniDog","article_modified_time":"2024-12-28T22:04:19+00:00","og_image":[{"width":1600,"height":1600,"url":"https:\/\/serinidog.com\/wp-content\/uploads\/2024\/12\/S1e508e4f4a6847a1a23bf221939c4999i.webp","type":"image\/webp"}],"twitter_card":"summary_large_image","twitter_misc":{"Verf\u00fcgbarkeit":"Auf Lager"},"schema":{"@context":"https:\/\/schema.org","@graph":[{"@type":"WebPage","@id":"https:\/\/serinidog.com\/de\/p\/zugentlastungsgeschirr-mit-griff-und-4-halsbaendern-fuer-eine-bessere-kontrolle-ueber-ausgewachsene-hunde\/","url":"https:\/\/serinidog.com\/de\/p\/zugentlastungsgeschirr-mit-griff-und-4-halsbaendern-fuer-eine-bessere-kontrolle-ueber-ausgewachsene-hunde\/","name":"Zugentlastungsgeschirr mit Griff und 4 Halsb\u00e4ndern f\u00fcr eine bessere Kontrolle \u00fcber ausgewachsene Hunde - SeriniDog","isPartOf":{"@id":"https:\/\/serinidog.com\/de\/#website"},"primaryImageOfPage":{"@id":"https:\/\/serinidog.com\/de\/p\/zugentlastungsgeschirr-mit-griff-und-4-halsbaendern-fuer-eine-bessere-kontrolle-ueber-ausgewachsene-hunde\/#primaryimage"},"image":{"@id":"https:\/\/serinidog.com\/de\/p\/zugentlastungsgeschirr-mit-griff-und-4-halsbaendern-fuer-eine-bessere-kontrolle-ueber-ausgewachsene-hunde\/#primaryimage"},"thumbnailUrl":"https:\/\/serinidog.com\/wp-content\/uploads\/2024\/12\/S1e508e4f4a6847a1a23bf221939c4999i.webp","datePublished":"2024-12-09T21:51:35+00:00","dateModified":"2024-12-28T22:04:19+00:00","breadcrumb":{"@id":"https:\/\/serinidog.com\/de\/p\/zugentlastungsgeschirr-mit-griff-und-4-halsbaendern-fuer-eine-bessere-kontrolle-ueber-ausgewachsene-hunde\/#breadcrumb"},"inLanguage":"de","potentialAction":[{"@type":"ReadAction","target":["https:\/\/serinidog.com\/de\/p\/zugentlastungsgeschirr-mit-griff-und-4-halsbaendern-fuer-eine-bessere-kontrolle-ueber-ausgewachsene-hunde\/"]}]},{"@type":"ImageObject","inLanguage":"de","@id":"https:\/\/serinidog.com\/de\/p\/zugentlastungsgeschirr-mit-griff-und-4-halsbaendern-fuer-eine-bessere-kontrolle-ueber-ausgewachsene-hunde\/#primaryimage","url":"https:\/\/serinidog.com\/wp-content\/uploads\/2024\/12\/S1e508e4f4a6847a1a23bf221939c4999i.webp","contentUrl":"https:\/\/serinidog.com\/wp-content\/uploads\/2024\/12\/S1e508e4f4a6847a1a23bf221939c4999i.webp","width":1600,"height":1600},{"@type":"BreadcrumbList","@id":"https:\/\/serinidog.com\/de\/p\/zugentlastungsgeschirr-mit-griff-und-4-halsbaendern-fuer-eine-bessere-kontrolle-ueber-ausgewachsene-hunde\/#breadcrumb","itemListElement":[{"@type":"ListItem","position":1,"name":"Accueil","item":"https:\/\/serinidog.com\/de\/"},{"@type":"ListItem","position":2,"name":"Boutique","item":"https:\/\/serinidog.com\/shop\/"},{"@type":"ListItem","position":3,"name":"Hundegeschirr","item":"https:\/\/serinidog.com\/de\/c\/hundegeschirr\/"},{"@type":"ListItem","position":4,"name":"Zugentlastungsgeschirr mit Griff und 4 Halsb\u00e4ndern f\u00fcr eine bessere Kontrolle \u00fcber ausgewachsene Hunde"}]},{"@type":"WebSite","@id":"https:\/\/serinidog.com\/de\/#website","url":"https:\/\/serinidog.com\/de\/","name":"SeriniDog","description":"Shop pour chien","potentialAction":[{"@type":"SearchAction","target":{"@type":"EntryPoint","urlTemplate":"https:\/\/serinidog.com\/de\/?s={search_term_string}"},"query-input":{"@type":"PropertyValueSpecification","valueRequired":true,"valueName":"search_term_string"}}],"inLanguage":"de"}]},"og_availability":"instock","product_availability":"instock","product_retailer_item_id":"ctbmbne3ieqg00abd8b0","product_condition":"new"},"_links":{"self":[{"href":"https:\/\/serinidog.com\/de\/wp-json\/wp\/v2\/product\/9246","targetHints":{"allow":["GET"]}}],"collection":[{"href":"https:\/\/serinidog.com\/de\/wp-json\/wp\/v2\/product"}],"about":[{"href":"https:\/\/serinidog.com\/de\/wp-json\/wp\/v2\/types\/product"}],"replies":[{"embeddable":true,"href":"https:\/\/serinidog.com\/de\/wp-json\/wp\/v2\/comments?post=9246"}],"wp:featuredmedia":[{"embeddable":true,"href":"https:\/\/serinidog.com\/de\/wp-json\/wp\/v2\/media\/6769"}],"wp:attachment":[{"href":"https:\/\/serinidog.com\/de\/wp-json\/wp\/v2\/media?parent=9246"}],"wp:term":[{"taxonomy":"product_brand","embeddable":true,"href":"https:\/\/serinidog.com\/de\/wp-json\/wp\/v2\/product_brand?post=9246"},{"taxonomy":"product_cat","embeddable":true,"href":"https:\/\/serinidog.com\/de\/wp-json\/wp\/v2\/product_cat?post=9246"},{"taxonomy":"product_tag","embeddable":true,"href":"https:\/\/serinidog.com\/de\/wp-json\/wp\/v2\/product_tag?post=9246"}],"curies":[{"name":"wp","href":"https:\/\/api.w.org\/{rel}","templated":true}]}}