{"id":9391,"date":"2024-12-10T15:42:31","date_gmt":"2024-12-10T15:42:31","guid":{"rendered":"https:\/\/serinidog.com\/p\/weiche-trinkflasche-fuer-hunde-550-ml-das-unentbehrliche-zubehoer-um-ihr-tier-beim-spaziergang-mit-fluessigkeit-zu-versorgen\/"},"modified":"2024-12-28T22:03:55","modified_gmt":"2024-12-28T22:03:55","slug":"weiche-trinkflasche-fuer-hunde-550-ml-das-unentbehrliche-zubehoer-um-ihr-tier-beim-spaziergang-mit-fluessigkeit-zu-versorgen","status":"publish","type":"product","link":"https:\/\/serinidog.com\/de\/p\/weiche-trinkflasche-fuer-hunde-550-ml-das-unentbehrliche-zubehoer-um-ihr-tier-beim-spaziergang-mit-fluessigkeit-zu-versorgen\/","title":{"rendered":"Weiche Trinkflasche f\u00fcr Hunde 550 ml: das unentbehrliche Zubeh\u00f6r, um Ihr Tier beim Spaziergang mit Fl\u00fcssigkeit zu versorgen."},"content":{"rendered":"\n<h2 class=\"wp-block-heading\" id=\"gourde-pour-chien-souple-550-ml--laccessoire-indispensable-pour-hydrater-votre-animal-en-balade\">Weiche Trinkflasche f\u00fcr Hunde 550 ml<\/h2>\n\n<p>In der Welt des Tierzubeh\u00f6rs zeichnet sich die weiche 550 ml Hundetrinkflasche durch ihre Praktikabilit\u00e4t und ihr ausgekl\u00fcgeltes Design aus. Ob Sie einen kurzen Spaziergang oder eine Wanderung machen, dieses wichtige Hilfsmittel sorgt daf\u00fcr, dass Ihr Hund w\u00e4hrend der gesamten Aktivit\u00e4t mit Fl\u00fcssigkeit versorgt ist. <\/p>\n\n<h3 class=\"wp-block-heading\" id=\"un-design-fonctionnel-et-pratique\">Funktionales und praktisches Design<\/h3>\n\n<p>Das Design der Flasche ist auf die Bed\u00fcrfnisse von Hundebesitzern und ihren Vierbeinern zugeschnitten:<\/p>\n\n<ul class=\"wp-block-list\">\n<li><strong>Optimierte Kapazit\u00e4t<\/strong>: Mit einer Kapazit\u00e4t von 550 ml bietet die Flasche genau die richtige Menge Wasser f\u00fcr einen Ausflug.<\/li>\n\n\n\n<li>Hochwertiges <strong>Material<\/strong>: Die Herstellung aus lebensmittelechtem Silikon sorgt f\u00fcr Leichtigkeit und Robustheit, die ideal f\u00fcr den Transport sind.<\/li>\n\n\n\n<li><strong>Leicht zu transportieren<\/strong>: Dank des weichen Materials kann die Flasche zusammengefaltet werden, so dass sie leicht in einer Tasche verstaut werden kann.<\/li>\n<\/ul>\n\n<h3 class=\"wp-block-heading\" id=\"les-avantages-cl&#xE9;-de-la-gourde\">Die wichtigsten Vorteile der Feldflasche<\/h3>\n\n<ol class=\"wp-block-list\">\n<li><strong>Einfaches Trinken bei Spazierg\u00e4ngen<\/strong>: Sie brauchen nicht mehr nach einer Wasserstelle f\u00fcr Ihren Hund zu suchen, wenn Sie unterwegs sind.<\/li>\n\n\n\n<li><strong>Benutzerkomfort<\/strong>: Mit einem integrierten Becher optimiert er den Wasserverbrauch und minimiert Spritzer.<\/li>\n\n\n\n<li><strong>Garantierte Hygiene<\/strong>: Durch die Verwendung Ihrer eigenen Trinkflasche verringern Sie das Gesundheitsrisiko f\u00fcr Ihr Haustier.<\/li>\n\n\n\n<li><strong>Bew\u00e4hrte Strapazierf\u00e4higkeit<\/strong>: F\u00fcr den Au\u00dfenbereich konzipiert, sto\u00dffest und verschlei\u00dffest, ideal f\u00fcr Outdoor-Enthusiasten.<\/li>\n<\/ol>\n\n<h3 class=\"wp-block-heading\" id=\"pourquoi-ce-produit-est-fait-pour-vous-\">Warum ist dieses Produkt f\u00fcr Sie geeignet?<\/h3>\n\n<p>Wenn Sie nach einer praktischen und zuverl\u00e4ssigen L\u00f6sung suchen, um das Wohlbefinden Ihres Hundes bei Ausfl\u00fcgen zu gew\u00e4hrleisten, ist diese Trinkflasche die perfekte Wahl. Sie kombiniert intelligentes Design und sichere Materialien, um jeden Spaziergang oder jede Reise mit Ihrem vierbeinigen Freund zu erleichtern. Warten Sie nicht l\u00e4nger und verbessern Sie Ihre Hundeexpeditionen mit diesem unverzichtbaren Accessoire.  <\/p>\n\n<p>Entdecken Sie jetzt die weiche Hundetrinkflasche 550 ml auf serinidog.com und bieten Sie Ihrem Haustier den Komfort, den es auf seinen Spazierg\u00e4ngen verdient.<\/p>\n","protected":false},"excerpt":{"rendered":"<p>Entdecken Sie die weiche 550 ml Trinkflasche f\u00fcr Hunde, das unentbehrliche Accessoire, um die Fl\u00fcssigkeitsversorgung Ihres Vierbeiners w\u00e4hrend Ihrer Spazierg\u00e4nge zu gew\u00e4hrleisten! Ihr praktisches und funktionelles Design aus lebensmittelechtem Silikon garantiert Leichtigkeit und Robustheit. Dank des optimierten Fassungsverm\u00f6gens kann Ihr Hund jederzeit frisches Wasser zu sich nehmen, ohne dass er nach einer Quelle suchen muss. Der integrierte Becher erleichtert das Servieren und sorgt f\u00fcr Hygiene. Sie ist robust und faltbar, so dass Sie sie \u00fcberall hin mitnehmen k\u00f6nnen. G\u00f6nnen Sie Ihrem treuen Freund den Komfort, den er bei jedem Ausflug verdient. Bestellen Sie jetzt auf serinidog.com und gehen Sie beruhigt auf Abenteuerreise!      <\/p>\n","protected":false},"featured_media":7777,"comment_status":"open","ping_status":"closed","template":"","meta":[],"product_brand":[],"product_cat":[222],"product_tag":[],"class_list":{"0":"post-9391","1":"product","2":"type-product","3":"status-publish","4":"has-post-thumbnail","6":"product_cat-trinkflasche-fur-hunde","7":"sales-flash-overlay","8":"woocommerce-text-align-left","9":"woocommerce-image-align-center","10":"do-quantity-buttons","11":"wc-has-gallery","13":"first","14":"instock","15":"taxable","16":"shipping-taxable","17":"purchasable","18":"product-type-simple"},"yoast_head":"<!-- This site is optimized with the Yoast SEO Premium plugin v23.4 (Yoast SEO v27.4) - https:\/\/yoast.com\/product\/yoast-seo-premium-wordpress\/ -->\n<title>Weiche Trinkflasche f\u00fcr Hunde 550 ml: das unentbehrliche Zubeh\u00f6r, um Ihr Tier beim Spaziergang mit Fl\u00fcssigkeit zu versorgen. - SeriniDog<\/title>\n<meta name=\"robots\" content=\"index, follow, max-snippet:-1, max-image-preview:large, max-video-preview:-1\" \/>\n<link rel=\"canonical\" href=\"https:\/\/serinidog.com\/de\/p\/weiche-trinkflasche-fuer-hunde-550-ml-das-unentbehrliche-zubehoer-um-ihr-tier-beim-spaziergang-mit-fluessigkeit-zu-versorgen\/\" \/>\n<meta property=\"og:locale\" content=\"de_DE\" \/>\n<meta property=\"og:type\" content=\"article\" \/>\n<meta property=\"og:title\" content=\"Weiche Trinkflasche f\u00fcr Hunde 550 ml: das unentbehrliche Zubeh\u00f6r, um Ihr Tier beim Spaziergang mit Fl\u00fcssigkeit zu versorgen. - SeriniDog\" \/>\n<meta property=\"og:description\" content=\"Entdecken Sie die weiche 550 ml Trinkflasche f\u00fcr Hunde, das unentbehrliche Accessoire, um die Fl\u00fcssigkeitsversorgung Ihres Vierbeiners w\u00e4hrend Ihrer Spazierg\u00e4nge zu gew\u00e4hrleisten! Ihr praktisches und funktionelles Design aus lebensmittelechtem Silikon garantiert Leichtigkeit und Robustheit. Dank des optimierten Fassungsverm\u00f6gens kann Ihr Hund jederzeit frisches Wasser zu sich nehmen, ohne dass er nach einer Quelle suchen muss. Der integrierte Becher erleichtert das Servieren und sorgt f\u00fcr Hygiene. Sie ist robust und faltbar, so dass Sie sie \u00fcberall hin mitnehmen k\u00f6nnen. G\u00f6nnen Sie Ihrem treuen Freund den Komfort, den er bei jedem Ausflug verdient. Bestellen Sie jetzt auf serinidog.com und gehen Sie beruhigt auf Abenteuerreise!\" \/>\n<meta property=\"og:url\" content=\"https:\/\/serinidog.com\/de\/p\/weiche-trinkflasche-fuer-hunde-550-ml-das-unentbehrliche-zubehoer-um-ihr-tier-beim-spaziergang-mit-fluessigkeit-zu-versorgen\/\" \/>\n<meta property=\"og:site_name\" content=\"SeriniDog\" \/>\n<meta property=\"article:modified_time\" content=\"2024-12-28T22:03:55+00:00\" \/>\n<meta property=\"og:image\" content=\"https:\/\/serinidog.com\/wp-content\/uploads\/2024\/12\/S972b1d89b27b42bf87e473d8f8b93030D.webp\" \/>\n\t<meta property=\"og:image:width\" content=\"800\" \/>\n\t<meta property=\"og:image:height\" content=\"800\" \/>\n\t<meta property=\"og:image:type\" content=\"image\/webp\" \/>\n<meta name=\"twitter:card\" content=\"summary_large_image\" \/>\n<meta name=\"twitter:label1\" content=\"Preis\" \/>\n\t<meta name=\"twitter:data1\" content=\"28,00&nbsp;&euro;\" \/>\n\t<meta name=\"twitter:label2\" content=\"Verf\u00fcgbarkeit\" \/>\n\t<meta name=\"twitter:data2\" content=\"Auf Lager\" \/>\n<script type=\"application\/ld+json\" class=\"yoast-schema-graph\">{\"@context\":\"https:\\\/\\\/schema.org\",\"@graph\":[{\"@type\":\"WebPage\",\"@id\":\"https:\\\/\\\/serinidog.com\\\/de\\\/p\\\/weiche-trinkflasche-fuer-hunde-550-ml-das-unentbehrliche-zubehoer-um-ihr-tier-beim-spaziergang-mit-fluessigkeit-zu-versorgen\\\/\",\"url\":\"https:\\\/\\\/serinidog.com\\\/de\\\/p\\\/weiche-trinkflasche-fuer-hunde-550-ml-das-unentbehrliche-zubehoer-um-ihr-tier-beim-spaziergang-mit-fluessigkeit-zu-versorgen\\\/\",\"name\":\"Weiche Trinkflasche f\u00fcr Hunde 550 ml: das unentbehrliche Zubeh\u00f6r, um Ihr Tier beim Spaziergang mit Fl\u00fcssigkeit zu versorgen. - SeriniDog\",\"isPartOf\":{\"@id\":\"https:\\\/\\\/serinidog.com\\\/de\\\/#website\"},\"primaryImageOfPage\":{\"@id\":\"https:\\\/\\\/serinidog.com\\\/de\\\/p\\\/weiche-trinkflasche-fuer-hunde-550-ml-das-unentbehrliche-zubehoer-um-ihr-tier-beim-spaziergang-mit-fluessigkeit-zu-versorgen\\\/#primaryimage\"},\"image\":{\"@id\":\"https:\\\/\\\/serinidog.com\\\/de\\\/p\\\/weiche-trinkflasche-fuer-hunde-550-ml-das-unentbehrliche-zubehoer-um-ihr-tier-beim-spaziergang-mit-fluessigkeit-zu-versorgen\\\/#primaryimage\"},\"thumbnailUrl\":\"https:\\\/\\\/serinidog.com\\\/wp-content\\\/uploads\\\/2024\\\/12\\\/S972b1d89b27b42bf87e473d8f8b93030D.webp\",\"datePublished\":\"2024-12-10T15:42:31+00:00\",\"dateModified\":\"2024-12-28T22:03:55+00:00\",\"breadcrumb\":{\"@id\":\"https:\\\/\\\/serinidog.com\\\/de\\\/p\\\/weiche-trinkflasche-fuer-hunde-550-ml-das-unentbehrliche-zubehoer-um-ihr-tier-beim-spaziergang-mit-fluessigkeit-zu-versorgen\\\/#breadcrumb\"},\"inLanguage\":\"de\",\"potentialAction\":[{\"@type\":\"ReadAction\",\"target\":[\"https:\\\/\\\/serinidog.com\\\/de\\\/p\\\/weiche-trinkflasche-fuer-hunde-550-ml-das-unentbehrliche-zubehoer-um-ihr-tier-beim-spaziergang-mit-fluessigkeit-zu-versorgen\\\/\"]}]},{\"@type\":\"ImageObject\",\"inLanguage\":\"de\",\"@id\":\"https:\\\/\\\/serinidog.com\\\/de\\\/p\\\/weiche-trinkflasche-fuer-hunde-550-ml-das-unentbehrliche-zubehoer-um-ihr-tier-beim-spaziergang-mit-fluessigkeit-zu-versorgen\\\/#primaryimage\",\"url\":\"https:\\\/\\\/serinidog.com\\\/wp-content\\\/uploads\\\/2024\\\/12\\\/S972b1d89b27b42bf87e473d8f8b93030D.webp\",\"contentUrl\":\"https:\\\/\\\/serinidog.com\\\/wp-content\\\/uploads\\\/2024\\\/12\\\/S972b1d89b27b42bf87e473d8f8b93030D.webp\",\"width\":800,\"height\":800},{\"@type\":\"BreadcrumbList\",\"@id\":\"https:\\\/\\\/serinidog.com\\\/de\\\/p\\\/weiche-trinkflasche-fuer-hunde-550-ml-das-unentbehrliche-zubehoer-um-ihr-tier-beim-spaziergang-mit-fluessigkeit-zu-versorgen\\\/#breadcrumb\",\"itemListElement\":[{\"@type\":\"ListItem\",\"position\":1,\"name\":\"Accueil\",\"item\":\"https:\\\/\\\/serinidog.com\\\/de\\\/\"},{\"@type\":\"ListItem\",\"position\":2,\"name\":\"Boutique\",\"item\":\"https:\\\/\\\/serinidog.com\\\/shop\\\/\"},{\"@type\":\"ListItem\",\"position\":3,\"name\":\"Trinkflasche f\u00fcr Hunde\",\"item\":\"https:\\\/\\\/serinidog.com\\\/de\\\/c\\\/trinkflasche-fur-hunde\\\/\"},{\"@type\":\"ListItem\",\"position\":4,\"name\":\"Weiche Trinkflasche f\u00fcr Hunde 550 ml: das unentbehrliche Zubeh\u00f6r, um Ihr Tier beim Spaziergang mit Fl\u00fcssigkeit zu versorgen.\"}]},{\"@type\":\"WebSite\",\"@id\":\"https:\\\/\\\/serinidog.com\\\/de\\\/#website\",\"url\":\"https:\\\/\\\/serinidog.com\\\/de\\\/\",\"name\":\"SeriniDog\",\"description\":\"Shop pour chien\",\"potentialAction\":[{\"@type\":\"SearchAction\",\"target\":{\"@type\":\"EntryPoint\",\"urlTemplate\":\"https:\\\/\\\/serinidog.com\\\/de\\\/?s={search_term_string}\"},\"query-input\":{\"@type\":\"PropertyValueSpecification\",\"valueRequired\":true,\"valueName\":\"search_term_string\"}}],\"inLanguage\":\"de\"}]}<\/script>\n<meta property=\"product:price:amount\" content=\"28.00\" \/>\n<meta property=\"product:price:currency\" content=\"EUR\" \/>\n<meta property=\"og:availability\" content=\"instock\" \/>\n<meta property=\"product:availability\" content=\"instock\" \/>\n<meta property=\"product:retailer_item_id\" content=\"14:691#Light Grey_ctc62olpol6000fogb2g\" \/>\n<meta property=\"product:condition\" content=\"new\" \/>\n<!-- \/ Yoast SEO Premium plugin. -->","yoast_head_json":{"title":"Weiche Trinkflasche f\u00fcr Hunde 550 ml: das unentbehrliche Zubeh\u00f6r, um Ihr Tier beim Spaziergang mit Fl\u00fcssigkeit zu versorgen. - SeriniDog","robots":{"index":"index","follow":"follow","max-snippet":"max-snippet:-1","max-image-preview":"max-image-preview:large","max-video-preview":"max-video-preview:-1"},"canonical":"https:\/\/serinidog.com\/de\/p\/weiche-trinkflasche-fuer-hunde-550-ml-das-unentbehrliche-zubehoer-um-ihr-tier-beim-spaziergang-mit-fluessigkeit-zu-versorgen\/","og_locale":"de_DE","og_type":"article","og_title":"Weiche Trinkflasche f\u00fcr Hunde 550 ml: das unentbehrliche Zubeh\u00f6r, um Ihr Tier beim Spaziergang mit Fl\u00fcssigkeit zu versorgen. - SeriniDog","og_description":"Entdecken Sie die weiche 550 ml Trinkflasche f\u00fcr Hunde, das unentbehrliche Accessoire, um die Fl\u00fcssigkeitsversorgung Ihres Vierbeiners w\u00e4hrend Ihrer Spazierg\u00e4nge zu gew\u00e4hrleisten! Ihr praktisches und funktionelles Design aus lebensmittelechtem Silikon garantiert Leichtigkeit und Robustheit. Dank des optimierten Fassungsverm\u00f6gens kann Ihr Hund jederzeit frisches Wasser zu sich nehmen, ohne dass er nach einer Quelle suchen muss. Der integrierte Becher erleichtert das Servieren und sorgt f\u00fcr Hygiene. Sie ist robust und faltbar, so dass Sie sie \u00fcberall hin mitnehmen k\u00f6nnen. G\u00f6nnen Sie Ihrem treuen Freund den Komfort, den er bei jedem Ausflug verdient. Bestellen Sie jetzt auf serinidog.com und gehen Sie beruhigt auf Abenteuerreise!","og_url":"https:\/\/serinidog.com\/de\/p\/weiche-trinkflasche-fuer-hunde-550-ml-das-unentbehrliche-zubehoer-um-ihr-tier-beim-spaziergang-mit-fluessigkeit-zu-versorgen\/","og_site_name":"SeriniDog","article_modified_time":"2024-12-28T22:03:55+00:00","og_image":[{"width":800,"height":800,"url":"https:\/\/serinidog.com\/wp-content\/uploads\/2024\/12\/S972b1d89b27b42bf87e473d8f8b93030D.webp","type":"image\/webp"}],"twitter_card":"summary_large_image","twitter_misc":{"Preis":"28,00&nbsp;&euro;","Verf\u00fcgbarkeit":"Auf Lager"},"schema":{"@context":"https:\/\/schema.org","@graph":[{"@type":"WebPage","@id":"https:\/\/serinidog.com\/de\/p\/weiche-trinkflasche-fuer-hunde-550-ml-das-unentbehrliche-zubehoer-um-ihr-tier-beim-spaziergang-mit-fluessigkeit-zu-versorgen\/","url":"https:\/\/serinidog.com\/de\/p\/weiche-trinkflasche-fuer-hunde-550-ml-das-unentbehrliche-zubehoer-um-ihr-tier-beim-spaziergang-mit-fluessigkeit-zu-versorgen\/","name":"Weiche Trinkflasche f\u00fcr Hunde 550 ml: das unentbehrliche Zubeh\u00f6r, um Ihr Tier beim Spaziergang mit Fl\u00fcssigkeit zu versorgen. - SeriniDog","isPartOf":{"@id":"https:\/\/serinidog.com\/de\/#website"},"primaryImageOfPage":{"@id":"https:\/\/serinidog.com\/de\/p\/weiche-trinkflasche-fuer-hunde-550-ml-das-unentbehrliche-zubehoer-um-ihr-tier-beim-spaziergang-mit-fluessigkeit-zu-versorgen\/#primaryimage"},"image":{"@id":"https:\/\/serinidog.com\/de\/p\/weiche-trinkflasche-fuer-hunde-550-ml-das-unentbehrliche-zubehoer-um-ihr-tier-beim-spaziergang-mit-fluessigkeit-zu-versorgen\/#primaryimage"},"thumbnailUrl":"https:\/\/serinidog.com\/wp-content\/uploads\/2024\/12\/S972b1d89b27b42bf87e473d8f8b93030D.webp","datePublished":"2024-12-10T15:42:31+00:00","dateModified":"2024-12-28T22:03:55+00:00","breadcrumb":{"@id":"https:\/\/serinidog.com\/de\/p\/weiche-trinkflasche-fuer-hunde-550-ml-das-unentbehrliche-zubehoer-um-ihr-tier-beim-spaziergang-mit-fluessigkeit-zu-versorgen\/#breadcrumb"},"inLanguage":"de","potentialAction":[{"@type":"ReadAction","target":["https:\/\/serinidog.com\/de\/p\/weiche-trinkflasche-fuer-hunde-550-ml-das-unentbehrliche-zubehoer-um-ihr-tier-beim-spaziergang-mit-fluessigkeit-zu-versorgen\/"]}]},{"@type":"ImageObject","inLanguage":"de","@id":"https:\/\/serinidog.com\/de\/p\/weiche-trinkflasche-fuer-hunde-550-ml-das-unentbehrliche-zubehoer-um-ihr-tier-beim-spaziergang-mit-fluessigkeit-zu-versorgen\/#primaryimage","url":"https:\/\/serinidog.com\/wp-content\/uploads\/2024\/12\/S972b1d89b27b42bf87e473d8f8b93030D.webp","contentUrl":"https:\/\/serinidog.com\/wp-content\/uploads\/2024\/12\/S972b1d89b27b42bf87e473d8f8b93030D.webp","width":800,"height":800},{"@type":"BreadcrumbList","@id":"https:\/\/serinidog.com\/de\/p\/weiche-trinkflasche-fuer-hunde-550-ml-das-unentbehrliche-zubehoer-um-ihr-tier-beim-spaziergang-mit-fluessigkeit-zu-versorgen\/#breadcrumb","itemListElement":[{"@type":"ListItem","position":1,"name":"Accueil","item":"https:\/\/serinidog.com\/de\/"},{"@type":"ListItem","position":2,"name":"Boutique","item":"https:\/\/serinidog.com\/shop\/"},{"@type":"ListItem","position":3,"name":"Trinkflasche f\u00fcr Hunde","item":"https:\/\/serinidog.com\/de\/c\/trinkflasche-fur-hunde\/"},{"@type":"ListItem","position":4,"name":"Weiche Trinkflasche f\u00fcr Hunde 550 ml: das unentbehrliche Zubeh\u00f6r, um Ihr Tier beim Spaziergang mit Fl\u00fcssigkeit zu versorgen."}]},{"@type":"WebSite","@id":"https:\/\/serinidog.com\/de\/#website","url":"https:\/\/serinidog.com\/de\/","name":"SeriniDog","description":"Shop pour chien","potentialAction":[{"@type":"SearchAction","target":{"@type":"EntryPoint","urlTemplate":"https:\/\/serinidog.com\/de\/?s={search_term_string}"},"query-input":{"@type":"PropertyValueSpecification","valueRequired":true,"valueName":"search_term_string"}}],"inLanguage":"de"}]},"product_price_amount":"28.00","product_price_currency":"EUR","og_availability":"instock","product_availability":"instock","product_retailer_item_id":"14:691#Light Grey_ctc62olpol6000fogb2g","product_condition":"new"},"_links":{"self":[{"href":"https:\/\/serinidog.com\/de\/wp-json\/wp\/v2\/product\/9391","targetHints":{"allow":["GET"]}}],"collection":[{"href":"https:\/\/serinidog.com\/de\/wp-json\/wp\/v2\/product"}],"about":[{"href":"https:\/\/serinidog.com\/de\/wp-json\/wp\/v2\/types\/product"}],"replies":[{"embeddable":true,"href":"https:\/\/serinidog.com\/de\/wp-json\/wp\/v2\/comments?post=9391"}],"wp:featuredmedia":[{"embeddable":true,"href":"https:\/\/serinidog.com\/de\/wp-json\/wp\/v2\/media\/7777"}],"wp:attachment":[{"href":"https:\/\/serinidog.com\/de\/wp-json\/wp\/v2\/media?parent=9391"}],"wp:term":[{"taxonomy":"product_brand","embeddable":true,"href":"https:\/\/serinidog.com\/de\/wp-json\/wp\/v2\/product_brand?post=9391"},{"taxonomy":"product_cat","embeddable":true,"href":"https:\/\/serinidog.com\/de\/wp-json\/wp\/v2\/product_cat?post=9391"},{"taxonomy":"product_tag","embeddable":true,"href":"https:\/\/serinidog.com\/de\/wp-json\/wp\/v2\/product_tag?post=9391"}],"curies":[{"name":"wp","href":"https:\/\/api.w.org\/{rel}","templated":true}]}}