{"id":9483,"date":"2024-12-10T21:02:58","date_gmt":"2024-12-10T21:02:58","guid":{"rendered":"https:\/\/serinidog.com\/p\/wagen-fuer-grosse-hunde-mit-behinderung-mobilitaet-und-komfort-fuer-ihren-vierbeinigen-freund\/"},"modified":"2024-12-28T22:02:31","modified_gmt":"2024-12-28T22:02:31","slug":"wagen-fuer-grosse-hunde-mit-behinderung-mobilitaet-und-komfort-fuer-ihren-vierbeinigen-freund","status":"publish","type":"product","link":"https:\/\/serinidog.com\/de\/p\/wagen-fuer-grosse-hunde-mit-behinderung-mobilitaet-und-komfort-fuer-ihren-vierbeinigen-freund\/","title":{"rendered":"Wagen f\u00fcr gro\u00dfe Hunde mit Behinderung: Mobilit\u00e4t und Komfort f\u00fcr Ihren vierbeinigen Freund"},"content":{"rendered":"<h2 id=\"chariot-pour-grands-chiens-handicap\u00e9s--donnez-une-nouvelle-vie-\u00e0-votre-compagnon\">Wagen f\u00fcr gro\u00dfe Hunde mit Behinderungen: Geben Sie Ihrem Hund ein neues Leben.<\/h2>\n<p>M\u00f6chten Sie die Lebensqualit\u00e4t Ihres behinderten Hundes verbessern? Geben Sie ihm die Freiheit, sich mit dem Wagen f\u00fcr gro\u00dfe Hunde mit Behinderung fortzubewegen. Dieses Produkt wurde entwickelt, um Mobilit\u00e4t und Komfort zu kombinieren, und wird den Alltag Ihres treuen Begleiters ver\u00e4ndern.  <\/p>\n<h3 id=\"une-conception-pens\u00e9e-pour-le-bien-\u00eatre-de-votre-animal\">Ein Design, das auf das Wohlbefinden Ihres Tieres ausgerichtet ist<\/h3>\n<p>Der Wagen f\u00fcr gro\u00dfe Hunde ist das Ergebnis einer ausgekl\u00fcgelten Technik, die die besonderen Bed\u00fcrfnisse von Hunden mit Behinderungen ber\u00fccksichtigt. Dank seines <strong>ergonomischen Designs<\/strong> passt er sich perfekt an die Morphologie Ihres Hundes an und sorgt so f\u00fcr optimalen Komfort w\u00e4hrend der Fahrt. <\/p>\n<h3 id=\"mat\u00e9riaux-robustes-et-adapt\u00e9s\">Robuste und geeignete Materialien<\/h3>\n<p>Dieser Wagen ist aus rostfreiem Stahl gefertigt und dadurch besonders <strong>leicht und robust<\/strong>. Die <strong>stabilen R\u00e4der<\/strong> erm\u00f6glichen ein einfaches Fahren auf verschiedenen Gel\u00e4ndearten und bieten Ihrem Hund ein nahtloses Mobilit\u00e4tserlebnis. <\/p>\n<h3 id=\"pourquoi-choisir-notre-chariot-pour-grands-chiens-\">Warum sollten Sie sich f\u00fcr unseren Wagen f\u00fcr gro\u00dfe Hunde entscheiden?<\/h3>\n<ul>\n<li><strong>Verbesserte Mobilit\u00e4t<\/strong>: Erm\u00f6glicht Hunden mit Bewegungsst\u00f6rungen, sich freier zu bewegen.<\/li>\n<li><strong>Unterst\u00fctzung der Selbst\u00e4ndigkeit<\/strong>: F\u00f6rdert die Selbst\u00e4ndigkeit, indem es Ihrem Hund hilft, seine Lieblingspl\u00e4tze zu erreichen, zu erkunden und Spa\u00df zu haben.<\/li>\n<li>Verstellbarer <strong>Komfort<\/strong>: Verstellbar, um mit dem Wachstum oder der Ver\u00e4nderung der Morphologie Ihres Hundes Schritt zu halten.<\/li>\n<li><strong>Bewegungsf\u00f6rderung<\/strong>: Stimuliert die k\u00f6rperliche Aktivit\u00e4t, die f\u00fcr das allgemeine Wohlbefinden Ihres Tieres notwendig ist.<\/li>\n<\/ul>\n<h3 id=\"garantie-de-satisfaction\">Zufriedenheitsgarantie<\/h3>\n<p>Wir sind davon \u00fcberzeugt, dass dieser Wagen eine bedeutende Ver\u00e4nderung im Leben Ihres Hundes bewirken wird. Wenn Sie jedoch nicht vollst\u00e4ndig zufrieden sind, werden R\u00fcckgaben innerhalb von 14 Tagen nach Erhalt des Produkts akzeptiert. <\/p>\n<h3 id=\"commandez-d\u00e8s-aujourdhui\">Bestellen Sie noch heute<\/h3>\n<p>Geben Sie Ihrem vierbeinigen Freund die Chance, wieder Freude und Unabh\u00e4ngigkeit zu erlangen. Der Wagen f\u00fcr gro\u00dfe Hunde mit Behinderungen ist mehr als nur ein Accessoire: Er ist eine neue Art zu leben. Lassen Sie nicht zu, dass Ihr Hund diese Gelegenheit zur Verbesserung seiner Lebensqualit\u00e4t verpasst. Bestellen Sie jetzt auf serinidog.com und sehen Sie selbst den Unterschied.   <\/p>\n","protected":false},"excerpt":{"rendered":"<p>Ver\u00e4ndern Sie das Leben Ihres behinderten Hundes mit unserem Wagen f\u00fcr gro\u00dfe Hunde, der Mobilit\u00e4t und Komfort vereint. Sein ergonomisches Design passt sich perfekt an die Morphologie Ihres Hundes an und sorgt f\u00fcr eine optimale Unterst\u00fctzung. Er ist aus leichtem und robustem Edelstahl gefertigt und erm\u00f6glicht eine einfache Fortbewegung auf jedem Untergrund. Geben Sie Ihrem Haustier die M\u00f6glichkeit, Freude und Unabh\u00e4ngigkeit zur\u00fcckzugewinnen und gleichzeitig seine k\u00f6rperliche Aktivit\u00e4t zu f\u00f6rdern. Mit einer 14-t\u00e4gigen Zufriedenheitsgarantie haben Sie nichts zu verlieren. Lassen Sie sich diese Chance zur Verbesserung seiner Lebensqualit\u00e4t nicht entgehen: Bestellen Sie jetzt auf serinidog.com!     <\/p>\n","protected":false},"featured_media":8393,"comment_status":"open","ping_status":"closed","template":"","meta":[],"product_brand":[],"product_cat":[229],"product_tag":[],"class_list":{"0":"post-9483","1":"product","2":"type-product","3":"status-publish","4":"has-post-thumbnail","6":"product_cat-wagen-fur-behinderte-hunde","7":"sales-flash-overlay","8":"woocommerce-text-align-left","9":"woocommerce-image-align-center","10":"do-quantity-buttons","12":"first","13":"instock","14":"taxable","15":"shipping-taxable","16":"purchasable","17":"product-type-variable"},"yoast_head":"<!-- This site is optimized with the Yoast SEO Premium plugin v23.4 (Yoast SEO v27.4) - https:\/\/yoast.com\/product\/yoast-seo-premium-wordpress\/ -->\n<title>Wagen f\u00fcr gro\u00dfe Hunde mit Behinderung: Mobilit\u00e4t und Komfort f\u00fcr Ihren vierbeinigen Freund - SeriniDog<\/title>\n<meta name=\"robots\" content=\"index, follow, max-snippet:-1, max-image-preview:large, max-video-preview:-1\" \/>\n<link rel=\"canonical\" href=\"https:\/\/serinidog.com\/de\/p\/wagen-fuer-grosse-hunde-mit-behinderung-mobilitaet-und-komfort-fuer-ihren-vierbeinigen-freund\/\" \/>\n<meta property=\"og:locale\" content=\"de_DE\" \/>\n<meta property=\"og:type\" content=\"article\" \/>\n<meta property=\"og:title\" content=\"Wagen f\u00fcr gro\u00dfe Hunde mit Behinderung: Mobilit\u00e4t und Komfort f\u00fcr Ihren vierbeinigen Freund - SeriniDog\" \/>\n<meta property=\"og:description\" content=\"Ver\u00e4ndern Sie das Leben Ihres behinderten Hundes mit unserem Wagen f\u00fcr gro\u00dfe Hunde, der Mobilit\u00e4t und Komfort vereint. Sein ergonomisches Design passt sich perfekt an die Morphologie Ihres Hundes an und sorgt f\u00fcr eine optimale Unterst\u00fctzung. Er ist aus leichtem und robustem Edelstahl gefertigt und erm\u00f6glicht eine einfache Fortbewegung auf jedem Untergrund. Geben Sie Ihrem Haustier die M\u00f6glichkeit, Freude und Unabh\u00e4ngigkeit zur\u00fcckzugewinnen und gleichzeitig seine k\u00f6rperliche Aktivit\u00e4t zu f\u00f6rdern. Mit einer 14-t\u00e4gigen Zufriedenheitsgarantie haben Sie nichts zu verlieren. Lassen Sie sich diese Chance zur Verbesserung seiner Lebensqualit\u00e4t nicht entgehen: Bestellen Sie jetzt auf serinidog.com!\" \/>\n<meta property=\"og:url\" content=\"https:\/\/serinidog.com\/de\/p\/wagen-fuer-grosse-hunde-mit-behinderung-mobilitaet-und-komfort-fuer-ihren-vierbeinigen-freund\/\" \/>\n<meta property=\"og:site_name\" content=\"SeriniDog\" \/>\n<meta property=\"article:modified_time\" content=\"2024-12-28T22:02:31+00:00\" \/>\n<meta property=\"og:image\" content=\"https:\/\/serinidog.com\/wp-content\/uploads\/2024\/12\/S3a765bfe2a7c46efb9b4a791bfecb9d1d.webp\" \/>\n\t<meta property=\"og:image:width\" content=\"800\" \/>\n\t<meta property=\"og:image:height\" content=\"800\" \/>\n\t<meta property=\"og:image:type\" content=\"image\/webp\" \/>\n<meta name=\"twitter:card\" content=\"summary_large_image\" \/>\n<meta name=\"twitter:label1\" content=\"Verf\u00fcgbarkeit\" \/>\n\t<meta name=\"twitter:data1\" content=\"Auf Lager\" \/>\n<script type=\"application\/ld+json\" class=\"yoast-schema-graph\">{\"@context\":\"https:\\\/\\\/schema.org\",\"@graph\":[{\"@type\":\"WebPage\",\"@id\":\"https:\\\/\\\/serinidog.com\\\/de\\\/p\\\/wagen-fuer-grosse-hunde-mit-behinderung-mobilitaet-und-komfort-fuer-ihren-vierbeinigen-freund\\\/\",\"url\":\"https:\\\/\\\/serinidog.com\\\/de\\\/p\\\/wagen-fuer-grosse-hunde-mit-behinderung-mobilitaet-und-komfort-fuer-ihren-vierbeinigen-freund\\\/\",\"name\":\"Wagen f\u00fcr gro\u00dfe Hunde mit Behinderung: Mobilit\u00e4t und Komfort f\u00fcr Ihren vierbeinigen Freund - SeriniDog\",\"isPartOf\":{\"@id\":\"https:\\\/\\\/serinidog.com\\\/de\\\/#website\"},\"primaryImageOfPage\":{\"@id\":\"https:\\\/\\\/serinidog.com\\\/de\\\/p\\\/wagen-fuer-grosse-hunde-mit-behinderung-mobilitaet-und-komfort-fuer-ihren-vierbeinigen-freund\\\/#primaryimage\"},\"image\":{\"@id\":\"https:\\\/\\\/serinidog.com\\\/de\\\/p\\\/wagen-fuer-grosse-hunde-mit-behinderung-mobilitaet-und-komfort-fuer-ihren-vierbeinigen-freund\\\/#primaryimage\"},\"thumbnailUrl\":\"https:\\\/\\\/serinidog.com\\\/wp-content\\\/uploads\\\/2024\\\/12\\\/S3a765bfe2a7c46efb9b4a791bfecb9d1d.webp\",\"datePublished\":\"2024-12-10T21:02:58+00:00\",\"dateModified\":\"2024-12-28T22:02:31+00:00\",\"breadcrumb\":{\"@id\":\"https:\\\/\\\/serinidog.com\\\/de\\\/p\\\/wagen-fuer-grosse-hunde-mit-behinderung-mobilitaet-und-komfort-fuer-ihren-vierbeinigen-freund\\\/#breadcrumb\"},\"inLanguage\":\"de\",\"potentialAction\":[{\"@type\":\"ReadAction\",\"target\":[\"https:\\\/\\\/serinidog.com\\\/de\\\/p\\\/wagen-fuer-grosse-hunde-mit-behinderung-mobilitaet-und-komfort-fuer-ihren-vierbeinigen-freund\\\/\"]}]},{\"@type\":\"ImageObject\",\"inLanguage\":\"de\",\"@id\":\"https:\\\/\\\/serinidog.com\\\/de\\\/p\\\/wagen-fuer-grosse-hunde-mit-behinderung-mobilitaet-und-komfort-fuer-ihren-vierbeinigen-freund\\\/#primaryimage\",\"url\":\"https:\\\/\\\/serinidog.com\\\/wp-content\\\/uploads\\\/2024\\\/12\\\/S3a765bfe2a7c46efb9b4a791bfecb9d1d.webp\",\"contentUrl\":\"https:\\\/\\\/serinidog.com\\\/wp-content\\\/uploads\\\/2024\\\/12\\\/S3a765bfe2a7c46efb9b4a791bfecb9d1d.webp\",\"width\":800,\"height\":800},{\"@type\":\"BreadcrumbList\",\"@id\":\"https:\\\/\\\/serinidog.com\\\/de\\\/p\\\/wagen-fuer-grosse-hunde-mit-behinderung-mobilitaet-und-komfort-fuer-ihren-vierbeinigen-freund\\\/#breadcrumb\",\"itemListElement\":[{\"@type\":\"ListItem\",\"position\":1,\"name\":\"Accueil\",\"item\":\"https:\\\/\\\/serinidog.com\\\/de\\\/\"},{\"@type\":\"ListItem\",\"position\":2,\"name\":\"Boutique\",\"item\":\"https:\\\/\\\/serinidog.com\\\/shop\\\/\"},{\"@type\":\"ListItem\",\"position\":3,\"name\":\"Wagen f\u00fcr behinderte Hunde\",\"item\":\"https:\\\/\\\/serinidog.com\\\/de\\\/c\\\/wagen-fur-behinderte-hunde\\\/\"},{\"@type\":\"ListItem\",\"position\":4,\"name\":\"Wagen f\u00fcr gro\u00dfe Hunde mit Behinderung: Mobilit\u00e4t und Komfort f\u00fcr Ihren vierbeinigen Freund\"}]},{\"@type\":\"WebSite\",\"@id\":\"https:\\\/\\\/serinidog.com\\\/de\\\/#website\",\"url\":\"https:\\\/\\\/serinidog.com\\\/de\\\/\",\"name\":\"SeriniDog\",\"description\":\"Shop pour chien\",\"potentialAction\":[{\"@type\":\"SearchAction\",\"target\":{\"@type\":\"EntryPoint\",\"urlTemplate\":\"https:\\\/\\\/serinidog.com\\\/de\\\/?s={search_term_string}\"},\"query-input\":{\"@type\":\"PropertyValueSpecification\",\"valueRequired\":true,\"valueName\":\"search_term_string\"}}],\"inLanguage\":\"de\"}]}<\/script>\n<meta property=\"og:availability\" content=\"instock\" \/>\n<meta property=\"product:availability\" content=\"instock\" \/>\n<meta property=\"product:retailer_item_id\" content=\"ctcaot0gte2g00afep30\" \/>\n<meta property=\"product:condition\" content=\"new\" \/>\n<!-- \/ Yoast SEO Premium plugin. -->","yoast_head_json":{"title":"Wagen f\u00fcr gro\u00dfe Hunde mit Behinderung: Mobilit\u00e4t und Komfort f\u00fcr Ihren vierbeinigen Freund - SeriniDog","robots":{"index":"index","follow":"follow","max-snippet":"max-snippet:-1","max-image-preview":"max-image-preview:large","max-video-preview":"max-video-preview:-1"},"canonical":"https:\/\/serinidog.com\/de\/p\/wagen-fuer-grosse-hunde-mit-behinderung-mobilitaet-und-komfort-fuer-ihren-vierbeinigen-freund\/","og_locale":"de_DE","og_type":"article","og_title":"Wagen f\u00fcr gro\u00dfe Hunde mit Behinderung: Mobilit\u00e4t und Komfort f\u00fcr Ihren vierbeinigen Freund - SeriniDog","og_description":"Ver\u00e4ndern Sie das Leben Ihres behinderten Hundes mit unserem Wagen f\u00fcr gro\u00dfe Hunde, der Mobilit\u00e4t und Komfort vereint. Sein ergonomisches Design passt sich perfekt an die Morphologie Ihres Hundes an und sorgt f\u00fcr eine optimale Unterst\u00fctzung. Er ist aus leichtem und robustem Edelstahl gefertigt und erm\u00f6glicht eine einfache Fortbewegung auf jedem Untergrund. Geben Sie Ihrem Haustier die M\u00f6glichkeit, Freude und Unabh\u00e4ngigkeit zur\u00fcckzugewinnen und gleichzeitig seine k\u00f6rperliche Aktivit\u00e4t zu f\u00f6rdern. Mit einer 14-t\u00e4gigen Zufriedenheitsgarantie haben Sie nichts zu verlieren. Lassen Sie sich diese Chance zur Verbesserung seiner Lebensqualit\u00e4t nicht entgehen: Bestellen Sie jetzt auf serinidog.com!","og_url":"https:\/\/serinidog.com\/de\/p\/wagen-fuer-grosse-hunde-mit-behinderung-mobilitaet-und-komfort-fuer-ihren-vierbeinigen-freund\/","og_site_name":"SeriniDog","article_modified_time":"2024-12-28T22:02:31+00:00","og_image":[{"width":800,"height":800,"url":"https:\/\/serinidog.com\/wp-content\/uploads\/2024\/12\/S3a765bfe2a7c46efb9b4a791bfecb9d1d.webp","type":"image\/webp"}],"twitter_card":"summary_large_image","twitter_misc":{"Verf\u00fcgbarkeit":"Auf Lager"},"schema":{"@context":"https:\/\/schema.org","@graph":[{"@type":"WebPage","@id":"https:\/\/serinidog.com\/de\/p\/wagen-fuer-grosse-hunde-mit-behinderung-mobilitaet-und-komfort-fuer-ihren-vierbeinigen-freund\/","url":"https:\/\/serinidog.com\/de\/p\/wagen-fuer-grosse-hunde-mit-behinderung-mobilitaet-und-komfort-fuer-ihren-vierbeinigen-freund\/","name":"Wagen f\u00fcr gro\u00dfe Hunde mit Behinderung: Mobilit\u00e4t und Komfort f\u00fcr Ihren vierbeinigen Freund - SeriniDog","isPartOf":{"@id":"https:\/\/serinidog.com\/de\/#website"},"primaryImageOfPage":{"@id":"https:\/\/serinidog.com\/de\/p\/wagen-fuer-grosse-hunde-mit-behinderung-mobilitaet-und-komfort-fuer-ihren-vierbeinigen-freund\/#primaryimage"},"image":{"@id":"https:\/\/serinidog.com\/de\/p\/wagen-fuer-grosse-hunde-mit-behinderung-mobilitaet-und-komfort-fuer-ihren-vierbeinigen-freund\/#primaryimage"},"thumbnailUrl":"https:\/\/serinidog.com\/wp-content\/uploads\/2024\/12\/S3a765bfe2a7c46efb9b4a791bfecb9d1d.webp","datePublished":"2024-12-10T21:02:58+00:00","dateModified":"2024-12-28T22:02:31+00:00","breadcrumb":{"@id":"https:\/\/serinidog.com\/de\/p\/wagen-fuer-grosse-hunde-mit-behinderung-mobilitaet-und-komfort-fuer-ihren-vierbeinigen-freund\/#breadcrumb"},"inLanguage":"de","potentialAction":[{"@type":"ReadAction","target":["https:\/\/serinidog.com\/de\/p\/wagen-fuer-grosse-hunde-mit-behinderung-mobilitaet-und-komfort-fuer-ihren-vierbeinigen-freund\/"]}]},{"@type":"ImageObject","inLanguage":"de","@id":"https:\/\/serinidog.com\/de\/p\/wagen-fuer-grosse-hunde-mit-behinderung-mobilitaet-und-komfort-fuer-ihren-vierbeinigen-freund\/#primaryimage","url":"https:\/\/serinidog.com\/wp-content\/uploads\/2024\/12\/S3a765bfe2a7c46efb9b4a791bfecb9d1d.webp","contentUrl":"https:\/\/serinidog.com\/wp-content\/uploads\/2024\/12\/S3a765bfe2a7c46efb9b4a791bfecb9d1d.webp","width":800,"height":800},{"@type":"BreadcrumbList","@id":"https:\/\/serinidog.com\/de\/p\/wagen-fuer-grosse-hunde-mit-behinderung-mobilitaet-und-komfort-fuer-ihren-vierbeinigen-freund\/#breadcrumb","itemListElement":[{"@type":"ListItem","position":1,"name":"Accueil","item":"https:\/\/serinidog.com\/de\/"},{"@type":"ListItem","position":2,"name":"Boutique","item":"https:\/\/serinidog.com\/shop\/"},{"@type":"ListItem","position":3,"name":"Wagen f\u00fcr behinderte Hunde","item":"https:\/\/serinidog.com\/de\/c\/wagen-fur-behinderte-hunde\/"},{"@type":"ListItem","position":4,"name":"Wagen f\u00fcr gro\u00dfe Hunde mit Behinderung: Mobilit\u00e4t und Komfort f\u00fcr Ihren vierbeinigen Freund"}]},{"@type":"WebSite","@id":"https:\/\/serinidog.com\/de\/#website","url":"https:\/\/serinidog.com\/de\/","name":"SeriniDog","description":"Shop pour chien","potentialAction":[{"@type":"SearchAction","target":{"@type":"EntryPoint","urlTemplate":"https:\/\/serinidog.com\/de\/?s={search_term_string}"},"query-input":{"@type":"PropertyValueSpecification","valueRequired":true,"valueName":"search_term_string"}}],"inLanguage":"de"}]},"og_availability":"instock","product_availability":"instock","product_retailer_item_id":"ctcaot0gte2g00afep30","product_condition":"new"},"_links":{"self":[{"href":"https:\/\/serinidog.com\/de\/wp-json\/wp\/v2\/product\/9483","targetHints":{"allow":["GET"]}}],"collection":[{"href":"https:\/\/serinidog.com\/de\/wp-json\/wp\/v2\/product"}],"about":[{"href":"https:\/\/serinidog.com\/de\/wp-json\/wp\/v2\/types\/product"}],"replies":[{"embeddable":true,"href":"https:\/\/serinidog.com\/de\/wp-json\/wp\/v2\/comments?post=9483"}],"wp:featuredmedia":[{"embeddable":true,"href":"https:\/\/serinidog.com\/de\/wp-json\/wp\/v2\/media\/8393"}],"wp:attachment":[{"href":"https:\/\/serinidog.com\/de\/wp-json\/wp\/v2\/media?parent=9483"}],"wp:term":[{"taxonomy":"product_brand","embeddable":true,"href":"https:\/\/serinidog.com\/de\/wp-json\/wp\/v2\/product_brand?post=9483"},{"taxonomy":"product_cat","embeddable":true,"href":"https:\/\/serinidog.com\/de\/wp-json\/wp\/v2\/product_cat?post=9483"},{"taxonomy":"product_tag","embeddable":true,"href":"https:\/\/serinidog.com\/de\/wp-json\/wp\/v2\/product_tag?post=9483"}],"curies":[{"name":"wp","href":"https:\/\/api.w.org\/{rel}","templated":true}]}}