{"id":9602,"date":"2024-11-30T21:47:21","date_gmt":"2024-11-30T21:47:21","guid":{"rendered":"https:\/\/serinidog.com\/p\/hundespielzeug-pouet-pouet-poulet-ein-interaktives-plastikspielzeug-fuer-hunde-aller-groessen\/"},"modified":"2024-12-28T22:06:55","modified_gmt":"2024-12-28T22:06:55","slug":"hundespielzeug-pouet-pouet-poulet-ein-interaktives-plastikspielzeug-fuer-hunde-aller-groessen","status":"publish","type":"product","link":"https:\/\/serinidog.com\/de\/p\/hundespielzeug-pouet-pouet-poulet-ein-interaktives-plastikspielzeug-fuer-hunde-aller-groessen\/","title":{"rendered":"Hundespielzeug pouet pouet poulet &#8211; ein interaktives Plastikspielzeug f\u00fcr Hunde aller Gr\u00f6\u00dfen"},"content":{"rendered":"<h2 id=\"d\u00e9couvrez-le-jouet-pouet-pouet-poulet-pour-chien\">Entdecken Sie das Hundespielzeug pouet pouet poulet f\u00fcr Hunde<\/h2>\n<p>Mit dem Hundespielzeug &#8222;pouet pouet poulet&#8220; f\u00fcr Hunde ist der Spa\u00df nur einen Klick entfernt. Es wurde entwickelt, um Hunde aller Gr\u00f6\u00dfen zu begeistern. Dieses Spielzeug ist ideal, um das Interesse Ihres Haustiers zu wecken, da es ein lustiges und interaktives Design hat. <\/p>\n<h3 id=\"un-jouet-engageant-pour-toutes-les-occasions\">Ein einnehmendes Spielzeug f\u00fcr alle Gelegenheiten<\/h3>\n<p>Bieten Sie Ihrem Hund ein Spielzeug, das seine Neugier und seinen nat\u00fcrlichen Spieltrieb anregen wird.<\/p>\n<h3 id=\"caract\u00e9ristiques-du-jouet-pouet-pouet-poulet\">Eigenschaften des Spielzeugs pouet pouet poulet<\/h3>\n<ul>\n<li><strong>Sicheres und haltbares Material<\/strong>: Dieses Spielzeug ist aus hochwertigem Kunststoff gefertigt und ist sowohl strapazierf\u00e4hig als auch ungiftig, um die Sicherheit Ihres Haustiers zu gew\u00e4hrleisten.<\/li>\n<li><strong>Attraktives Design<\/strong>: Die verspielte Form eines Brathuhns und die realistische Textur werden die Sinne Ihres Hundes fesseln.<\/li>\n<li><strong>Akustischer Reiz<\/strong>: Wenn Sie mit dem Kiefer auf dieses Spielzeug schlagen, erzeugt es einen einnehmenden Ton, auf den jeder Hund reagieren wird.<\/li>\n<\/ul>\n<h3 id=\"pourquoi-choisir-ce-jouet-\">Warum sollten Sie dieses Spielzeug w\u00e4hlen?<\/h3>\n<ol>\n<li>F\u00f6rdert <strong>das aktive Spiel<\/strong>: F\u00f6rdert die k\u00f6rperliche und geistige Aktivit\u00e4t Ihres Tieres, die f\u00fcr seine allgemeine Gesundheit wichtig ist.<\/li>\n<li><strong>Hervorragende Haltbarkeit<\/strong>: Entwickelt, um Kauspielen standzuhalten und so stundenlanges Vergn\u00fcgen zu erm\u00f6glichen.<\/li>\n<li><strong>St\u00e4rkt die Bindung<\/strong>: F\u00f6rdert die Bindung zwischen Hund und Besitzer w\u00e4hrend der Spielstunden.<\/li>\n<li><strong>Pflegeleicht<\/strong>: Leicht zu reinigen, wodurch die t\u00e4gliche Pflege vereinfacht wird.<\/li>\n<\/ol>\n<h2 id=\"un-incontournable-pour-le-bien-\u00eatre-de-votre-chien\">Ein Muss f\u00fcr das Wohlbefinden Ihres Hundes<\/h2>\n<p>Eine Investition in das Spielzeug Pouet Pouet Poulet bedeutet, dass Ihr Hund t\u00e4glich eine lustige und n\u00fctzliche Besch\u00e4ftigung hat. Verbinden Sie das N\u00fctzliche mit dem Angenehmen mit einem Spielzeug, das unterh\u00e4lt und gleichzeitig die geistige und k\u00f6rperliche Gesundheit Ihres Hundes f\u00f6rdert. <\/p>\n<p>Mit der Wahl dieses Spielzeugs bieten Sie Ihrem Haustier eine bereichernde und lang anhaltende Spielerfahrung. Nutzen Sie jetzt die Gelegenheit, Ihrem Haustier Freude zu bereiten. <\/p>\n","protected":false},"excerpt":{"rendered":"<p>G\u00f6nnen Sie Ihrem Hund stundenlanges Vergn\u00fcgen mit dem Spielzeug H\u00fchnchen H\u00fchnchen H\u00fchnchen! Dieses einnehmende Spielzeug aus langlebigem, ungiftigem Kunststoff regt den Spieltrieb an und h\u00e4lt die Neugierde wach. Mit seinem lustigen Design und seinem fesselnden Klangreiz verspricht es Ihnen und Ihrem Hund viele sch\u00f6ne Momente. Er ist kaufest und pflegeleicht und somit perfekt f\u00fcr das k\u00f6rperliche und geistige Wohlbefinden Ihres Tieres. Verpassen Sie nicht die Chance, Ihrem Hund mit einem sicheren und unterhaltsamen Produkt Freude und Spa\u00df zu bereiten!    <\/p>\n","protected":false},"featured_media":5441,"comment_status":"open","ping_status":"closed","template":"","meta":[],"product_brand":[],"product_cat":[233],"product_tag":[],"class_list":{"0":"post-9602","1":"product","2":"type-product","3":"status-publish","4":"has-post-thumbnail","6":"product_cat-hundespielzeug-huhn","7":"sales-flash-overlay","8":"woocommerce-text-align-left","9":"woocommerce-image-align-center","10":"do-quantity-buttons","12":"first","13":"instock","14":"taxable","15":"shipping-taxable","16":"purchasable","17":"product-type-simple"},"yoast_head":"<!-- This site is optimized with the Yoast SEO Premium plugin v23.4 (Yoast SEO v27.5) - https:\/\/yoast.com\/product\/yoast-seo-premium-wordpress\/ -->\n<title>Hundespielzeug pouet pouet poulet - ein interaktives Plastikspielzeug f\u00fcr Hunde aller Gr\u00f6\u00dfen - SeriniDog<\/title>\n<meta name=\"robots\" content=\"index, follow, max-snippet:-1, max-image-preview:large, max-video-preview:-1\" \/>\n<link rel=\"canonical\" href=\"https:\/\/serinidog.com\/de\/p\/hundespielzeug-pouet-pouet-poulet-ein-interaktives-plastikspielzeug-fuer-hunde-aller-groessen\/\" \/>\n<meta property=\"og:locale\" content=\"de_DE\" \/>\n<meta property=\"og:type\" content=\"article\" \/>\n<meta property=\"og:title\" content=\"Hundespielzeug pouet pouet poulet - ein interaktives Plastikspielzeug f\u00fcr Hunde aller Gr\u00f6\u00dfen - SeriniDog\" \/>\n<meta property=\"og:description\" content=\"G\u00f6nnen Sie Ihrem Hund stundenlanges Vergn\u00fcgen mit dem Spielzeug H\u00fchnchen H\u00fchnchen H\u00fchnchen! Dieses einnehmende Spielzeug aus langlebigem, ungiftigem Kunststoff regt den Spieltrieb an und h\u00e4lt die Neugierde wach. Mit seinem lustigen Design und seinem fesselnden Klangreiz verspricht es Ihnen und Ihrem Hund viele sch\u00f6ne Momente. Er ist kaufest und pflegeleicht und somit perfekt f\u00fcr das k\u00f6rperliche und geistige Wohlbefinden Ihres Tieres. Verpassen Sie nicht die Chance, Ihrem Hund mit einem sicheren und unterhaltsamen Produkt Freude und Spa\u00df zu bereiten!\" \/>\n<meta property=\"og:url\" content=\"https:\/\/serinidog.com\/de\/p\/hundespielzeug-pouet-pouet-poulet-ein-interaktives-plastikspielzeug-fuer-hunde-aller-groessen\/\" \/>\n<meta property=\"og:site_name\" content=\"SeriniDog\" \/>\n<meta property=\"article:modified_time\" content=\"2024-12-28T22:06:55+00:00\" \/>\n<meta property=\"og:image\" content=\"https:\/\/serinidog.com\/wp-content\/uploads\/2024\/11\/HTB1pME0fH5YBuNjSspoq6zeNFXas.webp\" \/>\n\t<meta property=\"og:image:width\" content=\"800\" \/>\n\t<meta property=\"og:image:height\" content=\"800\" \/>\n\t<meta property=\"og:image:type\" content=\"image\/webp\" \/>\n<meta name=\"twitter:card\" content=\"summary_large_image\" \/>\n<meta name=\"twitter:label1\" content=\"Preis\" \/>\n\t<meta name=\"twitter:data1\" content=\"9,00&nbsp;&euro;\" \/>\n\t<meta name=\"twitter:label2\" content=\"Verf\u00fcgbarkeit\" \/>\n\t<meta name=\"twitter:data2\" content=\"Auf Lager\" \/>\n<script type=\"application\/ld+json\" class=\"yoast-schema-graph\">{\"@context\":\"https:\\\/\\\/schema.org\",\"@graph\":[{\"@type\":\"WebPage\",\"@id\":\"https:\\\/\\\/serinidog.com\\\/de\\\/p\\\/hundespielzeug-pouet-pouet-poulet-ein-interaktives-plastikspielzeug-fuer-hunde-aller-groessen\\\/\",\"url\":\"https:\\\/\\\/serinidog.com\\\/de\\\/p\\\/hundespielzeug-pouet-pouet-poulet-ein-interaktives-plastikspielzeug-fuer-hunde-aller-groessen\\\/\",\"name\":\"Hundespielzeug pouet pouet poulet - ein interaktives Plastikspielzeug f\u00fcr Hunde aller Gr\u00f6\u00dfen - SeriniDog\",\"isPartOf\":{\"@id\":\"https:\\\/\\\/serinidog.com\\\/de\\\/#website\"},\"primaryImageOfPage\":{\"@id\":\"https:\\\/\\\/serinidog.com\\\/de\\\/p\\\/hundespielzeug-pouet-pouet-poulet-ein-interaktives-plastikspielzeug-fuer-hunde-aller-groessen\\\/#primaryimage\"},\"image\":{\"@id\":\"https:\\\/\\\/serinidog.com\\\/de\\\/p\\\/hundespielzeug-pouet-pouet-poulet-ein-interaktives-plastikspielzeug-fuer-hunde-aller-groessen\\\/#primaryimage\"},\"thumbnailUrl\":\"https:\\\/\\\/serinidog.com\\\/wp-content\\\/uploads\\\/2024\\\/11\\\/HTB1pME0fH5YBuNjSspoq6zeNFXas.webp\",\"datePublished\":\"2024-11-30T21:47:21+00:00\",\"dateModified\":\"2024-12-28T22:06:55+00:00\",\"breadcrumb\":{\"@id\":\"https:\\\/\\\/serinidog.com\\\/de\\\/p\\\/hundespielzeug-pouet-pouet-poulet-ein-interaktives-plastikspielzeug-fuer-hunde-aller-groessen\\\/#breadcrumb\"},\"inLanguage\":\"de\",\"potentialAction\":[{\"@type\":\"ReadAction\",\"target\":[\"https:\\\/\\\/serinidog.com\\\/de\\\/p\\\/hundespielzeug-pouet-pouet-poulet-ein-interaktives-plastikspielzeug-fuer-hunde-aller-groessen\\\/\"]}]},{\"@type\":\"ImageObject\",\"inLanguage\":\"de\",\"@id\":\"https:\\\/\\\/serinidog.com\\\/de\\\/p\\\/hundespielzeug-pouet-pouet-poulet-ein-interaktives-plastikspielzeug-fuer-hunde-aller-groessen\\\/#primaryimage\",\"url\":\"https:\\\/\\\/serinidog.com\\\/wp-content\\\/uploads\\\/2024\\\/11\\\/HTB1pME0fH5YBuNjSspoq6zeNFXas.webp\",\"contentUrl\":\"https:\\\/\\\/serinidog.com\\\/wp-content\\\/uploads\\\/2024\\\/11\\\/HTB1pME0fH5YBuNjSspoq6zeNFXas.webp\",\"width\":800,\"height\":800},{\"@type\":\"BreadcrumbList\",\"@id\":\"https:\\\/\\\/serinidog.com\\\/de\\\/p\\\/hundespielzeug-pouet-pouet-poulet-ein-interaktives-plastikspielzeug-fuer-hunde-aller-groessen\\\/#breadcrumb\",\"itemListElement\":[{\"@type\":\"ListItem\",\"position\":1,\"name\":\"Accueil\",\"item\":\"https:\\\/\\\/serinidog.com\\\/de\\\/\"},{\"@type\":\"ListItem\",\"position\":2,\"name\":\"Boutique\",\"item\":\"https:\\\/\\\/serinidog.com\\\/shop\\\/\"},{\"@type\":\"ListItem\",\"position\":3,\"name\":\"Hundespielzeug Huhn\",\"item\":\"https:\\\/\\\/serinidog.com\\\/de\\\/c\\\/hundespielzeug-huhn\\\/\"},{\"@type\":\"ListItem\",\"position\":4,\"name\":\"Hundespielzeug pouet pouet poulet &#8211; ein interaktives Plastikspielzeug f\u00fcr Hunde aller Gr\u00f6\u00dfen\"}]},{\"@type\":\"WebSite\",\"@id\":\"https:\\\/\\\/serinidog.com\\\/de\\\/#website\",\"url\":\"https:\\\/\\\/serinidog.com\\\/de\\\/\",\"name\":\"SeriniDog\",\"description\":\"Shop pour chien\",\"potentialAction\":[{\"@type\":\"SearchAction\",\"target\":{\"@type\":\"EntryPoint\",\"urlTemplate\":\"https:\\\/\\\/serinidog.com\\\/de\\\/?s={search_term_string}\"},\"query-input\":{\"@type\":\"PropertyValueSpecification\",\"valueRequired\":true,\"valueName\":\"search_term_string\"}}],\"inLanguage\":\"de\"}]}<\/script>\n<meta property=\"product:price:amount\" content=\"9.00\" \/>\n<meta property=\"product:price:currency\" content=\"EUR\" \/>\n<meta property=\"og:availability\" content=\"instock\" \/>\n<meta property=\"product:availability\" content=\"instock\" \/>\n<meta property=\"product:retailer_item_id\" content=\"14:366#yellow;5:361386#13X6.5CM_ct5ofm0gte2g00af97og\" \/>\n<meta property=\"product:condition\" content=\"new\" \/>\n<!-- \/ Yoast SEO Premium plugin. -->","yoast_head_json":{"title":"Hundespielzeug pouet pouet poulet - ein interaktives Plastikspielzeug f\u00fcr Hunde aller Gr\u00f6\u00dfen - SeriniDog","robots":{"index":"index","follow":"follow","max-snippet":"max-snippet:-1","max-image-preview":"max-image-preview:large","max-video-preview":"max-video-preview:-1"},"canonical":"https:\/\/serinidog.com\/de\/p\/hundespielzeug-pouet-pouet-poulet-ein-interaktives-plastikspielzeug-fuer-hunde-aller-groessen\/","og_locale":"de_DE","og_type":"article","og_title":"Hundespielzeug pouet pouet poulet - ein interaktives Plastikspielzeug f\u00fcr Hunde aller Gr\u00f6\u00dfen - SeriniDog","og_description":"G\u00f6nnen Sie Ihrem Hund stundenlanges Vergn\u00fcgen mit dem Spielzeug H\u00fchnchen H\u00fchnchen H\u00fchnchen! Dieses einnehmende Spielzeug aus langlebigem, ungiftigem Kunststoff regt den Spieltrieb an und h\u00e4lt die Neugierde wach. Mit seinem lustigen Design und seinem fesselnden Klangreiz verspricht es Ihnen und Ihrem Hund viele sch\u00f6ne Momente. Er ist kaufest und pflegeleicht und somit perfekt f\u00fcr das k\u00f6rperliche und geistige Wohlbefinden Ihres Tieres. Verpassen Sie nicht die Chance, Ihrem Hund mit einem sicheren und unterhaltsamen Produkt Freude und Spa\u00df zu bereiten!","og_url":"https:\/\/serinidog.com\/de\/p\/hundespielzeug-pouet-pouet-poulet-ein-interaktives-plastikspielzeug-fuer-hunde-aller-groessen\/","og_site_name":"SeriniDog","article_modified_time":"2024-12-28T22:06:55+00:00","og_image":[{"width":800,"height":800,"url":"https:\/\/serinidog.com\/wp-content\/uploads\/2024\/11\/HTB1pME0fH5YBuNjSspoq6zeNFXas.webp","type":"image\/webp"}],"twitter_card":"summary_large_image","twitter_misc":{"Preis":"9,00&nbsp;&euro;","Verf\u00fcgbarkeit":"Auf Lager"},"schema":{"@context":"https:\/\/schema.org","@graph":[{"@type":"WebPage","@id":"https:\/\/serinidog.com\/de\/p\/hundespielzeug-pouet-pouet-poulet-ein-interaktives-plastikspielzeug-fuer-hunde-aller-groessen\/","url":"https:\/\/serinidog.com\/de\/p\/hundespielzeug-pouet-pouet-poulet-ein-interaktives-plastikspielzeug-fuer-hunde-aller-groessen\/","name":"Hundespielzeug pouet pouet poulet - ein interaktives Plastikspielzeug f\u00fcr Hunde aller Gr\u00f6\u00dfen - SeriniDog","isPartOf":{"@id":"https:\/\/serinidog.com\/de\/#website"},"primaryImageOfPage":{"@id":"https:\/\/serinidog.com\/de\/p\/hundespielzeug-pouet-pouet-poulet-ein-interaktives-plastikspielzeug-fuer-hunde-aller-groessen\/#primaryimage"},"image":{"@id":"https:\/\/serinidog.com\/de\/p\/hundespielzeug-pouet-pouet-poulet-ein-interaktives-plastikspielzeug-fuer-hunde-aller-groessen\/#primaryimage"},"thumbnailUrl":"https:\/\/serinidog.com\/wp-content\/uploads\/2024\/11\/HTB1pME0fH5YBuNjSspoq6zeNFXas.webp","datePublished":"2024-11-30T21:47:21+00:00","dateModified":"2024-12-28T22:06:55+00:00","breadcrumb":{"@id":"https:\/\/serinidog.com\/de\/p\/hundespielzeug-pouet-pouet-poulet-ein-interaktives-plastikspielzeug-fuer-hunde-aller-groessen\/#breadcrumb"},"inLanguage":"de","potentialAction":[{"@type":"ReadAction","target":["https:\/\/serinidog.com\/de\/p\/hundespielzeug-pouet-pouet-poulet-ein-interaktives-plastikspielzeug-fuer-hunde-aller-groessen\/"]}]},{"@type":"ImageObject","inLanguage":"de","@id":"https:\/\/serinidog.com\/de\/p\/hundespielzeug-pouet-pouet-poulet-ein-interaktives-plastikspielzeug-fuer-hunde-aller-groessen\/#primaryimage","url":"https:\/\/serinidog.com\/wp-content\/uploads\/2024\/11\/HTB1pME0fH5YBuNjSspoq6zeNFXas.webp","contentUrl":"https:\/\/serinidog.com\/wp-content\/uploads\/2024\/11\/HTB1pME0fH5YBuNjSspoq6zeNFXas.webp","width":800,"height":800},{"@type":"BreadcrumbList","@id":"https:\/\/serinidog.com\/de\/p\/hundespielzeug-pouet-pouet-poulet-ein-interaktives-plastikspielzeug-fuer-hunde-aller-groessen\/#breadcrumb","itemListElement":[{"@type":"ListItem","position":1,"name":"Accueil","item":"https:\/\/serinidog.com\/de\/"},{"@type":"ListItem","position":2,"name":"Boutique","item":"https:\/\/serinidog.com\/shop\/"},{"@type":"ListItem","position":3,"name":"Hundespielzeug Huhn","item":"https:\/\/serinidog.com\/de\/c\/hundespielzeug-huhn\/"},{"@type":"ListItem","position":4,"name":"Hundespielzeug pouet pouet poulet &#8211; ein interaktives Plastikspielzeug f\u00fcr Hunde aller Gr\u00f6\u00dfen"}]},{"@type":"WebSite","@id":"https:\/\/serinidog.com\/de\/#website","url":"https:\/\/serinidog.com\/de\/","name":"SeriniDog","description":"Shop pour chien","potentialAction":[{"@type":"SearchAction","target":{"@type":"EntryPoint","urlTemplate":"https:\/\/serinidog.com\/de\/?s={search_term_string}"},"query-input":{"@type":"PropertyValueSpecification","valueRequired":true,"valueName":"search_term_string"}}],"inLanguage":"de"}]},"product_price_amount":"9.00","product_price_currency":"EUR","og_availability":"instock","product_availability":"instock","product_retailer_item_id":"14:366#yellow;5:361386#13X6.5CM_ct5ofm0gte2g00af97og","product_condition":"new"},"_links":{"self":[{"href":"https:\/\/serinidog.com\/de\/wp-json\/wp\/v2\/product\/9602","targetHints":{"allow":["GET"]}}],"collection":[{"href":"https:\/\/serinidog.com\/de\/wp-json\/wp\/v2\/product"}],"about":[{"href":"https:\/\/serinidog.com\/de\/wp-json\/wp\/v2\/types\/product"}],"replies":[{"embeddable":true,"href":"https:\/\/serinidog.com\/de\/wp-json\/wp\/v2\/comments?post=9602"}],"wp:featuredmedia":[{"embeddable":true,"href":"https:\/\/serinidog.com\/de\/wp-json\/wp\/v2\/media\/5441"}],"wp:attachment":[{"href":"https:\/\/serinidog.com\/de\/wp-json\/wp\/v2\/media?parent=9602"}],"wp:term":[{"taxonomy":"product_brand","embeddable":true,"href":"https:\/\/serinidog.com\/de\/wp-json\/wp\/v2\/product_brand?post=9602"},{"taxonomy":"product_cat","embeddable":true,"href":"https:\/\/serinidog.com\/de\/wp-json\/wp\/v2\/product_cat?post=9602"},{"taxonomy":"product_tag","embeddable":true,"href":"https:\/\/serinidog.com\/de\/wp-json\/wp\/v2\/product_tag?post=9602"}],"curies":[{"name":"wp","href":"https:\/\/api.w.org\/{rel}","templated":true}]}}