{"id":9646,"date":"2024-11-30T22:23:08","date_gmt":"2024-11-30T22:23:08","guid":{"rendered":"https:\/\/serinidog.com\/p\/entfilzungskamm-fuer-hunde-effektives-pflegewerkzeug-mit-doppelseitigem-design-fuer-ein-gesundes-und-glaenzendes-fell\/"},"modified":"2024-12-28T22:06:04","modified_gmt":"2024-12-28T22:06:04","slug":"entfilzungskamm-fuer-hunde-effektives-pflegewerkzeug-mit-doppelseitigem-design-fuer-ein-gesundes-und-glaenzendes-fell","status":"publish","type":"product","link":"https:\/\/serinidog.com\/de\/p\/entfilzungskamm-fuer-hunde-effektives-pflegewerkzeug-mit-doppelseitigem-design-fuer-ein-gesundes-und-glaenzendes-fell\/","title":{"rendered":"Entfilzungskamm f\u00fcr Hunde: Effektives Pflegewerkzeug mit doppelseitigem Design f\u00fcr ein gesundes und gl\u00e4nzendes Fell."},"content":{"rendered":"<h2 id=\"d\u00e9couvrez-le-peigne-d\u00e9m\u00e9loir-incontournable-pour-chiens\">Entdecken Sie den unverzichtbaren Entfilzungskamm f\u00fcr Hunde<\/h2>\n<p>G\u00f6nnen Sie Ihrem vierbeinigen Freund ein makelloses Fell mit unserem Entfilzungskamm, der speziell f\u00fcr die Hundepflege entwickelt wurde. Dank seines innovativen Designs sorgt dieses Produkt f\u00fcr eine m\u00fchelose Fellpflege, w\u00e4hrend die Gesundheit und der Glanz des Fells erhalten bleiben. <\/p>\n<h3 id=\"conception-ergonomique-pour-un-toilettage-r\u00e9ussi\">Ergonomisches Design f\u00fcr ein erfolgreiches Grooming<\/h3>\n<p>Mit seinem doppelseitigen Design ist dieser Entfilzungskamm das ideale Werkzeug, um Knoten zu entwirren und abgestorbene Haare effektiv zu entfernen. Der rutschfeste Gummigriff sorgt f\u00fcr einen bequemen und stabilen Griff, so dass das K\u00e4mmen f\u00fcr Sie und Ihr Haustier angenehm ist. <\/p>\n<h3 id=\"des-mat\u00e9riaux-de-qualit\u00e9-pour-un-usage-durable\">Hochwertige Materialien f\u00fcr eine dauerhafte Nutzung<\/h3>\n<ul>\n<li>Rostfreier <strong>Stahl f\u00fcr optimale Effizienz<\/strong>: Die rostbest\u00e4ndigen Z\u00e4hne des Kamms schneiden selbst durch die hartn\u00e4ckigsten Knoten, ohne das Fell Ihres Hundes zu besch\u00e4digen.<\/li>\n<li><strong>Doppelseitiges Design<\/strong>: Beginnen Sie mit einer Seite, um komplizierte Knoten zu entfernen und verwenden Sie die andere Seite zum Ausd\u00fcnnen und Defiltrieren.<\/li>\n<\/ul>\n<h3 id=\"multifonction-pour-un-pelage-impeccable\">Multifunktional f\u00fcr ein perfektes Fell<\/h3>\n<p>Dieses Pflegewerkzeug ist nicht nur ein Entfilzungskamm, sondern kann auch als Entfilzungsb\u00fcrste oder Unterwollharke verwendet werden. Sie brauchen nicht mehr mehrere Werkzeuge, um das Fell Ihres Hundes zu pflegen. <\/p>\n<h4 id=\"avantages-de-notre-peigne-d\u00e9m\u00e9loir\">Vorteile unseres Abbrechkamms<\/h4>\n<ul>\n<li><strong>Reduziert Knoten<\/strong>: Erleichtert das schmerzfreie Entwirren.<\/li>\n<li><strong>Entfernung toter Haare<\/strong>: Verringert den Haarwechsel und hilft, Ihr Zuhause sauber zu halten.<\/li>\n<li><strong>Verbesserte Blutzirkulation<\/strong>: Stimuliert die Haut f\u00fcr ein gesundes Fell.<\/li>\n<li>Geeignet <strong>f\u00fcr alle Felltypen<\/strong>: Geeignet f\u00fcr Hunde mit mittlerem bis langem Fell.<\/li>\n<\/ul>\n<h2 id=\"pourquoi-choisir-notre-peigne-d\u00e9m\u00e9loir-pour-chiens-\">Warum sollten Sie sich f\u00fcr unseren Hundekamm entscheiden?<\/h2>\n<p>Mit unserem Entfilzungskamm entscheiden Sie sich f\u00fcr Einfachheit, Effizienz und Wohlbefinden f\u00fcr Ihren Hund. Genie\u00dfen Sie ein gesundes und gl\u00e4nzendes Fell mit einem Werkzeug, das entwickelt wurde, um den Bed\u00fcrfnissen aller Hundebesitzer gerecht zu werden, egal ob Anf\u00e4nger oder Fortgeschrittener. Probieren Sie es noch heute aus und entdecken Sie den Unterschied!  <\/p>\n","protected":false},"excerpt":{"rendered":"<p>G\u00f6nnen Sie Ihrem Hund eine qualitativ hochwertige Pflege mit unserem unverzichtbaren Entfilzungskamm. Sein ergonomisches, doppelseitiges Design macht es einfach, Knoten zu entwirren und abgestorbene Haare zu entfernen, w\u00e4hrend die Gesundheit des Fells erhalten bleibt. Er ist aus rostfreiem Stahl gefertigt, langlebig und effizient und f\u00fcr alle Haartypen geeignet. Neben der Reduzierung des Fellwechsels und der Verbesserung der Blutzirkulation ersetzt dieses Multifunktionswerkzeug mehrere B\u00fcrsten und sorgt so f\u00fcr eine angenehme und m\u00fchelose Fellpflege. Investieren Sie in das Wohlbefinden Ihres vierbeinigen Freundes und gestalten Sie den Pflegeprozess neu!    <\/p>\n","protected":false},"featured_media":5689,"comment_status":"open","ping_status":"closed","template":"","meta":[],"product_brand":[],"product_cat":[235],"product_tag":[],"class_list":{"0":"post-9646","1":"product","2":"type-product","3":"status-publish","4":"has-post-thumbnail","6":"product_cat-kamme-und-bursten-fur-hunde","7":"sales-flash-overlay","8":"woocommerce-text-align-left","9":"woocommerce-image-align-center","10":"do-quantity-buttons","12":"first","13":"instock","14":"taxable","15":"shipping-taxable","16":"purchasable","17":"product-type-variable","18":"has-default-attributes"},"yoast_head":"<!-- This site is optimized with the Yoast SEO Premium plugin v23.4 (Yoast SEO v27.5) - https:\/\/yoast.com\/product\/yoast-seo-premium-wordpress\/ -->\n<title>Entfilzungskamm f\u00fcr Hunde: Effektives Pflegewerkzeug mit doppelseitigem Design f\u00fcr ein gesundes und gl\u00e4nzendes Fell. - SeriniDog<\/title>\n<meta name=\"robots\" content=\"index, follow, max-snippet:-1, max-image-preview:large, max-video-preview:-1\" \/>\n<link rel=\"canonical\" href=\"https:\/\/serinidog.com\/de\/p\/entfilzungskamm-fuer-hunde-effektives-pflegewerkzeug-mit-doppelseitigem-design-fuer-ein-gesundes-und-glaenzendes-fell\/\" \/>\n<meta property=\"og:locale\" content=\"de_DE\" \/>\n<meta property=\"og:type\" content=\"article\" \/>\n<meta property=\"og:title\" content=\"Entfilzungskamm f\u00fcr Hunde: Effektives Pflegewerkzeug mit doppelseitigem Design f\u00fcr ein gesundes und gl\u00e4nzendes Fell. - SeriniDog\" \/>\n<meta property=\"og:description\" content=\"G\u00f6nnen Sie Ihrem Hund eine qualitativ hochwertige Pflege mit unserem unverzichtbaren Entfilzungskamm. Sein ergonomisches, doppelseitiges Design macht es einfach, Knoten zu entwirren und abgestorbene Haare zu entfernen, w\u00e4hrend die Gesundheit des Fells erhalten bleibt. Er ist aus rostfreiem Stahl gefertigt, langlebig und effizient und f\u00fcr alle Haartypen geeignet. Neben der Reduzierung des Fellwechsels und der Verbesserung der Blutzirkulation ersetzt dieses Multifunktionswerkzeug mehrere B\u00fcrsten und sorgt so f\u00fcr eine angenehme und m\u00fchelose Fellpflege. Investieren Sie in das Wohlbefinden Ihres vierbeinigen Freundes und gestalten Sie den Pflegeprozess neu!\" \/>\n<meta property=\"og:url\" content=\"https:\/\/serinidog.com\/de\/p\/entfilzungskamm-fuer-hunde-effektives-pflegewerkzeug-mit-doppelseitigem-design-fuer-ein-gesundes-und-glaenzendes-fell\/\" \/>\n<meta property=\"og:site_name\" content=\"SeriniDog\" \/>\n<meta property=\"article:modified_time\" content=\"2024-12-28T22:06:04+00:00\" \/>\n<meta property=\"og:image\" content=\"https:\/\/serinidog.com\/wp-content\/uploads\/2024\/11\/S2d47b2cca0a24d418b2efd761c089d795.webp\" \/>\n\t<meta property=\"og:image:width\" content=\"800\" \/>\n\t<meta property=\"og:image:height\" content=\"800\" \/>\n\t<meta property=\"og:image:type\" content=\"image\/webp\" \/>\n<meta name=\"twitter:card\" content=\"summary_large_image\" \/>\n<meta name=\"twitter:label1\" content=\"Verf\u00fcgbarkeit\" \/>\n\t<meta name=\"twitter:data1\" content=\"Auf Lager\" \/>\n<script type=\"application\/ld+json\" class=\"yoast-schema-graph\">{\"@context\":\"https:\\\/\\\/schema.org\",\"@graph\":[{\"@type\":\"WebPage\",\"@id\":\"https:\\\/\\\/serinidog.com\\\/de\\\/p\\\/entfilzungskamm-fuer-hunde-effektives-pflegewerkzeug-mit-doppelseitigem-design-fuer-ein-gesundes-und-glaenzendes-fell\\\/\",\"url\":\"https:\\\/\\\/serinidog.com\\\/de\\\/p\\\/entfilzungskamm-fuer-hunde-effektives-pflegewerkzeug-mit-doppelseitigem-design-fuer-ein-gesundes-und-glaenzendes-fell\\\/\",\"name\":\"Entfilzungskamm f\u00fcr Hunde: Effektives Pflegewerkzeug mit doppelseitigem Design f\u00fcr ein gesundes und gl\u00e4nzendes Fell. - SeriniDog\",\"isPartOf\":{\"@id\":\"https:\\\/\\\/serinidog.com\\\/de\\\/#website\"},\"primaryImageOfPage\":{\"@id\":\"https:\\\/\\\/serinidog.com\\\/de\\\/p\\\/entfilzungskamm-fuer-hunde-effektives-pflegewerkzeug-mit-doppelseitigem-design-fuer-ein-gesundes-und-glaenzendes-fell\\\/#primaryimage\"},\"image\":{\"@id\":\"https:\\\/\\\/serinidog.com\\\/de\\\/p\\\/entfilzungskamm-fuer-hunde-effektives-pflegewerkzeug-mit-doppelseitigem-design-fuer-ein-gesundes-und-glaenzendes-fell\\\/#primaryimage\"},\"thumbnailUrl\":\"https:\\\/\\\/serinidog.com\\\/wp-content\\\/uploads\\\/2024\\\/11\\\/S2d47b2cca0a24d418b2efd761c089d795.webp\",\"datePublished\":\"2024-11-30T22:23:08+00:00\",\"dateModified\":\"2024-12-28T22:06:04+00:00\",\"breadcrumb\":{\"@id\":\"https:\\\/\\\/serinidog.com\\\/de\\\/p\\\/entfilzungskamm-fuer-hunde-effektives-pflegewerkzeug-mit-doppelseitigem-design-fuer-ein-gesundes-und-glaenzendes-fell\\\/#breadcrumb\"},\"inLanguage\":\"de\",\"potentialAction\":[{\"@type\":\"ReadAction\",\"target\":[\"https:\\\/\\\/serinidog.com\\\/de\\\/p\\\/entfilzungskamm-fuer-hunde-effektives-pflegewerkzeug-mit-doppelseitigem-design-fuer-ein-gesundes-und-glaenzendes-fell\\\/\"]}]},{\"@type\":\"ImageObject\",\"inLanguage\":\"de\",\"@id\":\"https:\\\/\\\/serinidog.com\\\/de\\\/p\\\/entfilzungskamm-fuer-hunde-effektives-pflegewerkzeug-mit-doppelseitigem-design-fuer-ein-gesundes-und-glaenzendes-fell\\\/#primaryimage\",\"url\":\"https:\\\/\\\/serinidog.com\\\/wp-content\\\/uploads\\\/2024\\\/11\\\/S2d47b2cca0a24d418b2efd761c089d795.webp\",\"contentUrl\":\"https:\\\/\\\/serinidog.com\\\/wp-content\\\/uploads\\\/2024\\\/11\\\/S2d47b2cca0a24d418b2efd761c089d795.webp\",\"width\":800,\"height\":800},{\"@type\":\"BreadcrumbList\",\"@id\":\"https:\\\/\\\/serinidog.com\\\/de\\\/p\\\/entfilzungskamm-fuer-hunde-effektives-pflegewerkzeug-mit-doppelseitigem-design-fuer-ein-gesundes-und-glaenzendes-fell\\\/#breadcrumb\",\"itemListElement\":[{\"@type\":\"ListItem\",\"position\":1,\"name\":\"Accueil\",\"item\":\"https:\\\/\\\/serinidog.com\\\/de\\\/\"},{\"@type\":\"ListItem\",\"position\":2,\"name\":\"Boutique\",\"item\":\"https:\\\/\\\/serinidog.com\\\/shop\\\/\"},{\"@type\":\"ListItem\",\"position\":3,\"name\":\"Pflege\",\"item\":\"https:\\\/\\\/serinidog.com\\\/de\\\/c\\\/pflege\\\/\"},{\"@type\":\"ListItem\",\"position\":4,\"name\":\"K\u00e4mme und B\u00fcrsten f\u00fcr Hunde\",\"item\":\"https:\\\/\\\/serinidog.com\\\/de\\\/c\\\/pflege\\\/kamme-und-bursten-fur-hunde\\\/\"},{\"@type\":\"ListItem\",\"position\":5,\"name\":\"Entfilzungskamm f\u00fcr Hunde: Effektives Pflegewerkzeug mit doppelseitigem Design f\u00fcr ein gesundes und gl\u00e4nzendes Fell.\"}]},{\"@type\":\"WebSite\",\"@id\":\"https:\\\/\\\/serinidog.com\\\/de\\\/#website\",\"url\":\"https:\\\/\\\/serinidog.com\\\/de\\\/\",\"name\":\"SeriniDog\",\"description\":\"Shop pour chien\",\"potentialAction\":[{\"@type\":\"SearchAction\",\"target\":{\"@type\":\"EntryPoint\",\"urlTemplate\":\"https:\\\/\\\/serinidog.com\\\/de\\\/?s={search_term_string}\"},\"query-input\":{\"@type\":\"PropertyValueSpecification\",\"valueRequired\":true,\"valueName\":\"search_term_string\"}}],\"inLanguage\":\"de\"}]}<\/script>\n<meta property=\"og:availability\" content=\"instock\" \/>\n<meta property=\"product:availability\" content=\"instock\" \/>\n<meta property=\"product:retailer_item_id\" content=\"ct5p0h8gte2g00af98e0\" \/>\n<meta property=\"product:condition\" content=\"new\" \/>\n<!-- \/ Yoast SEO Premium plugin. -->","yoast_head_json":{"title":"Entfilzungskamm f\u00fcr Hunde: Effektives Pflegewerkzeug mit doppelseitigem Design f\u00fcr ein gesundes und gl\u00e4nzendes Fell. - SeriniDog","robots":{"index":"index","follow":"follow","max-snippet":"max-snippet:-1","max-image-preview":"max-image-preview:large","max-video-preview":"max-video-preview:-1"},"canonical":"https:\/\/serinidog.com\/de\/p\/entfilzungskamm-fuer-hunde-effektives-pflegewerkzeug-mit-doppelseitigem-design-fuer-ein-gesundes-und-glaenzendes-fell\/","og_locale":"de_DE","og_type":"article","og_title":"Entfilzungskamm f\u00fcr Hunde: Effektives Pflegewerkzeug mit doppelseitigem Design f\u00fcr ein gesundes und gl\u00e4nzendes Fell. - SeriniDog","og_description":"G\u00f6nnen Sie Ihrem Hund eine qualitativ hochwertige Pflege mit unserem unverzichtbaren Entfilzungskamm. Sein ergonomisches, doppelseitiges Design macht es einfach, Knoten zu entwirren und abgestorbene Haare zu entfernen, w\u00e4hrend die Gesundheit des Fells erhalten bleibt. Er ist aus rostfreiem Stahl gefertigt, langlebig und effizient und f\u00fcr alle Haartypen geeignet. Neben der Reduzierung des Fellwechsels und der Verbesserung der Blutzirkulation ersetzt dieses Multifunktionswerkzeug mehrere B\u00fcrsten und sorgt so f\u00fcr eine angenehme und m\u00fchelose Fellpflege. Investieren Sie in das Wohlbefinden Ihres vierbeinigen Freundes und gestalten Sie den Pflegeprozess neu!","og_url":"https:\/\/serinidog.com\/de\/p\/entfilzungskamm-fuer-hunde-effektives-pflegewerkzeug-mit-doppelseitigem-design-fuer-ein-gesundes-und-glaenzendes-fell\/","og_site_name":"SeriniDog","article_modified_time":"2024-12-28T22:06:04+00:00","og_image":[{"width":800,"height":800,"url":"https:\/\/serinidog.com\/wp-content\/uploads\/2024\/11\/S2d47b2cca0a24d418b2efd761c089d795.webp","type":"image\/webp"}],"twitter_card":"summary_large_image","twitter_misc":{"Verf\u00fcgbarkeit":"Auf Lager"},"schema":{"@context":"https:\/\/schema.org","@graph":[{"@type":"WebPage","@id":"https:\/\/serinidog.com\/de\/p\/entfilzungskamm-fuer-hunde-effektives-pflegewerkzeug-mit-doppelseitigem-design-fuer-ein-gesundes-und-glaenzendes-fell\/","url":"https:\/\/serinidog.com\/de\/p\/entfilzungskamm-fuer-hunde-effektives-pflegewerkzeug-mit-doppelseitigem-design-fuer-ein-gesundes-und-glaenzendes-fell\/","name":"Entfilzungskamm f\u00fcr Hunde: Effektives Pflegewerkzeug mit doppelseitigem Design f\u00fcr ein gesundes und gl\u00e4nzendes Fell. - SeriniDog","isPartOf":{"@id":"https:\/\/serinidog.com\/de\/#website"},"primaryImageOfPage":{"@id":"https:\/\/serinidog.com\/de\/p\/entfilzungskamm-fuer-hunde-effektives-pflegewerkzeug-mit-doppelseitigem-design-fuer-ein-gesundes-und-glaenzendes-fell\/#primaryimage"},"image":{"@id":"https:\/\/serinidog.com\/de\/p\/entfilzungskamm-fuer-hunde-effektives-pflegewerkzeug-mit-doppelseitigem-design-fuer-ein-gesundes-und-glaenzendes-fell\/#primaryimage"},"thumbnailUrl":"https:\/\/serinidog.com\/wp-content\/uploads\/2024\/11\/S2d47b2cca0a24d418b2efd761c089d795.webp","datePublished":"2024-11-30T22:23:08+00:00","dateModified":"2024-12-28T22:06:04+00:00","breadcrumb":{"@id":"https:\/\/serinidog.com\/de\/p\/entfilzungskamm-fuer-hunde-effektives-pflegewerkzeug-mit-doppelseitigem-design-fuer-ein-gesundes-und-glaenzendes-fell\/#breadcrumb"},"inLanguage":"de","potentialAction":[{"@type":"ReadAction","target":["https:\/\/serinidog.com\/de\/p\/entfilzungskamm-fuer-hunde-effektives-pflegewerkzeug-mit-doppelseitigem-design-fuer-ein-gesundes-und-glaenzendes-fell\/"]}]},{"@type":"ImageObject","inLanguage":"de","@id":"https:\/\/serinidog.com\/de\/p\/entfilzungskamm-fuer-hunde-effektives-pflegewerkzeug-mit-doppelseitigem-design-fuer-ein-gesundes-und-glaenzendes-fell\/#primaryimage","url":"https:\/\/serinidog.com\/wp-content\/uploads\/2024\/11\/S2d47b2cca0a24d418b2efd761c089d795.webp","contentUrl":"https:\/\/serinidog.com\/wp-content\/uploads\/2024\/11\/S2d47b2cca0a24d418b2efd761c089d795.webp","width":800,"height":800},{"@type":"BreadcrumbList","@id":"https:\/\/serinidog.com\/de\/p\/entfilzungskamm-fuer-hunde-effektives-pflegewerkzeug-mit-doppelseitigem-design-fuer-ein-gesundes-und-glaenzendes-fell\/#breadcrumb","itemListElement":[{"@type":"ListItem","position":1,"name":"Accueil","item":"https:\/\/serinidog.com\/de\/"},{"@type":"ListItem","position":2,"name":"Boutique","item":"https:\/\/serinidog.com\/shop\/"},{"@type":"ListItem","position":3,"name":"Pflege","item":"https:\/\/serinidog.com\/de\/c\/pflege\/"},{"@type":"ListItem","position":4,"name":"K\u00e4mme und B\u00fcrsten f\u00fcr Hunde","item":"https:\/\/serinidog.com\/de\/c\/pflege\/kamme-und-bursten-fur-hunde\/"},{"@type":"ListItem","position":5,"name":"Entfilzungskamm f\u00fcr Hunde: Effektives Pflegewerkzeug mit doppelseitigem Design f\u00fcr ein gesundes und gl\u00e4nzendes Fell."}]},{"@type":"WebSite","@id":"https:\/\/serinidog.com\/de\/#website","url":"https:\/\/serinidog.com\/de\/","name":"SeriniDog","description":"Shop pour chien","potentialAction":[{"@type":"SearchAction","target":{"@type":"EntryPoint","urlTemplate":"https:\/\/serinidog.com\/de\/?s={search_term_string}"},"query-input":{"@type":"PropertyValueSpecification","valueRequired":true,"valueName":"search_term_string"}}],"inLanguage":"de"}]},"og_availability":"instock","product_availability":"instock","product_retailer_item_id":"ct5p0h8gte2g00af98e0","product_condition":"new"},"_links":{"self":[{"href":"https:\/\/serinidog.com\/de\/wp-json\/wp\/v2\/product\/9646","targetHints":{"allow":["GET"]}}],"collection":[{"href":"https:\/\/serinidog.com\/de\/wp-json\/wp\/v2\/product"}],"about":[{"href":"https:\/\/serinidog.com\/de\/wp-json\/wp\/v2\/types\/product"}],"replies":[{"embeddable":true,"href":"https:\/\/serinidog.com\/de\/wp-json\/wp\/v2\/comments?post=9646"}],"wp:featuredmedia":[{"embeddable":true,"href":"https:\/\/serinidog.com\/de\/wp-json\/wp\/v2\/media\/5689"}],"wp:attachment":[{"href":"https:\/\/serinidog.com\/de\/wp-json\/wp\/v2\/media?parent=9646"}],"wp:term":[{"taxonomy":"product_brand","embeddable":true,"href":"https:\/\/serinidog.com\/de\/wp-json\/wp\/v2\/product_brand?post=9646"},{"taxonomy":"product_cat","embeddable":true,"href":"https:\/\/serinidog.com\/de\/wp-json\/wp\/v2\/product_cat?post=9646"},{"taxonomy":"product_tag","embeddable":true,"href":"https:\/\/serinidog.com\/de\/wp-json\/wp\/v2\/product_tag?post=9646"}],"curies":[{"name":"wp","href":"https:\/\/api.w.org\/{rel}","templated":true}]}}