{"id":9686,"date":"2024-12-01T20:34:47","date_gmt":"2024-12-01T20:34:47","guid":{"rendered":"https:\/\/serinidog.com\/p\/hochwertiger-soft-frisbee-aus-gummi-fuer-hunde-das-perfekte-interaktive-spielzeug-fuer-ihren-vierbeiner\/"},"modified":"2024-12-28T22:05:09","modified_gmt":"2024-12-28T22:05:09","slug":"hochwertiger-soft-frisbee-aus-gummi-fuer-hunde-das-perfekte-interaktive-spielzeug-fuer-ihren-vierbeiner","status":"publish","type":"product","link":"https:\/\/serinidog.com\/de\/p\/hochwertiger-soft-frisbee-aus-gummi-fuer-hunde-das-perfekte-interaktive-spielzeug-fuer-ihren-vierbeiner\/","title":{"rendered":"Hochwertiger Soft-Frisbee aus Gummi f\u00fcr Hunde: das perfekte interaktive Spielzeug f\u00fcr Ihren Vierbeiner."},"content":{"rendered":"<h2 id=\"d\u00e9couvrez-le-frisbee-souple-en-caoutchouc-pour-chien\">Entdecken Sie das weiche Gummi-Frisbee f\u00fcr Hunde<\/h2>\n<p>Geben Sie Ihrem treuen Begleiter ein Spielzeug, das Spa\u00df und Sicherheit kombiniert, mit unserer weichen Frisbee aus hochwertigem Gummi. Sie ist ideal, um die Bindung zu Ihrem Hund zu st\u00e4rken und gleichzeitig sein Wohlbefinden zu gew\u00e4hrleisten. <\/p>\n<h3 id=\"un-jouet-con\u00e7u-pour-la-s\u00e9curit\u00e9-et-le-plaisir\">Ein Spielzeug, das auf Sicherheit und Spa\u00df ausgelegt ist<\/h3>\n<p>Die weiche Frisbee ist aus ungiftigem Gummi hergestellt und garantiert ein sicheres Spielzeug f\u00fcr Ihren Hund. Die weiche Textur wurde speziell entwickelt, um f\u00fcr die Z\u00e4hne und das Zahnfleisch angenehm zu sein, wodurch das Risiko von Verletzungen, die durch steifere Spielzeuge verursacht werden k\u00f6nnen, verringert wird. <\/p>\n<h3 id=\"couleurs-et-design-s\u00e9duisants\">Attraktive Farben und Design<\/h3>\n<p>Diese Frisbee ist in einer Reihe von kr\u00e4ftigen Farben erh\u00e4ltlich und wurde so entworfen, dass sie auch bei Spielen im Freien leicht zu erkennen ist. Seine ergonomische Form liegt gut in der Hand und erm\u00f6glicht pr\u00e4zise und einfache W\u00fcrfe. <\/p>\n<ul>\n<li>Mehr Sicherheit durch weichen Gummi<\/li>\n<li>Verschiedene helle Farben, um die Aufmerksamkeit auf sich zu ziehen<\/li>\n<li>Ergonomisches Design f\u00fcr perfekte W\u00fcrfe<\/li>\n<\/ul>\n<h2 id=\"les-avantages-dun-frisbee-interactif\">Die Vorteile eines interaktiven Frisbees<\/h2>\n<p>Diese Frisbee ist nicht nur ein Spielzeug, sondern ein wertvolles Werkzeug f\u00fcr die Interaktion zwischen Ihnen und Ihrem Hund. Es stimuliert Ihren Hund durch das Spiel, f\u00f6rdert die k\u00f6rperliche Bewegung und hilft, Stress abzubauen und seine nat\u00fcrliche Energie freizusetzen. <\/p>\n<h3 id=\"facilit\u00e9-de-nettoyage-et-r\u00e9silience\">Leichte Reinigung und Elastizit\u00e4t<\/h3>\n<p>Die Frisbee wurde f\u00fcr eine lange Lebensdauer entwickelt und ist waschbar, so dass sie nach jedem Gebrauch hygienisch einwandfrei ist. Das bissfeste Design sorgt f\u00fcr eine lange Lebensdauer, selbst bei den eifrigsten Kiefern. <\/p>\n<h3 id=\"offrez-\u00e0-votre-chien-le-meilleur\">Geben Sie Ihrem Hund das Beste<\/h3>\n<p>Mit der Wahl dieser weichen Frisbee entscheiden Sie sich f\u00fcr Qualit\u00e4t und Sicherheit, um Ihren Hund beim Spielen zu begleiten und Ihre Komplizenschaft zu st\u00e4rken.  <\/p>\n<p>Bestellen Sie jetzt und genie\u00dfen Sie ein einnehmendes und sicheres Spiel f\u00fcr Ihren vierbeinigen Freund. Nutzen Sie unser R\u00fcckgaberecht innerhalb von 14 Tagen nach Erhalt der Ware, damit Sie sich beim Kauf keine Sorgen machen m\u00fcssen. <\/p>\n","protected":false},"excerpt":{"rendered":"<p>G\u00f6nnen Sie Ihrem Hund ein sicheres und interaktives Spielvergn\u00fcgen mit unserer weichen Frisbee aus hochwertigem Gummi! Dieses ungiftige Spielzeug wurde entwickelt, um die Z\u00e4hne und das Zahnfleisch zu sch\u00fctzen und gleichzeitig einen pr\u00e4zisen Wurf zu gew\u00e4hrleisten. Es ist in leuchtenden Farben erh\u00e4ltlich, so dass es beim Spielen im Freien leicht zu erkennen ist. Es ist langlebig und abwaschbar und h\u00e4lt auch den st\u00e4rksten Kiefern stand, so dass Sie viele lustige Momente erleben werden. W\u00e4hlen Sie Qualit\u00e4t f\u00fcr stundenlangen Spa\u00df und Wohlbefinden und profitieren Sie von unserem 14-t\u00e4gigen R\u00fcckgaberecht!    <\/p>\n","protected":false},"featured_media":6265,"comment_status":"open","ping_status":"closed","template":"","meta":[],"product_brand":[],"product_cat":[240],"product_tag":[],"class_list":{"0":"post-9686","1":"product","2":"type-product","3":"status-publish","4":"has-post-thumbnail","6":"product_cat-frisbee-fur-hunde","7":"sales-flash-overlay","8":"woocommerce-text-align-left","9":"woocommerce-image-align-center","10":"do-quantity-buttons","12":"first","13":"instock","14":"taxable","15":"shipping-taxable","16":"purchasable","17":"product-type-variable","18":"has-default-attributes"},"yoast_head":"<!-- This site is optimized with the Yoast SEO Premium plugin v23.4 (Yoast SEO v27.4) - https:\/\/yoast.com\/product\/yoast-seo-premium-wordpress\/ -->\n<title>Hochwertiger Soft-Frisbee aus Gummi f\u00fcr Hunde: das perfekte interaktive Spielzeug f\u00fcr Ihren Vierbeiner. - SeriniDog<\/title>\n<meta name=\"robots\" content=\"index, follow, max-snippet:-1, max-image-preview:large, max-video-preview:-1\" \/>\n<link rel=\"canonical\" href=\"https:\/\/serinidog.com\/de\/p\/hochwertiger-soft-frisbee-aus-gummi-fuer-hunde-das-perfekte-interaktive-spielzeug-fuer-ihren-vierbeiner\/\" \/>\n<meta property=\"og:locale\" content=\"de_DE\" \/>\n<meta property=\"og:type\" content=\"article\" \/>\n<meta property=\"og:title\" content=\"Hochwertiger Soft-Frisbee aus Gummi f\u00fcr Hunde: das perfekte interaktive Spielzeug f\u00fcr Ihren Vierbeiner. - SeriniDog\" \/>\n<meta property=\"og:description\" content=\"G\u00f6nnen Sie Ihrem Hund ein sicheres und interaktives Spielvergn\u00fcgen mit unserer weichen Frisbee aus hochwertigem Gummi! Dieses ungiftige Spielzeug wurde entwickelt, um die Z\u00e4hne und das Zahnfleisch zu sch\u00fctzen und gleichzeitig einen pr\u00e4zisen Wurf zu gew\u00e4hrleisten. Es ist in leuchtenden Farben erh\u00e4ltlich, so dass es beim Spielen im Freien leicht zu erkennen ist. Es ist langlebig und abwaschbar und h\u00e4lt auch den st\u00e4rksten Kiefern stand, so dass Sie viele lustige Momente erleben werden. W\u00e4hlen Sie Qualit\u00e4t f\u00fcr stundenlangen Spa\u00df und Wohlbefinden und profitieren Sie von unserem 14-t\u00e4gigen R\u00fcckgaberecht!\" \/>\n<meta property=\"og:url\" content=\"https:\/\/serinidog.com\/de\/p\/hochwertiger-soft-frisbee-aus-gummi-fuer-hunde-das-perfekte-interaktive-spielzeug-fuer-ihren-vierbeiner\/\" \/>\n<meta property=\"og:site_name\" content=\"SeriniDog\" \/>\n<meta property=\"article:modified_time\" content=\"2024-12-28T22:05:09+00:00\" \/>\n<meta property=\"og:image\" content=\"https:\/\/serinidog.com\/wp-content\/uploads\/2024\/12\/S5288470ccf0a486bad27d78ab5c50b7dG-1.webp\" \/>\n\t<meta property=\"og:image:width\" content=\"1000\" \/>\n\t<meta property=\"og:image:height\" content=\"1000\" \/>\n\t<meta property=\"og:image:type\" content=\"image\/webp\" \/>\n<meta name=\"twitter:card\" content=\"summary_large_image\" \/>\n<meta name=\"twitter:label1\" content=\"Verf\u00fcgbarkeit\" \/>\n\t<meta name=\"twitter:data1\" content=\"Auf Lager\" \/>\n<script type=\"application\/ld+json\" class=\"yoast-schema-graph\">{\"@context\":\"https:\\\/\\\/schema.org\",\"@graph\":[{\"@type\":\"WebPage\",\"@id\":\"https:\\\/\\\/serinidog.com\\\/de\\\/p\\\/hochwertiger-soft-frisbee-aus-gummi-fuer-hunde-das-perfekte-interaktive-spielzeug-fuer-ihren-vierbeiner\\\/\",\"url\":\"https:\\\/\\\/serinidog.com\\\/de\\\/p\\\/hochwertiger-soft-frisbee-aus-gummi-fuer-hunde-das-perfekte-interaktive-spielzeug-fuer-ihren-vierbeiner\\\/\",\"name\":\"Hochwertiger Soft-Frisbee aus Gummi f\u00fcr Hunde: das perfekte interaktive Spielzeug f\u00fcr Ihren Vierbeiner. - SeriniDog\",\"isPartOf\":{\"@id\":\"https:\\\/\\\/serinidog.com\\\/de\\\/#website\"},\"primaryImageOfPage\":{\"@id\":\"https:\\\/\\\/serinidog.com\\\/de\\\/p\\\/hochwertiger-soft-frisbee-aus-gummi-fuer-hunde-das-perfekte-interaktive-spielzeug-fuer-ihren-vierbeiner\\\/#primaryimage\"},\"image\":{\"@id\":\"https:\\\/\\\/serinidog.com\\\/de\\\/p\\\/hochwertiger-soft-frisbee-aus-gummi-fuer-hunde-das-perfekte-interaktive-spielzeug-fuer-ihren-vierbeiner\\\/#primaryimage\"},\"thumbnailUrl\":\"https:\\\/\\\/serinidog.com\\\/wp-content\\\/uploads\\\/2024\\\/12\\\/S5288470ccf0a486bad27d78ab5c50b7dG-1.webp\",\"datePublished\":\"2024-12-01T20:34:47+00:00\",\"dateModified\":\"2024-12-28T22:05:09+00:00\",\"breadcrumb\":{\"@id\":\"https:\\\/\\\/serinidog.com\\\/de\\\/p\\\/hochwertiger-soft-frisbee-aus-gummi-fuer-hunde-das-perfekte-interaktive-spielzeug-fuer-ihren-vierbeiner\\\/#breadcrumb\"},\"inLanguage\":\"de\",\"potentialAction\":[{\"@type\":\"ReadAction\",\"target\":[\"https:\\\/\\\/serinidog.com\\\/de\\\/p\\\/hochwertiger-soft-frisbee-aus-gummi-fuer-hunde-das-perfekte-interaktive-spielzeug-fuer-ihren-vierbeiner\\\/\"]}]},{\"@type\":\"ImageObject\",\"inLanguage\":\"de\",\"@id\":\"https:\\\/\\\/serinidog.com\\\/de\\\/p\\\/hochwertiger-soft-frisbee-aus-gummi-fuer-hunde-das-perfekte-interaktive-spielzeug-fuer-ihren-vierbeiner\\\/#primaryimage\",\"url\":\"https:\\\/\\\/serinidog.com\\\/wp-content\\\/uploads\\\/2024\\\/12\\\/S5288470ccf0a486bad27d78ab5c50b7dG-1.webp\",\"contentUrl\":\"https:\\\/\\\/serinidog.com\\\/wp-content\\\/uploads\\\/2024\\\/12\\\/S5288470ccf0a486bad27d78ab5c50b7dG-1.webp\",\"width\":1000,\"height\":1000},{\"@type\":\"BreadcrumbList\",\"@id\":\"https:\\\/\\\/serinidog.com\\\/de\\\/p\\\/hochwertiger-soft-frisbee-aus-gummi-fuer-hunde-das-perfekte-interaktive-spielzeug-fuer-ihren-vierbeiner\\\/#breadcrumb\",\"itemListElement\":[{\"@type\":\"ListItem\",\"position\":1,\"name\":\"Accueil\",\"item\":\"https:\\\/\\\/serinidog.com\\\/de\\\/\"},{\"@type\":\"ListItem\",\"position\":2,\"name\":\"Boutique\",\"item\":\"https:\\\/\\\/serinidog.com\\\/shop\\\/\"},{\"@type\":\"ListItem\",\"position\":3,\"name\":\"Frisbee f\u00fcr Hunde\",\"item\":\"https:\\\/\\\/serinidog.com\\\/de\\\/c\\\/frisbee-fur-hunde\\\/\"},{\"@type\":\"ListItem\",\"position\":4,\"name\":\"Hochwertiger Soft-Frisbee aus Gummi f\u00fcr Hunde: das perfekte interaktive Spielzeug f\u00fcr Ihren Vierbeiner.\"}]},{\"@type\":\"WebSite\",\"@id\":\"https:\\\/\\\/serinidog.com\\\/de\\\/#website\",\"url\":\"https:\\\/\\\/serinidog.com\\\/de\\\/\",\"name\":\"SeriniDog\",\"description\":\"Shop pour chien\",\"potentialAction\":[{\"@type\":\"SearchAction\",\"target\":{\"@type\":\"EntryPoint\",\"urlTemplate\":\"https:\\\/\\\/serinidog.com\\\/de\\\/?s={search_term_string}\"},\"query-input\":{\"@type\":\"PropertyValueSpecification\",\"valueRequired\":true,\"valueName\":\"search_term_string\"}}],\"inLanguage\":\"de\"}]}<\/script>\n<meta property=\"og:availability\" content=\"instock\" \/>\n<meta property=\"product:availability\" content=\"instock\" \/>\n<meta property=\"product:retailer_item_id\" content=\"ct6cgo8gte2g00af9ml0\" \/>\n<meta property=\"product:condition\" content=\"new\" \/>\n<!-- \/ Yoast SEO Premium plugin. -->","yoast_head_json":{"title":"Hochwertiger Soft-Frisbee aus Gummi f\u00fcr Hunde: das perfekte interaktive Spielzeug f\u00fcr Ihren Vierbeiner. - SeriniDog","robots":{"index":"index","follow":"follow","max-snippet":"max-snippet:-1","max-image-preview":"max-image-preview:large","max-video-preview":"max-video-preview:-1"},"canonical":"https:\/\/serinidog.com\/de\/p\/hochwertiger-soft-frisbee-aus-gummi-fuer-hunde-das-perfekte-interaktive-spielzeug-fuer-ihren-vierbeiner\/","og_locale":"de_DE","og_type":"article","og_title":"Hochwertiger Soft-Frisbee aus Gummi f\u00fcr Hunde: das perfekte interaktive Spielzeug f\u00fcr Ihren Vierbeiner. - SeriniDog","og_description":"G\u00f6nnen Sie Ihrem Hund ein sicheres und interaktives Spielvergn\u00fcgen mit unserer weichen Frisbee aus hochwertigem Gummi! Dieses ungiftige Spielzeug wurde entwickelt, um die Z\u00e4hne und das Zahnfleisch zu sch\u00fctzen und gleichzeitig einen pr\u00e4zisen Wurf zu gew\u00e4hrleisten. Es ist in leuchtenden Farben erh\u00e4ltlich, so dass es beim Spielen im Freien leicht zu erkennen ist. Es ist langlebig und abwaschbar und h\u00e4lt auch den st\u00e4rksten Kiefern stand, so dass Sie viele lustige Momente erleben werden. W\u00e4hlen Sie Qualit\u00e4t f\u00fcr stundenlangen Spa\u00df und Wohlbefinden und profitieren Sie von unserem 14-t\u00e4gigen R\u00fcckgaberecht!","og_url":"https:\/\/serinidog.com\/de\/p\/hochwertiger-soft-frisbee-aus-gummi-fuer-hunde-das-perfekte-interaktive-spielzeug-fuer-ihren-vierbeiner\/","og_site_name":"SeriniDog","article_modified_time":"2024-12-28T22:05:09+00:00","og_image":[{"width":1000,"height":1000,"url":"https:\/\/serinidog.com\/wp-content\/uploads\/2024\/12\/S5288470ccf0a486bad27d78ab5c50b7dG-1.webp","type":"image\/webp"}],"twitter_card":"summary_large_image","twitter_misc":{"Verf\u00fcgbarkeit":"Auf Lager"},"schema":{"@context":"https:\/\/schema.org","@graph":[{"@type":"WebPage","@id":"https:\/\/serinidog.com\/de\/p\/hochwertiger-soft-frisbee-aus-gummi-fuer-hunde-das-perfekte-interaktive-spielzeug-fuer-ihren-vierbeiner\/","url":"https:\/\/serinidog.com\/de\/p\/hochwertiger-soft-frisbee-aus-gummi-fuer-hunde-das-perfekte-interaktive-spielzeug-fuer-ihren-vierbeiner\/","name":"Hochwertiger Soft-Frisbee aus Gummi f\u00fcr Hunde: das perfekte interaktive Spielzeug f\u00fcr Ihren Vierbeiner. - SeriniDog","isPartOf":{"@id":"https:\/\/serinidog.com\/de\/#website"},"primaryImageOfPage":{"@id":"https:\/\/serinidog.com\/de\/p\/hochwertiger-soft-frisbee-aus-gummi-fuer-hunde-das-perfekte-interaktive-spielzeug-fuer-ihren-vierbeiner\/#primaryimage"},"image":{"@id":"https:\/\/serinidog.com\/de\/p\/hochwertiger-soft-frisbee-aus-gummi-fuer-hunde-das-perfekte-interaktive-spielzeug-fuer-ihren-vierbeiner\/#primaryimage"},"thumbnailUrl":"https:\/\/serinidog.com\/wp-content\/uploads\/2024\/12\/S5288470ccf0a486bad27d78ab5c50b7dG-1.webp","datePublished":"2024-12-01T20:34:47+00:00","dateModified":"2024-12-28T22:05:09+00:00","breadcrumb":{"@id":"https:\/\/serinidog.com\/de\/p\/hochwertiger-soft-frisbee-aus-gummi-fuer-hunde-das-perfekte-interaktive-spielzeug-fuer-ihren-vierbeiner\/#breadcrumb"},"inLanguage":"de","potentialAction":[{"@type":"ReadAction","target":["https:\/\/serinidog.com\/de\/p\/hochwertiger-soft-frisbee-aus-gummi-fuer-hunde-das-perfekte-interaktive-spielzeug-fuer-ihren-vierbeiner\/"]}]},{"@type":"ImageObject","inLanguage":"de","@id":"https:\/\/serinidog.com\/de\/p\/hochwertiger-soft-frisbee-aus-gummi-fuer-hunde-das-perfekte-interaktive-spielzeug-fuer-ihren-vierbeiner\/#primaryimage","url":"https:\/\/serinidog.com\/wp-content\/uploads\/2024\/12\/S5288470ccf0a486bad27d78ab5c50b7dG-1.webp","contentUrl":"https:\/\/serinidog.com\/wp-content\/uploads\/2024\/12\/S5288470ccf0a486bad27d78ab5c50b7dG-1.webp","width":1000,"height":1000},{"@type":"BreadcrumbList","@id":"https:\/\/serinidog.com\/de\/p\/hochwertiger-soft-frisbee-aus-gummi-fuer-hunde-das-perfekte-interaktive-spielzeug-fuer-ihren-vierbeiner\/#breadcrumb","itemListElement":[{"@type":"ListItem","position":1,"name":"Accueil","item":"https:\/\/serinidog.com\/de\/"},{"@type":"ListItem","position":2,"name":"Boutique","item":"https:\/\/serinidog.com\/shop\/"},{"@type":"ListItem","position":3,"name":"Frisbee f\u00fcr Hunde","item":"https:\/\/serinidog.com\/de\/c\/frisbee-fur-hunde\/"},{"@type":"ListItem","position":4,"name":"Hochwertiger Soft-Frisbee aus Gummi f\u00fcr Hunde: das perfekte interaktive Spielzeug f\u00fcr Ihren Vierbeiner."}]},{"@type":"WebSite","@id":"https:\/\/serinidog.com\/de\/#website","url":"https:\/\/serinidog.com\/de\/","name":"SeriniDog","description":"Shop pour chien","potentialAction":[{"@type":"SearchAction","target":{"@type":"EntryPoint","urlTemplate":"https:\/\/serinidog.com\/de\/?s={search_term_string}"},"query-input":{"@type":"PropertyValueSpecification","valueRequired":true,"valueName":"search_term_string"}}],"inLanguage":"de"}]},"og_availability":"instock","product_availability":"instock","product_retailer_item_id":"ct6cgo8gte2g00af9ml0","product_condition":"new"},"_links":{"self":[{"href":"https:\/\/serinidog.com\/de\/wp-json\/wp\/v2\/product\/9686","targetHints":{"allow":["GET"]}}],"collection":[{"href":"https:\/\/serinidog.com\/de\/wp-json\/wp\/v2\/product"}],"about":[{"href":"https:\/\/serinidog.com\/de\/wp-json\/wp\/v2\/types\/product"}],"replies":[{"embeddable":true,"href":"https:\/\/serinidog.com\/de\/wp-json\/wp\/v2\/comments?post=9686"}],"wp:featuredmedia":[{"embeddable":true,"href":"https:\/\/serinidog.com\/de\/wp-json\/wp\/v2\/media\/6265"}],"wp:attachment":[{"href":"https:\/\/serinidog.com\/de\/wp-json\/wp\/v2\/media?parent=9686"}],"wp:term":[{"taxonomy":"product_brand","embeddable":true,"href":"https:\/\/serinidog.com\/de\/wp-json\/wp\/v2\/product_brand?post=9686"},{"taxonomy":"product_cat","embeddable":true,"href":"https:\/\/serinidog.com\/de\/wp-json\/wp\/v2\/product_cat?post=9686"},{"taxonomy":"product_tag","embeddable":true,"href":"https:\/\/serinidog.com\/de\/wp-json\/wp\/v2\/product_tag?post=9686"}],"curies":[{"name":"wp","href":"https:\/\/api.w.org\/{rel}","templated":true}]}}