{"id":9807,"date":"2024-11-29T12:40:53","date_gmt":"2024-11-29T12:40:53","guid":{"rendered":"https:\/\/serinidog.com\/p\/spritzwassergeschuetzter-1-liter-wassernapf-fuer-hunde-und-katzen-praktische-und-aesthetische-loesung-fuer-tiere\/"},"modified":"2024-12-28T23:46:08","modified_gmt":"2024-12-28T23:46:08","slug":"spritzwassergeschuetzter-1-liter-wassernapf-fuer-hunde-und-katzen-praktische-und-aesthetische-loesung-fuer-tiere","status":"publish","type":"product","link":"https:\/\/serinidog.com\/de\/p\/spritzwassergeschuetzter-1-liter-wassernapf-fuer-hunde-und-katzen-praktische-und-aesthetische-loesung-fuer-tiere\/","title":{"rendered":"Spritzwassergesch\u00fctzter 1-Liter-Wassernapf f\u00fcr Hunde und Katzen: praktische und \u00e4sthetische L\u00f6sung f\u00fcr Tiere"},"content":{"rendered":"<h2 id=\"gamelle-deau-anti-\u00e9claboussure--solution-pratique-et-esth\u00e9tique-pour-animaux\">Spritzwassergesch\u00fctzter Wassernapf: eine praktische und \u00e4sthetische L\u00f6sung f\u00fcr Tiere<\/h2>\n<p>G\u00f6nnen Sie Ihrem Haustier den Komfort einer optimalen Fl\u00fcssigkeitszufuhr ohne unordentliche Spritzer mit dem spritzwassergesch\u00fctzten 1-Liter-Wassernapf. Diese Innovation ist f\u00fcr Hunde und Katzen geeignet und vereint Zweckm\u00e4\u00dfigkeit mit Stil. <\/p>\n<h3 id=\"avantages-dune-conception-intelligente\">Vorteile eines intelligenten Designs<\/h3>\n<p>Keine Pf\u00fctzen mehr um den Napf herum und keine Spritzer mehr! Dieser Futternapf wurde mit seinem cleveren, spritzwassergesch\u00fctzten Design entworfen, um das \u00dcberlaufen zu minimieren.   <\/p>\n<h3 id=\"mat\u00e9riaux-durables-et-design-ergonomique\">Nachhaltige Materialien und ergonomisches Design<\/h3>\n<p>Dieser aus hochwertigem BPA-freiem Kunststoff hergestellte Napf ist robust und widerstandsf\u00e4hig, selbst gegen neugierige Pfotenhiebe. Das ergonomische Design erleichtert Ihren vierbeinigen Freunden den Zugang zum Wasser und ist f\u00fcr den Besitzer leicht zu reinigen. <\/p>\n<ul>\n<li><strong>Sicheres und haltbares Material<\/strong>: BPA-frei, robust und ungiftig.<\/li>\n<li><strong>Erh\u00f6hte Stabilit\u00e4t<\/strong>: Rutschfeste Basis, um ein versehentliches Umkippen zu verhindern.<\/li>\n<li><strong>Sauberes Wasser den ganzen Tag<\/strong>: Interner Schwimmer, um das Herabfallen von Tr\u00fcmmern zu verhindern.<\/li>\n<\/ul>\n<h3 id=\"profitez-dune-propret\u00e9-am\u00e9lior\u00e9e-et-dun-confort-animal-accru\">Profitieren Sie von verbesserter Sauberkeit und erh\u00f6htem Tierkomfort<\/h3>\n<p>Dieser Napf tr\u00e4gt dazu bei, Ihren Lebensraum sauber zu halten, indem er Spritzer und Unordnung rund um den Fressplatz Ihres Haustiers reduziert. Au\u00dferdem sorgt das Design daf\u00fcr, dass die Ohren und der Bart Ihres Haustieres immer trocken bleiben, was den Komfort beim Trinken erh\u00f6ht. <\/p>\n<h3 id=\"donnez-une-touche-moderne-\u00e0-votre-int\u00e9rieur\">Geben Sie Ihrer Einrichtung einen modernen Touch<\/h3>\n<p>Neben seiner Funktionalit\u00e4t passt der spritzwassergesch\u00fctzte Wassernapf dank seines modernen und eleganten Aussehens zu jedem Einrichtungsstil. Ob im Wohnzimmer oder in der K\u00fcche, der Wassernapf findet immer seinen Platz. <\/p>\n<p>Investieren Sie in einen Wassernapf, der nicht nur das Leben Ihres Haustieres erleichtert, sondern auch Ihren Alltag verbessert, indem er Ihnen den \u00fcblichen \u00c4rger mit den F\u00fctterungen Ihrer Haustiere abnimmt. Dieser spritzwassergesch\u00fctzte 1-Liter-Wassernapf ist die ideale Wahl, um Ihr Haustier sauber und effizient mit Fl\u00fcssigkeit zu versorgen. <\/p>\n","protected":false},"excerpt":{"rendered":"<p>G\u00f6nnen Sie Ihrem Haustier nur das Beste mit dem spritzwassergesch\u00fctzten 1-Liter-Wassernapf. Er wurde entwickelt, um Spritzer und Pf\u00fctzen rund um den Fressplatz zu verhindern und sorgt f\u00fcr eine saubere und angenehme Umgebung. Sie besteht aus haltbarem, BPA-freiem Kunststoff und verf\u00fcgt \u00fcber eine rutschfeste Unterseite, die sie robust und sicher macht. Das ergonomische Design erm\u00f6glicht Ihren Haustieren einen leichten Zugang zum Wasser, w\u00e4hrend die Ohren trocken bleiben. Verleihen Sie Ihrem Zuhause einen modernen Touch und erleichtern Sie gleichzeitig den Alltag. Investieren Sie in diesen praktischen und sch\u00f6nen Napf, damit Ihr Haustier gl\u00fccklich ist!     <\/p>\n","protected":false},"featured_media":4633,"comment_status":"open","ping_status":"closed","template":"","meta":[],"product_brand":[],"product_cat":[246],"product_tag":[],"class_list":{"0":"post-9807","1":"product","2":"type-product","3":"status-publish","4":"has-post-thumbnail","6":"product_cat-spritzwassergeschutzter-wassernapf","7":"sales-flash-overlay","8":"woocommerce-text-align-left","9":"woocommerce-image-align-center","10":"do-quantity-buttons","11":"wc-has-gallery","13":"first","14":"instock","15":"taxable","16":"shipping-taxable","17":"purchasable","18":"product-type-simple"},"yoast_head":"<!-- This site is optimized with the Yoast SEO Premium plugin v23.4 (Yoast SEO v27.4) - https:\/\/yoast.com\/product\/yoast-seo-premium-wordpress\/ -->\n<title>Spritzwassergesch\u00fctzter 1-Liter-Wassernapf f\u00fcr Hunde und Katzen: praktische und \u00e4sthetische L\u00f6sung f\u00fcr Tiere - SeriniDog<\/title>\n<meta name=\"robots\" content=\"index, follow, max-snippet:-1, max-image-preview:large, max-video-preview:-1\" \/>\n<link rel=\"canonical\" href=\"https:\/\/serinidog.com\/de\/p\/spritzwassergeschuetzter-1-liter-wassernapf-fuer-hunde-und-katzen-praktische-und-aesthetische-loesung-fuer-tiere\/\" \/>\n<meta property=\"og:locale\" content=\"de_DE\" \/>\n<meta property=\"og:type\" content=\"article\" \/>\n<meta property=\"og:title\" content=\"Spritzwassergesch\u00fctzter 1-Liter-Wassernapf f\u00fcr Hunde und Katzen: praktische und \u00e4sthetische L\u00f6sung f\u00fcr Tiere - SeriniDog\" \/>\n<meta property=\"og:description\" content=\"G\u00f6nnen Sie Ihrem Haustier nur das Beste mit dem spritzwassergesch\u00fctzten 1-Liter-Wassernapf. Er wurde entwickelt, um Spritzer und Pf\u00fctzen rund um den Fressplatz zu verhindern und sorgt f\u00fcr eine saubere und angenehme Umgebung. Sie besteht aus haltbarem, BPA-freiem Kunststoff und verf\u00fcgt \u00fcber eine rutschfeste Unterseite, die sie robust und sicher macht. Das ergonomische Design erm\u00f6glicht Ihren Haustieren einen leichten Zugang zum Wasser, w\u00e4hrend die Ohren trocken bleiben. Verleihen Sie Ihrem Zuhause einen modernen Touch und erleichtern Sie gleichzeitig den Alltag. Investieren Sie in diesen praktischen und sch\u00f6nen Napf, damit Ihr Haustier gl\u00fccklich ist!\" \/>\n<meta property=\"og:url\" content=\"https:\/\/serinidog.com\/de\/p\/spritzwassergeschuetzter-1-liter-wassernapf-fuer-hunde-und-katzen-praktische-und-aesthetische-loesung-fuer-tiere\/\" \/>\n<meta property=\"og:site_name\" content=\"SeriniDog\" \/>\n<meta property=\"article:modified_time\" content=\"2024-12-28T23:46:08+00:00\" \/>\n<meta property=\"og:image\" content=\"https:\/\/serinidog.com\/wp-content\/uploads\/2024\/11\/Sc53179219e6b49c48b22df3e560d3ca6s.webp\" \/>\n\t<meta property=\"og:image:width\" content=\"1500\" \/>\n\t<meta property=\"og:image:height\" content=\"1500\" \/>\n\t<meta property=\"og:image:type\" content=\"image\/webp\" \/>\n<meta name=\"twitter:card\" content=\"summary_large_image\" \/>\n<meta name=\"twitter:label1\" content=\"Preis\" \/>\n\t<meta name=\"twitter:data1\" content=\"19,00&nbsp;&euro;\" \/>\n\t<meta name=\"twitter:label2\" content=\"Verf\u00fcgbarkeit\" \/>\n\t<meta name=\"twitter:data2\" content=\"Auf Lager\" \/>\n<script type=\"application\/ld+json\" class=\"yoast-schema-graph\">{\"@context\":\"https:\\\/\\\/schema.org\",\"@graph\":[{\"@type\":\"WebPage\",\"@id\":\"https:\\\/\\\/serinidog.com\\\/de\\\/p\\\/spritzwassergeschuetzter-1-liter-wassernapf-fuer-hunde-und-katzen-praktische-und-aesthetische-loesung-fuer-tiere\\\/\",\"url\":\"https:\\\/\\\/serinidog.com\\\/de\\\/p\\\/spritzwassergeschuetzter-1-liter-wassernapf-fuer-hunde-und-katzen-praktische-und-aesthetische-loesung-fuer-tiere\\\/\",\"name\":\"Spritzwassergesch\u00fctzter 1-Liter-Wassernapf f\u00fcr Hunde und Katzen: praktische und \u00e4sthetische L\u00f6sung f\u00fcr Tiere - SeriniDog\",\"isPartOf\":{\"@id\":\"https:\\\/\\\/serinidog.com\\\/de\\\/#website\"},\"primaryImageOfPage\":{\"@id\":\"https:\\\/\\\/serinidog.com\\\/de\\\/p\\\/spritzwassergeschuetzter-1-liter-wassernapf-fuer-hunde-und-katzen-praktische-und-aesthetische-loesung-fuer-tiere\\\/#primaryimage\"},\"image\":{\"@id\":\"https:\\\/\\\/serinidog.com\\\/de\\\/p\\\/spritzwassergeschuetzter-1-liter-wassernapf-fuer-hunde-und-katzen-praktische-und-aesthetische-loesung-fuer-tiere\\\/#primaryimage\"},\"thumbnailUrl\":\"https:\\\/\\\/serinidog.com\\\/wp-content\\\/uploads\\\/2024\\\/11\\\/Sc53179219e6b49c48b22df3e560d3ca6s.webp\",\"datePublished\":\"2024-11-29T12:40:53+00:00\",\"dateModified\":\"2024-12-28T23:46:08+00:00\",\"breadcrumb\":{\"@id\":\"https:\\\/\\\/serinidog.com\\\/de\\\/p\\\/spritzwassergeschuetzter-1-liter-wassernapf-fuer-hunde-und-katzen-praktische-und-aesthetische-loesung-fuer-tiere\\\/#breadcrumb\"},\"inLanguage\":\"de\",\"potentialAction\":[{\"@type\":\"ReadAction\",\"target\":[\"https:\\\/\\\/serinidog.com\\\/de\\\/p\\\/spritzwassergeschuetzter-1-liter-wassernapf-fuer-hunde-und-katzen-praktische-und-aesthetische-loesung-fuer-tiere\\\/\"]}]},{\"@type\":\"ImageObject\",\"inLanguage\":\"de\",\"@id\":\"https:\\\/\\\/serinidog.com\\\/de\\\/p\\\/spritzwassergeschuetzter-1-liter-wassernapf-fuer-hunde-und-katzen-praktische-und-aesthetische-loesung-fuer-tiere\\\/#primaryimage\",\"url\":\"https:\\\/\\\/serinidog.com\\\/wp-content\\\/uploads\\\/2024\\\/11\\\/Sc53179219e6b49c48b22df3e560d3ca6s.webp\",\"contentUrl\":\"https:\\\/\\\/serinidog.com\\\/wp-content\\\/uploads\\\/2024\\\/11\\\/Sc53179219e6b49c48b22df3e560d3ca6s.webp\",\"width\":1500,\"height\":1500},{\"@type\":\"BreadcrumbList\",\"@id\":\"https:\\\/\\\/serinidog.com\\\/de\\\/p\\\/spritzwassergeschuetzter-1-liter-wassernapf-fuer-hunde-und-katzen-praktische-und-aesthetische-loesung-fuer-tiere\\\/#breadcrumb\",\"itemListElement\":[{\"@type\":\"ListItem\",\"position\":1,\"name\":\"Accueil\",\"item\":\"https:\\\/\\\/serinidog.com\\\/de\\\/\"},{\"@type\":\"ListItem\",\"position\":2,\"name\":\"Boutique\",\"item\":\"https:\\\/\\\/serinidog.com\\\/shop\\\/\"},{\"@type\":\"ListItem\",\"position\":3,\"name\":\"Spritzwassergesch\u00fctzter Wassernapf\",\"item\":\"https:\\\/\\\/serinidog.com\\\/de\\\/c\\\/spritzwassergeschutzter-wassernapf\\\/\"},{\"@type\":\"ListItem\",\"position\":4,\"name\":\"Spritzwassergesch\u00fctzter 1-Liter-Wassernapf f\u00fcr Hunde und Katzen: praktische und \u00e4sthetische L\u00f6sung f\u00fcr Tiere\"}]},{\"@type\":\"WebSite\",\"@id\":\"https:\\\/\\\/serinidog.com\\\/de\\\/#website\",\"url\":\"https:\\\/\\\/serinidog.com\\\/de\\\/\",\"name\":\"SeriniDog\",\"description\":\"Shop pour chien\",\"potentialAction\":[{\"@type\":\"SearchAction\",\"target\":{\"@type\":\"EntryPoint\",\"urlTemplate\":\"https:\\\/\\\/serinidog.com\\\/de\\\/?s={search_term_string}\"},\"query-input\":{\"@type\":\"PropertyValueSpecification\",\"valueRequired\":true,\"valueName\":\"search_term_string\"}}],\"inLanguage\":\"de\"}]}<\/script>\n<meta property=\"product:price:amount\" content=\"19.00\" \/>\n<meta property=\"product:price:currency\" content=\"EUR\" \/>\n<meta property=\"og:availability\" content=\"instock\" \/>\n<meta property=\"product:availability\" content=\"instock\" \/>\n<meta property=\"product:retailer_item_id\" content=\"14:175#grey_ct4rciggte2g00af8eig\" \/>\n<meta property=\"product:condition\" content=\"new\" \/>\n<!-- \/ Yoast SEO Premium plugin. -->","yoast_head_json":{"title":"Spritzwassergesch\u00fctzter 1-Liter-Wassernapf f\u00fcr Hunde und Katzen: praktische und \u00e4sthetische L\u00f6sung f\u00fcr Tiere - SeriniDog","robots":{"index":"index","follow":"follow","max-snippet":"max-snippet:-1","max-image-preview":"max-image-preview:large","max-video-preview":"max-video-preview:-1"},"canonical":"https:\/\/serinidog.com\/de\/p\/spritzwassergeschuetzter-1-liter-wassernapf-fuer-hunde-und-katzen-praktische-und-aesthetische-loesung-fuer-tiere\/","og_locale":"de_DE","og_type":"article","og_title":"Spritzwassergesch\u00fctzter 1-Liter-Wassernapf f\u00fcr Hunde und Katzen: praktische und \u00e4sthetische L\u00f6sung f\u00fcr Tiere - SeriniDog","og_description":"G\u00f6nnen Sie Ihrem Haustier nur das Beste mit dem spritzwassergesch\u00fctzten 1-Liter-Wassernapf. Er wurde entwickelt, um Spritzer und Pf\u00fctzen rund um den Fressplatz zu verhindern und sorgt f\u00fcr eine saubere und angenehme Umgebung. Sie besteht aus haltbarem, BPA-freiem Kunststoff und verf\u00fcgt \u00fcber eine rutschfeste Unterseite, die sie robust und sicher macht. Das ergonomische Design erm\u00f6glicht Ihren Haustieren einen leichten Zugang zum Wasser, w\u00e4hrend die Ohren trocken bleiben. Verleihen Sie Ihrem Zuhause einen modernen Touch und erleichtern Sie gleichzeitig den Alltag. Investieren Sie in diesen praktischen und sch\u00f6nen Napf, damit Ihr Haustier gl\u00fccklich ist!","og_url":"https:\/\/serinidog.com\/de\/p\/spritzwassergeschuetzter-1-liter-wassernapf-fuer-hunde-und-katzen-praktische-und-aesthetische-loesung-fuer-tiere\/","og_site_name":"SeriniDog","article_modified_time":"2024-12-28T23:46:08+00:00","og_image":[{"width":1500,"height":1500,"url":"https:\/\/serinidog.com\/wp-content\/uploads\/2024\/11\/Sc53179219e6b49c48b22df3e560d3ca6s.webp","type":"image\/webp"}],"twitter_card":"summary_large_image","twitter_misc":{"Preis":"19,00&nbsp;&euro;","Verf\u00fcgbarkeit":"Auf Lager"},"schema":{"@context":"https:\/\/schema.org","@graph":[{"@type":"WebPage","@id":"https:\/\/serinidog.com\/de\/p\/spritzwassergeschuetzter-1-liter-wassernapf-fuer-hunde-und-katzen-praktische-und-aesthetische-loesung-fuer-tiere\/","url":"https:\/\/serinidog.com\/de\/p\/spritzwassergeschuetzter-1-liter-wassernapf-fuer-hunde-und-katzen-praktische-und-aesthetische-loesung-fuer-tiere\/","name":"Spritzwassergesch\u00fctzter 1-Liter-Wassernapf f\u00fcr Hunde und Katzen: praktische und \u00e4sthetische L\u00f6sung f\u00fcr Tiere - SeriniDog","isPartOf":{"@id":"https:\/\/serinidog.com\/de\/#website"},"primaryImageOfPage":{"@id":"https:\/\/serinidog.com\/de\/p\/spritzwassergeschuetzter-1-liter-wassernapf-fuer-hunde-und-katzen-praktische-und-aesthetische-loesung-fuer-tiere\/#primaryimage"},"image":{"@id":"https:\/\/serinidog.com\/de\/p\/spritzwassergeschuetzter-1-liter-wassernapf-fuer-hunde-und-katzen-praktische-und-aesthetische-loesung-fuer-tiere\/#primaryimage"},"thumbnailUrl":"https:\/\/serinidog.com\/wp-content\/uploads\/2024\/11\/Sc53179219e6b49c48b22df3e560d3ca6s.webp","datePublished":"2024-11-29T12:40:53+00:00","dateModified":"2024-12-28T23:46:08+00:00","breadcrumb":{"@id":"https:\/\/serinidog.com\/de\/p\/spritzwassergeschuetzter-1-liter-wassernapf-fuer-hunde-und-katzen-praktische-und-aesthetische-loesung-fuer-tiere\/#breadcrumb"},"inLanguage":"de","potentialAction":[{"@type":"ReadAction","target":["https:\/\/serinidog.com\/de\/p\/spritzwassergeschuetzter-1-liter-wassernapf-fuer-hunde-und-katzen-praktische-und-aesthetische-loesung-fuer-tiere\/"]}]},{"@type":"ImageObject","inLanguage":"de","@id":"https:\/\/serinidog.com\/de\/p\/spritzwassergeschuetzter-1-liter-wassernapf-fuer-hunde-und-katzen-praktische-und-aesthetische-loesung-fuer-tiere\/#primaryimage","url":"https:\/\/serinidog.com\/wp-content\/uploads\/2024\/11\/Sc53179219e6b49c48b22df3e560d3ca6s.webp","contentUrl":"https:\/\/serinidog.com\/wp-content\/uploads\/2024\/11\/Sc53179219e6b49c48b22df3e560d3ca6s.webp","width":1500,"height":1500},{"@type":"BreadcrumbList","@id":"https:\/\/serinidog.com\/de\/p\/spritzwassergeschuetzter-1-liter-wassernapf-fuer-hunde-und-katzen-praktische-und-aesthetische-loesung-fuer-tiere\/#breadcrumb","itemListElement":[{"@type":"ListItem","position":1,"name":"Accueil","item":"https:\/\/serinidog.com\/de\/"},{"@type":"ListItem","position":2,"name":"Boutique","item":"https:\/\/serinidog.com\/shop\/"},{"@type":"ListItem","position":3,"name":"Spritzwassergesch\u00fctzter Wassernapf","item":"https:\/\/serinidog.com\/de\/c\/spritzwassergeschutzter-wassernapf\/"},{"@type":"ListItem","position":4,"name":"Spritzwassergesch\u00fctzter 1-Liter-Wassernapf f\u00fcr Hunde und Katzen: praktische und \u00e4sthetische L\u00f6sung f\u00fcr Tiere"}]},{"@type":"WebSite","@id":"https:\/\/serinidog.com\/de\/#website","url":"https:\/\/serinidog.com\/de\/","name":"SeriniDog","description":"Shop pour chien","potentialAction":[{"@type":"SearchAction","target":{"@type":"EntryPoint","urlTemplate":"https:\/\/serinidog.com\/de\/?s={search_term_string}"},"query-input":{"@type":"PropertyValueSpecification","valueRequired":true,"valueName":"search_term_string"}}],"inLanguage":"de"}]},"product_price_amount":"19.00","product_price_currency":"EUR","og_availability":"instock","product_availability":"instock","product_retailer_item_id":"14:175#grey_ct4rciggte2g00af8eig","product_condition":"new"},"_links":{"self":[{"href":"https:\/\/serinidog.com\/de\/wp-json\/wp\/v2\/product\/9807","targetHints":{"allow":["GET"]}}],"collection":[{"href":"https:\/\/serinidog.com\/de\/wp-json\/wp\/v2\/product"}],"about":[{"href":"https:\/\/serinidog.com\/de\/wp-json\/wp\/v2\/types\/product"}],"replies":[{"embeddable":true,"href":"https:\/\/serinidog.com\/de\/wp-json\/wp\/v2\/comments?post=9807"}],"wp:featuredmedia":[{"embeddable":true,"href":"https:\/\/serinidog.com\/de\/wp-json\/wp\/v2\/media\/4633"}],"wp:attachment":[{"href":"https:\/\/serinidog.com\/de\/wp-json\/wp\/v2\/media?parent=9807"}],"wp:term":[{"taxonomy":"product_brand","embeddable":true,"href":"https:\/\/serinidog.com\/de\/wp-json\/wp\/v2\/product_brand?post=9807"},{"taxonomy":"product_cat","embeddable":true,"href":"https:\/\/serinidog.com\/de\/wp-json\/wp\/v2\/product_cat?post=9807"},{"taxonomy":"product_tag","embeddable":true,"href":"https:\/\/serinidog.com\/de\/wp-json\/wp\/v2\/product_tag?post=9807"}],"curies":[{"name":"wp","href":"https:\/\/api.w.org\/{rel}","templated":true}]}}