{"id":9843,"date":"2024-11-28T20:40:22","date_gmt":"2024-11-28T20:40:22","guid":{"rendered":"https:\/\/serinidog.com\/p\/taktisches-hundehalsband-mit-airtag-halterung-langlebig-und-sicher\/"},"modified":"2024-12-28T23:46:20","modified_gmt":"2024-12-28T23:46:20","slug":"taktisches-hundehalsband-mit-airtag-halterung-langlebig-und-sicher","status":"publish","type":"product","link":"https:\/\/serinidog.com\/de\/p\/taktisches-hundehalsband-mit-airtag-halterung-langlebig-und-sicher\/","title":{"rendered":"Taktisches Hundehalsband mit AirTag-Halterung, langlebig und sicher"},"content":{"rendered":"<h2 id=\"collier-pour-chien-tactique-avec-support-airtag--pratique-et-robuste\">Taktisches Hundehalsband mit AirTag-Halterung: praktisch und robust<\/h2>\n<p>Das taktische Hundehalsband mit AirTag-Halterung ist das richtige Accessoire f\u00fcr die Sicherheit und den Komfort Ihres treuen Begleiters. Das Halsband ist robust und elegant und bietet eine Vielzahl von Vorteilen. <\/p>\n<h3 id=\"pourquoi-choisir-un-collier-tactique-\">Warum ein taktisches Halsband?<\/h3>\n<p>Mit seinem strapazierf\u00e4higen Nylon-Design ist dieses Halsband perfekt f\u00fcr vierbeinige Abenteurer. Es ist f\u00fcr alle Hunderassen und -gr\u00f6\u00dfen geeignet, da das praktische Verstellsystem f\u00fcr eine perfekte Passform sorgt. Entscheiden Sie sich f\u00fcr einen sicheren und stilvollen Spaziergang.  <\/p>\n<h3 id=\"les-caract\u00e9ristiques-du-collier\">Die Eigenschaften des Halsbandes<\/h3>\n<p>Dieses Halsband mit AirTag-Halterung erm\u00f6glicht es Ihnen, Ihren Hund mit Hilfe der Apple-Technologie schnell zu lokalisieren. Keine Sorgen mehr bei Spazierg\u00e4ngen im Wald oder in der freien Natur! Dieses Halsband zeichnet sich durch folgende Eigenschaften aus  <\/p>\n<ul>\n<li><strong>Strapazierf\u00e4hige Materialien<\/strong>: Aus hochwertigem Nylon f\u00fcr eine lange Lebensdauer.<\/li>\n<li><strong>Verst\u00e4rkte Sicherheit<\/strong>: Sicherer Verschluss f\u00fcr optimalen Halt.<\/li>\n<li><strong>Komfort<\/strong>: Ergonomisch geformt, so dass Ihr Hund auch bei l\u00e4ngeren Abenteuern nicht behindert wird.<\/li>\n<li><strong>Taktischer Stil<\/strong>: Milit\u00e4rfarben f\u00fcr einen einzigartigen und schlichten Look.<\/li>\n<\/ul>\n<h3 id=\"lassurance-dun-produit-fiable\">Die Sicherheit eines zuverl\u00e4ssigen Produkts<\/h3>\n<p>F\u00fcr diejenigen, die nach einem Halsband suchen, das Funktionalit\u00e4t und Design verbindet, ist das Modell mit AirTag-Halterung die ideale Wahl. Es ist nicht nur f\u00fcr eine lange Lebensdauer konzipiert, sondern auch f\u00fcr eine Vielzahl von Hundeaktivit\u00e4ten, von einfachen Spazierg\u00e4ngen bis hin zu intensiven Trekkingtouren. Dieses Hundehalsband bietet Ihnen beruhigende Sicherheit und Ihrem Hund t\u00e4glichen Komfort, und das alles mit einer 14-t\u00e4gigen R\u00fcckgabegarantie. Ziehen Sie die Aufmerksamkeit von Abenteuerlustigen auf Google auf sich, indem Sie dieses Halsband in Ihre Must-Haves aufnehmen! <\/p>\n","protected":false},"excerpt":{"rendered":"<p>Entdecken Sie das taktische Hundehalsband mit AirTag-Halterung, ein wichtiges Accessoire f\u00fcr den Komfort und die Sicherheit Ihres Hundes. Es ist aus strapazierf\u00e4higem Nylon gefertigt und passt sich perfekt an alle Rassen und Gr\u00f6\u00dfen an, w\u00e4hrend es gleichzeitig einen eleganten, milit\u00e4rischen Look bietet. Mit der speziellen Halterung k\u00f6nnen Sie Ihren Hund dank der Apple-Technologie im Handumdrehen lokalisieren, sodass Sie sich bei Ihren Abenteuern keine Sorgen mehr machen m\u00fcssen. Geben Sie Ihrem treuen Freund ein robustes und ergonomisches Halsband, das f\u00fcr die Ewigkeit gemacht ist. Warten Sie nicht l\u00e4nger und machen Sie jeden Spaziergang zu einem entspannten und stilvollen Erlebnis! 14 Tage R\u00fcckgabegarantie.     <\/p>\n","protected":false},"featured_media":4513,"comment_status":"open","ping_status":"closed","template":"","meta":[],"product_brand":[76],"product_cat":[245],"product_tag":[],"class_list":{"0":"post-9843","1":"product","2":"type-product","3":"status-publish","4":"has-post-thumbnail","6":"product_brand-serinidog","7":"product_cat-militarische-halsbander-fur-hunde","8":"sales-flash-overlay","9":"woocommerce-text-align-left","10":"woocommerce-image-align-center","11":"do-quantity-buttons","13":"first","14":"instock","15":"taxable","16":"shipping-taxable","17":"purchasable","18":"product-type-variable","19":"has-default-attributes"},"yoast_head":"<!-- This site is optimized with the Yoast SEO Premium plugin v23.4 (Yoast SEO v27.4) - https:\/\/yoast.com\/product\/yoast-seo-premium-wordpress\/ -->\n<title>Taktisches Hundehalsband mit AirTag-Halterung, langlebig und sicher - SeriniDog<\/title>\n<meta name=\"robots\" content=\"index, follow, max-snippet:-1, max-image-preview:large, max-video-preview:-1\" \/>\n<link rel=\"canonical\" href=\"https:\/\/serinidog.com\/de\/p\/taktisches-hundehalsband-mit-airtag-halterung-langlebig-und-sicher\/\" \/>\n<meta property=\"og:locale\" content=\"de_DE\" \/>\n<meta property=\"og:type\" content=\"article\" \/>\n<meta property=\"og:title\" content=\"Taktisches Hundehalsband mit AirTag-Halterung, langlebig und sicher - SeriniDog\" \/>\n<meta property=\"og:description\" content=\"Entdecken Sie das taktische Hundehalsband mit AirTag-Halterung, ein wichtiges Accessoire f\u00fcr den Komfort und die Sicherheit Ihres Hundes. Es ist aus strapazierf\u00e4higem Nylon gefertigt und passt sich perfekt an alle Rassen und Gr\u00f6\u00dfen an, w\u00e4hrend es gleichzeitig einen eleganten, milit\u00e4rischen Look bietet. Mit der speziellen Halterung k\u00f6nnen Sie Ihren Hund dank der Apple-Technologie im Handumdrehen lokalisieren, sodass Sie sich bei Ihren Abenteuern keine Sorgen mehr machen m\u00fcssen. Geben Sie Ihrem treuen Freund ein robustes und ergonomisches Halsband, das f\u00fcr die Ewigkeit gemacht ist. Warten Sie nicht l\u00e4nger und machen Sie jeden Spaziergang zu einem entspannten und stilvollen Erlebnis! 14 Tage R\u00fcckgabegarantie.\" \/>\n<meta property=\"og:url\" content=\"https:\/\/serinidog.com\/de\/p\/taktisches-hundehalsband-mit-airtag-halterung-langlebig-und-sicher\/\" \/>\n<meta property=\"og:site_name\" content=\"SeriniDog\" \/>\n<meta property=\"article:modified_time\" content=\"2024-12-28T23:46:20+00:00\" \/>\n<meta property=\"og:image\" content=\"https:\/\/serinidog.com\/wp-content\/uploads\/2024\/11\/Sf61d3e2c029649f08b96823090a66f66z.webp\" \/>\n\t<meta property=\"og:image:width\" content=\"1200\" \/>\n\t<meta property=\"og:image:height\" content=\"1200\" \/>\n\t<meta property=\"og:image:type\" content=\"image\/webp\" \/>\n<meta name=\"twitter:card\" content=\"summary_large_image\" \/>\n<meta name=\"twitter:label1\" content=\"Verf\u00fcgbarkeit\" \/>\n\t<meta name=\"twitter:data1\" content=\"Auf Lager\" \/>\n<script type=\"application\/ld+json\" class=\"yoast-schema-graph\">{\"@context\":\"https:\\\/\\\/schema.org\",\"@graph\":[{\"@type\":\"WebPage\",\"@id\":\"https:\\\/\\\/serinidog.com\\\/de\\\/p\\\/taktisches-hundehalsband-mit-airtag-halterung-langlebig-und-sicher\\\/\",\"url\":\"https:\\\/\\\/serinidog.com\\\/de\\\/p\\\/taktisches-hundehalsband-mit-airtag-halterung-langlebig-und-sicher\\\/\",\"name\":\"Taktisches Hundehalsband mit AirTag-Halterung, langlebig und sicher - SeriniDog\",\"isPartOf\":{\"@id\":\"https:\\\/\\\/serinidog.com\\\/de\\\/#website\"},\"primaryImageOfPage\":{\"@id\":\"https:\\\/\\\/serinidog.com\\\/de\\\/p\\\/taktisches-hundehalsband-mit-airtag-halterung-langlebig-und-sicher\\\/#primaryimage\"},\"image\":{\"@id\":\"https:\\\/\\\/serinidog.com\\\/de\\\/p\\\/taktisches-hundehalsband-mit-airtag-halterung-langlebig-und-sicher\\\/#primaryimage\"},\"thumbnailUrl\":\"https:\\\/\\\/serinidog.com\\\/wp-content\\\/uploads\\\/2024\\\/11\\\/Sf61d3e2c029649f08b96823090a66f66z.webp\",\"datePublished\":\"2024-11-28T20:40:22+00:00\",\"dateModified\":\"2024-12-28T23:46:20+00:00\",\"breadcrumb\":{\"@id\":\"https:\\\/\\\/serinidog.com\\\/de\\\/p\\\/taktisches-hundehalsband-mit-airtag-halterung-langlebig-und-sicher\\\/#breadcrumb\"},\"inLanguage\":\"de\",\"potentialAction\":[{\"@type\":\"ReadAction\",\"target\":[\"https:\\\/\\\/serinidog.com\\\/de\\\/p\\\/taktisches-hundehalsband-mit-airtag-halterung-langlebig-und-sicher\\\/\"]}]},{\"@type\":\"ImageObject\",\"inLanguage\":\"de\",\"@id\":\"https:\\\/\\\/serinidog.com\\\/de\\\/p\\\/taktisches-hundehalsband-mit-airtag-halterung-langlebig-und-sicher\\\/#primaryimage\",\"url\":\"https:\\\/\\\/serinidog.com\\\/wp-content\\\/uploads\\\/2024\\\/11\\\/Sf61d3e2c029649f08b96823090a66f66z.webp\",\"contentUrl\":\"https:\\\/\\\/serinidog.com\\\/wp-content\\\/uploads\\\/2024\\\/11\\\/Sf61d3e2c029649f08b96823090a66f66z.webp\",\"width\":1200,\"height\":1200},{\"@type\":\"BreadcrumbList\",\"@id\":\"https:\\\/\\\/serinidog.com\\\/de\\\/p\\\/taktisches-hundehalsband-mit-airtag-halterung-langlebig-und-sicher\\\/#breadcrumb\",\"itemListElement\":[{\"@type\":\"ListItem\",\"position\":1,\"name\":\"Accueil\",\"item\":\"https:\\\/\\\/serinidog.com\\\/de\\\/\"},{\"@type\":\"ListItem\",\"position\":2,\"name\":\"Boutique\",\"item\":\"https:\\\/\\\/serinidog.com\\\/shop\\\/\"},{\"@type\":\"ListItem\",\"position\":3,\"name\":\"Halsb\u00e4nder f\u00fcr Hunde\",\"item\":\"https:\\\/\\\/serinidog.com\\\/de\\\/c\\\/halsbander-fur-hunde\\\/\"},{\"@type\":\"ListItem\",\"position\":4,\"name\":\"Milit\u00e4rische Halsb\u00e4nder f\u00fcr Hunde\",\"item\":\"https:\\\/\\\/serinidog.com\\\/de\\\/c\\\/halsbander-fur-hunde\\\/militarische-halsbander-fur-hunde\\\/\"},{\"@type\":\"ListItem\",\"position\":5,\"name\":\"Taktisches Hundehalsband mit AirTag-Halterung, langlebig und sicher\"}]},{\"@type\":\"WebSite\",\"@id\":\"https:\\\/\\\/serinidog.com\\\/de\\\/#website\",\"url\":\"https:\\\/\\\/serinidog.com\\\/de\\\/\",\"name\":\"SeriniDog\",\"description\":\"Shop pour chien\",\"potentialAction\":[{\"@type\":\"SearchAction\",\"target\":{\"@type\":\"EntryPoint\",\"urlTemplate\":\"https:\\\/\\\/serinidog.com\\\/de\\\/?s={search_term_string}\"},\"query-input\":{\"@type\":\"PropertyValueSpecification\",\"valueRequired\":true,\"valueName\":\"search_term_string\"}}],\"inLanguage\":\"de\"}]}<\/script>\n<meta property=\"product:brand\" content=\"Serinidog\" \/>\n<meta property=\"og:availability\" content=\"instock\" \/>\n<meta property=\"product:availability\" content=\"instock\" \/>\n<meta property=\"product:retailer_item_id\" content=\"ct4da8m9khh000a5nv8g\" \/>\n<meta property=\"product:condition\" content=\"new\" \/>\n<!-- \/ Yoast SEO Premium plugin. -->","yoast_head_json":{"title":"Taktisches Hundehalsband mit AirTag-Halterung, langlebig und sicher - SeriniDog","robots":{"index":"index","follow":"follow","max-snippet":"max-snippet:-1","max-image-preview":"max-image-preview:large","max-video-preview":"max-video-preview:-1"},"canonical":"https:\/\/serinidog.com\/de\/p\/taktisches-hundehalsband-mit-airtag-halterung-langlebig-und-sicher\/","og_locale":"de_DE","og_type":"article","og_title":"Taktisches Hundehalsband mit AirTag-Halterung, langlebig und sicher - SeriniDog","og_description":"Entdecken Sie das taktische Hundehalsband mit AirTag-Halterung, ein wichtiges Accessoire f\u00fcr den Komfort und die Sicherheit Ihres Hundes. Es ist aus strapazierf\u00e4higem Nylon gefertigt und passt sich perfekt an alle Rassen und Gr\u00f6\u00dfen an, w\u00e4hrend es gleichzeitig einen eleganten, milit\u00e4rischen Look bietet. Mit der speziellen Halterung k\u00f6nnen Sie Ihren Hund dank der Apple-Technologie im Handumdrehen lokalisieren, sodass Sie sich bei Ihren Abenteuern keine Sorgen mehr machen m\u00fcssen. Geben Sie Ihrem treuen Freund ein robustes und ergonomisches Halsband, das f\u00fcr die Ewigkeit gemacht ist. Warten Sie nicht l\u00e4nger und machen Sie jeden Spaziergang zu einem entspannten und stilvollen Erlebnis! 14 Tage R\u00fcckgabegarantie.","og_url":"https:\/\/serinidog.com\/de\/p\/taktisches-hundehalsband-mit-airtag-halterung-langlebig-und-sicher\/","og_site_name":"SeriniDog","article_modified_time":"2024-12-28T23:46:20+00:00","og_image":[{"width":1200,"height":1200,"url":"https:\/\/serinidog.com\/wp-content\/uploads\/2024\/11\/Sf61d3e2c029649f08b96823090a66f66z.webp","type":"image\/webp"}],"twitter_card":"summary_large_image","twitter_misc":{"Verf\u00fcgbarkeit":"Auf Lager"},"schema":{"@context":"https:\/\/schema.org","@graph":[{"@type":"WebPage","@id":"https:\/\/serinidog.com\/de\/p\/taktisches-hundehalsband-mit-airtag-halterung-langlebig-und-sicher\/","url":"https:\/\/serinidog.com\/de\/p\/taktisches-hundehalsband-mit-airtag-halterung-langlebig-und-sicher\/","name":"Taktisches Hundehalsband mit AirTag-Halterung, langlebig und sicher - SeriniDog","isPartOf":{"@id":"https:\/\/serinidog.com\/de\/#website"},"primaryImageOfPage":{"@id":"https:\/\/serinidog.com\/de\/p\/taktisches-hundehalsband-mit-airtag-halterung-langlebig-und-sicher\/#primaryimage"},"image":{"@id":"https:\/\/serinidog.com\/de\/p\/taktisches-hundehalsband-mit-airtag-halterung-langlebig-und-sicher\/#primaryimage"},"thumbnailUrl":"https:\/\/serinidog.com\/wp-content\/uploads\/2024\/11\/Sf61d3e2c029649f08b96823090a66f66z.webp","datePublished":"2024-11-28T20:40:22+00:00","dateModified":"2024-12-28T23:46:20+00:00","breadcrumb":{"@id":"https:\/\/serinidog.com\/de\/p\/taktisches-hundehalsband-mit-airtag-halterung-langlebig-und-sicher\/#breadcrumb"},"inLanguage":"de","potentialAction":[{"@type":"ReadAction","target":["https:\/\/serinidog.com\/de\/p\/taktisches-hundehalsband-mit-airtag-halterung-langlebig-und-sicher\/"]}]},{"@type":"ImageObject","inLanguage":"de","@id":"https:\/\/serinidog.com\/de\/p\/taktisches-hundehalsband-mit-airtag-halterung-langlebig-und-sicher\/#primaryimage","url":"https:\/\/serinidog.com\/wp-content\/uploads\/2024\/11\/Sf61d3e2c029649f08b96823090a66f66z.webp","contentUrl":"https:\/\/serinidog.com\/wp-content\/uploads\/2024\/11\/Sf61d3e2c029649f08b96823090a66f66z.webp","width":1200,"height":1200},{"@type":"BreadcrumbList","@id":"https:\/\/serinidog.com\/de\/p\/taktisches-hundehalsband-mit-airtag-halterung-langlebig-und-sicher\/#breadcrumb","itemListElement":[{"@type":"ListItem","position":1,"name":"Accueil","item":"https:\/\/serinidog.com\/de\/"},{"@type":"ListItem","position":2,"name":"Boutique","item":"https:\/\/serinidog.com\/shop\/"},{"@type":"ListItem","position":3,"name":"Halsb\u00e4nder f\u00fcr Hunde","item":"https:\/\/serinidog.com\/de\/c\/halsbander-fur-hunde\/"},{"@type":"ListItem","position":4,"name":"Milit\u00e4rische Halsb\u00e4nder f\u00fcr Hunde","item":"https:\/\/serinidog.com\/de\/c\/halsbander-fur-hunde\/militarische-halsbander-fur-hunde\/"},{"@type":"ListItem","position":5,"name":"Taktisches Hundehalsband mit AirTag-Halterung, langlebig und sicher"}]},{"@type":"WebSite","@id":"https:\/\/serinidog.com\/de\/#website","url":"https:\/\/serinidog.com\/de\/","name":"SeriniDog","description":"Shop pour chien","potentialAction":[{"@type":"SearchAction","target":{"@type":"EntryPoint","urlTemplate":"https:\/\/serinidog.com\/de\/?s={search_term_string}"},"query-input":{"@type":"PropertyValueSpecification","valueRequired":true,"valueName":"search_term_string"}}],"inLanguage":"de"}]},"product_brand":"Serinidog","og_availability":"instock","product_availability":"instock","product_retailer_item_id":"ct4da8m9khh000a5nv8g","product_condition":"new"},"_links":{"self":[{"href":"https:\/\/serinidog.com\/de\/wp-json\/wp\/v2\/product\/9843","targetHints":{"allow":["GET"]}}],"collection":[{"href":"https:\/\/serinidog.com\/de\/wp-json\/wp\/v2\/product"}],"about":[{"href":"https:\/\/serinidog.com\/de\/wp-json\/wp\/v2\/types\/product"}],"replies":[{"embeddable":true,"href":"https:\/\/serinidog.com\/de\/wp-json\/wp\/v2\/comments?post=9843"}],"wp:featuredmedia":[{"embeddable":true,"href":"https:\/\/serinidog.com\/de\/wp-json\/wp\/v2\/media\/4513"}],"wp:attachment":[{"href":"https:\/\/serinidog.com\/de\/wp-json\/wp\/v2\/media?parent=9843"}],"wp:term":[{"taxonomy":"product_brand","embeddable":true,"href":"https:\/\/serinidog.com\/de\/wp-json\/wp\/v2\/product_brand?post=9843"},{"taxonomy":"product_cat","embeddable":true,"href":"https:\/\/serinidog.com\/de\/wp-json\/wp\/v2\/product_cat?post=9843"},{"taxonomy":"product_tag","embeddable":true,"href":"https:\/\/serinidog.com\/de\/wp-json\/wp\/v2\/product_tag?post=9843"}],"curies":[{"name":"wp","href":"https:\/\/api.w.org\/{rel}","templated":true}]}}