{"id":9883,"date":"2024-11-30T16:12:42","date_gmt":"2024-11-30T16:12:42","guid":{"rendered":"https:\/\/serinidog.com\/p\/20cm-plastiknapf-fuer-hunde-langsam-und-gesund-fressen\/"},"modified":"2024-12-28T22:54:38","modified_gmt":"2024-12-28T22:54:38","slug":"20cm-plastiknapf-fuer-hunde-langsam-und-gesund-fressen","status":"publish","type":"product","link":"https:\/\/serinidog.com\/de\/p\/20cm-plastiknapf-fuer-hunde-langsam-und-gesund-fressen\/","title":{"rendered":"20cm Plastiknapf f\u00fcr Hunde: langsam und gesund fressen"},"content":{"rendered":"<h2 id=\"gamelle-anti-glouton-pour-chiens--mangez-plus-lentement-vivez-plus-sainement\">Anti-Gra\u00df-Napf f\u00fcr Hunde: Langsamer fressen, ges\u00fcnder leben<\/h2>\n<p>Sind Sie um die Gesundheit der Verdauung Ihres Hundes besorgt? Der Anti-Schleim-Napf aus Kunststoff wurde entwickelt, um Ihrem Hund zu helfen, langsamer zu fressen und so eine bessere Verdauung zu f\u00f6rdern. <\/p>\n<h3 id=\"pourquoi-choisir-une-gamelle-anti-glouton-\">Warum sollte man sich f\u00fcr einen Anti-Greiflings-Napf entscheiden?<\/h3>\n<p>Der Anti-Greif-Napf mit seinem genialen Design ist viel mehr als nur ein Napf. Die gepr\u00e4gten Muster im Inneren regen Ihren Hund dazu an, sein Fressen zu verlangsamen, was eine Reihe von Gesundheitsproblemen verhindern kann, die bei Hunden, die zu schnell fressen, h\u00e4ufig auftreten.   <\/p>\n<h3 id=\"avantages-dune-gamelle-anti-glouton\">Vorteile eines Anti-Grapsch-Napfes<\/h3>\n<ul>\n<li><strong>Vorbeugung von Gesundheitsproblemen<\/strong>: Verlangsamt den Konsum, um Bl\u00e4hungen, Erbrechen und Verdauungsprobleme zu vermeiden.<\/li>\n<li><strong>Geistige Stimulation<\/strong>: Die Notwendigkeit, Hindernisse zu umgehen, um an das Futter zu gelangen, stimuliert Ihren Hund geistig.<\/li>\n<li><strong>Einfache Reinigung<\/strong>: Sp\u00fclmaschinenfest, leicht zu reinigen und hygienisch.<\/li>\n<li><strong>Anpassung an Ihr Zuhause<\/strong>: Erh\u00e4ltlich in mehreren attraktiven Farben, die sich perfekt in Ihre Inneneinrichtung einf\u00fcgen.<\/li>\n<li><strong>Robustheit<\/strong>: Entworfen, um St\u00f6\u00dfen und Bissen zu widerstehen.<\/li>\n<\/ul>\n<h3 id=\"investissez-dans-la-sant\u00e9-de-votre-chien\">Investieren Sie in die Gesundheit Ihres Hundes<\/h3>\n<p>Die Investition in einen frostsicheren Futternapf ist eine Investition in die Gesundheit und das Wohlbefinden Ihres Hundes. Stellen Sie sicher, dass Ihr Haustier gesund isst, w\u00e4hrend es eine stimulierende geistige Aktivit\u00e4t genie\u00dft.   <\/p>\n<p>Machen Sie sich noch heute einen ges\u00fcnderen Ansatz f\u00fcr die Mahlzeiten Ihres vierbeinigen Freundes zu eigen. Dieser Napf ist ein Muss f\u00fcr jeden Tierbesitzer, der sich um die Verdauung seines Tieres sorgt.   <\/p>\n<p>Entdecken Sie unsere Farbpalette und verwandeln Sie die F\u00fctterungszeiten Ihres Hundes in einen Moment der Freude und Gesundheit!<\/p>\n","protected":false},"excerpt":{"rendered":"<p>Sorgen Sie f\u00fcr eine bessere Verdauung Ihres Hundes mit unserem Anti-Speichel-Napf! Er ist so konzipiert, dass er die Nahrungsaufnahme verlangsamt und Gesundheitsproblemen wie Bl\u00e4hungen und Erbrechen vorbeugt. Mit Reliefmustern, die den Geist anregen, macht dieser Napf jede Mahlzeit zu einem unterhaltsamen und interessanten Erlebnis. Er ist leicht zu reinigen und in vielen attraktiven Farben erh\u00e4ltlich, so dass er sich perfekt in Ihr Zuhause einf\u00fcgt und gleichzeitig robust gegen Bisse ist. Investieren Sie in die Gesundheit und das Wohlbefinden Ihres treuen Begleiters. Machen Sie die F\u00fctterungszeiten noch heute zu einem gesunden und angenehmen Erlebnis!     <\/p>\n","protected":false},"featured_media":5241,"comment_status":"open","ping_status":"closed","template":"","meta":[],"product_brand":[],"product_cat":[250],"product_tag":[],"class_list":{"0":"post-9883","1":"product","2":"type-product","3":"status-publish","4":"has-post-thumbnail","6":"product_cat-anti-grizzly-napfe","7":"sales-flash-overlay","8":"woocommerce-text-align-left","9":"woocommerce-image-align-center","10":"do-quantity-buttons","11":"wc-has-gallery","13":"first","14":"instock","15":"taxable","16":"shipping-taxable","17":"purchasable","18":"product-type-variable","19":"has-default-attributes"},"yoast_head":"<!-- This site is optimized with the Yoast SEO Premium plugin v23.4 (Yoast SEO v27.6) - https:\/\/yoast.com\/product\/yoast-seo-premium-wordpress\/ -->\n<title>20cm Plastiknapf f\u00fcr Hunde: langsam und gesund fressen - SeriniDog<\/title>\n<meta name=\"robots\" content=\"index, follow, max-snippet:-1, max-image-preview:large, max-video-preview:-1\" \/>\n<link rel=\"canonical\" href=\"https:\/\/serinidog.com\/de\/p\/20cm-plastiknapf-fuer-hunde-langsam-und-gesund-fressen\/\" \/>\n<meta property=\"og:locale\" content=\"de_DE\" \/>\n<meta property=\"og:type\" content=\"article\" \/>\n<meta property=\"og:title\" content=\"20cm Plastiknapf f\u00fcr Hunde: langsam und gesund fressen - SeriniDog\" \/>\n<meta property=\"og:description\" content=\"Sorgen Sie f\u00fcr eine bessere Verdauung Ihres Hundes mit unserem Anti-Speichel-Napf! Er ist so konzipiert, dass er die Nahrungsaufnahme verlangsamt und Gesundheitsproblemen wie Bl\u00e4hungen und Erbrechen vorbeugt. Mit Reliefmustern, die den Geist anregen, macht dieser Napf jede Mahlzeit zu einem unterhaltsamen und interessanten Erlebnis. Er ist leicht zu reinigen und in vielen attraktiven Farben erh\u00e4ltlich, so dass er sich perfekt in Ihr Zuhause einf\u00fcgt und gleichzeitig robust gegen Bisse ist. Investieren Sie in die Gesundheit und das Wohlbefinden Ihres treuen Begleiters. Machen Sie die F\u00fctterungszeiten noch heute zu einem gesunden und angenehmen Erlebnis!\" \/>\n<meta property=\"og:url\" content=\"https:\/\/serinidog.com\/de\/p\/20cm-plastiknapf-fuer-hunde-langsam-und-gesund-fressen\/\" \/>\n<meta property=\"og:site_name\" content=\"SeriniDog\" \/>\n<meta property=\"article:modified_time\" content=\"2024-12-28T22:54:38+00:00\" \/>\n<meta property=\"og:image\" content=\"https:\/\/serinidog.com\/wp-content\/uploads\/2024\/11\/S1b7959ea787a49579771db197df31e37o.webp\" \/>\n\t<meta property=\"og:image:width\" content=\"800\" \/>\n\t<meta property=\"og:image:height\" content=\"800\" \/>\n\t<meta property=\"og:image:type\" content=\"image\/webp\" \/>\n<meta name=\"twitter:card\" content=\"summary_large_image\" \/>\n<meta name=\"twitter:label1\" content=\"Verf\u00fcgbarkeit\" \/>\n\t<meta name=\"twitter:data1\" content=\"Auf Lager\" \/>\n<script type=\"application\/ld+json\" class=\"yoast-schema-graph\">{\"@context\":\"https:\\\/\\\/schema.org\",\"@graph\":[{\"@type\":\"WebPage\",\"@id\":\"https:\\\/\\\/serinidog.com\\\/de\\\/p\\\/20cm-plastiknapf-fuer-hunde-langsam-und-gesund-fressen\\\/\",\"url\":\"https:\\\/\\\/serinidog.com\\\/de\\\/p\\\/20cm-plastiknapf-fuer-hunde-langsam-und-gesund-fressen\\\/\",\"name\":\"20cm Plastiknapf f\u00fcr Hunde: langsam und gesund fressen - SeriniDog\",\"isPartOf\":{\"@id\":\"https:\\\/\\\/serinidog.com\\\/de\\\/#website\"},\"primaryImageOfPage\":{\"@id\":\"https:\\\/\\\/serinidog.com\\\/de\\\/p\\\/20cm-plastiknapf-fuer-hunde-langsam-und-gesund-fressen\\\/#primaryimage\"},\"image\":{\"@id\":\"https:\\\/\\\/serinidog.com\\\/de\\\/p\\\/20cm-plastiknapf-fuer-hunde-langsam-und-gesund-fressen\\\/#primaryimage\"},\"thumbnailUrl\":\"https:\\\/\\\/serinidog.com\\\/wp-content\\\/uploads\\\/2024\\\/11\\\/S1b7959ea787a49579771db197df31e37o.webp\",\"datePublished\":\"2024-11-30T16:12:42+00:00\",\"dateModified\":\"2024-12-28T22:54:38+00:00\",\"breadcrumb\":{\"@id\":\"https:\\\/\\\/serinidog.com\\\/de\\\/p\\\/20cm-plastiknapf-fuer-hunde-langsam-und-gesund-fressen\\\/#breadcrumb\"},\"inLanguage\":\"de\",\"potentialAction\":[{\"@type\":\"ReadAction\",\"target\":[\"https:\\\/\\\/serinidog.com\\\/de\\\/p\\\/20cm-plastiknapf-fuer-hunde-langsam-und-gesund-fressen\\\/\"]}]},{\"@type\":\"ImageObject\",\"inLanguage\":\"de\",\"@id\":\"https:\\\/\\\/serinidog.com\\\/de\\\/p\\\/20cm-plastiknapf-fuer-hunde-langsam-und-gesund-fressen\\\/#primaryimage\",\"url\":\"https:\\\/\\\/serinidog.com\\\/wp-content\\\/uploads\\\/2024\\\/11\\\/S1b7959ea787a49579771db197df31e37o.webp\",\"contentUrl\":\"https:\\\/\\\/serinidog.com\\\/wp-content\\\/uploads\\\/2024\\\/11\\\/S1b7959ea787a49579771db197df31e37o.webp\",\"width\":800,\"height\":800},{\"@type\":\"BreadcrumbList\",\"@id\":\"https:\\\/\\\/serinidog.com\\\/de\\\/p\\\/20cm-plastiknapf-fuer-hunde-langsam-und-gesund-fressen\\\/#breadcrumb\",\"itemListElement\":[{\"@type\":\"ListItem\",\"position\":1,\"name\":\"Accueil\",\"item\":\"https:\\\/\\\/serinidog.com\\\/de\\\/\"},{\"@type\":\"ListItem\",\"position\":2,\"name\":\"Boutique\",\"item\":\"https:\\\/\\\/serinidog.com\\\/shop\\\/\"},{\"@type\":\"ListItem\",\"position\":3,\"name\":\"Hundenapf\",\"item\":\"https:\\\/\\\/serinidog.com\\\/de\\\/c\\\/hundenapf\\\/\"},{\"@type\":\"ListItem\",\"position\":4,\"name\":\"Anti-Grizzly-N\u00e4pfe\",\"item\":\"https:\\\/\\\/serinidog.com\\\/de\\\/c\\\/anti-grizzly-napfe\\\/\"},{\"@type\":\"ListItem\",\"position\":5,\"name\":\"20cm Plastiknapf f\u00fcr Hunde: langsam und gesund fressen\"}]},{\"@type\":\"WebSite\",\"@id\":\"https:\\\/\\\/serinidog.com\\\/de\\\/#website\",\"url\":\"https:\\\/\\\/serinidog.com\\\/de\\\/\",\"name\":\"SeriniDog\",\"description\":\"Shop pour chien\",\"potentialAction\":[{\"@type\":\"SearchAction\",\"target\":{\"@type\":\"EntryPoint\",\"urlTemplate\":\"https:\\\/\\\/serinidog.com\\\/de\\\/?s={search_term_string}\"},\"query-input\":{\"@type\":\"PropertyValueSpecification\",\"valueRequired\":true,\"valueName\":\"search_term_string\"}}],\"inLanguage\":\"de\"}]}<\/script>\n<meta property=\"og:availability\" content=\"instock\" \/>\n<meta property=\"product:availability\" content=\"instock\" \/>\n<meta property=\"product:retailer_item_id\" content=\"ct5jit69khh000a5p1dg\" \/>\n<meta property=\"product:condition\" content=\"new\" \/>\n<!-- \/ Yoast SEO Premium plugin. -->","yoast_head_json":{"title":"20cm Plastiknapf f\u00fcr Hunde: langsam und gesund fressen - SeriniDog","robots":{"index":"index","follow":"follow","max-snippet":"max-snippet:-1","max-image-preview":"max-image-preview:large","max-video-preview":"max-video-preview:-1"},"canonical":"https:\/\/serinidog.com\/de\/p\/20cm-plastiknapf-fuer-hunde-langsam-und-gesund-fressen\/","og_locale":"de_DE","og_type":"article","og_title":"20cm Plastiknapf f\u00fcr Hunde: langsam und gesund fressen - SeriniDog","og_description":"Sorgen Sie f\u00fcr eine bessere Verdauung Ihres Hundes mit unserem Anti-Speichel-Napf! Er ist so konzipiert, dass er die Nahrungsaufnahme verlangsamt und Gesundheitsproblemen wie Bl\u00e4hungen und Erbrechen vorbeugt. Mit Reliefmustern, die den Geist anregen, macht dieser Napf jede Mahlzeit zu einem unterhaltsamen und interessanten Erlebnis. Er ist leicht zu reinigen und in vielen attraktiven Farben erh\u00e4ltlich, so dass er sich perfekt in Ihr Zuhause einf\u00fcgt und gleichzeitig robust gegen Bisse ist. Investieren Sie in die Gesundheit und das Wohlbefinden Ihres treuen Begleiters. Machen Sie die F\u00fctterungszeiten noch heute zu einem gesunden und angenehmen Erlebnis!","og_url":"https:\/\/serinidog.com\/de\/p\/20cm-plastiknapf-fuer-hunde-langsam-und-gesund-fressen\/","og_site_name":"SeriniDog","article_modified_time":"2024-12-28T22:54:38+00:00","og_image":[{"width":800,"height":800,"url":"https:\/\/serinidog.com\/wp-content\/uploads\/2024\/11\/S1b7959ea787a49579771db197df31e37o.webp","type":"image\/webp"}],"twitter_card":"summary_large_image","twitter_misc":{"Verf\u00fcgbarkeit":"Auf Lager"},"schema":{"@context":"https:\/\/schema.org","@graph":[{"@type":"WebPage","@id":"https:\/\/serinidog.com\/de\/p\/20cm-plastiknapf-fuer-hunde-langsam-und-gesund-fressen\/","url":"https:\/\/serinidog.com\/de\/p\/20cm-plastiknapf-fuer-hunde-langsam-und-gesund-fressen\/","name":"20cm Plastiknapf f\u00fcr Hunde: langsam und gesund fressen - SeriniDog","isPartOf":{"@id":"https:\/\/serinidog.com\/de\/#website"},"primaryImageOfPage":{"@id":"https:\/\/serinidog.com\/de\/p\/20cm-plastiknapf-fuer-hunde-langsam-und-gesund-fressen\/#primaryimage"},"image":{"@id":"https:\/\/serinidog.com\/de\/p\/20cm-plastiknapf-fuer-hunde-langsam-und-gesund-fressen\/#primaryimage"},"thumbnailUrl":"https:\/\/serinidog.com\/wp-content\/uploads\/2024\/11\/S1b7959ea787a49579771db197df31e37o.webp","datePublished":"2024-11-30T16:12:42+00:00","dateModified":"2024-12-28T22:54:38+00:00","breadcrumb":{"@id":"https:\/\/serinidog.com\/de\/p\/20cm-plastiknapf-fuer-hunde-langsam-und-gesund-fressen\/#breadcrumb"},"inLanguage":"de","potentialAction":[{"@type":"ReadAction","target":["https:\/\/serinidog.com\/de\/p\/20cm-plastiknapf-fuer-hunde-langsam-und-gesund-fressen\/"]}]},{"@type":"ImageObject","inLanguage":"de","@id":"https:\/\/serinidog.com\/de\/p\/20cm-plastiknapf-fuer-hunde-langsam-und-gesund-fressen\/#primaryimage","url":"https:\/\/serinidog.com\/wp-content\/uploads\/2024\/11\/S1b7959ea787a49579771db197df31e37o.webp","contentUrl":"https:\/\/serinidog.com\/wp-content\/uploads\/2024\/11\/S1b7959ea787a49579771db197df31e37o.webp","width":800,"height":800},{"@type":"BreadcrumbList","@id":"https:\/\/serinidog.com\/de\/p\/20cm-plastiknapf-fuer-hunde-langsam-und-gesund-fressen\/#breadcrumb","itemListElement":[{"@type":"ListItem","position":1,"name":"Accueil","item":"https:\/\/serinidog.com\/de\/"},{"@type":"ListItem","position":2,"name":"Boutique","item":"https:\/\/serinidog.com\/shop\/"},{"@type":"ListItem","position":3,"name":"Hundenapf","item":"https:\/\/serinidog.com\/de\/c\/hundenapf\/"},{"@type":"ListItem","position":4,"name":"Anti-Grizzly-N\u00e4pfe","item":"https:\/\/serinidog.com\/de\/c\/anti-grizzly-napfe\/"},{"@type":"ListItem","position":5,"name":"20cm Plastiknapf f\u00fcr Hunde: langsam und gesund fressen"}]},{"@type":"WebSite","@id":"https:\/\/serinidog.com\/de\/#website","url":"https:\/\/serinidog.com\/de\/","name":"SeriniDog","description":"Shop pour chien","potentialAction":[{"@type":"SearchAction","target":{"@type":"EntryPoint","urlTemplate":"https:\/\/serinidog.com\/de\/?s={search_term_string}"},"query-input":{"@type":"PropertyValueSpecification","valueRequired":true,"valueName":"search_term_string"}}],"inLanguage":"de"}]},"og_availability":"instock","product_availability":"instock","product_retailer_item_id":"ct5jit69khh000a5p1dg","product_condition":"new"},"_links":{"self":[{"href":"https:\/\/serinidog.com\/de\/wp-json\/wp\/v2\/product\/9883","targetHints":{"allow":["GET"]}}],"collection":[{"href":"https:\/\/serinidog.com\/de\/wp-json\/wp\/v2\/product"}],"about":[{"href":"https:\/\/serinidog.com\/de\/wp-json\/wp\/v2\/types\/product"}],"replies":[{"embeddable":true,"href":"https:\/\/serinidog.com\/de\/wp-json\/wp\/v2\/comments?post=9883"}],"wp:featuredmedia":[{"embeddable":true,"href":"https:\/\/serinidog.com\/de\/wp-json\/wp\/v2\/media\/5241"}],"wp:attachment":[{"href":"https:\/\/serinidog.com\/de\/wp-json\/wp\/v2\/media?parent=9883"}],"wp:term":[{"taxonomy":"product_brand","embeddable":true,"href":"https:\/\/serinidog.com\/de\/wp-json\/wp\/v2\/product_brand?post=9883"},{"taxonomy":"product_cat","embeddable":true,"href":"https:\/\/serinidog.com\/de\/wp-json\/wp\/v2\/product_cat?post=9883"},{"taxonomy":"product_tag","embeddable":true,"href":"https:\/\/serinidog.com\/de\/wp-json\/wp\/v2\/product_tag?post=9883"}],"curies":[{"name":"wp","href":"https:\/\/api.w.org\/{rel}","templated":true}]}}