{"id":9948,"date":"2024-05-13T21:19:01","date_gmt":"2024-05-13T21:19:01","guid":{"rendered":"https:\/\/serinidog.com\/p\/serinidog-anti-traktionsgeschirr\/"},"modified":"2024-12-28T21:50:01","modified_gmt":"2024-12-28T21:50:01","slug":"serinidog-anti-traktionsgeschirr","status":"publish","type":"product","link":"https:\/\/serinidog.com\/de\/p\/serinidog-anti-traktionsgeschirr\/","title":{"rendered":"SeriniDog Anti-Traktionsgeschirr"},"content":{"rendered":"<div class=\"min-h-[20px] text-message flex flex-col items-start whitespace-pre-wrap break-words [.text-message+&amp;]:mt-5 juice:w-full juice:items-end overflow-x-auto gap-2\" dir=\"auto\" data-message-author-role=\"assistant\" data-message-id=\"e5b29027-4f54-4969-94d7-b28c94d3a17d\">\n<div class=\"flex w-full flex-col gap-1 juice:empty:hidden juice:first:pt-[3px]\">\n<div class=\"markdown prose w-full break-words dark:prose-invert light\">\n<h2>Hauptmerkmale :<\/h2>\n<ul>\n<li><strong>Verf\u00fcgbare Gr\u00f6\u00dfen:<\/strong> S, M, L, XL (bitte beachten Sie unseren Gr\u00f6\u00dfenf\u00fchrer, um die perfekte Gr\u00f6\u00dfe f\u00fcr Ihren Hund zu finden)<\/li>\n<li><strong>Material:<\/strong> Hochwertiges Nylongurtband mit weicher Netzpolsterung<\/li>\n<li><strong>Farbe:<\/strong> Schwarz<\/li>\n<\/ul>\n<h2>Hauptvorteile :<\/h2>\n<ul>\n<li><strong>Sicherheit und Sichtbarkeit:<\/strong> Sorgen Sie mit den reflektierenden Streifen f\u00fcr die Sicherheit Ihres Hundes bei n\u00e4chtlichen Spazierg\u00e4ngen.<\/li>\n<li><strong>Komfort und Ergonomie:<\/strong> Ein Design, das auf das Wohlbefinden Ihres Hundes und Ihren Komfort bei Spazierg\u00e4ngen ausgerichtet ist.<\/li>\n<li><strong>Robustheit und Langlebigkeit:<\/strong> Hochwertige Materialien f\u00fcr eine au\u00dfergew\u00f6hnliche <strong>Langlebigkeit<\/strong>.<\/li>\n<li><strong>Alltagstauglichkeit:<\/strong> Einfach zu verwenden und f\u00fcr alle Situationen geeignet.<\/li>\n<li><strong>Anti-Traktionskontrolle:<\/strong> Ideal f\u00fcr Hunde, die zum Ziehen neigen, was den Spaziergang angenehmer gestaltet.<\/li>\n<li><strong>Geeignet f\u00fcr alle Rassen<\/strong>: Ein vielseitiges Geschirr, das sich an alle Hunderassen anpasst.<\/li>\n<li><strong>Alle Wetterbedingungen<\/strong>: Entworfen f\u00fcr den Gebrauch in allen Jahreszeiten, unabh\u00e4ngig von den Wetterbedingungen.<\/li>\n<\/ul>\n<p><img loading=\"lazy\" decoding=\"async\" class=\"wp-image-2350 size-large aligncenter\" src=\"https:\/\/serinidog.com\/wp-content\/uploads\/2024\/05\/Taille-du-harnais-1024x1024.jpeg\" alt=\"\" width=\"1024\" height=\"1024\" srcset=\"https:\/\/serinidog.com\/wp-content\/uploads\/2024\/05\/Taille-du-harnais-1024x1024.jpeg 1024w, https:\/\/serinidog.com\/wp-content\/uploads\/2024\/05\/Taille-du-harnais-300x300.jpeg 300w, https:\/\/serinidog.com\/wp-content\/uploads\/2024\/05\/Taille-du-harnais-150x150.jpeg 150w, https:\/\/serinidog.com\/wp-content\/uploads\/2024\/05\/Taille-du-harnais-768x768.jpeg 768w, https:\/\/serinidog.com\/wp-content\/uploads\/2024\/05\/Taille-du-harnais-600x600.jpeg 600w, https:\/\/serinidog.com\/wp-content\/uploads\/2024\/05\/Taille-du-harnais-100x100.jpeg 100w, https:\/\/serinidog.com\/wp-content\/uploads\/2024\/05\/Taille-du-harnais.jpeg 1080w\" sizes=\"auto, (max-width: 1024px) 100vw, 1024px\" \/><\/p>\n<\/div>\n<\/div>\n<\/div>\n<div class=\"min-h-[20px] text-message flex flex-col items-start whitespace-pre-wrap break-words [.text-message+&amp;]:mt-5 juice:w-full juice:items-end overflow-x-auto gap-2\" dir=\"auto\" data-message-author-role=\"assistant\" data-message-id=\"8daa5ab0-6850-406b-8306-a6fd390419c7\">\n<div class=\"flex w-full flex-col gap-1 juice:empty:hidden juice:first:pt-[3px]\">\n<div class=\"markdown prose w-full break-words dark:prose-invert light\">\n<h2>Warum sollten Sie sich f\u00fcr unser Anti-Traktionsgeschirr entscheiden?<\/h2>\n<p>Entscheiden Sie sich f\u00fcr ein Hundegeschirr, das Sicherheit, Komfort und Kontrolle miteinander verbindet. Ob f\u00fcr einen Abendspaziergang oder ein Abenteuer am Tag, dieses Geschirr ist die ideale Wahl f\u00fcr alle Hundebesitzer, die sich um das Wohlbefinden und die Sicherheit ihres vierbeinigen Freundes sorgen. <\/p>\n<p><strong>F\u00fcgen Sie dieses Zugentlastungsgeschirr jetzt Ihrem Einkaufskorb hinzu und verbessern Sie das Spaziergangserlebnis Ihres Hundes!<\/strong><\/p>\n<\/div>\n<\/div>\n<\/div>\n","protected":false},"excerpt":{"rendered":"<p>Lieferung: 48-72 Stunden<\/p>\n<p><a href=\"https:\/\/serinidog.com\/wp-content\/uploads\/2024\/05\/Taille-du-harnais.jpeg\" target=\"_blank\" rel=\"noopener\">Gr\u00f6\u00dfenf\u00fchrer<\/a><\/p>\n","protected":false},"featured_media":7481,"comment_status":"open","ping_status":"closed","template":"","meta":[],"product_brand":[76],"product_cat":[220],"product_tag":[],"class_list":{"0":"post-9948","1":"product","2":"type-product","3":"status-publish","4":"has-post-thumbnail","6":"product_brand-serinidog","7":"product_cat-hundegeschirr","8":"sales-flash-overlay","9":"woocommerce-text-align-left","10":"woocommerce-image-align-center","11":"do-quantity-buttons","12":"wc-has-gallery","14":"first","15":"instock","16":"taxable","17":"shipping-taxable","18":"purchasable","19":"product-type-variable","20":"has-default-attributes"},"yoast_head":"<!-- This site is optimized with the Yoast SEO Premium plugin v23.4 (Yoast SEO v27.5) - https:\/\/yoast.com\/product\/yoast-seo-premium-wordpress\/ -->\n<title>SeriniDog Anti-Traktionsgeschirr - SeriniDog<\/title>\n<meta name=\"robots\" content=\"index, follow, max-snippet:-1, max-image-preview:large, max-video-preview:-1\" \/>\n<link rel=\"canonical\" href=\"https:\/\/serinidog.com\/de\/p\/serinidog-anti-traktionsgeschirr\/\" \/>\n<meta property=\"og:locale\" content=\"de_DE\" \/>\n<meta property=\"og:type\" content=\"article\" \/>\n<meta property=\"og:title\" content=\"SeriniDog Anti-Traktionsgeschirr - SeriniDog\" \/>\n<meta property=\"og:description\" content=\"Lieferung: 48-72 Stunden Gr\u00f6\u00dfenf\u00fchrer\" \/>\n<meta property=\"og:url\" content=\"https:\/\/serinidog.com\/de\/p\/serinidog-anti-traktionsgeschirr\/\" \/>\n<meta property=\"og:site_name\" content=\"SeriniDog\" \/>\n<meta property=\"article:modified_time\" content=\"2024-12-28T21:50:01+00:00\" \/>\n<meta property=\"og:image\" content=\"https:\/\/serinidog.com\/wp-content\/uploads\/2024\/05\/petit-harnais-1.webp\" \/>\n\t<meta property=\"og:image:width\" content=\"1024\" \/>\n\t<meta property=\"og:image:height\" content=\"1024\" \/>\n\t<meta property=\"og:image:type\" content=\"image\/webp\" \/>\n<meta name=\"twitter:card\" content=\"summary_large_image\" \/>\n<meta name=\"twitter:label1\" content=\"Verf\u00fcgbarkeit\" \/>\n\t<meta name=\"twitter:data1\" content=\"Auf Lager\" \/>\n<script type=\"application\/ld+json\" class=\"yoast-schema-graph\">{\"@context\":\"https:\\\/\\\/schema.org\",\"@graph\":[{\"@type\":\"WebPage\",\"@id\":\"https:\\\/\\\/serinidog.com\\\/de\\\/p\\\/serinidog-anti-traktionsgeschirr\\\/\",\"url\":\"https:\\\/\\\/serinidog.com\\\/de\\\/p\\\/serinidog-anti-traktionsgeschirr\\\/\",\"name\":\"SeriniDog Anti-Traktionsgeschirr - SeriniDog\",\"isPartOf\":{\"@id\":\"https:\\\/\\\/serinidog.com\\\/de\\\/#website\"},\"primaryImageOfPage\":{\"@id\":\"https:\\\/\\\/serinidog.com\\\/de\\\/p\\\/serinidog-anti-traktionsgeschirr\\\/#primaryimage\"},\"image\":{\"@id\":\"https:\\\/\\\/serinidog.com\\\/de\\\/p\\\/serinidog-anti-traktionsgeschirr\\\/#primaryimage\"},\"thumbnailUrl\":\"https:\\\/\\\/serinidog.com\\\/wp-content\\\/uploads\\\/2024\\\/05\\\/petit-harnais-1.webp\",\"datePublished\":\"2024-05-13T21:19:01+00:00\",\"dateModified\":\"2024-12-28T21:50:01+00:00\",\"breadcrumb\":{\"@id\":\"https:\\\/\\\/serinidog.com\\\/de\\\/p\\\/serinidog-anti-traktionsgeschirr\\\/#breadcrumb\"},\"inLanguage\":\"de\",\"potentialAction\":[{\"@type\":\"ReadAction\",\"target\":[\"https:\\\/\\\/serinidog.com\\\/de\\\/p\\\/serinidog-anti-traktionsgeschirr\\\/\"]}]},{\"@type\":\"ImageObject\",\"inLanguage\":\"de\",\"@id\":\"https:\\\/\\\/serinidog.com\\\/de\\\/p\\\/serinidog-anti-traktionsgeschirr\\\/#primaryimage\",\"url\":\"https:\\\/\\\/serinidog.com\\\/wp-content\\\/uploads\\\/2024\\\/05\\\/petit-harnais-1.webp\",\"contentUrl\":\"https:\\\/\\\/serinidog.com\\\/wp-content\\\/uploads\\\/2024\\\/05\\\/petit-harnais-1.webp\",\"width\":1024,\"height\":1024},{\"@type\":\"BreadcrumbList\",\"@id\":\"https:\\\/\\\/serinidog.com\\\/de\\\/p\\\/serinidog-anti-traktionsgeschirr\\\/#breadcrumb\",\"itemListElement\":[{\"@type\":\"ListItem\",\"position\":1,\"name\":\"Accueil\",\"item\":\"https:\\\/\\\/serinidog.com\\\/de\\\/\"},{\"@type\":\"ListItem\",\"position\":2,\"name\":\"Boutique\",\"item\":\"https:\\\/\\\/serinidog.com\\\/shop\\\/\"},{\"@type\":\"ListItem\",\"position\":3,\"name\":\"Hundegeschirr\",\"item\":\"https:\\\/\\\/serinidog.com\\\/de\\\/c\\\/hundegeschirr\\\/\"},{\"@type\":\"ListItem\",\"position\":4,\"name\":\"SeriniDog Anti-Traktionsgeschirr\"}]},{\"@type\":\"WebSite\",\"@id\":\"https:\\\/\\\/serinidog.com\\\/de\\\/#website\",\"url\":\"https:\\\/\\\/serinidog.com\\\/de\\\/\",\"name\":\"SeriniDog\",\"description\":\"Shop pour chien\",\"potentialAction\":[{\"@type\":\"SearchAction\",\"target\":{\"@type\":\"EntryPoint\",\"urlTemplate\":\"https:\\\/\\\/serinidog.com\\\/de\\\/?s={search_term_string}\"},\"query-input\":{\"@type\":\"PropertyValueSpecification\",\"valueRequired\":true,\"valueName\":\"search_term_string\"}}],\"inLanguage\":\"de\"}]}<\/script>\n<meta property=\"product:brand\" content=\"Serinidog\" \/>\n<meta property=\"og:availability\" content=\"instock\" \/>\n<meta property=\"product:availability\" content=\"instock\" \/>\n<meta property=\"product:condition\" content=\"new\" \/>\n<!-- \/ Yoast SEO Premium plugin. -->","yoast_head_json":{"title":"SeriniDog Anti-Traktionsgeschirr - SeriniDog","robots":{"index":"index","follow":"follow","max-snippet":"max-snippet:-1","max-image-preview":"max-image-preview:large","max-video-preview":"max-video-preview:-1"},"canonical":"https:\/\/serinidog.com\/de\/p\/serinidog-anti-traktionsgeschirr\/","og_locale":"de_DE","og_type":"article","og_title":"SeriniDog Anti-Traktionsgeschirr - SeriniDog","og_description":"Lieferung: 48-72 Stunden Gr\u00f6\u00dfenf\u00fchrer","og_url":"https:\/\/serinidog.com\/de\/p\/serinidog-anti-traktionsgeschirr\/","og_site_name":"SeriniDog","article_modified_time":"2024-12-28T21:50:01+00:00","og_image":[{"width":1024,"height":1024,"url":"https:\/\/serinidog.com\/wp-content\/uploads\/2024\/05\/petit-harnais-1.webp","type":"image\/webp"}],"twitter_card":"summary_large_image","twitter_misc":{"Verf\u00fcgbarkeit":"Auf Lager"},"schema":{"@context":"https:\/\/schema.org","@graph":[{"@type":"WebPage","@id":"https:\/\/serinidog.com\/de\/p\/serinidog-anti-traktionsgeschirr\/","url":"https:\/\/serinidog.com\/de\/p\/serinidog-anti-traktionsgeschirr\/","name":"SeriniDog Anti-Traktionsgeschirr - SeriniDog","isPartOf":{"@id":"https:\/\/serinidog.com\/de\/#website"},"primaryImageOfPage":{"@id":"https:\/\/serinidog.com\/de\/p\/serinidog-anti-traktionsgeschirr\/#primaryimage"},"image":{"@id":"https:\/\/serinidog.com\/de\/p\/serinidog-anti-traktionsgeschirr\/#primaryimage"},"thumbnailUrl":"https:\/\/serinidog.com\/wp-content\/uploads\/2024\/05\/petit-harnais-1.webp","datePublished":"2024-05-13T21:19:01+00:00","dateModified":"2024-12-28T21:50:01+00:00","breadcrumb":{"@id":"https:\/\/serinidog.com\/de\/p\/serinidog-anti-traktionsgeschirr\/#breadcrumb"},"inLanguage":"de","potentialAction":[{"@type":"ReadAction","target":["https:\/\/serinidog.com\/de\/p\/serinidog-anti-traktionsgeschirr\/"]}]},{"@type":"ImageObject","inLanguage":"de","@id":"https:\/\/serinidog.com\/de\/p\/serinidog-anti-traktionsgeschirr\/#primaryimage","url":"https:\/\/serinidog.com\/wp-content\/uploads\/2024\/05\/petit-harnais-1.webp","contentUrl":"https:\/\/serinidog.com\/wp-content\/uploads\/2024\/05\/petit-harnais-1.webp","width":1024,"height":1024},{"@type":"BreadcrumbList","@id":"https:\/\/serinidog.com\/de\/p\/serinidog-anti-traktionsgeschirr\/#breadcrumb","itemListElement":[{"@type":"ListItem","position":1,"name":"Accueil","item":"https:\/\/serinidog.com\/de\/"},{"@type":"ListItem","position":2,"name":"Boutique","item":"https:\/\/serinidog.com\/shop\/"},{"@type":"ListItem","position":3,"name":"Hundegeschirr","item":"https:\/\/serinidog.com\/de\/c\/hundegeschirr\/"},{"@type":"ListItem","position":4,"name":"SeriniDog Anti-Traktionsgeschirr"}]},{"@type":"WebSite","@id":"https:\/\/serinidog.com\/de\/#website","url":"https:\/\/serinidog.com\/de\/","name":"SeriniDog","description":"Shop pour chien","potentialAction":[{"@type":"SearchAction","target":{"@type":"EntryPoint","urlTemplate":"https:\/\/serinidog.com\/de\/?s={search_term_string}"},"query-input":{"@type":"PropertyValueSpecification","valueRequired":true,"valueName":"search_term_string"}}],"inLanguage":"de"}]},"product_brand":"Serinidog","og_availability":"instock","product_availability":"instock","product_condition":"new"},"_links":{"self":[{"href":"https:\/\/serinidog.com\/de\/wp-json\/wp\/v2\/product\/9948","targetHints":{"allow":["GET"]}}],"collection":[{"href":"https:\/\/serinidog.com\/de\/wp-json\/wp\/v2\/product"}],"about":[{"href":"https:\/\/serinidog.com\/de\/wp-json\/wp\/v2\/types\/product"}],"replies":[{"embeddable":true,"href":"https:\/\/serinidog.com\/de\/wp-json\/wp\/v2\/comments?post=9948"}],"wp:featuredmedia":[{"embeddable":true,"href":"https:\/\/serinidog.com\/de\/wp-json\/wp\/v2\/media\/7481"}],"wp:attachment":[{"href":"https:\/\/serinidog.com\/de\/wp-json\/wp\/v2\/media?parent=9948"}],"wp:term":[{"taxonomy":"product_brand","embeddable":true,"href":"https:\/\/serinidog.com\/de\/wp-json\/wp\/v2\/product_brand?post=9948"},{"taxonomy":"product_cat","embeddable":true,"href":"https:\/\/serinidog.com\/de\/wp-json\/wp\/v2\/product_cat?post=9948"},{"taxonomy":"product_tag","embeddable":true,"href":"https:\/\/serinidog.com\/de\/wp-json\/wp\/v2\/product_tag?post=9948"}],"curies":[{"name":"wp","href":"https:\/\/api.w.org\/{rel}","templated":true}]}}