{"id":9247,"date":"2024-12-09T21:10:10","date_gmt":"2024-12-09T21:10:10","guid":{"rendered":"https:\/\/serinidog.com\/p\/arnes-en-forma-de-t-para-perros-comodidad-y-control-para-todos-los-tamanos-y-razas\/"},"modified":"2024-12-28T22:04:30","modified_gmt":"2024-12-28T22:04:30","slug":"arnes-en-forma-de-t-para-perros-comodidad-y-control-para-todos-los-tamanos-y-razas","status":"publish","type":"product","link":"https:\/\/serinidog.com\/es\/p\/arnes-en-forma-de-t-para-perros-comodidad-y-control-para-todos-los-tamanos-y-razas\/","title":{"rendered":"Arn\u00e9s en forma de T para perros: comodidad y control para todos los tama\u00f1os y razas"},"content":{"rendered":"<h2 id=\"harnais-en-t-pour-chien--confort-et-contr\u00f4le\">Arn\u00e9s en T<\/h2>\n<p>El arn\u00e9s para perros en forma de T es el accesorio ideal para mantener a tu amigo de cuatro patas c\u00f3modo y seguro cuando est\u00e1 fuera de casa. Dise\u00f1ado para ofrecer un control \u00f3ptimo, este arn\u00e9s es perfecto para perros de todos los tama\u00f1os y razas. <\/p>\n<h3 id=\"design-ergonomique-et-mat\u00e9riaux-respirants\">Dise\u00f1o ergon\u00f3mico y materiales transpirables<\/h3>\n<p>Este arn\u00e9s en forma de T presenta un dise\u00f1o ergon\u00f3mico que se adapta perfectamente al cuerpo del perro, distribuyendo la presi\u00f3n uniformemente para evitar molestias. Los materiales utilizados, suaves mezclas de poli\u00e9ster, son a la vez resistentes y transpirables, lo que garantiza un alto nivel de comodidad incluso despu\u00e9s de largos paseos. <\/p>\n<h3 id=\"facilit\u00e9-dutilisation\">Facilidad de uso<\/h3>\n<p>Una de las grandes ventajas de este arn\u00e9s es su facilidad de uso. Tiene hebillas ajustables que permiten pon\u00e9rselo y quit\u00e1rselo r\u00e1pidamente, una ventaja para los due\u00f1os de perros activos. <\/p>\n<ul>\n<li>Dise\u00f1o ergon\u00f3mico para mayor comodidad<\/li>\n<li>Materiales suaves y transpirables<\/li>\n<li>Hebillas ajustables para facilitar su uso<\/li>\n<\/ul>\n<h2 id=\"avantages-pour-le-confort-et-la-s\u00e9curit\u00e9\">Ventajas para el confort y la seguridad<\/h2>\n<p>Este arn\u00e9s en forma de T es una alternativa ideal a los collares tradicionales, sobre todo para los perros con tendencia a tirar:<\/p>\n<ol>\n<li><strong>Mayor comodidad<\/strong>: Reduce la presi\u00f3n sobre el cuello y se estira para evitar rozaduras.<\/li>\n<li><strong>Control mejorado<\/strong>: Ofrece un mayor control, sobre todo para perros grandes o que tiran.<\/li>\n<li><strong>Seguridad<\/strong>: Equipado con bandas reflectantes para una mejor visibilidad y una construcci\u00f3n s\u00f3lida para evitar que se escape.<\/li>\n<li><strong>Disponible en varios tama\u00f1os<\/strong>: adecuado para todas las razas, desde la m\u00e1s peque\u00f1a a la m\u00e1s grande.<\/li>\n<\/ol>\n<p>Para obtener m\u00e1s informaci\u00f3n sobre este producto y comprar con confianza, visita serinidog.com. Si no est\u00e1s completamente satisfecho, se aceptan devoluciones en un plazo de 14 d\u00edas a partir de la recepci\u00f3n. Descubre el arn\u00e9s en forma de T que combina est\u00e9tica, comodidad y seguridad para unos paseos inolvidables con tu perro.  <\/p>\n","protected":false},"excerpt":{"rendered":"<p>Dale a tu perro la comodidad y seguridad que se merece con nuestro arn\u00e9s en forma de T. Su dise\u00f1o ergon\u00f3mico se ajusta perfectamente al cuerpo de tu perro, distribuyendo la presi\u00f3n para evitar rozaduras. Fabricado con materiales transpirables, garantiza la m\u00e1xima comodidad incluso en largos paseos. Las hebillas ajustables facilitan su uso, ideal para due\u00f1os activos. Disfruta de un mejor control, especialmente para los perros que tiran, al tiempo que te beneficias de una mayor visibilidad gracias a las tiras reflectantes. \u00a1Haz tu pedido ahora en serinidog.com y disfruta de momentos inolvidables con tu amigo de cuatro patas!    <\/p>\n","protected":false},"featured_media":6644,"comment_status":"open","ping_status":"closed","template":"","meta":[],"product_brand":[],"product_cat":[219],"product_tag":[],"class_list":{"0":"post-9247","1":"product","2":"type-product","3":"status-publish","4":"has-post-thumbnail","6":"product_cat-arnes-para-perros","7":"sales-flash-overlay","8":"woocommerce-text-align-left","9":"woocommerce-image-align-center","10":"do-quantity-buttons","12":"first","13":"instock","14":"taxable","15":"shipping-taxable","16":"purchasable","17":"product-type-variable","18":"has-default-attributes"},"yoast_head":"<!-- This site is optimized with the Yoast SEO Premium plugin v23.4 (Yoast SEO v27.4) - https:\/\/yoast.com\/product\/yoast-seo-premium-wordpress\/ -->\n<title>Arn\u00e9s en forma de T para perros: comodidad y control para todos los tama\u00f1os y razas - SeriniDog<\/title>\n<meta name=\"robots\" content=\"index, follow, max-snippet:-1, max-image-preview:large, max-video-preview:-1\" \/>\n<link rel=\"canonical\" href=\"https:\/\/serinidog.com\/es\/p\/arnes-en-forma-de-t-para-perros-comodidad-y-control-para-todos-los-tamanos-y-razas\/\" \/>\n<meta property=\"og:locale\" content=\"es_ES\" \/>\n<meta property=\"og:type\" content=\"article\" \/>\n<meta property=\"og:title\" content=\"Arn\u00e9s en forma de T para perros: comodidad y control para todos los tama\u00f1os y razas - SeriniDog\" \/>\n<meta property=\"og:description\" content=\"Dale a tu perro la comodidad y seguridad que se merece con nuestro arn\u00e9s en forma de T. Su dise\u00f1o ergon\u00f3mico se ajusta perfectamente al cuerpo de tu perro, distribuyendo la presi\u00f3n para evitar rozaduras. Fabricado con materiales transpirables, garantiza la m\u00e1xima comodidad incluso en largos paseos. Las hebillas ajustables facilitan su uso, ideal para due\u00f1os activos. Disfruta de un mejor control, especialmente para los perros que tiran, al tiempo que te beneficias de una mayor visibilidad gracias a las tiras reflectantes. \u00a1Haz tu pedido ahora en serinidog.com y disfruta de momentos inolvidables con tu amigo de cuatro patas!\" \/>\n<meta property=\"og:url\" content=\"https:\/\/serinidog.com\/es\/p\/arnes-en-forma-de-t-para-perros-comodidad-y-control-para-todos-los-tamanos-y-razas\/\" \/>\n<meta property=\"og:site_name\" content=\"SeriniDog\" \/>\n<meta property=\"article:modified_time\" content=\"2024-12-28T22:04:30+00:00\" \/>\n<meta property=\"og:image\" content=\"https:\/\/serinidog.com\/wp-content\/uploads\/2024\/12\/S8d7a45c36ea245fa87abedb812b9a665S.webp\" \/>\n\t<meta property=\"og:image:width\" content=\"800\" \/>\n\t<meta property=\"og:image:height\" content=\"800\" \/>\n\t<meta property=\"og:image:type\" content=\"image\/webp\" \/>\n<meta name=\"twitter:card\" content=\"summary_large_image\" \/>\n<meta name=\"twitter:label1\" content=\"Disponibilidad\" \/>\n\t<meta name=\"twitter:data1\" content=\"Disponible\" \/>\n<script type=\"application\/ld+json\" class=\"yoast-schema-graph\">{\"@context\":\"https:\\\/\\\/schema.org\",\"@graph\":[{\"@type\":\"WebPage\",\"@id\":\"https:\\\/\\\/serinidog.com\\\/es\\\/p\\\/arnes-en-forma-de-t-para-perros-comodidad-y-control-para-todos-los-tamanos-y-razas\\\/\",\"url\":\"https:\\\/\\\/serinidog.com\\\/es\\\/p\\\/arnes-en-forma-de-t-para-perros-comodidad-y-control-para-todos-los-tamanos-y-razas\\\/\",\"name\":\"Arn\u00e9s en forma de T para perros: comodidad y control para todos los tama\u00f1os y razas - SeriniDog\",\"isPartOf\":{\"@id\":\"https:\\\/\\\/serinidog.com\\\/es\\\/#website\"},\"primaryImageOfPage\":{\"@id\":\"https:\\\/\\\/serinidog.com\\\/es\\\/p\\\/arnes-en-forma-de-t-para-perros-comodidad-y-control-para-todos-los-tamanos-y-razas\\\/#primaryimage\"},\"image\":{\"@id\":\"https:\\\/\\\/serinidog.com\\\/es\\\/p\\\/arnes-en-forma-de-t-para-perros-comodidad-y-control-para-todos-los-tamanos-y-razas\\\/#primaryimage\"},\"thumbnailUrl\":\"https:\\\/\\\/serinidog.com\\\/wp-content\\\/uploads\\\/2024\\\/12\\\/S8d7a45c36ea245fa87abedb812b9a665S.webp\",\"datePublished\":\"2024-12-09T21:10:10+00:00\",\"dateModified\":\"2024-12-28T22:04:30+00:00\",\"breadcrumb\":{\"@id\":\"https:\\\/\\\/serinidog.com\\\/es\\\/p\\\/arnes-en-forma-de-t-para-perros-comodidad-y-control-para-todos-los-tamanos-y-razas\\\/#breadcrumb\"},\"inLanguage\":\"es\",\"potentialAction\":[{\"@type\":\"ReadAction\",\"target\":[\"https:\\\/\\\/serinidog.com\\\/es\\\/p\\\/arnes-en-forma-de-t-para-perros-comodidad-y-control-para-todos-los-tamanos-y-razas\\\/\"]}]},{\"@type\":\"ImageObject\",\"inLanguage\":\"es\",\"@id\":\"https:\\\/\\\/serinidog.com\\\/es\\\/p\\\/arnes-en-forma-de-t-para-perros-comodidad-y-control-para-todos-los-tamanos-y-razas\\\/#primaryimage\",\"url\":\"https:\\\/\\\/serinidog.com\\\/wp-content\\\/uploads\\\/2024\\\/12\\\/S8d7a45c36ea245fa87abedb812b9a665S.webp\",\"contentUrl\":\"https:\\\/\\\/serinidog.com\\\/wp-content\\\/uploads\\\/2024\\\/12\\\/S8d7a45c36ea245fa87abedb812b9a665S.webp\",\"width\":800,\"height\":800},{\"@type\":\"BreadcrumbList\",\"@id\":\"https:\\\/\\\/serinidog.com\\\/es\\\/p\\\/arnes-en-forma-de-t-para-perros-comodidad-y-control-para-todos-los-tamanos-y-razas\\\/#breadcrumb\",\"itemListElement\":[{\"@type\":\"ListItem\",\"position\":1,\"name\":\"Accueil\",\"item\":\"https:\\\/\\\/serinidog.com\\\/es\\\/\"},{\"@type\":\"ListItem\",\"position\":2,\"name\":\"Boutique\",\"item\":\"https:\\\/\\\/serinidog.com\\\/shop\\\/\"},{\"@type\":\"ListItem\",\"position\":3,\"name\":\"Arn\u00e9s para perros\",\"item\":\"https:\\\/\\\/serinidog.com\\\/es\\\/c\\\/arnes-para-perros\\\/\"},{\"@type\":\"ListItem\",\"position\":4,\"name\":\"Arn\u00e9s en forma de T para perros: comodidad y control para todos los tama\u00f1os y razas\"}]},{\"@type\":\"WebSite\",\"@id\":\"https:\\\/\\\/serinidog.com\\\/es\\\/#website\",\"url\":\"https:\\\/\\\/serinidog.com\\\/es\\\/\",\"name\":\"SeriniDog\",\"description\":\"Shop pour chien\",\"potentialAction\":[{\"@type\":\"SearchAction\",\"target\":{\"@type\":\"EntryPoint\",\"urlTemplate\":\"https:\\\/\\\/serinidog.com\\\/es\\\/?s={search_term_string}\"},\"query-input\":{\"@type\":\"PropertyValueSpecification\",\"valueRequired\":true,\"valueName\":\"search_term_string\"}}],\"inLanguage\":\"es\"}]}<\/script>\n<meta property=\"og:availability\" content=\"instock\" \/>\n<meta property=\"product:availability\" content=\"instock\" \/>\n<meta property=\"product:retailer_item_id\" content=\"ctblp3u3ieqg00abd7mg\" \/>\n<meta property=\"product:condition\" content=\"new\" \/>\n<!-- \/ Yoast SEO Premium plugin. -->","yoast_head_json":{"title":"Arn\u00e9s en forma de T para perros: comodidad y control para todos los tama\u00f1os y razas - SeriniDog","robots":{"index":"index","follow":"follow","max-snippet":"max-snippet:-1","max-image-preview":"max-image-preview:large","max-video-preview":"max-video-preview:-1"},"canonical":"https:\/\/serinidog.com\/es\/p\/arnes-en-forma-de-t-para-perros-comodidad-y-control-para-todos-los-tamanos-y-razas\/","og_locale":"es_ES","og_type":"article","og_title":"Arn\u00e9s en forma de T para perros: comodidad y control para todos los tama\u00f1os y razas - SeriniDog","og_description":"Dale a tu perro la comodidad y seguridad que se merece con nuestro arn\u00e9s en forma de T. Su dise\u00f1o ergon\u00f3mico se ajusta perfectamente al cuerpo de tu perro, distribuyendo la presi\u00f3n para evitar rozaduras. Fabricado con materiales transpirables, garantiza la m\u00e1xima comodidad incluso en largos paseos. Las hebillas ajustables facilitan su uso, ideal para due\u00f1os activos. Disfruta de un mejor control, especialmente para los perros que tiran, al tiempo que te beneficias de una mayor visibilidad gracias a las tiras reflectantes. \u00a1Haz tu pedido ahora en serinidog.com y disfruta de momentos inolvidables con tu amigo de cuatro patas!","og_url":"https:\/\/serinidog.com\/es\/p\/arnes-en-forma-de-t-para-perros-comodidad-y-control-para-todos-los-tamanos-y-razas\/","og_site_name":"SeriniDog","article_modified_time":"2024-12-28T22:04:30+00:00","og_image":[{"width":800,"height":800,"url":"https:\/\/serinidog.com\/wp-content\/uploads\/2024\/12\/S8d7a45c36ea245fa87abedb812b9a665S.webp","type":"image\/webp"}],"twitter_card":"summary_large_image","twitter_misc":{"Disponibilidad":"Disponible"},"schema":{"@context":"https:\/\/schema.org","@graph":[{"@type":"WebPage","@id":"https:\/\/serinidog.com\/es\/p\/arnes-en-forma-de-t-para-perros-comodidad-y-control-para-todos-los-tamanos-y-razas\/","url":"https:\/\/serinidog.com\/es\/p\/arnes-en-forma-de-t-para-perros-comodidad-y-control-para-todos-los-tamanos-y-razas\/","name":"Arn\u00e9s en forma de T para perros: comodidad y control para todos los tama\u00f1os y razas - SeriniDog","isPartOf":{"@id":"https:\/\/serinidog.com\/es\/#website"},"primaryImageOfPage":{"@id":"https:\/\/serinidog.com\/es\/p\/arnes-en-forma-de-t-para-perros-comodidad-y-control-para-todos-los-tamanos-y-razas\/#primaryimage"},"image":{"@id":"https:\/\/serinidog.com\/es\/p\/arnes-en-forma-de-t-para-perros-comodidad-y-control-para-todos-los-tamanos-y-razas\/#primaryimage"},"thumbnailUrl":"https:\/\/serinidog.com\/wp-content\/uploads\/2024\/12\/S8d7a45c36ea245fa87abedb812b9a665S.webp","datePublished":"2024-12-09T21:10:10+00:00","dateModified":"2024-12-28T22:04:30+00:00","breadcrumb":{"@id":"https:\/\/serinidog.com\/es\/p\/arnes-en-forma-de-t-para-perros-comodidad-y-control-para-todos-los-tamanos-y-razas\/#breadcrumb"},"inLanguage":"es","potentialAction":[{"@type":"ReadAction","target":["https:\/\/serinidog.com\/es\/p\/arnes-en-forma-de-t-para-perros-comodidad-y-control-para-todos-los-tamanos-y-razas\/"]}]},{"@type":"ImageObject","inLanguage":"es","@id":"https:\/\/serinidog.com\/es\/p\/arnes-en-forma-de-t-para-perros-comodidad-y-control-para-todos-los-tamanos-y-razas\/#primaryimage","url":"https:\/\/serinidog.com\/wp-content\/uploads\/2024\/12\/S8d7a45c36ea245fa87abedb812b9a665S.webp","contentUrl":"https:\/\/serinidog.com\/wp-content\/uploads\/2024\/12\/S8d7a45c36ea245fa87abedb812b9a665S.webp","width":800,"height":800},{"@type":"BreadcrumbList","@id":"https:\/\/serinidog.com\/es\/p\/arnes-en-forma-de-t-para-perros-comodidad-y-control-para-todos-los-tamanos-y-razas\/#breadcrumb","itemListElement":[{"@type":"ListItem","position":1,"name":"Accueil","item":"https:\/\/serinidog.com\/es\/"},{"@type":"ListItem","position":2,"name":"Boutique","item":"https:\/\/serinidog.com\/shop\/"},{"@type":"ListItem","position":3,"name":"Arn\u00e9s para perros","item":"https:\/\/serinidog.com\/es\/c\/arnes-para-perros\/"},{"@type":"ListItem","position":4,"name":"Arn\u00e9s en forma de T para perros: comodidad y control para todos los tama\u00f1os y razas"}]},{"@type":"WebSite","@id":"https:\/\/serinidog.com\/es\/#website","url":"https:\/\/serinidog.com\/es\/","name":"SeriniDog","description":"Shop pour chien","potentialAction":[{"@type":"SearchAction","target":{"@type":"EntryPoint","urlTemplate":"https:\/\/serinidog.com\/es\/?s={search_term_string}"},"query-input":{"@type":"PropertyValueSpecification","valueRequired":true,"valueName":"search_term_string"}}],"inLanguage":"es"}]},"og_availability":"instock","product_availability":"instock","product_retailer_item_id":"ctblp3u3ieqg00abd7mg","product_condition":"new"},"_links":{"self":[{"href":"https:\/\/serinidog.com\/es\/wp-json\/wp\/v2\/product\/9247","targetHints":{"allow":["GET"]}}],"collection":[{"href":"https:\/\/serinidog.com\/es\/wp-json\/wp\/v2\/product"}],"about":[{"href":"https:\/\/serinidog.com\/es\/wp-json\/wp\/v2\/types\/product"}],"replies":[{"embeddable":true,"href":"https:\/\/serinidog.com\/es\/wp-json\/wp\/v2\/comments?post=9247"}],"wp:featuredmedia":[{"embeddable":true,"href":"https:\/\/serinidog.com\/es\/wp-json\/wp\/v2\/media\/6644"}],"wp:attachment":[{"href":"https:\/\/serinidog.com\/es\/wp-json\/wp\/v2\/media?parent=9247"}],"wp:term":[{"taxonomy":"product_brand","embeddable":true,"href":"https:\/\/serinidog.com\/es\/wp-json\/wp\/v2\/product_brand?post=9247"},{"taxonomy":"product_cat","embeddable":true,"href":"https:\/\/serinidog.com\/es\/wp-json\/wp\/v2\/product_cat?post=9247"},{"taxonomy":"product_tag","embeddable":true,"href":"https:\/\/serinidog.com\/es\/wp-json\/wp\/v2\/product_tag?post=9247"}],"curies":[{"name":"wp","href":"https:\/\/api.w.org\/{rel}","templated":true}]}}