{"id":9263,"date":"2024-12-09T22:01:21","date_gmt":"2024-12-09T22:01:21","guid":{"rendered":"https:\/\/serinidog.com\/p\/arnes-en-forma-de-y-para-perros-de-tiro-comodo-y-seguro\/"},"modified":"2024-12-28T22:04:08","modified_gmt":"2024-12-28T22:04:08","slug":"arnes-en-forma-de-y-para-perros-de-tiro-comodo-y-seguro","status":"publish","type":"product","link":"https:\/\/serinidog.com\/es\/p\/arnes-en-forma-de-y-para-perros-de-tiro-comodo-y-seguro\/","title":{"rendered":"Arn\u00e9s en forma de Y para perros de tiro, c\u00f3modo y seguro"},"content":{"rendered":"<h2 id=\"harnais-en-y-pour-chien-qui-tire--confort-absolu-et-s\u00e9curit\u00e9-renforc\u00e9e\">Arn\u00e9s en Y para perros de tiro<\/h2>\n<p>\u00bfCansado de que tu perro te arrastre en los paseos? Descubre nuestro arn\u00e9s en Y para perros de tiro, dise\u00f1ado para ofrecer a la vez comodidad y control, para convertir tus paseos en aut\u00e9nticos momentos de placer compartido. <\/p>\n<h3 id=\"pourquoi-choisir-un-harnais-en-y-\">\u00bfPor qu\u00e9 elegir un arn\u00e9s en forma de Y?<\/h3>\n<p>El arn\u00e9s en forma de Y est\u00e1 especialmente dise\u00f1ado para distribuir uniformemente la presi\u00f3n sobre el cuerpo del perro. Gracias a su inteligente dise\u00f1o, reduce considerablemente el riesgo de lesiones en el cuello y la tr\u00e1quea. Fabricado con materiales transpirables y resistentes, tambi\u00e9n garantiza a tu amigo de cuatro patas un confort \u00f3ptimo, incluso en largos paseos.  <\/p>\n<ul>\n<li><strong>Comodidad suprema<\/strong>: con su forro acolchado, este arn\u00e9s ofrece un ajuste perfecto que evita las dolorosas rozaduras.<\/li>\n<li><strong>Visibilidad nocturna<\/strong>: Equipado con elementos reflectantes, garantiza la seguridad de tu perro, incluso cuando sale por la noche.<\/li>\n<\/ul>\n<h3 id=\"caract\u00e9ristiques-principales-du-harnais-pour-chien\">Caracter\u00edsticas principales del arn\u00e9s para perros<\/h3>\n<ul>\n<li><strong>Correas ajustables<\/strong>: se adaptan perfectamente a la forma del cuerpo de tu perro.<\/li>\n<li><strong>Anilla de eslab\u00f3n segura<\/strong>: Ofrece un control superior con un punto de enganche robusto para la correa.<\/li>\n<li><strong>Dise\u00f1o intuitivo<\/strong>: f\u00e1cil de poner y quitar, este arn\u00e9s es ideal para el uso diario.<\/li>\n<\/ul>\n<h3 id=\"avantages-de-lutilisation-du-harnais\">Ventajas de utilizar un arn\u00e9s<\/h3>\n<ul>\n<li><strong>Mejor control<\/strong>: Di adi\u00f3s a los paseos estresantes; este arn\u00e9s te da el control que necesitas para los perros m\u00e1s vigorosos.<\/li>\n<li><strong>Seguridad garantizada<\/strong>: evita lesiones gracias a un dise\u00f1o cuidado y materiales de calidad.<\/li>\n<li><strong>Versatilidad garantizada<\/strong>: la elecci\u00f3n perfecta para todas las estaciones y todas las actividades al aire libre.<\/li>\n<\/ul>\n<h3 id=\"comment-bien-choisir-votre-harnais-en-y-\">\u00bfC\u00f3mo elegir el arn\u00e9s en Y adecuado?<\/h3>\n<p>Para sacar el m\u00e1ximo partido a este arn\u00e9s, aseg\u00farate de elegir la talla y el ajuste adecuados. Nuestro producto est\u00e1 disponible en varias tallas, incluidas las grandes, para adaptarse a todos los perros y tipos de cuerpo. Un arn\u00e9s para un perro de tiro es m\u00e1s que un simple accesorio: es una inversi\u00f3n en la seguridad y comodidad de tu fiel compa\u00f1ero. De ti depende que t\u00fa y tu perro disfrut\u00e9is tranquilamente de vuestras salidas. <strong>Nota:<\/strong> Se aceptan devoluciones en un plazo de 14 d\u00edas a partir de la recepci\u00f3n del pedido, lo que te da tranquilidad con cada compra. <\/p>\n","protected":false},"excerpt":{"rendered":"<p>Transforma tus paseos con nuestro arn\u00e9s en Y para perros de tiro, que combina comodidad y seguridad. Dise\u00f1ado para distribuir uniformemente la presi\u00f3n, este arn\u00e9s evita lesiones en el cuello, al tiempo que ofrece un ajuste perfecto gracias a sus correas ajustables para los hombros y su forro acolchado. Disfruta de paseos agradables y controlados, incluso con los perros m\u00e1s en\u00e9rgicos. Equipado con elementos reflectantes para la visibilidad nocturna, garantiza la seguridad en tus paseos. No pierdas la oportunidad de mejorar la comodidad de tu amigo de cuatro patas mientras te regalas una experiencia de paseo serena.    <\/p>\n","protected":false},"featured_media":7004,"comment_status":"open","ping_status":"closed","template":"","meta":[],"product_brand":[],"product_cat":[219],"product_tag":[],"class_list":{"0":"post-9263","1":"product","2":"type-product","3":"status-publish","4":"has-post-thumbnail","6":"product_cat-arnes-para-perros","7":"sales-flash-overlay","8":"woocommerce-text-align-left","9":"woocommerce-image-align-center","10":"do-quantity-buttons","11":"wc-has-gallery","13":"first","14":"instock","15":"taxable","16":"shipping-taxable","17":"purchasable","18":"product-type-variable","19":"has-default-attributes"},"yoast_head":"<!-- This site is optimized with the Yoast SEO Premium plugin v23.4 (Yoast SEO v27.5) - https:\/\/yoast.com\/product\/yoast-seo-premium-wordpress\/ -->\n<title>Arn\u00e9s en forma de Y para perros de tiro, c\u00f3modo y seguro - SeriniDog<\/title>\n<meta name=\"robots\" content=\"index, follow, max-snippet:-1, max-image-preview:large, max-video-preview:-1\" \/>\n<link rel=\"canonical\" href=\"https:\/\/serinidog.com\/es\/p\/arnes-en-forma-de-y-para-perros-de-tiro-comodo-y-seguro\/\" \/>\n<meta property=\"og:locale\" content=\"es_ES\" \/>\n<meta property=\"og:type\" content=\"article\" \/>\n<meta property=\"og:title\" content=\"Arn\u00e9s en forma de Y para perros de tiro, c\u00f3modo y seguro - SeriniDog\" \/>\n<meta property=\"og:description\" content=\"Transforma tus paseos con nuestro arn\u00e9s en Y para perros de tiro, que combina comodidad y seguridad. Dise\u00f1ado para distribuir uniformemente la presi\u00f3n, este arn\u00e9s evita lesiones en el cuello, al tiempo que ofrece un ajuste perfecto gracias a sus correas ajustables para los hombros y su forro acolchado. Disfruta de paseos agradables y controlados, incluso con los perros m\u00e1s en\u00e9rgicos. Equipado con elementos reflectantes para la visibilidad nocturna, garantiza la seguridad en tus paseos. No pierdas la oportunidad de mejorar la comodidad de tu amigo de cuatro patas mientras te regalas una experiencia de paseo serena.\" \/>\n<meta property=\"og:url\" content=\"https:\/\/serinidog.com\/es\/p\/arnes-en-forma-de-y-para-perros-de-tiro-comodo-y-seguro\/\" \/>\n<meta property=\"og:site_name\" content=\"SeriniDog\" \/>\n<meta property=\"article:modified_time\" content=\"2024-12-28T22:04:08+00:00\" \/>\n<meta property=\"og:image\" content=\"https:\/\/serinidog.com\/wp-content\/uploads\/2024\/12\/Sae08439ffcb54d848e8c78e9ec0854706-1.webp\" \/>\n\t<meta property=\"og:image:width\" content=\"800\" \/>\n\t<meta property=\"og:image:height\" content=\"800\" \/>\n\t<meta property=\"og:image:type\" content=\"image\/webp\" \/>\n<meta name=\"twitter:card\" content=\"summary_large_image\" \/>\n<meta name=\"twitter:label1\" content=\"Disponibilidad\" \/>\n\t<meta name=\"twitter:data1\" content=\"Disponible\" \/>\n<script type=\"application\/ld+json\" class=\"yoast-schema-graph\">{\"@context\":\"https:\\\/\\\/schema.org\",\"@graph\":[{\"@type\":\"WebPage\",\"@id\":\"https:\\\/\\\/serinidog.com\\\/es\\\/p\\\/arnes-en-forma-de-y-para-perros-de-tiro-comodo-y-seguro\\\/\",\"url\":\"https:\\\/\\\/serinidog.com\\\/es\\\/p\\\/arnes-en-forma-de-y-para-perros-de-tiro-comodo-y-seguro\\\/\",\"name\":\"Arn\u00e9s en forma de Y para perros de tiro, c\u00f3modo y seguro - SeriniDog\",\"isPartOf\":{\"@id\":\"https:\\\/\\\/serinidog.com\\\/es\\\/#website\"},\"primaryImageOfPage\":{\"@id\":\"https:\\\/\\\/serinidog.com\\\/es\\\/p\\\/arnes-en-forma-de-y-para-perros-de-tiro-comodo-y-seguro\\\/#primaryimage\"},\"image\":{\"@id\":\"https:\\\/\\\/serinidog.com\\\/es\\\/p\\\/arnes-en-forma-de-y-para-perros-de-tiro-comodo-y-seguro\\\/#primaryimage\"},\"thumbnailUrl\":\"https:\\\/\\\/serinidog.com\\\/wp-content\\\/uploads\\\/2024\\\/12\\\/Sae08439ffcb54d848e8c78e9ec0854706-1.webp\",\"datePublished\":\"2024-12-09T22:01:21+00:00\",\"dateModified\":\"2024-12-28T22:04:08+00:00\",\"breadcrumb\":{\"@id\":\"https:\\\/\\\/serinidog.com\\\/es\\\/p\\\/arnes-en-forma-de-y-para-perros-de-tiro-comodo-y-seguro\\\/#breadcrumb\"},\"inLanguage\":\"es\",\"potentialAction\":[{\"@type\":\"ReadAction\",\"target\":[\"https:\\\/\\\/serinidog.com\\\/es\\\/p\\\/arnes-en-forma-de-y-para-perros-de-tiro-comodo-y-seguro\\\/\"]}]},{\"@type\":\"ImageObject\",\"inLanguage\":\"es\",\"@id\":\"https:\\\/\\\/serinidog.com\\\/es\\\/p\\\/arnes-en-forma-de-y-para-perros-de-tiro-comodo-y-seguro\\\/#primaryimage\",\"url\":\"https:\\\/\\\/serinidog.com\\\/wp-content\\\/uploads\\\/2024\\\/12\\\/Sae08439ffcb54d848e8c78e9ec0854706-1.webp\",\"contentUrl\":\"https:\\\/\\\/serinidog.com\\\/wp-content\\\/uploads\\\/2024\\\/12\\\/Sae08439ffcb54d848e8c78e9ec0854706-1.webp\",\"width\":800,\"height\":800},{\"@type\":\"BreadcrumbList\",\"@id\":\"https:\\\/\\\/serinidog.com\\\/es\\\/p\\\/arnes-en-forma-de-y-para-perros-de-tiro-comodo-y-seguro\\\/#breadcrumb\",\"itemListElement\":[{\"@type\":\"ListItem\",\"position\":1,\"name\":\"Accueil\",\"item\":\"https:\\\/\\\/serinidog.com\\\/es\\\/\"},{\"@type\":\"ListItem\",\"position\":2,\"name\":\"Boutique\",\"item\":\"https:\\\/\\\/serinidog.com\\\/shop\\\/\"},{\"@type\":\"ListItem\",\"position\":3,\"name\":\"Arn\u00e9s para perros\",\"item\":\"https:\\\/\\\/serinidog.com\\\/es\\\/c\\\/arnes-para-perros\\\/\"},{\"@type\":\"ListItem\",\"position\":4,\"name\":\"Arn\u00e9s en forma de Y para perros de tiro, c\u00f3modo y seguro\"}]},{\"@type\":\"WebSite\",\"@id\":\"https:\\\/\\\/serinidog.com\\\/es\\\/#website\",\"url\":\"https:\\\/\\\/serinidog.com\\\/es\\\/\",\"name\":\"SeriniDog\",\"description\":\"Shop pour chien\",\"potentialAction\":[{\"@type\":\"SearchAction\",\"target\":{\"@type\":\"EntryPoint\",\"urlTemplate\":\"https:\\\/\\\/serinidog.com\\\/es\\\/?s={search_term_string}\"},\"query-input\":{\"@type\":\"PropertyValueSpecification\",\"valueRequired\":true,\"valueName\":\"search_term_string\"}}],\"inLanguage\":\"es\"}]}<\/script>\n<meta property=\"og:availability\" content=\"instock\" \/>\n<meta property=\"product:availability\" content=\"instock\" \/>\n<meta property=\"product:retailer_item_id\" content=\"ctbmh0t12ni000a5v7q0\" \/>\n<meta property=\"product:condition\" content=\"new\" \/>\n<!-- \/ Yoast SEO Premium plugin. -->","yoast_head_json":{"title":"Arn\u00e9s en forma de Y para perros de tiro, c\u00f3modo y seguro - SeriniDog","robots":{"index":"index","follow":"follow","max-snippet":"max-snippet:-1","max-image-preview":"max-image-preview:large","max-video-preview":"max-video-preview:-1"},"canonical":"https:\/\/serinidog.com\/es\/p\/arnes-en-forma-de-y-para-perros-de-tiro-comodo-y-seguro\/","og_locale":"es_ES","og_type":"article","og_title":"Arn\u00e9s en forma de Y para perros de tiro, c\u00f3modo y seguro - SeriniDog","og_description":"Transforma tus paseos con nuestro arn\u00e9s en Y para perros de tiro, que combina comodidad y seguridad. Dise\u00f1ado para distribuir uniformemente la presi\u00f3n, este arn\u00e9s evita lesiones en el cuello, al tiempo que ofrece un ajuste perfecto gracias a sus correas ajustables para los hombros y su forro acolchado. Disfruta de paseos agradables y controlados, incluso con los perros m\u00e1s en\u00e9rgicos. Equipado con elementos reflectantes para la visibilidad nocturna, garantiza la seguridad en tus paseos. No pierdas la oportunidad de mejorar la comodidad de tu amigo de cuatro patas mientras te regalas una experiencia de paseo serena.","og_url":"https:\/\/serinidog.com\/es\/p\/arnes-en-forma-de-y-para-perros-de-tiro-comodo-y-seguro\/","og_site_name":"SeriniDog","article_modified_time":"2024-12-28T22:04:08+00:00","og_image":[{"width":800,"height":800,"url":"https:\/\/serinidog.com\/wp-content\/uploads\/2024\/12\/Sae08439ffcb54d848e8c78e9ec0854706-1.webp","type":"image\/webp"}],"twitter_card":"summary_large_image","twitter_misc":{"Disponibilidad":"Disponible"},"schema":{"@context":"https:\/\/schema.org","@graph":[{"@type":"WebPage","@id":"https:\/\/serinidog.com\/es\/p\/arnes-en-forma-de-y-para-perros-de-tiro-comodo-y-seguro\/","url":"https:\/\/serinidog.com\/es\/p\/arnes-en-forma-de-y-para-perros-de-tiro-comodo-y-seguro\/","name":"Arn\u00e9s en forma de Y para perros de tiro, c\u00f3modo y seguro - SeriniDog","isPartOf":{"@id":"https:\/\/serinidog.com\/es\/#website"},"primaryImageOfPage":{"@id":"https:\/\/serinidog.com\/es\/p\/arnes-en-forma-de-y-para-perros-de-tiro-comodo-y-seguro\/#primaryimage"},"image":{"@id":"https:\/\/serinidog.com\/es\/p\/arnes-en-forma-de-y-para-perros-de-tiro-comodo-y-seguro\/#primaryimage"},"thumbnailUrl":"https:\/\/serinidog.com\/wp-content\/uploads\/2024\/12\/Sae08439ffcb54d848e8c78e9ec0854706-1.webp","datePublished":"2024-12-09T22:01:21+00:00","dateModified":"2024-12-28T22:04:08+00:00","breadcrumb":{"@id":"https:\/\/serinidog.com\/es\/p\/arnes-en-forma-de-y-para-perros-de-tiro-comodo-y-seguro\/#breadcrumb"},"inLanguage":"es","potentialAction":[{"@type":"ReadAction","target":["https:\/\/serinidog.com\/es\/p\/arnes-en-forma-de-y-para-perros-de-tiro-comodo-y-seguro\/"]}]},{"@type":"ImageObject","inLanguage":"es","@id":"https:\/\/serinidog.com\/es\/p\/arnes-en-forma-de-y-para-perros-de-tiro-comodo-y-seguro\/#primaryimage","url":"https:\/\/serinidog.com\/wp-content\/uploads\/2024\/12\/Sae08439ffcb54d848e8c78e9ec0854706-1.webp","contentUrl":"https:\/\/serinidog.com\/wp-content\/uploads\/2024\/12\/Sae08439ffcb54d848e8c78e9ec0854706-1.webp","width":800,"height":800},{"@type":"BreadcrumbList","@id":"https:\/\/serinidog.com\/es\/p\/arnes-en-forma-de-y-para-perros-de-tiro-comodo-y-seguro\/#breadcrumb","itemListElement":[{"@type":"ListItem","position":1,"name":"Accueil","item":"https:\/\/serinidog.com\/es\/"},{"@type":"ListItem","position":2,"name":"Boutique","item":"https:\/\/serinidog.com\/shop\/"},{"@type":"ListItem","position":3,"name":"Arn\u00e9s para perros","item":"https:\/\/serinidog.com\/es\/c\/arnes-para-perros\/"},{"@type":"ListItem","position":4,"name":"Arn\u00e9s en forma de Y para perros de tiro, c\u00f3modo y seguro"}]},{"@type":"WebSite","@id":"https:\/\/serinidog.com\/es\/#website","url":"https:\/\/serinidog.com\/es\/","name":"SeriniDog","description":"Shop pour chien","potentialAction":[{"@type":"SearchAction","target":{"@type":"EntryPoint","urlTemplate":"https:\/\/serinidog.com\/es\/?s={search_term_string}"},"query-input":{"@type":"PropertyValueSpecification","valueRequired":true,"valueName":"search_term_string"}}],"inLanguage":"es"}]},"og_availability":"instock","product_availability":"instock","product_retailer_item_id":"ctbmh0t12ni000a5v7q0","product_condition":"new"},"_links":{"self":[{"href":"https:\/\/serinidog.com\/es\/wp-json\/wp\/v2\/product\/9263","targetHints":{"allow":["GET"]}}],"collection":[{"href":"https:\/\/serinidog.com\/es\/wp-json\/wp\/v2\/product"}],"about":[{"href":"https:\/\/serinidog.com\/es\/wp-json\/wp\/v2\/types\/product"}],"replies":[{"embeddable":true,"href":"https:\/\/serinidog.com\/es\/wp-json\/wp\/v2\/comments?post=9263"}],"wp:featuredmedia":[{"embeddable":true,"href":"https:\/\/serinidog.com\/es\/wp-json\/wp\/v2\/media\/7004"}],"wp:attachment":[{"href":"https:\/\/serinidog.com\/es\/wp-json\/wp\/v2\/media?parent=9263"}],"wp:term":[{"taxonomy":"product_brand","embeddable":true,"href":"https:\/\/serinidog.com\/es\/wp-json\/wp\/v2\/product_brand?post=9263"},{"taxonomy":"product_cat","embeddable":true,"href":"https:\/\/serinidog.com\/es\/wp-json\/wp\/v2\/product_cat?post=9263"},{"taxonomy":"product_tag","embeddable":true,"href":"https:\/\/serinidog.com\/es\/wp-json\/wp\/v2\/product_tag?post=9263"}],"curies":[{"name":"wp","href":"https:\/\/api.w.org\/{rel}","templated":true}]}}