{"id":9320,"date":"2024-12-10T15:54:24","date_gmt":"2024-12-10T15:54:24","guid":{"rendered":"https:\/\/serinidog.com\/p\/botella-de-agua-con-reserva-para-golosinas-para-perros-botella-portatil-con-deposito-multifuncional\/"},"modified":"2024-12-28T22:03:43","modified_gmt":"2024-12-28T22:03:43","slug":"botella-de-agua-con-reserva-para-golosinas-para-perros-botella-portatil-con-deposito-multifuncional","status":"publish","type":"product","link":"https:\/\/serinidog.com\/es\/p\/botella-de-agua-con-reserva-para-golosinas-para-perros-botella-portatil-con-deposito-multifuncional\/","title":{"rendered":"Botella de agua con reserva para golosinas para perros &#8211; botella port\u00e1til con dep\u00f3sito multifuncional"},"content":{"rendered":"<h2 id=\"gourde-deau-avec-r\u00e9serve-pour-friandises-pour-chiens\">Botella de agua con reserva para golosinas para perros<\/h2>\n<p>\u00bfBuscas la soluci\u00f3n definitiva para viajar con tu amigo de cuatro patas? Descubre nuestra botella de agua con soporte para golosinas, una botella port\u00e1til que combina lo mejor en hidrataci\u00f3n y sabrosas golosinas para tu perro. <\/p>\n<h3 id=\"multifonctionnalit\u00e9-au-rendez-vous\">Multifuncionalidad<\/h3>\n<p>Dise\u00f1ada para due\u00f1os de perros pr\u00e1cticos, esta botella de agua combina innovaci\u00f3n y comodidad. Te permite llevar agua y golosinas en un solo accesorio, garantiz\u00e1ndote un paseo agradable sin desorden innecesario.   <\/p>\n<h3 id=\"caract\u00e9ristiques-principales\">Caracter\u00edsticas principales<\/h3>\n<ul>\n<li><strong>Materiales de calidad:<\/strong> Fabricados con pl\u00e1stico robusto y ligero para un uso duradero.<\/li>\n<li><strong>Est\u00e9ticamente adaptable:<\/strong> Disponible en una gama de atractivos colores, elige el que refleje tu estilo y el de tu perro.<\/li>\n<\/ul>\n<h3 id=\"avantages-imbattables\">Ventajas inmejorables<\/h3>\n<ol>\n<li><strong>F\u00e1cil de usar:<\/strong> gracias a su innovador mecanismo, puedes darle a tu perro un merecido refresco con un simple gesto.<\/li>\n<li><strong>F\u00e1cil de transportar:<\/strong> compacta y ligera, se desliza f\u00e1cilmente en una mochila, perfecta para aventureros urbanos y excursionistas.<\/li>\n<\/ol>\n<h2 id=\"pourquoi-nos-clients-ladorent\">Por qu\u00e9 les encanta a nuestros clientes<\/h2>\n<p>Esta botella de agua convierte cada salida en un momento de complicidad con tu perro. No s\u00f3lo te facilita mantener hidratado a tu perro, sino que tambi\u00e9n te permite aprovisionarte de golosinas, haciendo que cada escapada al aire libre sea un verdadero placer para tu compa\u00f1ero. <\/p>\n<p>En conclusi\u00f3n, aprovecha al m\u00e1ximo nuestra botella de agua con soporte para golosinas en serinidog.com y dale a tu perro la comodidad que se merece durante tus salidas. Descubre una forma sencilla y eficaz de hacer que cada salida sea inolvidable, y aprovecha nuestra pol\u00edtica de devoluciones de 14 d\u00edas para comprar sin preocupaciones. <\/p>\n","protected":false},"excerpt":{"rendered":"<p>Descubre la botella de agua con soporte para golosinas, \u00a1el accesorio imprescindible para las salidas con tu perro! Combinando hidrataci\u00f3n y placer, esta pr\u00e1ctica botella de agua te permite llevar f\u00e1cilmente agua y golosinas en un solo lugar. Su dise\u00f1o ligero y compacto la hace ideal para los aventureros. \u00a1Di adi\u00f3s al desorden y convierte cada paseo en un momento de uni\u00f3n! Elige entre una gama de atractivos colores para reflejar tu estilo. No pierdas la oportunidad de hacer tus salidas a\u00fan m\u00e1s agradables, y aprovecha nuestra pol\u00edtica de devoluciones de 14 d\u00edas. \u00a1Dale a tu compa\u00f1ero la comodidad que se merece!      <\/p>\n","protected":false},"featured_media":7812,"comment_status":"open","ping_status":"closed","template":"","meta":[],"product_brand":[],"product_cat":[221],"product_tag":[],"class_list":{"0":"post-9320","1":"product","2":"type-product","3":"status-publish","4":"has-post-thumbnail","6":"product_cat-botella-para-perro","7":"sales-flash-overlay","8":"woocommerce-text-align-left","9":"woocommerce-image-align-center","10":"do-quantity-buttons","11":"wc-has-gallery","13":"first","14":"instock","15":"taxable","16":"shipping-taxable","17":"purchasable","18":"product-type-variable","19":"has-default-attributes"},"yoast_head":"<!-- This site is optimized with the Yoast SEO Premium plugin v23.4 (Yoast SEO v27.5) - https:\/\/yoast.com\/product\/yoast-seo-premium-wordpress\/ -->\n<title>Botella de agua con reserva para golosinas para perros - botella port\u00e1til con dep\u00f3sito multifuncional - SeriniDog<\/title>\n<meta name=\"robots\" content=\"index, follow, max-snippet:-1, max-image-preview:large, max-video-preview:-1\" \/>\n<link rel=\"canonical\" href=\"https:\/\/serinidog.com\/es\/p\/botella-de-agua-con-reserva-para-golosinas-para-perros-botella-portatil-con-deposito-multifuncional\/\" \/>\n<meta property=\"og:locale\" content=\"es_ES\" \/>\n<meta property=\"og:type\" content=\"article\" \/>\n<meta property=\"og:title\" content=\"Botella de agua con reserva para golosinas para perros - botella port\u00e1til con dep\u00f3sito multifuncional - SeriniDog\" \/>\n<meta property=\"og:description\" content=\"Descubre la botella de agua con soporte para golosinas, \u00a1el accesorio imprescindible para las salidas con tu perro! Combinando hidrataci\u00f3n y placer, esta pr\u00e1ctica botella de agua te permite llevar f\u00e1cilmente agua y golosinas en un solo lugar. Su dise\u00f1o ligero y compacto la hace ideal para los aventureros. \u00a1Di adi\u00f3s al desorden y convierte cada paseo en un momento de uni\u00f3n! Elige entre una gama de atractivos colores para reflejar tu estilo. No pierdas la oportunidad de hacer tus salidas a\u00fan m\u00e1s agradables, y aprovecha nuestra pol\u00edtica de devoluciones de 14 d\u00edas. \u00a1Dale a tu compa\u00f1ero la comodidad que se merece!\" \/>\n<meta property=\"og:url\" content=\"https:\/\/serinidog.com\/es\/p\/botella-de-agua-con-reserva-para-golosinas-para-perros-botella-portatil-con-deposito-multifuncional\/\" \/>\n<meta property=\"og:site_name\" content=\"SeriniDog\" \/>\n<meta property=\"article:modified_time\" content=\"2024-12-28T22:03:43+00:00\" \/>\n<meta property=\"og:image\" content=\"https:\/\/serinidog.com\/wp-content\/uploads\/2024\/12\/S318cf5a9e1cb4f868f71e5dbed7c729aR.webp\" \/>\n\t<meta property=\"og:image:width\" content=\"800\" \/>\n\t<meta property=\"og:image:height\" content=\"800\" \/>\n\t<meta property=\"og:image:type\" content=\"image\/webp\" \/>\n<meta name=\"twitter:card\" content=\"summary_large_image\" \/>\n<meta name=\"twitter:label1\" content=\"Disponibilidad\" \/>\n\t<meta name=\"twitter:data1\" content=\"Disponible\" \/>\n<script type=\"application\/ld+json\" class=\"yoast-schema-graph\">{\"@context\":\"https:\\\/\\\/schema.org\",\"@graph\":[{\"@type\":\"WebPage\",\"@id\":\"https:\\\/\\\/serinidog.com\\\/es\\\/p\\\/botella-de-agua-con-reserva-para-golosinas-para-perros-botella-portatil-con-deposito-multifuncional\\\/\",\"url\":\"https:\\\/\\\/serinidog.com\\\/es\\\/p\\\/botella-de-agua-con-reserva-para-golosinas-para-perros-botella-portatil-con-deposito-multifuncional\\\/\",\"name\":\"Botella de agua con reserva para golosinas para perros - botella port\u00e1til con dep\u00f3sito multifuncional - SeriniDog\",\"isPartOf\":{\"@id\":\"https:\\\/\\\/serinidog.com\\\/es\\\/#website\"},\"primaryImageOfPage\":{\"@id\":\"https:\\\/\\\/serinidog.com\\\/es\\\/p\\\/botella-de-agua-con-reserva-para-golosinas-para-perros-botella-portatil-con-deposito-multifuncional\\\/#primaryimage\"},\"image\":{\"@id\":\"https:\\\/\\\/serinidog.com\\\/es\\\/p\\\/botella-de-agua-con-reserva-para-golosinas-para-perros-botella-portatil-con-deposito-multifuncional\\\/#primaryimage\"},\"thumbnailUrl\":\"https:\\\/\\\/serinidog.com\\\/wp-content\\\/uploads\\\/2024\\\/12\\\/S318cf5a9e1cb4f868f71e5dbed7c729aR.webp\",\"datePublished\":\"2024-12-10T15:54:24+00:00\",\"dateModified\":\"2024-12-28T22:03:43+00:00\",\"breadcrumb\":{\"@id\":\"https:\\\/\\\/serinidog.com\\\/es\\\/p\\\/botella-de-agua-con-reserva-para-golosinas-para-perros-botella-portatil-con-deposito-multifuncional\\\/#breadcrumb\"},\"inLanguage\":\"es\",\"potentialAction\":[{\"@type\":\"ReadAction\",\"target\":[\"https:\\\/\\\/serinidog.com\\\/es\\\/p\\\/botella-de-agua-con-reserva-para-golosinas-para-perros-botella-portatil-con-deposito-multifuncional\\\/\"]}]},{\"@type\":\"ImageObject\",\"inLanguage\":\"es\",\"@id\":\"https:\\\/\\\/serinidog.com\\\/es\\\/p\\\/botella-de-agua-con-reserva-para-golosinas-para-perros-botella-portatil-con-deposito-multifuncional\\\/#primaryimage\",\"url\":\"https:\\\/\\\/serinidog.com\\\/wp-content\\\/uploads\\\/2024\\\/12\\\/S318cf5a9e1cb4f868f71e5dbed7c729aR.webp\",\"contentUrl\":\"https:\\\/\\\/serinidog.com\\\/wp-content\\\/uploads\\\/2024\\\/12\\\/S318cf5a9e1cb4f868f71e5dbed7c729aR.webp\",\"width\":800,\"height\":800},{\"@type\":\"BreadcrumbList\",\"@id\":\"https:\\\/\\\/serinidog.com\\\/es\\\/p\\\/botella-de-agua-con-reserva-para-golosinas-para-perros-botella-portatil-con-deposito-multifuncional\\\/#breadcrumb\",\"itemListElement\":[{\"@type\":\"ListItem\",\"position\":1,\"name\":\"Accueil\",\"item\":\"https:\\\/\\\/serinidog.com\\\/es\\\/\"},{\"@type\":\"ListItem\",\"position\":2,\"name\":\"Boutique\",\"item\":\"https:\\\/\\\/serinidog.com\\\/shop\\\/\"},{\"@type\":\"ListItem\",\"position\":3,\"name\":\"Botella para perro\",\"item\":\"https:\\\/\\\/serinidog.com\\\/es\\\/c\\\/botella-para-perro\\\/\"},{\"@type\":\"ListItem\",\"position\":4,\"name\":\"Botella de agua con reserva para golosinas para perros &#8211; botella port\u00e1til con dep\u00f3sito multifuncional\"}]},{\"@type\":\"WebSite\",\"@id\":\"https:\\\/\\\/serinidog.com\\\/es\\\/#website\",\"url\":\"https:\\\/\\\/serinidog.com\\\/es\\\/\",\"name\":\"SeriniDog\",\"description\":\"Shop pour chien\",\"potentialAction\":[{\"@type\":\"SearchAction\",\"target\":{\"@type\":\"EntryPoint\",\"urlTemplate\":\"https:\\\/\\\/serinidog.com\\\/es\\\/?s={search_term_string}\"},\"query-input\":{\"@type\":\"PropertyValueSpecification\",\"valueRequired\":true,\"valueName\":\"search_term_string\"}}],\"inLanguage\":\"es\"}]}<\/script>\n<meta property=\"og:availability\" content=\"instock\" \/>\n<meta property=\"product:availability\" content=\"instock\" \/>\n<meta property=\"product:retailer_item_id\" content=\"ctc6895pol6000fogb5g\" \/>\n<meta property=\"product:condition\" content=\"new\" \/>\n<!-- \/ Yoast SEO Premium plugin. -->","yoast_head_json":{"title":"Botella de agua con reserva para golosinas para perros - botella port\u00e1til con dep\u00f3sito multifuncional - SeriniDog","robots":{"index":"index","follow":"follow","max-snippet":"max-snippet:-1","max-image-preview":"max-image-preview:large","max-video-preview":"max-video-preview:-1"},"canonical":"https:\/\/serinidog.com\/es\/p\/botella-de-agua-con-reserva-para-golosinas-para-perros-botella-portatil-con-deposito-multifuncional\/","og_locale":"es_ES","og_type":"article","og_title":"Botella de agua con reserva para golosinas para perros - botella port\u00e1til con dep\u00f3sito multifuncional - SeriniDog","og_description":"Descubre la botella de agua con soporte para golosinas, \u00a1el accesorio imprescindible para las salidas con tu perro! Combinando hidrataci\u00f3n y placer, esta pr\u00e1ctica botella de agua te permite llevar f\u00e1cilmente agua y golosinas en un solo lugar. Su dise\u00f1o ligero y compacto la hace ideal para los aventureros. \u00a1Di adi\u00f3s al desorden y convierte cada paseo en un momento de uni\u00f3n! Elige entre una gama de atractivos colores para reflejar tu estilo. No pierdas la oportunidad de hacer tus salidas a\u00fan m\u00e1s agradables, y aprovecha nuestra pol\u00edtica de devoluciones de 14 d\u00edas. \u00a1Dale a tu compa\u00f1ero la comodidad que se merece!","og_url":"https:\/\/serinidog.com\/es\/p\/botella-de-agua-con-reserva-para-golosinas-para-perros-botella-portatil-con-deposito-multifuncional\/","og_site_name":"SeriniDog","article_modified_time":"2024-12-28T22:03:43+00:00","og_image":[{"width":800,"height":800,"url":"https:\/\/serinidog.com\/wp-content\/uploads\/2024\/12\/S318cf5a9e1cb4f868f71e5dbed7c729aR.webp","type":"image\/webp"}],"twitter_card":"summary_large_image","twitter_misc":{"Disponibilidad":"Disponible"},"schema":{"@context":"https:\/\/schema.org","@graph":[{"@type":"WebPage","@id":"https:\/\/serinidog.com\/es\/p\/botella-de-agua-con-reserva-para-golosinas-para-perros-botella-portatil-con-deposito-multifuncional\/","url":"https:\/\/serinidog.com\/es\/p\/botella-de-agua-con-reserva-para-golosinas-para-perros-botella-portatil-con-deposito-multifuncional\/","name":"Botella de agua con reserva para golosinas para perros - botella port\u00e1til con dep\u00f3sito multifuncional - SeriniDog","isPartOf":{"@id":"https:\/\/serinidog.com\/es\/#website"},"primaryImageOfPage":{"@id":"https:\/\/serinidog.com\/es\/p\/botella-de-agua-con-reserva-para-golosinas-para-perros-botella-portatil-con-deposito-multifuncional\/#primaryimage"},"image":{"@id":"https:\/\/serinidog.com\/es\/p\/botella-de-agua-con-reserva-para-golosinas-para-perros-botella-portatil-con-deposito-multifuncional\/#primaryimage"},"thumbnailUrl":"https:\/\/serinidog.com\/wp-content\/uploads\/2024\/12\/S318cf5a9e1cb4f868f71e5dbed7c729aR.webp","datePublished":"2024-12-10T15:54:24+00:00","dateModified":"2024-12-28T22:03:43+00:00","breadcrumb":{"@id":"https:\/\/serinidog.com\/es\/p\/botella-de-agua-con-reserva-para-golosinas-para-perros-botella-portatil-con-deposito-multifuncional\/#breadcrumb"},"inLanguage":"es","potentialAction":[{"@type":"ReadAction","target":["https:\/\/serinidog.com\/es\/p\/botella-de-agua-con-reserva-para-golosinas-para-perros-botella-portatil-con-deposito-multifuncional\/"]}]},{"@type":"ImageObject","inLanguage":"es","@id":"https:\/\/serinidog.com\/es\/p\/botella-de-agua-con-reserva-para-golosinas-para-perros-botella-portatil-con-deposito-multifuncional\/#primaryimage","url":"https:\/\/serinidog.com\/wp-content\/uploads\/2024\/12\/S318cf5a9e1cb4f868f71e5dbed7c729aR.webp","contentUrl":"https:\/\/serinidog.com\/wp-content\/uploads\/2024\/12\/S318cf5a9e1cb4f868f71e5dbed7c729aR.webp","width":800,"height":800},{"@type":"BreadcrumbList","@id":"https:\/\/serinidog.com\/es\/p\/botella-de-agua-con-reserva-para-golosinas-para-perros-botella-portatil-con-deposito-multifuncional\/#breadcrumb","itemListElement":[{"@type":"ListItem","position":1,"name":"Accueil","item":"https:\/\/serinidog.com\/es\/"},{"@type":"ListItem","position":2,"name":"Boutique","item":"https:\/\/serinidog.com\/shop\/"},{"@type":"ListItem","position":3,"name":"Botella para perro","item":"https:\/\/serinidog.com\/es\/c\/botella-para-perro\/"},{"@type":"ListItem","position":4,"name":"Botella de agua con reserva para golosinas para perros &#8211; botella port\u00e1til con dep\u00f3sito multifuncional"}]},{"@type":"WebSite","@id":"https:\/\/serinidog.com\/es\/#website","url":"https:\/\/serinidog.com\/es\/","name":"SeriniDog","description":"Shop pour chien","potentialAction":[{"@type":"SearchAction","target":{"@type":"EntryPoint","urlTemplate":"https:\/\/serinidog.com\/es\/?s={search_term_string}"},"query-input":{"@type":"PropertyValueSpecification","valueRequired":true,"valueName":"search_term_string"}}],"inLanguage":"es"}]},"og_availability":"instock","product_availability":"instock","product_retailer_item_id":"ctc6895pol6000fogb5g","product_condition":"new"},"_links":{"self":[{"href":"https:\/\/serinidog.com\/es\/wp-json\/wp\/v2\/product\/9320","targetHints":{"allow":["GET"]}}],"collection":[{"href":"https:\/\/serinidog.com\/es\/wp-json\/wp\/v2\/product"}],"about":[{"href":"https:\/\/serinidog.com\/es\/wp-json\/wp\/v2\/types\/product"}],"replies":[{"embeddable":true,"href":"https:\/\/serinidog.com\/es\/wp-json\/wp\/v2\/comments?post=9320"}],"wp:featuredmedia":[{"embeddable":true,"href":"https:\/\/serinidog.com\/es\/wp-json\/wp\/v2\/media\/7812"}],"wp:attachment":[{"href":"https:\/\/serinidog.com\/es\/wp-json\/wp\/v2\/media?parent=9320"}],"wp:term":[{"taxonomy":"product_brand","embeddable":true,"href":"https:\/\/serinidog.com\/es\/wp-json\/wp\/v2\/product_brand?post=9320"},{"taxonomy":"product_cat","embeddable":true,"href":"https:\/\/serinidog.com\/es\/wp-json\/wp\/v2\/product_cat?post=9320"},{"taxonomy":"product_tag","embeddable":true,"href":"https:\/\/serinidog.com\/es\/wp-json\/wp\/v2\/product_tag?post=9320"}],"curies":[{"name":"wp","href":"https:\/\/api.w.org\/{rel}","templated":true}]}}