{"id":9468,"date":"2024-12-10T20:36:32","date_gmt":"2024-12-10T20:36:32","guid":{"rendered":"https:\/\/serinidog.com\/p\/arnes-andador-adaptado-para-machos-comodidad-seguridad-y-practicidad-para-tu-perro\/"},"modified":"2024-12-28T22:02:59","modified_gmt":"2024-12-28T22:02:59","slug":"arnes-andador-adaptado-para-machos-comodidad-seguridad-y-practicidad-para-tu-perro","status":"publish","type":"product","link":"https:\/\/serinidog.com\/es\/p\/arnes-andador-adaptado-para-machos-comodidad-seguridad-y-practicidad-para-tu-perro\/","title":{"rendered":"Arn\u00e9s andador adaptado para machos: comodidad, seguridad y practicidad para tu perro"},"content":{"rendered":"<h2 id=\"harnais-daide-\u00e0-la-marche-adapt\u00e9-pour-les-m\u00e2les--confort-s\u00e9curit\u00e9-et-praticit\u00e9-pour-votre-chien\">Arn\u00e9s andador adaptado para machos: comodidad, seguridad y practicidad para tu perro<\/h2>\n<p>Proporciona a tu amigo de cuatro patas una valiosa ayuda cuando salga a pasear con nuestro arn\u00e9s de ayuda al paseo especialmente dise\u00f1ado para perros macho. Este producto combina comodidad, seguridad y practicidad, y es el accesorio ideal para acompa\u00f1ar a tu perro durante toda su vida. <\/p>\n<h3 id=\"conception-ergonomique-pour-un-confort-optimal\">Dise\u00f1o ergon\u00f3mico para un confort \u00f3ptimo<\/h3>\n<p>Nuestro arn\u00e9s est\u00e1 dise\u00f1ado para ajustarse a tu perro como un guante, permiti\u00e9ndole moverse libremente. Fabricado con materiales suaves, como mezclas de poli\u00e9ster y algod\u00f3n, garantiza que tu mascota est\u00e9 c\u00f3moda sin irritaciones, incluso durante periodos prolongados. <\/p>\n<h3 id=\"des-mat\u00e9riaux-de-qualit\u00e9-pour-une-utilisation-prolong\u00e9e\">Materiales de calidad para un uso prolongado<\/h3>\n<p>Los suaves materiales utilizados garantizan un ajuste perfecto y una mayor durabilidad. As\u00ed, incluso en largos paseos o en el uso diario, tu perro siempre disfrutar\u00e1 del mismo nivel de comodidad y sujeci\u00f3n. <\/p>\n<ul>\n<li>Forro acolchado para mayor comodidad<\/li>\n<li>Materiales resistentes y ligeros para facilitar su manejo<\/li>\n<li>Empu\u00f1adura reforzada para un mejor control<\/li>\n<\/ul>\n<h3 id=\"fonctionnalit\u00e9s-pratiques-pour-un-usage-quotidien\">Funciones pr\u00e1cticas para el uso diario<\/h3>\n<p>Este arn\u00e9s tiene una pr\u00e1ctica abertura que permite a tu perro excretar sin necesidad de quitarse el arn\u00e9s. Adem\u00e1s, dispone de varios puntos de enganche que te dan flexibilidad para adaptar el paseo a las preferencias de tu perro. <\/p>\n<h2 id=\"s\u00e9curit\u00e9-et-praticit\u00e9-au-rendez-vous\">Seguridad y practicidad<\/h2>\n<p>Con este arn\u00e9s, conservas el control al tiempo que garantizas la comodidad y seguridad de tu perro. Ideal para perros mayores, discapacitados o lesionados, este arn\u00e9s les ayuda a recuperar la movilidad y a disfrutar de los sencillos placeres de un paseo. <\/p>\n<p>Invierte hoy en el bienestar de tu perro con este arn\u00e9s de ayuda al paseo, y haz que las salidas sean un verdadero placer, sin renunciar a la seguridad ni a la comodidad.<\/p>\n","protected":false},"excerpt":{"rendered":"<p>Dale a tu perro macho la comodidad y seguridad que se merece con nuestro arn\u00e9s de paseo. Dise\u00f1ado para adaptarse a la forma de su cuerpo, permite libertad de movimientos al tiempo que garantiza un ajuste perfecto gracias a sus materiales de calidad. Equipado con un forro acolchado y un asa reforzada, este arn\u00e9s garantiza un control \u00f3ptimo durante tus paseos. Su pr\u00e1ctica funci\u00f3n de apertura permite a tu perro excretar sin tener que quit\u00e1rselo. No pongas en peligro el bienestar de tu amigo de cuatro patas: invierte en este arn\u00e9s para disfrutar de paseos agradables y seguros.    <\/p>\n","protected":false},"featured_media":8148,"comment_status":"open","ping_status":"closed","template":"","meta":[],"product_brand":[],"product_cat":[226],"product_tag":[],"class_list":{"0":"post-9468","1":"product","2":"type-product","3":"status-publish","4":"has-post-thumbnail","6":"product_cat-arnes-de-paseo-para-perros","7":"sales-flash-overlay","8":"woocommerce-text-align-left","9":"woocommerce-image-align-center","10":"do-quantity-buttons","12":"first","13":"instock","14":"taxable","15":"shipping-taxable","16":"purchasable","17":"product-type-variable","18":"has-default-attributes"},"yoast_head":"<!-- This site is optimized with the Yoast SEO Premium plugin v23.4 (Yoast SEO v27.4) - https:\/\/yoast.com\/product\/yoast-seo-premium-wordpress\/ -->\n<title>Arn\u00e9s andador adaptado para machos: comodidad, seguridad y practicidad para tu perro - SeriniDog<\/title>\n<meta name=\"robots\" content=\"index, follow, max-snippet:-1, max-image-preview:large, max-video-preview:-1\" \/>\n<link rel=\"canonical\" href=\"https:\/\/serinidog.com\/es\/p\/arnes-andador-adaptado-para-machos-comodidad-seguridad-y-practicidad-para-tu-perro\/\" \/>\n<meta property=\"og:locale\" content=\"es_ES\" \/>\n<meta property=\"og:type\" content=\"article\" \/>\n<meta property=\"og:title\" content=\"Arn\u00e9s andador adaptado para machos: comodidad, seguridad y practicidad para tu perro - SeriniDog\" \/>\n<meta property=\"og:description\" content=\"Dale a tu perro macho la comodidad y seguridad que se merece con nuestro arn\u00e9s de paseo. Dise\u00f1ado para adaptarse a la forma de su cuerpo, permite libertad de movimientos al tiempo que garantiza un ajuste perfecto gracias a sus materiales de calidad. Equipado con un forro acolchado y un asa reforzada, este arn\u00e9s garantiza un control \u00f3ptimo durante tus paseos. Su pr\u00e1ctica funci\u00f3n de apertura permite a tu perro excretar sin tener que quit\u00e1rselo. No pongas en peligro el bienestar de tu amigo de cuatro patas: invierte en este arn\u00e9s para disfrutar de paseos agradables y seguros.\" \/>\n<meta property=\"og:url\" content=\"https:\/\/serinidog.com\/es\/p\/arnes-andador-adaptado-para-machos-comodidad-seguridad-y-practicidad-para-tu-perro\/\" \/>\n<meta property=\"og:site_name\" content=\"SeriniDog\" \/>\n<meta property=\"article:modified_time\" content=\"2024-12-28T22:02:59+00:00\" \/>\n<meta property=\"og:image\" content=\"https:\/\/serinidog.com\/wp-content\/uploads\/2024\/12\/S874b190a350f4c11ad0664ccc4619193Z.webp\" \/>\n\t<meta property=\"og:image:width\" content=\"1600\" \/>\n\t<meta property=\"og:image:height\" content=\"1600\" \/>\n\t<meta property=\"og:image:type\" content=\"image\/webp\" \/>\n<meta name=\"twitter:card\" content=\"summary_large_image\" \/>\n<meta name=\"twitter:label1\" content=\"Disponibilidad\" \/>\n\t<meta name=\"twitter:data1\" content=\"Disponible\" \/>\n<script type=\"application\/ld+json\" class=\"yoast-schema-graph\">{\"@context\":\"https:\\\/\\\/schema.org\",\"@graph\":[{\"@type\":\"WebPage\",\"@id\":\"https:\\\/\\\/serinidog.com\\\/es\\\/p\\\/arnes-andador-adaptado-para-machos-comodidad-seguridad-y-practicidad-para-tu-perro\\\/\",\"url\":\"https:\\\/\\\/serinidog.com\\\/es\\\/p\\\/arnes-andador-adaptado-para-machos-comodidad-seguridad-y-practicidad-para-tu-perro\\\/\",\"name\":\"Arn\u00e9s andador adaptado para machos: comodidad, seguridad y practicidad para tu perro - SeriniDog\",\"isPartOf\":{\"@id\":\"https:\\\/\\\/serinidog.com\\\/es\\\/#website\"},\"primaryImageOfPage\":{\"@id\":\"https:\\\/\\\/serinidog.com\\\/es\\\/p\\\/arnes-andador-adaptado-para-machos-comodidad-seguridad-y-practicidad-para-tu-perro\\\/#primaryimage\"},\"image\":{\"@id\":\"https:\\\/\\\/serinidog.com\\\/es\\\/p\\\/arnes-andador-adaptado-para-machos-comodidad-seguridad-y-practicidad-para-tu-perro\\\/#primaryimage\"},\"thumbnailUrl\":\"https:\\\/\\\/serinidog.com\\\/wp-content\\\/uploads\\\/2024\\\/12\\\/S874b190a350f4c11ad0664ccc4619193Z.webp\",\"datePublished\":\"2024-12-10T20:36:32+00:00\",\"dateModified\":\"2024-12-28T22:02:59+00:00\",\"breadcrumb\":{\"@id\":\"https:\\\/\\\/serinidog.com\\\/es\\\/p\\\/arnes-andador-adaptado-para-machos-comodidad-seguridad-y-practicidad-para-tu-perro\\\/#breadcrumb\"},\"inLanguage\":\"es\",\"potentialAction\":[{\"@type\":\"ReadAction\",\"target\":[\"https:\\\/\\\/serinidog.com\\\/es\\\/p\\\/arnes-andador-adaptado-para-machos-comodidad-seguridad-y-practicidad-para-tu-perro\\\/\"]}]},{\"@type\":\"ImageObject\",\"inLanguage\":\"es\",\"@id\":\"https:\\\/\\\/serinidog.com\\\/es\\\/p\\\/arnes-andador-adaptado-para-machos-comodidad-seguridad-y-practicidad-para-tu-perro\\\/#primaryimage\",\"url\":\"https:\\\/\\\/serinidog.com\\\/wp-content\\\/uploads\\\/2024\\\/12\\\/S874b190a350f4c11ad0664ccc4619193Z.webp\",\"contentUrl\":\"https:\\\/\\\/serinidog.com\\\/wp-content\\\/uploads\\\/2024\\\/12\\\/S874b190a350f4c11ad0664ccc4619193Z.webp\",\"width\":1600,\"height\":1600},{\"@type\":\"BreadcrumbList\",\"@id\":\"https:\\\/\\\/serinidog.com\\\/es\\\/p\\\/arnes-andador-adaptado-para-machos-comodidad-seguridad-y-practicidad-para-tu-perro\\\/#breadcrumb\",\"itemListElement\":[{\"@type\":\"ListItem\",\"position\":1,\"name\":\"Accueil\",\"item\":\"https:\\\/\\\/serinidog.com\\\/es\\\/\"},{\"@type\":\"ListItem\",\"position\":2,\"name\":\"Boutique\",\"item\":\"https:\\\/\\\/serinidog.com\\\/shop\\\/\"},{\"@type\":\"ListItem\",\"position\":3,\"name\":\"Arn\u00e9s para perros\",\"item\":\"https:\\\/\\\/serinidog.com\\\/es\\\/c\\\/arnes-para-perros\\\/\"},{\"@type\":\"ListItem\",\"position\":4,\"name\":\"Arn\u00e9s de paseo para perros\",\"item\":\"https:\\\/\\\/serinidog.com\\\/es\\\/c\\\/arnes-para-perros\\\/arnes-de-paseo-para-perros\\\/\"},{\"@type\":\"ListItem\",\"position\":5,\"name\":\"Arn\u00e9s andador adaptado para machos: comodidad, seguridad y practicidad para tu perro\"}]},{\"@type\":\"WebSite\",\"@id\":\"https:\\\/\\\/serinidog.com\\\/es\\\/#website\",\"url\":\"https:\\\/\\\/serinidog.com\\\/es\\\/\",\"name\":\"SeriniDog\",\"description\":\"Shop pour chien\",\"potentialAction\":[{\"@type\":\"SearchAction\",\"target\":{\"@type\":\"EntryPoint\",\"urlTemplate\":\"https:\\\/\\\/serinidog.com\\\/es\\\/?s={search_term_string}\"},\"query-input\":{\"@type\":\"PropertyValueSpecification\",\"valueRequired\":true,\"valueName\":\"search_term_string\"}}],\"inLanguage\":\"es\"}]}<\/script>\n<meta property=\"og:availability\" content=\"instock\" \/>\n<meta property=\"product:availability\" content=\"instock\" \/>\n<meta property=\"product:retailer_item_id\" content=\"ctcach5pol6000foge3g\" \/>\n<meta property=\"product:condition\" content=\"new\" \/>\n<!-- \/ Yoast SEO Premium plugin. -->","yoast_head_json":{"title":"Arn\u00e9s andador adaptado para machos: comodidad, seguridad y practicidad para tu perro - SeriniDog","robots":{"index":"index","follow":"follow","max-snippet":"max-snippet:-1","max-image-preview":"max-image-preview:large","max-video-preview":"max-video-preview:-1"},"canonical":"https:\/\/serinidog.com\/es\/p\/arnes-andador-adaptado-para-machos-comodidad-seguridad-y-practicidad-para-tu-perro\/","og_locale":"es_ES","og_type":"article","og_title":"Arn\u00e9s andador adaptado para machos: comodidad, seguridad y practicidad para tu perro - SeriniDog","og_description":"Dale a tu perro macho la comodidad y seguridad que se merece con nuestro arn\u00e9s de paseo. Dise\u00f1ado para adaptarse a la forma de su cuerpo, permite libertad de movimientos al tiempo que garantiza un ajuste perfecto gracias a sus materiales de calidad. Equipado con un forro acolchado y un asa reforzada, este arn\u00e9s garantiza un control \u00f3ptimo durante tus paseos. Su pr\u00e1ctica funci\u00f3n de apertura permite a tu perro excretar sin tener que quit\u00e1rselo. No pongas en peligro el bienestar de tu amigo de cuatro patas: invierte en este arn\u00e9s para disfrutar de paseos agradables y seguros.","og_url":"https:\/\/serinidog.com\/es\/p\/arnes-andador-adaptado-para-machos-comodidad-seguridad-y-practicidad-para-tu-perro\/","og_site_name":"SeriniDog","article_modified_time":"2024-12-28T22:02:59+00:00","og_image":[{"width":1600,"height":1600,"url":"https:\/\/serinidog.com\/wp-content\/uploads\/2024\/12\/S874b190a350f4c11ad0664ccc4619193Z.webp","type":"image\/webp"}],"twitter_card":"summary_large_image","twitter_misc":{"Disponibilidad":"Disponible"},"schema":{"@context":"https:\/\/schema.org","@graph":[{"@type":"WebPage","@id":"https:\/\/serinidog.com\/es\/p\/arnes-andador-adaptado-para-machos-comodidad-seguridad-y-practicidad-para-tu-perro\/","url":"https:\/\/serinidog.com\/es\/p\/arnes-andador-adaptado-para-machos-comodidad-seguridad-y-practicidad-para-tu-perro\/","name":"Arn\u00e9s andador adaptado para machos: comodidad, seguridad y practicidad para tu perro - SeriniDog","isPartOf":{"@id":"https:\/\/serinidog.com\/es\/#website"},"primaryImageOfPage":{"@id":"https:\/\/serinidog.com\/es\/p\/arnes-andador-adaptado-para-machos-comodidad-seguridad-y-practicidad-para-tu-perro\/#primaryimage"},"image":{"@id":"https:\/\/serinidog.com\/es\/p\/arnes-andador-adaptado-para-machos-comodidad-seguridad-y-practicidad-para-tu-perro\/#primaryimage"},"thumbnailUrl":"https:\/\/serinidog.com\/wp-content\/uploads\/2024\/12\/S874b190a350f4c11ad0664ccc4619193Z.webp","datePublished":"2024-12-10T20:36:32+00:00","dateModified":"2024-12-28T22:02:59+00:00","breadcrumb":{"@id":"https:\/\/serinidog.com\/es\/p\/arnes-andador-adaptado-para-machos-comodidad-seguridad-y-practicidad-para-tu-perro\/#breadcrumb"},"inLanguage":"es","potentialAction":[{"@type":"ReadAction","target":["https:\/\/serinidog.com\/es\/p\/arnes-andador-adaptado-para-machos-comodidad-seguridad-y-practicidad-para-tu-perro\/"]}]},{"@type":"ImageObject","inLanguage":"es","@id":"https:\/\/serinidog.com\/es\/p\/arnes-andador-adaptado-para-machos-comodidad-seguridad-y-practicidad-para-tu-perro\/#primaryimage","url":"https:\/\/serinidog.com\/wp-content\/uploads\/2024\/12\/S874b190a350f4c11ad0664ccc4619193Z.webp","contentUrl":"https:\/\/serinidog.com\/wp-content\/uploads\/2024\/12\/S874b190a350f4c11ad0664ccc4619193Z.webp","width":1600,"height":1600},{"@type":"BreadcrumbList","@id":"https:\/\/serinidog.com\/es\/p\/arnes-andador-adaptado-para-machos-comodidad-seguridad-y-practicidad-para-tu-perro\/#breadcrumb","itemListElement":[{"@type":"ListItem","position":1,"name":"Accueil","item":"https:\/\/serinidog.com\/es\/"},{"@type":"ListItem","position":2,"name":"Boutique","item":"https:\/\/serinidog.com\/shop\/"},{"@type":"ListItem","position":3,"name":"Arn\u00e9s para perros","item":"https:\/\/serinidog.com\/es\/c\/arnes-para-perros\/"},{"@type":"ListItem","position":4,"name":"Arn\u00e9s de paseo para perros","item":"https:\/\/serinidog.com\/es\/c\/arnes-para-perros\/arnes-de-paseo-para-perros\/"},{"@type":"ListItem","position":5,"name":"Arn\u00e9s andador adaptado para machos: comodidad, seguridad y practicidad para tu perro"}]},{"@type":"WebSite","@id":"https:\/\/serinidog.com\/es\/#website","url":"https:\/\/serinidog.com\/es\/","name":"SeriniDog","description":"Shop pour chien","potentialAction":[{"@type":"SearchAction","target":{"@type":"EntryPoint","urlTemplate":"https:\/\/serinidog.com\/es\/?s={search_term_string}"},"query-input":{"@type":"PropertyValueSpecification","valueRequired":true,"valueName":"search_term_string"}}],"inLanguage":"es"}]},"og_availability":"instock","product_availability":"instock","product_retailer_item_id":"ctcach5pol6000foge3g","product_condition":"new"},"_links":{"self":[{"href":"https:\/\/serinidog.com\/es\/wp-json\/wp\/v2\/product\/9468","targetHints":{"allow":["GET"]}}],"collection":[{"href":"https:\/\/serinidog.com\/es\/wp-json\/wp\/v2\/product"}],"about":[{"href":"https:\/\/serinidog.com\/es\/wp-json\/wp\/v2\/types\/product"}],"replies":[{"embeddable":true,"href":"https:\/\/serinidog.com\/es\/wp-json\/wp\/v2\/comments?post=9468"}],"wp:featuredmedia":[{"embeddable":true,"href":"https:\/\/serinidog.com\/es\/wp-json\/wp\/v2\/media\/8148"}],"wp:attachment":[{"href":"https:\/\/serinidog.com\/es\/wp-json\/wp\/v2\/media?parent=9468"}],"wp:term":[{"taxonomy":"product_brand","embeddable":true,"href":"https:\/\/serinidog.com\/es\/wp-json\/wp\/v2\/product_brand?post=9468"},{"taxonomy":"product_cat","embeddable":true,"href":"https:\/\/serinidog.com\/es\/wp-json\/wp\/v2\/product_cat?post=9468"},{"taxonomy":"product_tag","embeddable":true,"href":"https:\/\/serinidog.com\/es\/wp-json\/wp\/v2\/product_tag?post=9468"}],"curies":[{"name":"wp","href":"https:\/\/api.w.org\/{rel}","templated":true}]}}