{"id":9538,"date":"2024-12-17T20:44:00","date_gmt":"2024-12-17T20:44:00","guid":{"rendered":"https:\/\/serinidog.com\/p\/arnes-de-sujecion-para-perros-discapacitados-mayor-sujecion-y-comodidad\/"},"modified":"2024-12-28T22:01:34","modified_gmt":"2024-12-28T22:01:34","slug":"arnes-de-sujecion-para-perros-discapacitados-mayor-sujecion-y-comodidad","status":"publish","type":"product","link":"https:\/\/serinidog.com\/es\/p\/arnes-de-sujecion-para-perros-discapacitados-mayor-sujecion-y-comodidad\/","title":{"rendered":"Arn\u00e9s de sujeci\u00f3n para perros discapacitados: mayor sujeci\u00f3n y comodidad"},"content":{"rendered":"<h2 id=\"soutien-et-confort-pour-votre-chien\">Apoyo y comodidad para tu perro<\/h2>\n<p>\u00bfTienes un perro con dificultades para moverse debido a una lesi\u00f3n, enfermedad o discapacidad? Nuestro arn\u00e9s para perros discapacitados es la soluci\u00f3n ideal para mejorar la calidad de vida de tu perro. Dise\u00f1ado para ofrecer sujeci\u00f3n y comodidad, este arn\u00e9s est\u00e1 especialmente adaptado para ayudar a tu perro a moverse con seguridad.  <\/p>\n<h3 id=\"des-caract\u00e9ristiques-pens\u00e9es-pour-le-bien-\u00eatre-de-votre-chien\">Caracter\u00edsticas dise\u00f1adas para el bienestar de tu perro<\/h3>\n<p>Nuestro arn\u00e9s est\u00e1 fabricado con materiales de alta calidad y ofrece una serie de caracter\u00edsticas ventajosas:<\/p>\n<ul>\n<li><strong>Material resistente y c\u00f3modo:<\/strong> Fabricado con tejido de poli\u00e9ster suave y resistente para una mayor durabilidad.<\/li>\n<li><strong>Dise\u00f1o ajustable:<\/strong> Las correas son ajustables, por lo que son perfectas para perros medianos y grandes.<\/li>\n<li><strong>F\u00e1cil de colocar:<\/strong> Equipado con hebillas de liberaci\u00f3n r\u00e1pida para facilitar su colocaci\u00f3n en el d\u00eda a d\u00eda.<\/li>\n<\/ul>\n<h3 id=\"des-avantages-ind\u00e9niables-pour-la-mobilit\u00e9-des-chiens\">Ventajas innegables para la movilidad del perro<\/h3>\n<ol>\n<li><strong>Apoyo f\u00edsico:<\/strong> ayuda a los perros con problemas de movilidad a levantarse y moverse con m\u00e1s facilidad.<\/li>\n<li><strong>Mayor comodidad:<\/strong> acolchado extra para garantizar un uso sin dolor.<\/li>\n<li><strong>Mayor seguridad:<\/strong> Un apoyo \u00f3ptimo reduce el riesgo de ca\u00eddas.<\/li>\n<\/ol>\n<h2 id=\"pourquoi-choisir-notre-baudrier-de-maintien-\">\u00bfPor qu\u00e9 elegir nuestro arn\u00e9s de hombro?<\/h2>\n<p>Utilizados a diario, estos arneses permiten a tu perro llevar una vida activa y plena. Ya sea para pasear o para jugar, ayudan a que estos momentos sean inolvidables, al tiempo que preservan la salud y el bienestar de tu perro. <\/p>\n<p>Piensa en tu amigo de cuatro patas y dale el apoyo que necesita con nuestro arn\u00e9s de sujeci\u00f3n para perros discapacitados. Aprovecha nuestra pol\u00edtica de devoluciones de 14 d\u00edas si no est\u00e1s completamente satisfecho. <\/p>\n<h3 id=\"en-r\u00e9sum\u00e9\">En pocas palabras<\/h3>\n<ul>\n<li>Material: poli\u00e9ster c\u00f3modo y duradero<\/li>\n<li>Adecuado para perros medianos y grandes<\/li>\n<li>Ideal para perros mayores o con lesiones<\/li>\n<li>Se aceptan devoluciones en un plazo de 14 d\u00edas<\/li>\n<\/ul>\n<p>Dale a tu perro la comodidad y el apoyo que se merece para mantenerlo activo y feliz. Elige nuestro arn\u00e9s de sujeci\u00f3n y dale a tu perro el gusto por la aventura con total seguridad. <\/p>\n","protected":false},"excerpt":{"rendered":"<p>Dale a tu perro el apoyo y la comodidad que se merece con nuestro arn\u00e9s de sujeci\u00f3n especialmente dise\u00f1ado para perros discapacitados. Fabricado en poli\u00e9ster duradero y c\u00f3modo, se adapta perfectamente a perros medianos y grandes. Gracias a su pr\u00e1ctico dise\u00f1o, tu compa\u00f1ero podr\u00e1 desplazarse con mayor facilidad mientras se mantiene seguro. Disfruta de una vida activa y plena con paseos y juegos sin dolor. No esperes m\u00e1s y dale a tu fiel amigo el bienestar que se merece, mientras te beneficias de nuestra pol\u00edtica de devoluciones de 14 d\u00edas si no quedas completamente satisfecho.    <\/p>\n","protected":false},"featured_media":8852,"comment_status":"open","ping_status":"closed","template":"","meta":[],"product_brand":[],"product_cat":[226],"product_tag":[],"class_list":{"0":"post-9538","1":"product","2":"type-product","3":"status-publish","4":"has-post-thumbnail","6":"product_cat-arnes-de-paseo-para-perros","7":"sales-flash-overlay","8":"woocommerce-text-align-left","9":"woocommerce-image-align-center","10":"do-quantity-buttons","12":"first","13":"instock","14":"taxable","15":"shipping-taxable","16":"purchasable","17":"product-type-variable","18":"has-default-attributes"},"yoast_head":"<!-- This site is optimized with the Yoast SEO Premium plugin v23.4 (Yoast SEO v27.5) - https:\/\/yoast.com\/product\/yoast-seo-premium-wordpress\/ -->\n<title>Arn\u00e9s de sujeci\u00f3n para perros discapacitados: mayor sujeci\u00f3n y comodidad - SeriniDog<\/title>\n<meta name=\"robots\" content=\"index, follow, max-snippet:-1, max-image-preview:large, max-video-preview:-1\" \/>\n<link rel=\"canonical\" href=\"https:\/\/serinidog.com\/es\/p\/arnes-de-sujecion-para-perros-discapacitados-mayor-sujecion-y-comodidad\/\" \/>\n<meta property=\"og:locale\" content=\"es_ES\" \/>\n<meta property=\"og:type\" content=\"article\" \/>\n<meta property=\"og:title\" content=\"Arn\u00e9s de sujeci\u00f3n para perros discapacitados: mayor sujeci\u00f3n y comodidad - SeriniDog\" \/>\n<meta property=\"og:description\" content=\"Dale a tu perro el apoyo y la comodidad que se merece con nuestro arn\u00e9s de sujeci\u00f3n especialmente dise\u00f1ado para perros discapacitados. Fabricado en poli\u00e9ster duradero y c\u00f3modo, se adapta perfectamente a perros medianos y grandes. Gracias a su pr\u00e1ctico dise\u00f1o, tu compa\u00f1ero podr\u00e1 desplazarse con mayor facilidad mientras se mantiene seguro. Disfruta de una vida activa y plena con paseos y juegos sin dolor. No esperes m\u00e1s y dale a tu fiel amigo el bienestar que se merece, mientras te beneficias de nuestra pol\u00edtica de devoluciones de 14 d\u00edas si no quedas completamente satisfecho.\" \/>\n<meta property=\"og:url\" content=\"https:\/\/serinidog.com\/es\/p\/arnes-de-sujecion-para-perros-discapacitados-mayor-sujecion-y-comodidad\/\" \/>\n<meta property=\"og:site_name\" content=\"SeriniDog\" \/>\n<meta property=\"article:modified_time\" content=\"2024-12-28T22:01:34+00:00\" \/>\n<meta property=\"og:image\" content=\"https:\/\/serinidog.com\/wp-content\/uploads\/2024\/12\/Sbc4f4ac8d47c4e368fa2c252acf67822P.webp\" \/>\n\t<meta property=\"og:image:width\" content=\"1600\" \/>\n\t<meta property=\"og:image:height\" content=\"1600\" \/>\n\t<meta property=\"og:image:type\" content=\"image\/webp\" \/>\n<meta name=\"twitter:card\" content=\"summary_large_image\" \/>\n<meta name=\"twitter:label1\" content=\"Disponibilidad\" \/>\n\t<meta name=\"twitter:data1\" content=\"Disponible\" \/>\n<script type=\"application\/ld+json\" class=\"yoast-schema-graph\">{\"@context\":\"https:\\\/\\\/schema.org\",\"@graph\":[{\"@type\":\"WebPage\",\"@id\":\"https:\\\/\\\/serinidog.com\\\/es\\\/p\\\/arnes-de-sujecion-para-perros-discapacitados-mayor-sujecion-y-comodidad\\\/\",\"url\":\"https:\\\/\\\/serinidog.com\\\/es\\\/p\\\/arnes-de-sujecion-para-perros-discapacitados-mayor-sujecion-y-comodidad\\\/\",\"name\":\"Arn\u00e9s de sujeci\u00f3n para perros discapacitados: mayor sujeci\u00f3n y comodidad - SeriniDog\",\"isPartOf\":{\"@id\":\"https:\\\/\\\/serinidog.com\\\/es\\\/#website\"},\"primaryImageOfPage\":{\"@id\":\"https:\\\/\\\/serinidog.com\\\/es\\\/p\\\/arnes-de-sujecion-para-perros-discapacitados-mayor-sujecion-y-comodidad\\\/#primaryimage\"},\"image\":{\"@id\":\"https:\\\/\\\/serinidog.com\\\/es\\\/p\\\/arnes-de-sujecion-para-perros-discapacitados-mayor-sujecion-y-comodidad\\\/#primaryimage\"},\"thumbnailUrl\":\"https:\\\/\\\/serinidog.com\\\/wp-content\\\/uploads\\\/2024\\\/12\\\/Sbc4f4ac8d47c4e368fa2c252acf67822P.webp\",\"datePublished\":\"2024-12-17T20:44:00+00:00\",\"dateModified\":\"2024-12-28T22:01:34+00:00\",\"breadcrumb\":{\"@id\":\"https:\\\/\\\/serinidog.com\\\/es\\\/p\\\/arnes-de-sujecion-para-perros-discapacitados-mayor-sujecion-y-comodidad\\\/#breadcrumb\"},\"inLanguage\":\"es\",\"potentialAction\":[{\"@type\":\"ReadAction\",\"target\":[\"https:\\\/\\\/serinidog.com\\\/es\\\/p\\\/arnes-de-sujecion-para-perros-discapacitados-mayor-sujecion-y-comodidad\\\/\"]}]},{\"@type\":\"ImageObject\",\"inLanguage\":\"es\",\"@id\":\"https:\\\/\\\/serinidog.com\\\/es\\\/p\\\/arnes-de-sujecion-para-perros-discapacitados-mayor-sujecion-y-comodidad\\\/#primaryimage\",\"url\":\"https:\\\/\\\/serinidog.com\\\/wp-content\\\/uploads\\\/2024\\\/12\\\/Sbc4f4ac8d47c4e368fa2c252acf67822P.webp\",\"contentUrl\":\"https:\\\/\\\/serinidog.com\\\/wp-content\\\/uploads\\\/2024\\\/12\\\/Sbc4f4ac8d47c4e368fa2c252acf67822P.webp\",\"width\":1600,\"height\":1600},{\"@type\":\"BreadcrumbList\",\"@id\":\"https:\\\/\\\/serinidog.com\\\/es\\\/p\\\/arnes-de-sujecion-para-perros-discapacitados-mayor-sujecion-y-comodidad\\\/#breadcrumb\",\"itemListElement\":[{\"@type\":\"ListItem\",\"position\":1,\"name\":\"Accueil\",\"item\":\"https:\\\/\\\/serinidog.com\\\/es\\\/\"},{\"@type\":\"ListItem\",\"position\":2,\"name\":\"Boutique\",\"item\":\"https:\\\/\\\/serinidog.com\\\/shop\\\/\"},{\"@type\":\"ListItem\",\"position\":3,\"name\":\"Arn\u00e9s para perros\",\"item\":\"https:\\\/\\\/serinidog.com\\\/es\\\/c\\\/arnes-para-perros\\\/\"},{\"@type\":\"ListItem\",\"position\":4,\"name\":\"Arn\u00e9s de paseo para perros\",\"item\":\"https:\\\/\\\/serinidog.com\\\/es\\\/c\\\/arnes-para-perros\\\/arnes-de-paseo-para-perros\\\/\"},{\"@type\":\"ListItem\",\"position\":5,\"name\":\"Arn\u00e9s de sujeci\u00f3n para perros discapacitados: mayor sujeci\u00f3n y comodidad\"}]},{\"@type\":\"WebSite\",\"@id\":\"https:\\\/\\\/serinidog.com\\\/es\\\/#website\",\"url\":\"https:\\\/\\\/serinidog.com\\\/es\\\/\",\"name\":\"SeriniDog\",\"description\":\"Shop pour chien\",\"potentialAction\":[{\"@type\":\"SearchAction\",\"target\":{\"@type\":\"EntryPoint\",\"urlTemplate\":\"https:\\\/\\\/serinidog.com\\\/es\\\/?s={search_term_string}\"},\"query-input\":{\"@type\":\"PropertyValueSpecification\",\"valueRequired\":true,\"valueName\":\"search_term_string\"}}],\"inLanguage\":\"es\"}]}<\/script>\n<meta property=\"og:availability\" content=\"instock\" \/>\n<meta property=\"product:availability\" content=\"instock\" \/>\n<meta property=\"product:retailer_item_id\" content=\"ctgu50nn8p2000c6u7e0\" \/>\n<meta property=\"product:condition\" content=\"new\" \/>\n<!-- \/ Yoast SEO Premium plugin. -->","yoast_head_json":{"title":"Arn\u00e9s de sujeci\u00f3n para perros discapacitados: mayor sujeci\u00f3n y comodidad - SeriniDog","robots":{"index":"index","follow":"follow","max-snippet":"max-snippet:-1","max-image-preview":"max-image-preview:large","max-video-preview":"max-video-preview:-1"},"canonical":"https:\/\/serinidog.com\/es\/p\/arnes-de-sujecion-para-perros-discapacitados-mayor-sujecion-y-comodidad\/","og_locale":"es_ES","og_type":"article","og_title":"Arn\u00e9s de sujeci\u00f3n para perros discapacitados: mayor sujeci\u00f3n y comodidad - SeriniDog","og_description":"Dale a tu perro el apoyo y la comodidad que se merece con nuestro arn\u00e9s de sujeci\u00f3n especialmente dise\u00f1ado para perros discapacitados. Fabricado en poli\u00e9ster duradero y c\u00f3modo, se adapta perfectamente a perros medianos y grandes. Gracias a su pr\u00e1ctico dise\u00f1o, tu compa\u00f1ero podr\u00e1 desplazarse con mayor facilidad mientras se mantiene seguro. Disfruta de una vida activa y plena con paseos y juegos sin dolor. No esperes m\u00e1s y dale a tu fiel amigo el bienestar que se merece, mientras te beneficias de nuestra pol\u00edtica de devoluciones de 14 d\u00edas si no quedas completamente satisfecho.","og_url":"https:\/\/serinidog.com\/es\/p\/arnes-de-sujecion-para-perros-discapacitados-mayor-sujecion-y-comodidad\/","og_site_name":"SeriniDog","article_modified_time":"2024-12-28T22:01:34+00:00","og_image":[{"width":1600,"height":1600,"url":"https:\/\/serinidog.com\/wp-content\/uploads\/2024\/12\/Sbc4f4ac8d47c4e368fa2c252acf67822P.webp","type":"image\/webp"}],"twitter_card":"summary_large_image","twitter_misc":{"Disponibilidad":"Disponible"},"schema":{"@context":"https:\/\/schema.org","@graph":[{"@type":"WebPage","@id":"https:\/\/serinidog.com\/es\/p\/arnes-de-sujecion-para-perros-discapacitados-mayor-sujecion-y-comodidad\/","url":"https:\/\/serinidog.com\/es\/p\/arnes-de-sujecion-para-perros-discapacitados-mayor-sujecion-y-comodidad\/","name":"Arn\u00e9s de sujeci\u00f3n para perros discapacitados: mayor sujeci\u00f3n y comodidad - SeriniDog","isPartOf":{"@id":"https:\/\/serinidog.com\/es\/#website"},"primaryImageOfPage":{"@id":"https:\/\/serinidog.com\/es\/p\/arnes-de-sujecion-para-perros-discapacitados-mayor-sujecion-y-comodidad\/#primaryimage"},"image":{"@id":"https:\/\/serinidog.com\/es\/p\/arnes-de-sujecion-para-perros-discapacitados-mayor-sujecion-y-comodidad\/#primaryimage"},"thumbnailUrl":"https:\/\/serinidog.com\/wp-content\/uploads\/2024\/12\/Sbc4f4ac8d47c4e368fa2c252acf67822P.webp","datePublished":"2024-12-17T20:44:00+00:00","dateModified":"2024-12-28T22:01:34+00:00","breadcrumb":{"@id":"https:\/\/serinidog.com\/es\/p\/arnes-de-sujecion-para-perros-discapacitados-mayor-sujecion-y-comodidad\/#breadcrumb"},"inLanguage":"es","potentialAction":[{"@type":"ReadAction","target":["https:\/\/serinidog.com\/es\/p\/arnes-de-sujecion-para-perros-discapacitados-mayor-sujecion-y-comodidad\/"]}]},{"@type":"ImageObject","inLanguage":"es","@id":"https:\/\/serinidog.com\/es\/p\/arnes-de-sujecion-para-perros-discapacitados-mayor-sujecion-y-comodidad\/#primaryimage","url":"https:\/\/serinidog.com\/wp-content\/uploads\/2024\/12\/Sbc4f4ac8d47c4e368fa2c252acf67822P.webp","contentUrl":"https:\/\/serinidog.com\/wp-content\/uploads\/2024\/12\/Sbc4f4ac8d47c4e368fa2c252acf67822P.webp","width":1600,"height":1600},{"@type":"BreadcrumbList","@id":"https:\/\/serinidog.com\/es\/p\/arnes-de-sujecion-para-perros-discapacitados-mayor-sujecion-y-comodidad\/#breadcrumb","itemListElement":[{"@type":"ListItem","position":1,"name":"Accueil","item":"https:\/\/serinidog.com\/es\/"},{"@type":"ListItem","position":2,"name":"Boutique","item":"https:\/\/serinidog.com\/shop\/"},{"@type":"ListItem","position":3,"name":"Arn\u00e9s para perros","item":"https:\/\/serinidog.com\/es\/c\/arnes-para-perros\/"},{"@type":"ListItem","position":4,"name":"Arn\u00e9s de paseo para perros","item":"https:\/\/serinidog.com\/es\/c\/arnes-para-perros\/arnes-de-paseo-para-perros\/"},{"@type":"ListItem","position":5,"name":"Arn\u00e9s de sujeci\u00f3n para perros discapacitados: mayor sujeci\u00f3n y comodidad"}]},{"@type":"WebSite","@id":"https:\/\/serinidog.com\/es\/#website","url":"https:\/\/serinidog.com\/es\/","name":"SeriniDog","description":"Shop pour chien","potentialAction":[{"@type":"SearchAction","target":{"@type":"EntryPoint","urlTemplate":"https:\/\/serinidog.com\/es\/?s={search_term_string}"},"query-input":{"@type":"PropertyValueSpecification","valueRequired":true,"valueName":"search_term_string"}}],"inLanguage":"es"}]},"og_availability":"instock","product_availability":"instock","product_retailer_item_id":"ctgu50nn8p2000c6u7e0","product_condition":"new"},"_links":{"self":[{"href":"https:\/\/serinidog.com\/es\/wp-json\/wp\/v2\/product\/9538","targetHints":{"allow":["GET"]}}],"collection":[{"href":"https:\/\/serinidog.com\/es\/wp-json\/wp\/v2\/product"}],"about":[{"href":"https:\/\/serinidog.com\/es\/wp-json\/wp\/v2\/types\/product"}],"replies":[{"embeddable":true,"href":"https:\/\/serinidog.com\/es\/wp-json\/wp\/v2\/comments?post=9538"}],"wp:featuredmedia":[{"embeddable":true,"href":"https:\/\/serinidog.com\/es\/wp-json\/wp\/v2\/media\/8852"}],"wp:attachment":[{"href":"https:\/\/serinidog.com\/es\/wp-json\/wp\/v2\/media?parent=9538"}],"wp:term":[{"taxonomy":"product_brand","embeddable":true,"href":"https:\/\/serinidog.com\/es\/wp-json\/wp\/v2\/product_brand?post=9538"},{"taxonomy":"product_cat","embeddable":true,"href":"https:\/\/serinidog.com\/es\/wp-json\/wp\/v2\/product_cat?post=9538"},{"taxonomy":"product_tag","embeddable":true,"href":"https:\/\/serinidog.com\/es\/wp-json\/wp\/v2\/product_tag?post=9538"}],"curies":[{"name":"wp","href":"https:\/\/api.w.org\/{rel}","templated":true}]}}