{"id":9566,"date":"2024-12-17T21:57:10","date_gmt":"2024-12-17T21:57:10","guid":{"rendered":"https:\/\/serinidog.com\/p\/madera-de-cafe-masticable-para-perros-un-juguete-sostenible-para-la-salud-dental-y-el-bienestar-de-tu-mascota\/"},"modified":"2024-12-28T22:01:22","modified_gmt":"2024-12-28T22:01:22","slug":"madera-de-cafe-masticable-para-perros-un-juguete-sostenible-para-la-salud-dental-y-el-bienestar-de-tu-mascota","status":"publish","type":"product","link":"https:\/\/serinidog.com\/es\/p\/madera-de-cafe-masticable-para-perros-un-juguete-sostenible-para-la-salud-dental-y-el-bienestar-de-tu-mascota\/","title":{"rendered":"Madera de caf\u00e9 masticable para perros &#8211; Un juguete sostenible para la salud dental y el bienestar de tu mascota"},"content":{"rendered":"<h2 id=\"bois-de-caf\u00e9ier-\u00e0-mastiquer-pour-chien--un-choix-naturel\">Madera de caf\u00e9 masticable para perros: una elecci\u00f3n natural<\/h2>\n<p>Dale a tu perro un juguete excepcional para masticar con madera de caf\u00e9. Este producto natural no s\u00f3lo favorece la salud bucal de tu perro, sino que tambi\u00e9n le proporciona un entretenimiento sin fin. Adecuado para todas las razas, este juguete est\u00e1 disponible en varios tama\u00f1os para adaptarse a todos nuestros amigos de cuatro patas.  <\/p>\n<h3 id=\"avantages-du-bois-de-caf\u00e9ier\">Ventajas de la madera de caf\u00e9<\/h3>\n<h4 id=\"sant\u00e9-dentaire-optimale\">Salud dental \u00f3ptima<\/h4>\n<p>Masticar esta madera ayuda a tu perro a combatir la placa y el sarro, garantizando una buena higiene bucal. Es una soluci\u00f3n natural para mantener los dientes de tu perro en perfecto estado. <\/p>\n<h4 id=\"une-aide-contre-le-stress\">Una ayuda contra el estr\u00e9s<\/h4>\n<p>Masticar madera de caf\u00e9 ayuda a tu perro a aliviar el estr\u00e9s. Es una forma ideal de canalizar la energ\u00eda de tu perro y evitar comportamientos destructivos en casa. <\/p>\n<ul>\n<li><strong>Material natural<\/strong>: fabricado \u00edntegramente con madera de caf\u00e9 sostenible y respetuosa con el medio ambiente.<\/li>\n<li><strong>Sin aditivos qu\u00edmicos<\/strong>: un producto puro para la seguridad de tu mascota.<\/li>\n<li><strong>Satisfacci\u00f3n natural<\/strong>: satisface la necesidad instintiva de masticar.<\/li>\n<li><strong>Mayor duraci\u00f3n<\/strong>: m\u00e1s duraderos que muchos juguetes de pl\u00e1stico.<\/li>\n<\/ul>\n<h3 id=\"un-choix-durable-et-respectueux\">Una elecci\u00f3n sostenible y respetuosa<\/h3>\n<p>Dale a tu perro un juguete s\u00f3lido que sea bueno para \u00e9l y respetuoso con el medio ambiente. La madera de caf\u00e9 es una gran alternativa a los juguetes convencionales, que suelen ser menos duraderos. <\/p>\n<p>Aprovecha nuestra pol\u00edtica de devoluciones de 14 d\u00edas si no est\u00e1s completamente satisfecho con tu compra. Elige un producto que combine calidad, salud y entretenimiento para tu fiel compa\u00f1ero. Visita serinidog.com hoy mismo para descubrir nuestra gama completa.  <\/p>\n","protected":false},"excerpt":{"rendered":"<p>Dale a tu perro lo mejor con el mordedor de madera de caf\u00e9. Este juguete natural favorece una salud bucal \u00f3ptima a la vez que calma el estr\u00e9s de tu amigo de cuatro patas. Fabricado con madera sostenible y sin aditivos qu\u00edmicos, satisfar\u00e1 su necesidad instintiva de masticar a la vez que evita comportamientos destructivos. Con varios tama\u00f1os disponibles, esta opci\u00f3n ecol\u00f3gica es a la vez resistente y respetuosa con el medio ambiente. No te pierdas nuestra pol\u00edtica de devoluciones de 14 d\u00edas para garantizar tu satisfacci\u00f3n. Visita serinidog.com para descubrir nuestra gama y \u00a1dale un capricho a tu fiel compa\u00f1ero!     <\/p>\n","protected":false},"featured_media":8916,"comment_status":"open","ping_status":"closed","template":"","meta":[],"product_brand":[],"product_cat":[230],"product_tag":[],"class_list":{"0":"post-9566","1":"product","2":"type-product","3":"status-publish","4":"has-post-thumbnail","6":"product_cat-juguete-masticable-para-perros","7":"sales-flash-overlay","8":"woocommerce-text-align-left","9":"woocommerce-image-align-center","10":"do-quantity-buttons","12":"first","13":"instock","14":"taxable","15":"shipping-taxable","16":"purchasable","17":"product-type-variable"},"yoast_head":"<!-- This site is optimized with the Yoast SEO Premium plugin v23.4 (Yoast SEO v27.5) - https:\/\/yoast.com\/product\/yoast-seo-premium-wordpress\/ -->\n<title>Madera de caf\u00e9 masticable para perros - Un juguete sostenible para la salud dental y el bienestar de tu mascota - SeriniDog<\/title>\n<meta name=\"robots\" content=\"index, follow, max-snippet:-1, max-image-preview:large, max-video-preview:-1\" \/>\n<link rel=\"canonical\" href=\"https:\/\/serinidog.com\/es\/p\/madera-de-cafe-masticable-para-perros-un-juguete-sostenible-para-la-salud-dental-y-el-bienestar-de-tu-mascota\/\" \/>\n<meta property=\"og:locale\" content=\"es_ES\" \/>\n<meta property=\"og:type\" content=\"article\" \/>\n<meta property=\"og:title\" content=\"Madera de caf\u00e9 masticable para perros - Un juguete sostenible para la salud dental y el bienestar de tu mascota - SeriniDog\" \/>\n<meta property=\"og:description\" content=\"Dale a tu perro lo mejor con el mordedor de madera de caf\u00e9. Este juguete natural favorece una salud bucal \u00f3ptima a la vez que calma el estr\u00e9s de tu amigo de cuatro patas. Fabricado con madera sostenible y sin aditivos qu\u00edmicos, satisfar\u00e1 su necesidad instintiva de masticar a la vez que evita comportamientos destructivos. Con varios tama\u00f1os disponibles, esta opci\u00f3n ecol\u00f3gica es a la vez resistente y respetuosa con el medio ambiente. No te pierdas nuestra pol\u00edtica de devoluciones de 14 d\u00edas para garantizar tu satisfacci\u00f3n. Visita serinidog.com para descubrir nuestra gama y \u00a1dale un capricho a tu fiel compa\u00f1ero!\" \/>\n<meta property=\"og:url\" content=\"https:\/\/serinidog.com\/es\/p\/madera-de-cafe-masticable-para-perros-un-juguete-sostenible-para-la-salud-dental-y-el-bienestar-de-tu-mascota\/\" \/>\n<meta property=\"og:site_name\" content=\"SeriniDog\" \/>\n<meta property=\"article:modified_time\" content=\"2024-12-28T22:01:22+00:00\" \/>\n<meta property=\"og:image\" content=\"https:\/\/serinidog.com\/wp-content\/uploads\/2024\/12\/S599a0401830246f3b3db5267f95508e8r.webp\" \/>\n\t<meta property=\"og:image:width\" content=\"1001\" \/>\n\t<meta property=\"og:image:height\" content=\"1001\" \/>\n\t<meta property=\"og:image:type\" content=\"image\/webp\" \/>\n<meta name=\"twitter:card\" content=\"summary_large_image\" \/>\n<meta name=\"twitter:label1\" content=\"Disponibilidad\" \/>\n\t<meta name=\"twitter:data1\" content=\"Disponible\" \/>\n<script type=\"application\/ld+json\" class=\"yoast-schema-graph\">{\"@context\":\"https:\\\/\\\/schema.org\",\"@graph\":[{\"@type\":\"WebPage\",\"@id\":\"https:\\\/\\\/serinidog.com\\\/es\\\/p\\\/madera-de-cafe-masticable-para-perros-un-juguete-sostenible-para-la-salud-dental-y-el-bienestar-de-tu-mascota\\\/\",\"url\":\"https:\\\/\\\/serinidog.com\\\/es\\\/p\\\/madera-de-cafe-masticable-para-perros-un-juguete-sostenible-para-la-salud-dental-y-el-bienestar-de-tu-mascota\\\/\",\"name\":\"Madera de caf\u00e9 masticable para perros - Un juguete sostenible para la salud dental y el bienestar de tu mascota - SeriniDog\",\"isPartOf\":{\"@id\":\"https:\\\/\\\/serinidog.com\\\/es\\\/#website\"},\"primaryImageOfPage\":{\"@id\":\"https:\\\/\\\/serinidog.com\\\/es\\\/p\\\/madera-de-cafe-masticable-para-perros-un-juguete-sostenible-para-la-salud-dental-y-el-bienestar-de-tu-mascota\\\/#primaryimage\"},\"image\":{\"@id\":\"https:\\\/\\\/serinidog.com\\\/es\\\/p\\\/madera-de-cafe-masticable-para-perros-un-juguete-sostenible-para-la-salud-dental-y-el-bienestar-de-tu-mascota\\\/#primaryimage\"},\"thumbnailUrl\":\"https:\\\/\\\/serinidog.com\\\/wp-content\\\/uploads\\\/2024\\\/12\\\/S599a0401830246f3b3db5267f95508e8r.webp\",\"datePublished\":\"2024-12-17T21:57:10+00:00\",\"dateModified\":\"2024-12-28T22:01:22+00:00\",\"breadcrumb\":{\"@id\":\"https:\\\/\\\/serinidog.com\\\/es\\\/p\\\/madera-de-cafe-masticable-para-perros-un-juguete-sostenible-para-la-salud-dental-y-el-bienestar-de-tu-mascota\\\/#breadcrumb\"},\"inLanguage\":\"es\",\"potentialAction\":[{\"@type\":\"ReadAction\",\"target\":[\"https:\\\/\\\/serinidog.com\\\/es\\\/p\\\/madera-de-cafe-masticable-para-perros-un-juguete-sostenible-para-la-salud-dental-y-el-bienestar-de-tu-mascota\\\/\"]}]},{\"@type\":\"ImageObject\",\"inLanguage\":\"es\",\"@id\":\"https:\\\/\\\/serinidog.com\\\/es\\\/p\\\/madera-de-cafe-masticable-para-perros-un-juguete-sostenible-para-la-salud-dental-y-el-bienestar-de-tu-mascota\\\/#primaryimage\",\"url\":\"https:\\\/\\\/serinidog.com\\\/wp-content\\\/uploads\\\/2024\\\/12\\\/S599a0401830246f3b3db5267f95508e8r.webp\",\"contentUrl\":\"https:\\\/\\\/serinidog.com\\\/wp-content\\\/uploads\\\/2024\\\/12\\\/S599a0401830246f3b3db5267f95508e8r.webp\",\"width\":1001,\"height\":1001},{\"@type\":\"BreadcrumbList\",\"@id\":\"https:\\\/\\\/serinidog.com\\\/es\\\/p\\\/madera-de-cafe-masticable-para-perros-un-juguete-sostenible-para-la-salud-dental-y-el-bienestar-de-tu-mascota\\\/#breadcrumb\",\"itemListElement\":[{\"@type\":\"ListItem\",\"position\":1,\"name\":\"Accueil\",\"item\":\"https:\\\/\\\/serinidog.com\\\/es\\\/\"},{\"@type\":\"ListItem\",\"position\":2,\"name\":\"Boutique\",\"item\":\"https:\\\/\\\/serinidog.com\\\/shop\\\/\"},{\"@type\":\"ListItem\",\"position\":3,\"name\":\"Juguete masticable para perros\",\"item\":\"https:\\\/\\\/serinidog.com\\\/es\\\/c\\\/juguete-masticable-para-perros\\\/\"},{\"@type\":\"ListItem\",\"position\":4,\"name\":\"Madera de caf\u00e9 masticable para perros &#8211; Un juguete sostenible para la salud dental y el bienestar de tu mascota\"}]},{\"@type\":\"WebSite\",\"@id\":\"https:\\\/\\\/serinidog.com\\\/es\\\/#website\",\"url\":\"https:\\\/\\\/serinidog.com\\\/es\\\/\",\"name\":\"SeriniDog\",\"description\":\"Shop pour chien\",\"potentialAction\":[{\"@type\":\"SearchAction\",\"target\":{\"@type\":\"EntryPoint\",\"urlTemplate\":\"https:\\\/\\\/serinidog.com\\\/es\\\/?s={search_term_string}\"},\"query-input\":{\"@type\":\"PropertyValueSpecification\",\"valueRequired\":true,\"valueName\":\"search_term_string\"}}],\"inLanguage\":\"es\"}]}<\/script>\n<meta property=\"og:availability\" content=\"instock\" \/>\n<meta property=\"product:availability\" content=\"instock\" \/>\n<meta property=\"product:retailer_item_id\" content=\"ctgv77b33p7000ameeqg\" \/>\n<meta property=\"product:condition\" content=\"new\" \/>\n<!-- \/ Yoast SEO Premium plugin. -->","yoast_head_json":{"title":"Madera de caf\u00e9 masticable para perros - Un juguete sostenible para la salud dental y el bienestar de tu mascota - SeriniDog","robots":{"index":"index","follow":"follow","max-snippet":"max-snippet:-1","max-image-preview":"max-image-preview:large","max-video-preview":"max-video-preview:-1"},"canonical":"https:\/\/serinidog.com\/es\/p\/madera-de-cafe-masticable-para-perros-un-juguete-sostenible-para-la-salud-dental-y-el-bienestar-de-tu-mascota\/","og_locale":"es_ES","og_type":"article","og_title":"Madera de caf\u00e9 masticable para perros - Un juguete sostenible para la salud dental y el bienestar de tu mascota - SeriniDog","og_description":"Dale a tu perro lo mejor con el mordedor de madera de caf\u00e9. Este juguete natural favorece una salud bucal \u00f3ptima a la vez que calma el estr\u00e9s de tu amigo de cuatro patas. Fabricado con madera sostenible y sin aditivos qu\u00edmicos, satisfar\u00e1 su necesidad instintiva de masticar a la vez que evita comportamientos destructivos. Con varios tama\u00f1os disponibles, esta opci\u00f3n ecol\u00f3gica es a la vez resistente y respetuosa con el medio ambiente. No te pierdas nuestra pol\u00edtica de devoluciones de 14 d\u00edas para garantizar tu satisfacci\u00f3n. Visita serinidog.com para descubrir nuestra gama y \u00a1dale un capricho a tu fiel compa\u00f1ero!","og_url":"https:\/\/serinidog.com\/es\/p\/madera-de-cafe-masticable-para-perros-un-juguete-sostenible-para-la-salud-dental-y-el-bienestar-de-tu-mascota\/","og_site_name":"SeriniDog","article_modified_time":"2024-12-28T22:01:22+00:00","og_image":[{"width":1001,"height":1001,"url":"https:\/\/serinidog.com\/wp-content\/uploads\/2024\/12\/S599a0401830246f3b3db5267f95508e8r.webp","type":"image\/webp"}],"twitter_card":"summary_large_image","twitter_misc":{"Disponibilidad":"Disponible"},"schema":{"@context":"https:\/\/schema.org","@graph":[{"@type":"WebPage","@id":"https:\/\/serinidog.com\/es\/p\/madera-de-cafe-masticable-para-perros-un-juguete-sostenible-para-la-salud-dental-y-el-bienestar-de-tu-mascota\/","url":"https:\/\/serinidog.com\/es\/p\/madera-de-cafe-masticable-para-perros-un-juguete-sostenible-para-la-salud-dental-y-el-bienestar-de-tu-mascota\/","name":"Madera de caf\u00e9 masticable para perros - Un juguete sostenible para la salud dental y el bienestar de tu mascota - SeriniDog","isPartOf":{"@id":"https:\/\/serinidog.com\/es\/#website"},"primaryImageOfPage":{"@id":"https:\/\/serinidog.com\/es\/p\/madera-de-cafe-masticable-para-perros-un-juguete-sostenible-para-la-salud-dental-y-el-bienestar-de-tu-mascota\/#primaryimage"},"image":{"@id":"https:\/\/serinidog.com\/es\/p\/madera-de-cafe-masticable-para-perros-un-juguete-sostenible-para-la-salud-dental-y-el-bienestar-de-tu-mascota\/#primaryimage"},"thumbnailUrl":"https:\/\/serinidog.com\/wp-content\/uploads\/2024\/12\/S599a0401830246f3b3db5267f95508e8r.webp","datePublished":"2024-12-17T21:57:10+00:00","dateModified":"2024-12-28T22:01:22+00:00","breadcrumb":{"@id":"https:\/\/serinidog.com\/es\/p\/madera-de-cafe-masticable-para-perros-un-juguete-sostenible-para-la-salud-dental-y-el-bienestar-de-tu-mascota\/#breadcrumb"},"inLanguage":"es","potentialAction":[{"@type":"ReadAction","target":["https:\/\/serinidog.com\/es\/p\/madera-de-cafe-masticable-para-perros-un-juguete-sostenible-para-la-salud-dental-y-el-bienestar-de-tu-mascota\/"]}]},{"@type":"ImageObject","inLanguage":"es","@id":"https:\/\/serinidog.com\/es\/p\/madera-de-cafe-masticable-para-perros-un-juguete-sostenible-para-la-salud-dental-y-el-bienestar-de-tu-mascota\/#primaryimage","url":"https:\/\/serinidog.com\/wp-content\/uploads\/2024\/12\/S599a0401830246f3b3db5267f95508e8r.webp","contentUrl":"https:\/\/serinidog.com\/wp-content\/uploads\/2024\/12\/S599a0401830246f3b3db5267f95508e8r.webp","width":1001,"height":1001},{"@type":"BreadcrumbList","@id":"https:\/\/serinidog.com\/es\/p\/madera-de-cafe-masticable-para-perros-un-juguete-sostenible-para-la-salud-dental-y-el-bienestar-de-tu-mascota\/#breadcrumb","itemListElement":[{"@type":"ListItem","position":1,"name":"Accueil","item":"https:\/\/serinidog.com\/es\/"},{"@type":"ListItem","position":2,"name":"Boutique","item":"https:\/\/serinidog.com\/shop\/"},{"@type":"ListItem","position":3,"name":"Juguete masticable para perros","item":"https:\/\/serinidog.com\/es\/c\/juguete-masticable-para-perros\/"},{"@type":"ListItem","position":4,"name":"Madera de caf\u00e9 masticable para perros &#8211; Un juguete sostenible para la salud dental y el bienestar de tu mascota"}]},{"@type":"WebSite","@id":"https:\/\/serinidog.com\/es\/#website","url":"https:\/\/serinidog.com\/es\/","name":"SeriniDog","description":"Shop pour chien","potentialAction":[{"@type":"SearchAction","target":{"@type":"EntryPoint","urlTemplate":"https:\/\/serinidog.com\/es\/?s={search_term_string}"},"query-input":{"@type":"PropertyValueSpecification","valueRequired":true,"valueName":"search_term_string"}}],"inLanguage":"es"}]},"og_availability":"instock","product_availability":"instock","product_retailer_item_id":"ctgv77b33p7000ameeqg","product_condition":"new"},"_links":{"self":[{"href":"https:\/\/serinidog.com\/es\/wp-json\/wp\/v2\/product\/9566","targetHints":{"allow":["GET"]}}],"collection":[{"href":"https:\/\/serinidog.com\/es\/wp-json\/wp\/v2\/product"}],"about":[{"href":"https:\/\/serinidog.com\/es\/wp-json\/wp\/v2\/types\/product"}],"replies":[{"embeddable":true,"href":"https:\/\/serinidog.com\/es\/wp-json\/wp\/v2\/comments?post=9566"}],"wp:featuredmedia":[{"embeddable":true,"href":"https:\/\/serinidog.com\/es\/wp-json\/wp\/v2\/media\/8916"}],"wp:attachment":[{"href":"https:\/\/serinidog.com\/es\/wp-json\/wp\/v2\/media?parent=9566"}],"wp:term":[{"taxonomy":"product_brand","embeddable":true,"href":"https:\/\/serinidog.com\/es\/wp-json\/wp\/v2\/product_brand?post=9566"},{"taxonomy":"product_cat","embeddable":true,"href":"https:\/\/serinidog.com\/es\/wp-json\/wp\/v2\/product_cat?post=9566"},{"taxonomy":"product_tag","embeddable":true,"href":"https:\/\/serinidog.com\/es\/wp-json\/wp\/v2\/product_tag?post=9566"}],"curies":[{"name":"wp","href":"https:\/\/api.w.org\/{rel}","templated":true}]}}