{"id":9601,"date":"2024-12-17T22:06:45","date_gmt":"2024-12-17T22:06:45","guid":{"rendered":"https:\/\/serinidog.com\/p\/madera-de-cafe-de-10-cm-para-perros-juguete-masticable-natural-y-duradero-para-la-salud-dental-y-la-satisfaccion-instintiva\/"},"modified":"2024-12-28T22:00:59","modified_gmt":"2024-12-28T22:00:59","slug":"madera-de-cafe-de-10-cm-para-perros-juguete-masticable-natural-y-duradero-para-la-salud-dental-y-la-satisfaccion-instintiva","status":"publish","type":"product","link":"https:\/\/serinidog.com\/es\/p\/madera-de-cafe-de-10-cm-para-perros-juguete-masticable-natural-y-duradero-para-la-salud-dental-y-la-satisfaccion-instintiva\/","title":{"rendered":"Madera de caf\u00e9 de 10 cm para perros: juguete masticable natural y duradero para la salud dental y la satisfacci\u00f3n instintiva"},"content":{"rendered":"<h2 id=\"bois-de-caf\u00e9ier-pour-chien--le-jouet-\u00e0-m\u00e2cher-naturel-pour-une-sant\u00e9-dentaire-optimale\">Madera de caf\u00e9 para perros: el juguete masticable natural para una salud dental \u00f3ptima<\/h2>\n<p>Los perros tienen una necesidad instintiva de masticar. Ofr\u00e9celes madera de caf\u00e9, un juguete natural y duradero que satisface esta necesidad al tiempo que beneficia su salud. <\/p>\n<h3 id=\"un-choix-sain-et-durable\">Una elecci\u00f3n sana y sostenible<\/h3>\n<p>La madera de caf\u00e9, conocida por su resistencia, es una opci\u00f3n ideal y segura para tus amigos de cuatro patas. Al elegir este juguete, est\u00e1s optando por una soluci\u00f3n no t\u00f3xica, libre de productos qu\u00edmicos nocivos. Su resistencia garantiza una durabilidad ejemplar frente a la masticaci\u00f3n repetida. As\u00ed, tu perro podr\u00e1 disfrutar de un placer prolongado, al tiempo que proteges tu inversi\u00f3n.   <\/p>\n<h3 id=\"pourquoi-choisir-le-bois-de-caf\u00e9ier-\">\u00bfPor qu\u00e9 elegir madera de caf\u00e9?<\/h3>\n<ul>\n<li><strong>Satisfacci\u00f3n instintiva<\/strong>: Responde al instinto natural de masticar del perro.<\/li>\n<li><strong>Higiene dental<\/strong>: Ayuda a limpiar los dientes y a reducir la acumulaci\u00f3n de sarro, contribuyendo a una buena salud bucodental.<\/li>\n<li><strong>Dise\u00f1o ecol\u00f3gico<\/strong>: Una alternativa ecol\u00f3gica a los juguetes de pl\u00e1stico.<\/li>\n<\/ul>\n<h2 id=\"un-jouet-polyvalent-pour-les-petites-et-moyennes-races\">Un juguete vers\u00e1til para razas peque\u00f1as y medianas<\/h2>\n<p>Este juguete masticable est\u00e1 especialmente dise\u00f1ado para razas peque\u00f1as y medianas. Sus dimensiones son perfectas para facilitar su uso sin comprometer la seguridad de tu perro. Este vers\u00e1til producto es ideal tanto para sesiones de juego interactivo como para relajarse en solitario.  <\/p>\n<hr>\n<p>A\u00f1adir madera de caf\u00e9 a la colecci\u00f3n de juguetes de tu perro no s\u00f3lo es una opci\u00f3n divertida, sino tambi\u00e9n una inversi\u00f3n en su salud y bienestar. Regala a tu fiel compa\u00f1ero un juguete que combina robustez, seguridad y diversi\u00f3n. Al comprar este producto, est\u00e1s garantizando la satisfacci\u00f3n instintiva de tu perro y un buen cuidado dental. Descubre ahora la diferencia con la madera de caf\u00e9.   <\/p>\n","protected":false},"excerpt":{"rendered":"<p>Mima a tu perro con Coffeewood, un juguete masticable natural y duradero que satisface su necesidad instintiva de masticar a la vez que cuida de su salud dental. Dise\u00f1ado para razas peque\u00f1as y medianas, este robusto juguete ayuda a limpiar los dientes y a reducir el sarro, al tiempo que es respetuoso con el medio ambiente. Su robustez garantiza un disfrute prolongado y sin riesgos para tu mascota. Elige un producto no t\u00f3xico y biodegradable que combine bienestar y seguridad. \u00a1Invierte en la salud de tu perro y d\u00e9jale descubrir hoy mismo el placer de la madera de caf\u00e9!    <\/p>\n","protected":false},"featured_media":9028,"comment_status":"open","ping_status":"closed","template":"","meta":[],"product_brand":[76],"product_cat":[230],"product_tag":[],"class_list":{"0":"post-9601","1":"product","2":"type-product","3":"status-publish","4":"has-post-thumbnail","6":"product_brand-serinidog","7":"product_cat-juguete-masticable-para-perros","8":"sales-flash-overlay","9":"woocommerce-text-align-left","10":"woocommerce-image-align-center","11":"do-quantity-buttons","12":"wc-has-gallery","14":"first","15":"instock","16":"taxable","17":"shipping-taxable","18":"purchasable","19":"product-type-simple"},"yoast_head":"<!-- This site is optimized with the Yoast SEO Premium plugin v23.4 (Yoast SEO v27.5) - https:\/\/yoast.com\/product\/yoast-seo-premium-wordpress\/ -->\n<title>Madera de caf\u00e9 de 10 cm para perros: juguete masticable natural y duradero para la salud dental y la satisfacci\u00f3n instintiva - SeriniDog<\/title>\n<meta name=\"robots\" content=\"index, follow, max-snippet:-1, max-image-preview:large, max-video-preview:-1\" \/>\n<link rel=\"canonical\" href=\"https:\/\/serinidog.com\/es\/p\/madera-de-cafe-de-10-cm-para-perros-juguete-masticable-natural-y-duradero-para-la-salud-dental-y-la-satisfaccion-instintiva\/\" \/>\n<meta property=\"og:locale\" content=\"es_ES\" \/>\n<meta property=\"og:type\" content=\"article\" \/>\n<meta property=\"og:title\" content=\"Madera de caf\u00e9 de 10 cm para perros: juguete masticable natural y duradero para la salud dental y la satisfacci\u00f3n instintiva - SeriniDog\" \/>\n<meta property=\"og:description\" content=\"Mima a tu perro con Coffeewood, un juguete masticable natural y duradero que satisface su necesidad instintiva de masticar a la vez que cuida de su salud dental. Dise\u00f1ado para razas peque\u00f1as y medianas, este robusto juguete ayuda a limpiar los dientes y a reducir el sarro, al tiempo que es respetuoso con el medio ambiente. Su robustez garantiza un disfrute prolongado y sin riesgos para tu mascota. Elige un producto no t\u00f3xico y biodegradable que combine bienestar y seguridad. \u00a1Invierte en la salud de tu perro y d\u00e9jale descubrir hoy mismo el placer de la madera de caf\u00e9!\" \/>\n<meta property=\"og:url\" content=\"https:\/\/serinidog.com\/es\/p\/madera-de-cafe-de-10-cm-para-perros-juguete-masticable-natural-y-duradero-para-la-salud-dental-y-la-satisfaccion-instintiva\/\" \/>\n<meta property=\"og:site_name\" content=\"SeriniDog\" \/>\n<meta property=\"article:modified_time\" content=\"2024-12-28T22:00:59+00:00\" \/>\n<meta property=\"og:image\" content=\"https:\/\/serinidog.com\/wp-content\/uploads\/2024\/12\/S15cd0e41e0764bc788be3367d10bd2dcR.webp\" \/>\n\t<meta property=\"og:image:width\" content=\"800\" \/>\n\t<meta property=\"og:image:height\" content=\"800\" \/>\n\t<meta property=\"og:image:type\" content=\"image\/webp\" \/>\n<meta name=\"twitter:card\" content=\"summary_large_image\" \/>\n<meta name=\"twitter:label1\" content=\"Precio\" \/>\n\t<meta name=\"twitter:data1\" content=\"14,90&nbsp;&euro;\" \/>\n\t<meta name=\"twitter:label2\" content=\"Disponibilidad\" \/>\n\t<meta name=\"twitter:data2\" content=\"Disponible\" \/>\n<script type=\"application\/ld+json\" class=\"yoast-schema-graph\">{\"@context\":\"https:\\\/\\\/schema.org\",\"@graph\":[{\"@type\":\"WebPage\",\"@id\":\"https:\\\/\\\/serinidog.com\\\/es\\\/p\\\/madera-de-cafe-de-10-cm-para-perros-juguete-masticable-natural-y-duradero-para-la-salud-dental-y-la-satisfaccion-instintiva\\\/\",\"url\":\"https:\\\/\\\/serinidog.com\\\/es\\\/p\\\/madera-de-cafe-de-10-cm-para-perros-juguete-masticable-natural-y-duradero-para-la-salud-dental-y-la-satisfaccion-instintiva\\\/\",\"name\":\"Madera de caf\u00e9 de 10 cm para perros: juguete masticable natural y duradero para la salud dental y la satisfacci\u00f3n instintiva - SeriniDog\",\"isPartOf\":{\"@id\":\"https:\\\/\\\/serinidog.com\\\/es\\\/#website\"},\"primaryImageOfPage\":{\"@id\":\"https:\\\/\\\/serinidog.com\\\/es\\\/p\\\/madera-de-cafe-de-10-cm-para-perros-juguete-masticable-natural-y-duradero-para-la-salud-dental-y-la-satisfaccion-instintiva\\\/#primaryimage\"},\"image\":{\"@id\":\"https:\\\/\\\/serinidog.com\\\/es\\\/p\\\/madera-de-cafe-de-10-cm-para-perros-juguete-masticable-natural-y-duradero-para-la-salud-dental-y-la-satisfaccion-instintiva\\\/#primaryimage\"},\"thumbnailUrl\":\"https:\\\/\\\/serinidog.com\\\/wp-content\\\/uploads\\\/2024\\\/12\\\/S15cd0e41e0764bc788be3367d10bd2dcR.webp\",\"datePublished\":\"2024-12-17T22:06:45+00:00\",\"dateModified\":\"2024-12-28T22:00:59+00:00\",\"breadcrumb\":{\"@id\":\"https:\\\/\\\/serinidog.com\\\/es\\\/p\\\/madera-de-cafe-de-10-cm-para-perros-juguete-masticable-natural-y-duradero-para-la-salud-dental-y-la-satisfaccion-instintiva\\\/#breadcrumb\"},\"inLanguage\":\"es\",\"potentialAction\":[{\"@type\":\"ReadAction\",\"target\":[\"https:\\\/\\\/serinidog.com\\\/es\\\/p\\\/madera-de-cafe-de-10-cm-para-perros-juguete-masticable-natural-y-duradero-para-la-salud-dental-y-la-satisfaccion-instintiva\\\/\"]}]},{\"@type\":\"ImageObject\",\"inLanguage\":\"es\",\"@id\":\"https:\\\/\\\/serinidog.com\\\/es\\\/p\\\/madera-de-cafe-de-10-cm-para-perros-juguete-masticable-natural-y-duradero-para-la-salud-dental-y-la-satisfaccion-instintiva\\\/#primaryimage\",\"url\":\"https:\\\/\\\/serinidog.com\\\/wp-content\\\/uploads\\\/2024\\\/12\\\/S15cd0e41e0764bc788be3367d10bd2dcR.webp\",\"contentUrl\":\"https:\\\/\\\/serinidog.com\\\/wp-content\\\/uploads\\\/2024\\\/12\\\/S15cd0e41e0764bc788be3367d10bd2dcR.webp\",\"width\":800,\"height\":800},{\"@type\":\"BreadcrumbList\",\"@id\":\"https:\\\/\\\/serinidog.com\\\/es\\\/p\\\/madera-de-cafe-de-10-cm-para-perros-juguete-masticable-natural-y-duradero-para-la-salud-dental-y-la-satisfaccion-instintiva\\\/#breadcrumb\",\"itemListElement\":[{\"@type\":\"ListItem\",\"position\":1,\"name\":\"Accueil\",\"item\":\"https:\\\/\\\/serinidog.com\\\/es\\\/\"},{\"@type\":\"ListItem\",\"position\":2,\"name\":\"Boutique\",\"item\":\"https:\\\/\\\/serinidog.com\\\/shop\\\/\"},{\"@type\":\"ListItem\",\"position\":3,\"name\":\"Juguete masticable para perros\",\"item\":\"https:\\\/\\\/serinidog.com\\\/es\\\/c\\\/juguete-masticable-para-perros\\\/\"},{\"@type\":\"ListItem\",\"position\":4,\"name\":\"Madera de caf\u00e9 de 10 cm para perros: juguete masticable natural y duradero para la salud dental y la satisfacci\u00f3n instintiva\"}]},{\"@type\":\"WebSite\",\"@id\":\"https:\\\/\\\/serinidog.com\\\/es\\\/#website\",\"url\":\"https:\\\/\\\/serinidog.com\\\/es\\\/\",\"name\":\"SeriniDog\",\"description\":\"Shop pour chien\",\"potentialAction\":[{\"@type\":\"SearchAction\",\"target\":{\"@type\":\"EntryPoint\",\"urlTemplate\":\"https:\\\/\\\/serinidog.com\\\/es\\\/?s={search_term_string}\"},\"query-input\":{\"@type\":\"PropertyValueSpecification\",\"valueRequired\":true,\"valueName\":\"search_term_string\"}}],\"inLanguage\":\"es\"}]}<\/script>\n<meta property=\"product:brand\" content=\"Serinidog\" \/>\n<meta property=\"product:price:amount\" content=\"14.90\" \/>\n<meta property=\"product:price:currency\" content=\"EUR\" \/>\n<meta property=\"og:availability\" content=\"instock\" \/>\n<meta property=\"product:availability\" content=\"instock\" \/>\n<meta property=\"product:retailer_item_id\" content=\"200007763:201336100_ctgvbmvn8p2000c6u7rg\" \/>\n<meta property=\"product:condition\" content=\"new\" \/>\n<!-- \/ Yoast SEO Premium plugin. -->","yoast_head_json":{"title":"Madera de caf\u00e9 de 10 cm para perros: juguete masticable natural y duradero para la salud dental y la satisfacci\u00f3n instintiva - SeriniDog","robots":{"index":"index","follow":"follow","max-snippet":"max-snippet:-1","max-image-preview":"max-image-preview:large","max-video-preview":"max-video-preview:-1"},"canonical":"https:\/\/serinidog.com\/es\/p\/madera-de-cafe-de-10-cm-para-perros-juguete-masticable-natural-y-duradero-para-la-salud-dental-y-la-satisfaccion-instintiva\/","og_locale":"es_ES","og_type":"article","og_title":"Madera de caf\u00e9 de 10 cm para perros: juguete masticable natural y duradero para la salud dental y la satisfacci\u00f3n instintiva - SeriniDog","og_description":"Mima a tu perro con Coffeewood, un juguete masticable natural y duradero que satisface su necesidad instintiva de masticar a la vez que cuida de su salud dental. Dise\u00f1ado para razas peque\u00f1as y medianas, este robusto juguete ayuda a limpiar los dientes y a reducir el sarro, al tiempo que es respetuoso con el medio ambiente. Su robustez garantiza un disfrute prolongado y sin riesgos para tu mascota. Elige un producto no t\u00f3xico y biodegradable que combine bienestar y seguridad. \u00a1Invierte en la salud de tu perro y d\u00e9jale descubrir hoy mismo el placer de la madera de caf\u00e9!","og_url":"https:\/\/serinidog.com\/es\/p\/madera-de-cafe-de-10-cm-para-perros-juguete-masticable-natural-y-duradero-para-la-salud-dental-y-la-satisfaccion-instintiva\/","og_site_name":"SeriniDog","article_modified_time":"2024-12-28T22:00:59+00:00","og_image":[{"width":800,"height":800,"url":"https:\/\/serinidog.com\/wp-content\/uploads\/2024\/12\/S15cd0e41e0764bc788be3367d10bd2dcR.webp","type":"image\/webp"}],"twitter_card":"summary_large_image","twitter_misc":{"Precio":"14,90&nbsp;&euro;","Disponibilidad":"Disponible"},"schema":{"@context":"https:\/\/schema.org","@graph":[{"@type":"WebPage","@id":"https:\/\/serinidog.com\/es\/p\/madera-de-cafe-de-10-cm-para-perros-juguete-masticable-natural-y-duradero-para-la-salud-dental-y-la-satisfaccion-instintiva\/","url":"https:\/\/serinidog.com\/es\/p\/madera-de-cafe-de-10-cm-para-perros-juguete-masticable-natural-y-duradero-para-la-salud-dental-y-la-satisfaccion-instintiva\/","name":"Madera de caf\u00e9 de 10 cm para perros: juguete masticable natural y duradero para la salud dental y la satisfacci\u00f3n instintiva - SeriniDog","isPartOf":{"@id":"https:\/\/serinidog.com\/es\/#website"},"primaryImageOfPage":{"@id":"https:\/\/serinidog.com\/es\/p\/madera-de-cafe-de-10-cm-para-perros-juguete-masticable-natural-y-duradero-para-la-salud-dental-y-la-satisfaccion-instintiva\/#primaryimage"},"image":{"@id":"https:\/\/serinidog.com\/es\/p\/madera-de-cafe-de-10-cm-para-perros-juguete-masticable-natural-y-duradero-para-la-salud-dental-y-la-satisfaccion-instintiva\/#primaryimage"},"thumbnailUrl":"https:\/\/serinidog.com\/wp-content\/uploads\/2024\/12\/S15cd0e41e0764bc788be3367d10bd2dcR.webp","datePublished":"2024-12-17T22:06:45+00:00","dateModified":"2024-12-28T22:00:59+00:00","breadcrumb":{"@id":"https:\/\/serinidog.com\/es\/p\/madera-de-cafe-de-10-cm-para-perros-juguete-masticable-natural-y-duradero-para-la-salud-dental-y-la-satisfaccion-instintiva\/#breadcrumb"},"inLanguage":"es","potentialAction":[{"@type":"ReadAction","target":["https:\/\/serinidog.com\/es\/p\/madera-de-cafe-de-10-cm-para-perros-juguete-masticable-natural-y-duradero-para-la-salud-dental-y-la-satisfaccion-instintiva\/"]}]},{"@type":"ImageObject","inLanguage":"es","@id":"https:\/\/serinidog.com\/es\/p\/madera-de-cafe-de-10-cm-para-perros-juguete-masticable-natural-y-duradero-para-la-salud-dental-y-la-satisfaccion-instintiva\/#primaryimage","url":"https:\/\/serinidog.com\/wp-content\/uploads\/2024\/12\/S15cd0e41e0764bc788be3367d10bd2dcR.webp","contentUrl":"https:\/\/serinidog.com\/wp-content\/uploads\/2024\/12\/S15cd0e41e0764bc788be3367d10bd2dcR.webp","width":800,"height":800},{"@type":"BreadcrumbList","@id":"https:\/\/serinidog.com\/es\/p\/madera-de-cafe-de-10-cm-para-perros-juguete-masticable-natural-y-duradero-para-la-salud-dental-y-la-satisfaccion-instintiva\/#breadcrumb","itemListElement":[{"@type":"ListItem","position":1,"name":"Accueil","item":"https:\/\/serinidog.com\/es\/"},{"@type":"ListItem","position":2,"name":"Boutique","item":"https:\/\/serinidog.com\/shop\/"},{"@type":"ListItem","position":3,"name":"Juguete masticable para perros","item":"https:\/\/serinidog.com\/es\/c\/juguete-masticable-para-perros\/"},{"@type":"ListItem","position":4,"name":"Madera de caf\u00e9 de 10 cm para perros: juguete masticable natural y duradero para la salud dental y la satisfacci\u00f3n instintiva"}]},{"@type":"WebSite","@id":"https:\/\/serinidog.com\/es\/#website","url":"https:\/\/serinidog.com\/es\/","name":"SeriniDog","description":"Shop pour chien","potentialAction":[{"@type":"SearchAction","target":{"@type":"EntryPoint","urlTemplate":"https:\/\/serinidog.com\/es\/?s={search_term_string}"},"query-input":{"@type":"PropertyValueSpecification","valueRequired":true,"valueName":"search_term_string"}}],"inLanguage":"es"}]},"product_brand":"Serinidog","product_price_amount":"14.90","product_price_currency":"EUR","og_availability":"instock","product_availability":"instock","product_retailer_item_id":"200007763:201336100_ctgvbmvn8p2000c6u7rg","product_condition":"new"},"_links":{"self":[{"href":"https:\/\/serinidog.com\/es\/wp-json\/wp\/v2\/product\/9601","targetHints":{"allow":["GET"]}}],"collection":[{"href":"https:\/\/serinidog.com\/es\/wp-json\/wp\/v2\/product"}],"about":[{"href":"https:\/\/serinidog.com\/es\/wp-json\/wp\/v2\/types\/product"}],"replies":[{"embeddable":true,"href":"https:\/\/serinidog.com\/es\/wp-json\/wp\/v2\/comments?post=9601"}],"wp:featuredmedia":[{"embeddable":true,"href":"https:\/\/serinidog.com\/es\/wp-json\/wp\/v2\/media\/9028"}],"wp:attachment":[{"href":"https:\/\/serinidog.com\/es\/wp-json\/wp\/v2\/media?parent=9601"}],"wp:term":[{"taxonomy":"product_brand","embeddable":true,"href":"https:\/\/serinidog.com\/es\/wp-json\/wp\/v2\/product_brand?post=9601"},{"taxonomy":"product_cat","embeddable":true,"href":"https:\/\/serinidog.com\/es\/wp-json\/wp\/v2\/product_cat?post=9601"},{"taxonomy":"product_tag","embeddable":true,"href":"https:\/\/serinidog.com\/es\/wp-json\/wp\/v2\/product_tag?post=9601"}],"curies":[{"name":"wp","href":"https:\/\/api.w.org\/{rel}","templated":true}]}}