{"id":9702,"date":"2024-12-01T21:33:42","date_gmt":"2024-12-01T21:33:42","guid":{"rendered":"https:\/\/serinidog.com\/p\/frisbee-para-perros-ultrarresistente-a-los-mordiscos-un-juguete-duradero-y-seguro-para-el-juego-interactivo\/"},"modified":"2024-12-28T22:04:56","modified_gmt":"2024-12-28T22:04:56","slug":"frisbee-para-perros-ultrarresistente-a-los-mordiscos-un-juguete-duradero-y-seguro-para-el-juego-interactivo","status":"publish","type":"product","link":"https:\/\/serinidog.com\/es\/p\/frisbee-para-perros-ultrarresistente-a-los-mordiscos-un-juguete-duradero-y-seguro-para-el-juego-interactivo\/","title":{"rendered":"Frisbee para perros ultrarresistente a los mordiscos: un juguete duradero y seguro para el juego interactivo"},"content":{"rendered":"<h2 id=\"frisbee-ultra-r\u00e9sistant-aux-morsures-pour-chien--pourquoi-ladorera-t-il-\">Frisbee ultra resistente a los mordiscos para perros: \u00bfpor qu\u00e9 les encantar\u00e1?<\/h2>\n<p>\u00bfBuscas un juguete para perros tan duradero como seguro? Descubre nuestro frisbee para perros ultrarresistente a las mordeduras, dise\u00f1ado para proporcionar horas de diversi\u00f3n interactiva a tu amigo de cuatro patas. <\/p>\n<h3 id=\"un-jouet-pens\u00e9-pour-la-durabilit\u00e9\">Un juguete dise\u00f1ado para durar<\/h3>\n<p>A nuestros amigos caninos les encanta masticar, por eso este frisbee est\u00e1 fabricado con materiales resistentes. Desarrollado para soportar el entusiasmo de los perros, este frisbee es perfecto para mand\u00edbulas potentes y garantiza una larga vida \u00fatil del producto. <\/p>\n<h3 id=\"les-atouts-du-frisbee\">Los beneficios del frisbee<\/h3>\n<h4 id=\"avantages-cl\u00e9s\">Beneficios clave<\/h4>\n<ul>\n<li><strong>Flexibilidad y seguridad<\/strong>: Su dise\u00f1o flexible minimiza el riesgo de lesiones en la boca, a la vez que resulta agradable de agarrar para tu perro.<\/li>\n<li><strong>Mayor visibilidad<\/strong>: elige entre una gama de colores brillantes, ideales para ser visto en cualquier entorno.<\/li>\n<li><strong>Fomenta la actividad f\u00edsica<\/strong>: Estimula el juego activo, esencial para el bienestar f\u00edsico y mental de tu perro.<\/li>\n<\/ul>\n<h3 id=\"pourquoi-choisir-ce-frisbee-\">\u00bfPor qu\u00e9 elegir este frisbee?<\/h3>\n<p>Nuestros perros se merecen lo mejor. Este frisbee fomenta el juego interactivo, como el lanzamiento y la recuperaci\u00f3n, reforzando el v\u00ednculo entre tu perro y t\u00fa a la vez que proporciona una fuente muy necesaria de entretenimiento y ejercicio. <\/p>\n<h3 id=\"foire-aux-questions\">Preguntas m\u00e1s frecuentes<\/h3>\n<ol>\n<li>\n<p><strong>\u00bfEs seguro para el uso diario?<\/strong><\/p>\n<ul>\n<li>S\u00ed, el material est\u00e1 dise\u00f1ado para ser seguro cuando lo mastica tu perro, ofreci\u00e9ndole tranquilidad cuando juega.<\/li>\n<\/ul>\n<\/li>\n<li>\n<p><strong>\u00bfQu\u00e9 tama\u00f1os hay disponibles?<\/strong><\/p>\n<ul>\n<li>Aunque no entramos en detalles precisos sobre el tama\u00f1o, este frisbee est\u00e1 dise\u00f1ado para adaptarse a la mayor\u00eda de los perros, grandes o peque\u00f1os.<\/li>\n<\/ul>\n<\/li>\n<\/ol>\n<p>Invertir en un frisbee de calidad para tu perro significa elegir un producto que hace que el tiempo de juego sea m\u00e1s gratificante y seguro. Deja que tu perro descubra el placer de un frisbee dise\u00f1ado para la seguridad y la diversi\u00f3n. <\/p>\n","protected":false},"excerpt":{"rendered":"<p>Ofrece a tu perro el placer del juego interactivo con nuestro frisbee ultrarresistente a las mordeduras. Dise\u00f1ado para mand\u00edbulas potentes, garantiza durabilidad y seguridad, a la vez que estimula la actividad f\u00edsica. Su flexibilidad reduce el riesgo de lesiones, y sus colores brillantes facilitan su visibilidad en cualquier entorno. Perfecto para lanzar, interactuar y estrechar lazos, este frisbee es el juguete ideal para reforzar el v\u00ednculo con tu amigo de cuatro patas. Invierte en horas de diversi\u00f3n y bienestar para tu perro con este producto imprescindible.    <\/p>\n","protected":false},"featured_media":6428,"comment_status":"open","ping_status":"closed","template":"","meta":[],"product_brand":[],"product_cat":[239],"product_tag":[],"class_list":{"0":"post-9702","1":"product","2":"type-product","3":"status-publish","4":"has-post-thumbnail","6":"product_cat-frisbee-para-perros","7":"sales-flash-overlay","8":"woocommerce-text-align-left","9":"woocommerce-image-align-center","10":"do-quantity-buttons","12":"first","13":"instock","14":"taxable","15":"shipping-taxable","16":"purchasable","17":"product-type-variable","18":"has-default-attributes"},"yoast_head":"<!-- This site is optimized with the Yoast SEO Premium plugin v23.4 (Yoast SEO v27.5) - https:\/\/yoast.com\/product\/yoast-seo-premium-wordpress\/ -->\n<title>Frisbee para perros ultrarresistente a los mordiscos: un juguete duradero y seguro para el juego interactivo - SeriniDog<\/title>\n<meta name=\"robots\" content=\"index, follow, max-snippet:-1, max-image-preview:large, max-video-preview:-1\" \/>\n<link rel=\"canonical\" href=\"https:\/\/serinidog.com\/es\/p\/frisbee-para-perros-ultrarresistente-a-los-mordiscos-un-juguete-duradero-y-seguro-para-el-juego-interactivo\/\" \/>\n<meta property=\"og:locale\" content=\"es_ES\" \/>\n<meta property=\"og:type\" content=\"article\" \/>\n<meta property=\"og:title\" content=\"Frisbee para perros ultrarresistente a los mordiscos: un juguete duradero y seguro para el juego interactivo - SeriniDog\" \/>\n<meta property=\"og:description\" content=\"Ofrece a tu perro el placer del juego interactivo con nuestro frisbee ultrarresistente a las mordeduras. Dise\u00f1ado para mand\u00edbulas potentes, garantiza durabilidad y seguridad, a la vez que estimula la actividad f\u00edsica. Su flexibilidad reduce el riesgo de lesiones, y sus colores brillantes facilitan su visibilidad en cualquier entorno. Perfecto para lanzar, interactuar y estrechar lazos, este frisbee es el juguete ideal para reforzar el v\u00ednculo con tu amigo de cuatro patas. Invierte en horas de diversi\u00f3n y bienestar para tu perro con este producto imprescindible.\" \/>\n<meta property=\"og:url\" content=\"https:\/\/serinidog.com\/es\/p\/frisbee-para-perros-ultrarresistente-a-los-mordiscos-un-juguete-duradero-y-seguro-para-el-juego-interactivo\/\" \/>\n<meta property=\"og:site_name\" content=\"SeriniDog\" \/>\n<meta property=\"article:modified_time\" content=\"2024-12-28T22:04:56+00:00\" \/>\n<meta property=\"og:image\" content=\"https:\/\/serinidog.com\/wp-content\/uploads\/2024\/12\/Seea14cc38a304040b188acd4cabb7a87c.webp\" \/>\n\t<meta property=\"og:image:width\" content=\"800\" \/>\n\t<meta property=\"og:image:height\" content=\"800\" \/>\n\t<meta property=\"og:image:type\" content=\"image\/webp\" \/>\n<meta name=\"twitter:card\" content=\"summary_large_image\" \/>\n<meta name=\"twitter:label1\" content=\"Disponibilidad\" \/>\n\t<meta name=\"twitter:data1\" content=\"Disponible\" \/>\n<script type=\"application\/ld+json\" class=\"yoast-schema-graph\">{\"@context\":\"https:\\\/\\\/schema.org\",\"@graph\":[{\"@type\":\"WebPage\",\"@id\":\"https:\\\/\\\/serinidog.com\\\/es\\\/p\\\/frisbee-para-perros-ultrarresistente-a-los-mordiscos-un-juguete-duradero-y-seguro-para-el-juego-interactivo\\\/\",\"url\":\"https:\\\/\\\/serinidog.com\\\/es\\\/p\\\/frisbee-para-perros-ultrarresistente-a-los-mordiscos-un-juguete-duradero-y-seguro-para-el-juego-interactivo\\\/\",\"name\":\"Frisbee para perros ultrarresistente a los mordiscos: un juguete duradero y seguro para el juego interactivo - SeriniDog\",\"isPartOf\":{\"@id\":\"https:\\\/\\\/serinidog.com\\\/es\\\/#website\"},\"primaryImageOfPage\":{\"@id\":\"https:\\\/\\\/serinidog.com\\\/es\\\/p\\\/frisbee-para-perros-ultrarresistente-a-los-mordiscos-un-juguete-duradero-y-seguro-para-el-juego-interactivo\\\/#primaryimage\"},\"image\":{\"@id\":\"https:\\\/\\\/serinidog.com\\\/es\\\/p\\\/frisbee-para-perros-ultrarresistente-a-los-mordiscos-un-juguete-duradero-y-seguro-para-el-juego-interactivo\\\/#primaryimage\"},\"thumbnailUrl\":\"https:\\\/\\\/serinidog.com\\\/wp-content\\\/uploads\\\/2024\\\/12\\\/Seea14cc38a304040b188acd4cabb7a87c.webp\",\"datePublished\":\"2024-12-01T21:33:42+00:00\",\"dateModified\":\"2024-12-28T22:04:56+00:00\",\"breadcrumb\":{\"@id\":\"https:\\\/\\\/serinidog.com\\\/es\\\/p\\\/frisbee-para-perros-ultrarresistente-a-los-mordiscos-un-juguete-duradero-y-seguro-para-el-juego-interactivo\\\/#breadcrumb\"},\"inLanguage\":\"es\",\"potentialAction\":[{\"@type\":\"ReadAction\",\"target\":[\"https:\\\/\\\/serinidog.com\\\/es\\\/p\\\/frisbee-para-perros-ultrarresistente-a-los-mordiscos-un-juguete-duradero-y-seguro-para-el-juego-interactivo\\\/\"]}]},{\"@type\":\"ImageObject\",\"inLanguage\":\"es\",\"@id\":\"https:\\\/\\\/serinidog.com\\\/es\\\/p\\\/frisbee-para-perros-ultrarresistente-a-los-mordiscos-un-juguete-duradero-y-seguro-para-el-juego-interactivo\\\/#primaryimage\",\"url\":\"https:\\\/\\\/serinidog.com\\\/wp-content\\\/uploads\\\/2024\\\/12\\\/Seea14cc38a304040b188acd4cabb7a87c.webp\",\"contentUrl\":\"https:\\\/\\\/serinidog.com\\\/wp-content\\\/uploads\\\/2024\\\/12\\\/Seea14cc38a304040b188acd4cabb7a87c.webp\",\"width\":800,\"height\":800},{\"@type\":\"BreadcrumbList\",\"@id\":\"https:\\\/\\\/serinidog.com\\\/es\\\/p\\\/frisbee-para-perros-ultrarresistente-a-los-mordiscos-un-juguete-duradero-y-seguro-para-el-juego-interactivo\\\/#breadcrumb\",\"itemListElement\":[{\"@type\":\"ListItem\",\"position\":1,\"name\":\"Accueil\",\"item\":\"https:\\\/\\\/serinidog.com\\\/es\\\/\"},{\"@type\":\"ListItem\",\"position\":2,\"name\":\"Boutique\",\"item\":\"https:\\\/\\\/serinidog.com\\\/shop\\\/\"},{\"@type\":\"ListItem\",\"position\":3,\"name\":\"Frisbee para perros\",\"item\":\"https:\\\/\\\/serinidog.com\\\/es\\\/c\\\/frisbee-para-perros\\\/\"},{\"@type\":\"ListItem\",\"position\":4,\"name\":\"Frisbee para perros ultrarresistente a los mordiscos: un juguete duradero y seguro para el juego interactivo\"}]},{\"@type\":\"WebSite\",\"@id\":\"https:\\\/\\\/serinidog.com\\\/es\\\/#website\",\"url\":\"https:\\\/\\\/serinidog.com\\\/es\\\/\",\"name\":\"SeriniDog\",\"description\":\"Shop pour chien\",\"potentialAction\":[{\"@type\":\"SearchAction\",\"target\":{\"@type\":\"EntryPoint\",\"urlTemplate\":\"https:\\\/\\\/serinidog.com\\\/es\\\/?s={search_term_string}\"},\"query-input\":{\"@type\":\"PropertyValueSpecification\",\"valueRequired\":true,\"valueName\":\"search_term_string\"}}],\"inLanguage\":\"es\"}]}<\/script>\n<meta property=\"og:availability\" content=\"instock\" \/>\n<meta property=\"product:availability\" content=\"instock\" \/>\n<meta property=\"product:retailer_item_id\" content=\"ct6dcb5pol6000fobas0\" \/>\n<meta property=\"product:condition\" content=\"new\" \/>\n<!-- \/ Yoast SEO Premium plugin. -->","yoast_head_json":{"title":"Frisbee para perros ultrarresistente a los mordiscos: un juguete duradero y seguro para el juego interactivo - SeriniDog","robots":{"index":"index","follow":"follow","max-snippet":"max-snippet:-1","max-image-preview":"max-image-preview:large","max-video-preview":"max-video-preview:-1"},"canonical":"https:\/\/serinidog.com\/es\/p\/frisbee-para-perros-ultrarresistente-a-los-mordiscos-un-juguete-duradero-y-seguro-para-el-juego-interactivo\/","og_locale":"es_ES","og_type":"article","og_title":"Frisbee para perros ultrarresistente a los mordiscos: un juguete duradero y seguro para el juego interactivo - SeriniDog","og_description":"Ofrece a tu perro el placer del juego interactivo con nuestro frisbee ultrarresistente a las mordeduras. Dise\u00f1ado para mand\u00edbulas potentes, garantiza durabilidad y seguridad, a la vez que estimula la actividad f\u00edsica. Su flexibilidad reduce el riesgo de lesiones, y sus colores brillantes facilitan su visibilidad en cualquier entorno. Perfecto para lanzar, interactuar y estrechar lazos, este frisbee es el juguete ideal para reforzar el v\u00ednculo con tu amigo de cuatro patas. Invierte en horas de diversi\u00f3n y bienestar para tu perro con este producto imprescindible.","og_url":"https:\/\/serinidog.com\/es\/p\/frisbee-para-perros-ultrarresistente-a-los-mordiscos-un-juguete-duradero-y-seguro-para-el-juego-interactivo\/","og_site_name":"SeriniDog","article_modified_time":"2024-12-28T22:04:56+00:00","og_image":[{"width":800,"height":800,"url":"https:\/\/serinidog.com\/wp-content\/uploads\/2024\/12\/Seea14cc38a304040b188acd4cabb7a87c.webp","type":"image\/webp"}],"twitter_card":"summary_large_image","twitter_misc":{"Disponibilidad":"Disponible"},"schema":{"@context":"https:\/\/schema.org","@graph":[{"@type":"WebPage","@id":"https:\/\/serinidog.com\/es\/p\/frisbee-para-perros-ultrarresistente-a-los-mordiscos-un-juguete-duradero-y-seguro-para-el-juego-interactivo\/","url":"https:\/\/serinidog.com\/es\/p\/frisbee-para-perros-ultrarresistente-a-los-mordiscos-un-juguete-duradero-y-seguro-para-el-juego-interactivo\/","name":"Frisbee para perros ultrarresistente a los mordiscos: un juguete duradero y seguro para el juego interactivo - SeriniDog","isPartOf":{"@id":"https:\/\/serinidog.com\/es\/#website"},"primaryImageOfPage":{"@id":"https:\/\/serinidog.com\/es\/p\/frisbee-para-perros-ultrarresistente-a-los-mordiscos-un-juguete-duradero-y-seguro-para-el-juego-interactivo\/#primaryimage"},"image":{"@id":"https:\/\/serinidog.com\/es\/p\/frisbee-para-perros-ultrarresistente-a-los-mordiscos-un-juguete-duradero-y-seguro-para-el-juego-interactivo\/#primaryimage"},"thumbnailUrl":"https:\/\/serinidog.com\/wp-content\/uploads\/2024\/12\/Seea14cc38a304040b188acd4cabb7a87c.webp","datePublished":"2024-12-01T21:33:42+00:00","dateModified":"2024-12-28T22:04:56+00:00","breadcrumb":{"@id":"https:\/\/serinidog.com\/es\/p\/frisbee-para-perros-ultrarresistente-a-los-mordiscos-un-juguete-duradero-y-seguro-para-el-juego-interactivo\/#breadcrumb"},"inLanguage":"es","potentialAction":[{"@type":"ReadAction","target":["https:\/\/serinidog.com\/es\/p\/frisbee-para-perros-ultrarresistente-a-los-mordiscos-un-juguete-duradero-y-seguro-para-el-juego-interactivo\/"]}]},{"@type":"ImageObject","inLanguage":"es","@id":"https:\/\/serinidog.com\/es\/p\/frisbee-para-perros-ultrarresistente-a-los-mordiscos-un-juguete-duradero-y-seguro-para-el-juego-interactivo\/#primaryimage","url":"https:\/\/serinidog.com\/wp-content\/uploads\/2024\/12\/Seea14cc38a304040b188acd4cabb7a87c.webp","contentUrl":"https:\/\/serinidog.com\/wp-content\/uploads\/2024\/12\/Seea14cc38a304040b188acd4cabb7a87c.webp","width":800,"height":800},{"@type":"BreadcrumbList","@id":"https:\/\/serinidog.com\/es\/p\/frisbee-para-perros-ultrarresistente-a-los-mordiscos-un-juguete-duradero-y-seguro-para-el-juego-interactivo\/#breadcrumb","itemListElement":[{"@type":"ListItem","position":1,"name":"Accueil","item":"https:\/\/serinidog.com\/es\/"},{"@type":"ListItem","position":2,"name":"Boutique","item":"https:\/\/serinidog.com\/shop\/"},{"@type":"ListItem","position":3,"name":"Frisbee para perros","item":"https:\/\/serinidog.com\/es\/c\/frisbee-para-perros\/"},{"@type":"ListItem","position":4,"name":"Frisbee para perros ultrarresistente a los mordiscos: un juguete duradero y seguro para el juego interactivo"}]},{"@type":"WebSite","@id":"https:\/\/serinidog.com\/es\/#website","url":"https:\/\/serinidog.com\/es\/","name":"SeriniDog","description":"Shop pour chien","potentialAction":[{"@type":"SearchAction","target":{"@type":"EntryPoint","urlTemplate":"https:\/\/serinidog.com\/es\/?s={search_term_string}"},"query-input":{"@type":"PropertyValueSpecification","valueRequired":true,"valueName":"search_term_string"}}],"inLanguage":"es"}]},"og_availability":"instock","product_availability":"instock","product_retailer_item_id":"ct6dcb5pol6000fobas0","product_condition":"new"},"_links":{"self":[{"href":"https:\/\/serinidog.com\/es\/wp-json\/wp\/v2\/product\/9702","targetHints":{"allow":["GET"]}}],"collection":[{"href":"https:\/\/serinidog.com\/es\/wp-json\/wp\/v2\/product"}],"about":[{"href":"https:\/\/serinidog.com\/es\/wp-json\/wp\/v2\/types\/product"}],"replies":[{"embeddable":true,"href":"https:\/\/serinidog.com\/es\/wp-json\/wp\/v2\/comments?post=9702"}],"wp:featuredmedia":[{"embeddable":true,"href":"https:\/\/serinidog.com\/es\/wp-json\/wp\/v2\/media\/6428"}],"wp:attachment":[{"href":"https:\/\/serinidog.com\/es\/wp-json\/wp\/v2\/media?parent=9702"}],"wp:term":[{"taxonomy":"product_brand","embeddable":true,"href":"https:\/\/serinidog.com\/es\/wp-json\/wp\/v2\/product_brand?post=9702"},{"taxonomy":"product_cat","embeddable":true,"href":"https:\/\/serinidog.com\/es\/wp-json\/wp\/v2\/product_cat?post=9702"},{"taxonomy":"product_tag","embeddable":true,"href":"https:\/\/serinidog.com\/es\/wp-json\/wp\/v2\/product_tag?post=9702"}],"curies":[{"name":"wp","href":"https:\/\/api.w.org\/{rel}","templated":true}]}}