{"id":9765,"date":"2024-11-30T21:47:18","date_gmt":"2024-11-30T21:47:18","guid":{"rendered":"https:\/\/serinidog.com\/p\/juguete-de-patas-de-pollo-para-perros-diversion-duradera-y-estimulante-para-tu-mascota\/"},"modified":"2024-12-28T22:07:10","modified_gmt":"2024-12-28T22:07:10","slug":"juguete-de-patas-de-pollo-para-perros-diversion-duradera-y-estimulante-para-tu-mascota","status":"publish","type":"product","link":"https:\/\/serinidog.com\/es\/p\/juguete-de-patas-de-pollo-para-perros-diversion-duradera-y-estimulante-para-tu-mascota\/","title":{"rendered":"Juguete de patas de pollo para perros: diversi\u00f3n duradera y estimulante para tu mascota"},"content":{"rendered":"<h2 id=\"jouet-cuisse-de-poulet-pour-chien--un-divertissement-irr\u00e9sistible\">Juguete de patas de pollo para perros: diversi\u00f3n irresistible<\/h2>\n<p>Regala a tu fiel compa\u00f1ero un juguete tan divertido como beneficioso con el juguete pata de pollo para perros. Dise\u00f1ado para captar la atenci\u00f3n de tu mascota, este juguete es perfecto para estimular su instinto de juego y garantizar su bienestar. <\/p>\n<h3 id=\"conception-et-mat\u00e9riaux\">Dise\u00f1o y materiales<\/h3>\n<p>Fabricado con materiales resistentes, como goma duradera o PVC, este juguete est\u00e1 dise\u00f1ado para soportar la masticaci\u00f3n m\u00e1s intensa. Su dise\u00f1o realista, que imita la forma de una pata de pollo real, seguro que atraer\u00e1 a tu perro, fomentando horas de diversi\u00f3n. <\/p>\n<h3 id=\"avantages-pour-votre-chien\">Beneficios para tu perro<\/h3>\n<p>Estos juguetes no s\u00f3lo est\u00e1n dise\u00f1ados para entretener a tu perro, sino que tambi\u00e9n ofrecen una serie de beneficios esenciales:<\/p>\n<ul>\n<li><strong>Estimulaci\u00f3n mental y f\u00edsica<\/strong>: La actividad de masticar y jugar ayuda a mantener a tu perro activo y feliz.<\/li>\n<li><strong>Reducci\u00f3n de la ansiedad<\/strong>: Al proporcionar una distracci\u00f3n eficaz, este juguete puede ayudar a calmar a tu perro mientras est\u00e1s fuera.<\/li>\n<li><strong>Mejor higiene dental<\/strong>: Al masticar, tu perro puede limpiarse los dientes y masajearse las enc\u00edas, lo que mejora su salud bucodental.<\/li>\n<\/ul>\n<h3 id=\"un-jouet-interactif-et-durable\">Un juguete interactivo y sostenible<\/h3>\n<p>Para a\u00f1adir una dimensi\u00f3n l\u00fadica, algunos modelos pueden emitir sonidos o contener golosinas, transformando el tiempo de juego en una experiencia interactiva. Dise\u00f1ados para adaptarse a las mand\u00edbulas de la mayor\u00eda de las razas, estos juguetes son duraderos y prometen una notable longevidad incluso para los perros m\u00e1s en\u00e9rgicos. <\/p>\n<h2 id=\"pourquoi-choisir-ce-jouet-pour-votre-chien-\">\u00bfPor qu\u00e9 elegir este juguete para tu perro?<\/h2>\n<p>Al invertir en este juguete con patas de pollo para perros, est\u00e1s tomando la decisi\u00f3n de ofrecer a tu compa\u00f1ero un producto que puede contribuir potencialmente a su desarrollo. Y con nuestra pol\u00edtica de devoluciones de 14 d\u00edas, puedes comprar con confianza. Descubre ahora este atractivo juguete y ofrece a tu perro una nueva fuente de placer.  <\/p>\n","protected":false},"excerpt":{"rendered":"<p>\u00a1Proporciona a tu perro una diversi\u00f3n irresistible con nuestro juguete de pata de pollo! Fabricado con goma duradera, resiste las masticaciones m\u00e1s intensas a la vez que estimula el instinto de juego de tu perro. Este juguete no s\u00f3lo entretiene: ayuda a reducir la ansiedad, mejora la higiene dental y mantiene a tu compa\u00f1ero activo y feliz. Con modelos interactivos que emiten sonidos o contienen golosinas, cada momento de juego se convierte en una experiencia gratificante. No esperes m\u00e1s para darle a tu fiel amigo un entretenimiento de calidad, \u00a1haz tu pedido ahora en serinidog.com!    <\/p>\n","protected":false},"featured_media":5452,"comment_status":"open","ping_status":"closed","template":"","meta":[],"product_brand":[],"product_cat":[238],"product_tag":[],"class_list":{"0":"post-9765","1":"product","2":"type-product","3":"status-publish","4":"has-post-thumbnail","6":"product_cat-juguete-de-pollo-para-perro","7":"sales-flash-overlay","8":"woocommerce-text-align-left","9":"woocommerce-image-align-center","10":"do-quantity-buttons","12":"first","13":"instock","14":"taxable","15":"shipping-taxable","16":"purchasable","17":"product-type-simple"},"yoast_head":"<!-- This site is optimized with the Yoast SEO Premium plugin v23.4 (Yoast SEO v27.5) - https:\/\/yoast.com\/product\/yoast-seo-premium-wordpress\/ -->\n<title>Juguete de patas de pollo para perros: diversi\u00f3n duradera y estimulante para tu mascota - SeriniDog<\/title>\n<meta name=\"robots\" content=\"index, follow, max-snippet:-1, max-image-preview:large, max-video-preview:-1\" \/>\n<link rel=\"canonical\" href=\"https:\/\/serinidog.com\/es\/p\/juguete-de-patas-de-pollo-para-perros-diversion-duradera-y-estimulante-para-tu-mascota\/\" \/>\n<meta property=\"og:locale\" content=\"es_ES\" \/>\n<meta property=\"og:type\" content=\"article\" \/>\n<meta property=\"og:title\" content=\"Juguete de patas de pollo para perros: diversi\u00f3n duradera y estimulante para tu mascota - SeriniDog\" \/>\n<meta property=\"og:description\" content=\"\u00a1Proporciona a tu perro una diversi\u00f3n irresistible con nuestro juguete de pata de pollo! Fabricado con goma duradera, resiste las masticaciones m\u00e1s intensas a la vez que estimula el instinto de juego de tu perro. Este juguete no s\u00f3lo entretiene: ayuda a reducir la ansiedad, mejora la higiene dental y mantiene a tu compa\u00f1ero activo y feliz. Con modelos interactivos que emiten sonidos o contienen golosinas, cada momento de juego se convierte en una experiencia gratificante. No esperes m\u00e1s para darle a tu fiel amigo un entretenimiento de calidad, \u00a1haz tu pedido ahora en serinidog.com!\" \/>\n<meta property=\"og:url\" content=\"https:\/\/serinidog.com\/es\/p\/juguete-de-patas-de-pollo-para-perros-diversion-duradera-y-estimulante-para-tu-mascota\/\" \/>\n<meta property=\"og:site_name\" content=\"SeriniDog\" \/>\n<meta property=\"article:modified_time\" content=\"2024-12-28T22:07:10+00:00\" \/>\n<meta property=\"og:image\" content=\"https:\/\/serinidog.com\/wp-content\/uploads\/2024\/11\/S5164137f819a44e980fc2175d81232692.webp\" \/>\n\t<meta property=\"og:image:width\" content=\"800\" \/>\n\t<meta property=\"og:image:height\" content=\"800\" \/>\n\t<meta property=\"og:image:type\" content=\"image\/webp\" \/>\n<meta name=\"twitter:card\" content=\"summary_large_image\" \/>\n<meta name=\"twitter:label1\" content=\"Precio\" \/>\n\t<meta name=\"twitter:data1\" content=\"9,00&nbsp;&euro;\" \/>\n\t<meta name=\"twitter:label2\" content=\"Disponibilidad\" \/>\n\t<meta name=\"twitter:data2\" content=\"Disponible\" \/>\n<script type=\"application\/ld+json\" class=\"yoast-schema-graph\">{\"@context\":\"https:\\\/\\\/schema.org\",\"@graph\":[{\"@type\":\"WebPage\",\"@id\":\"https:\\\/\\\/serinidog.com\\\/es\\\/p\\\/juguete-de-patas-de-pollo-para-perros-diversion-duradera-y-estimulante-para-tu-mascota\\\/\",\"url\":\"https:\\\/\\\/serinidog.com\\\/es\\\/p\\\/juguete-de-patas-de-pollo-para-perros-diversion-duradera-y-estimulante-para-tu-mascota\\\/\",\"name\":\"Juguete de patas de pollo para perros: diversi\u00f3n duradera y estimulante para tu mascota - SeriniDog\",\"isPartOf\":{\"@id\":\"https:\\\/\\\/serinidog.com\\\/es\\\/#website\"},\"primaryImageOfPage\":{\"@id\":\"https:\\\/\\\/serinidog.com\\\/es\\\/p\\\/juguete-de-patas-de-pollo-para-perros-diversion-duradera-y-estimulante-para-tu-mascota\\\/#primaryimage\"},\"image\":{\"@id\":\"https:\\\/\\\/serinidog.com\\\/es\\\/p\\\/juguete-de-patas-de-pollo-para-perros-diversion-duradera-y-estimulante-para-tu-mascota\\\/#primaryimage\"},\"thumbnailUrl\":\"https:\\\/\\\/serinidog.com\\\/wp-content\\\/uploads\\\/2024\\\/11\\\/S5164137f819a44e980fc2175d81232692.webp\",\"datePublished\":\"2024-11-30T21:47:18+00:00\",\"dateModified\":\"2024-12-28T22:07:10+00:00\",\"breadcrumb\":{\"@id\":\"https:\\\/\\\/serinidog.com\\\/es\\\/p\\\/juguete-de-patas-de-pollo-para-perros-diversion-duradera-y-estimulante-para-tu-mascota\\\/#breadcrumb\"},\"inLanguage\":\"es\",\"potentialAction\":[{\"@type\":\"ReadAction\",\"target\":[\"https:\\\/\\\/serinidog.com\\\/es\\\/p\\\/juguete-de-patas-de-pollo-para-perros-diversion-duradera-y-estimulante-para-tu-mascota\\\/\"]}]},{\"@type\":\"ImageObject\",\"inLanguage\":\"es\",\"@id\":\"https:\\\/\\\/serinidog.com\\\/es\\\/p\\\/juguete-de-patas-de-pollo-para-perros-diversion-duradera-y-estimulante-para-tu-mascota\\\/#primaryimage\",\"url\":\"https:\\\/\\\/serinidog.com\\\/wp-content\\\/uploads\\\/2024\\\/11\\\/S5164137f819a44e980fc2175d81232692.webp\",\"contentUrl\":\"https:\\\/\\\/serinidog.com\\\/wp-content\\\/uploads\\\/2024\\\/11\\\/S5164137f819a44e980fc2175d81232692.webp\",\"width\":800,\"height\":800},{\"@type\":\"BreadcrumbList\",\"@id\":\"https:\\\/\\\/serinidog.com\\\/es\\\/p\\\/juguete-de-patas-de-pollo-para-perros-diversion-duradera-y-estimulante-para-tu-mascota\\\/#breadcrumb\",\"itemListElement\":[{\"@type\":\"ListItem\",\"position\":1,\"name\":\"Accueil\",\"item\":\"https:\\\/\\\/serinidog.com\\\/es\\\/\"},{\"@type\":\"ListItem\",\"position\":2,\"name\":\"Boutique\",\"item\":\"https:\\\/\\\/serinidog.com\\\/shop\\\/\"},{\"@type\":\"ListItem\",\"position\":3,\"name\":\"Juguete de pollo para perro\",\"item\":\"https:\\\/\\\/serinidog.com\\\/es\\\/c\\\/juguete-de-pollo-para-perro\\\/\"},{\"@type\":\"ListItem\",\"position\":4,\"name\":\"Juguete de patas de pollo para perros: diversi\u00f3n duradera y estimulante para tu mascota\"}]},{\"@type\":\"WebSite\",\"@id\":\"https:\\\/\\\/serinidog.com\\\/es\\\/#website\",\"url\":\"https:\\\/\\\/serinidog.com\\\/es\\\/\",\"name\":\"SeriniDog\",\"description\":\"Shop pour chien\",\"potentialAction\":[{\"@type\":\"SearchAction\",\"target\":{\"@type\":\"EntryPoint\",\"urlTemplate\":\"https:\\\/\\\/serinidog.com\\\/es\\\/?s={search_term_string}\"},\"query-input\":{\"@type\":\"PropertyValueSpecification\",\"valueRequired\":true,\"valueName\":\"search_term_string\"}}],\"inLanguage\":\"es\"}]}<\/script>\n<meta property=\"product:price:amount\" content=\"9.00\" \/>\n<meta property=\"product:price:currency\" content=\"EUR\" \/>\n<meta property=\"og:availability\" content=\"instock\" \/>\n<meta property=\"product:availability\" content=\"instock\" \/>\n<meta property=\"product:retailer_item_id\" content=\"14:365458#1pc_ct5ofm5pol6000foaqo0\" \/>\n<meta property=\"product:condition\" content=\"new\" \/>\n<!-- \/ Yoast SEO Premium plugin. -->","yoast_head_json":{"title":"Juguete de patas de pollo para perros: diversi\u00f3n duradera y estimulante para tu mascota - SeriniDog","robots":{"index":"index","follow":"follow","max-snippet":"max-snippet:-1","max-image-preview":"max-image-preview:large","max-video-preview":"max-video-preview:-1"},"canonical":"https:\/\/serinidog.com\/es\/p\/juguete-de-patas-de-pollo-para-perros-diversion-duradera-y-estimulante-para-tu-mascota\/","og_locale":"es_ES","og_type":"article","og_title":"Juguete de patas de pollo para perros: diversi\u00f3n duradera y estimulante para tu mascota - SeriniDog","og_description":"\u00a1Proporciona a tu perro una diversi\u00f3n irresistible con nuestro juguete de pata de pollo! Fabricado con goma duradera, resiste las masticaciones m\u00e1s intensas a la vez que estimula el instinto de juego de tu perro. Este juguete no s\u00f3lo entretiene: ayuda a reducir la ansiedad, mejora la higiene dental y mantiene a tu compa\u00f1ero activo y feliz. Con modelos interactivos que emiten sonidos o contienen golosinas, cada momento de juego se convierte en una experiencia gratificante. No esperes m\u00e1s para darle a tu fiel amigo un entretenimiento de calidad, \u00a1haz tu pedido ahora en serinidog.com!","og_url":"https:\/\/serinidog.com\/es\/p\/juguete-de-patas-de-pollo-para-perros-diversion-duradera-y-estimulante-para-tu-mascota\/","og_site_name":"SeriniDog","article_modified_time":"2024-12-28T22:07:10+00:00","og_image":[{"width":800,"height":800,"url":"https:\/\/serinidog.com\/wp-content\/uploads\/2024\/11\/S5164137f819a44e980fc2175d81232692.webp","type":"image\/webp"}],"twitter_card":"summary_large_image","twitter_misc":{"Precio":"9,00&nbsp;&euro;","Disponibilidad":"Disponible"},"schema":{"@context":"https:\/\/schema.org","@graph":[{"@type":"WebPage","@id":"https:\/\/serinidog.com\/es\/p\/juguete-de-patas-de-pollo-para-perros-diversion-duradera-y-estimulante-para-tu-mascota\/","url":"https:\/\/serinidog.com\/es\/p\/juguete-de-patas-de-pollo-para-perros-diversion-duradera-y-estimulante-para-tu-mascota\/","name":"Juguete de patas de pollo para perros: diversi\u00f3n duradera y estimulante para tu mascota - SeriniDog","isPartOf":{"@id":"https:\/\/serinidog.com\/es\/#website"},"primaryImageOfPage":{"@id":"https:\/\/serinidog.com\/es\/p\/juguete-de-patas-de-pollo-para-perros-diversion-duradera-y-estimulante-para-tu-mascota\/#primaryimage"},"image":{"@id":"https:\/\/serinidog.com\/es\/p\/juguete-de-patas-de-pollo-para-perros-diversion-duradera-y-estimulante-para-tu-mascota\/#primaryimage"},"thumbnailUrl":"https:\/\/serinidog.com\/wp-content\/uploads\/2024\/11\/S5164137f819a44e980fc2175d81232692.webp","datePublished":"2024-11-30T21:47:18+00:00","dateModified":"2024-12-28T22:07:10+00:00","breadcrumb":{"@id":"https:\/\/serinidog.com\/es\/p\/juguete-de-patas-de-pollo-para-perros-diversion-duradera-y-estimulante-para-tu-mascota\/#breadcrumb"},"inLanguage":"es","potentialAction":[{"@type":"ReadAction","target":["https:\/\/serinidog.com\/es\/p\/juguete-de-patas-de-pollo-para-perros-diversion-duradera-y-estimulante-para-tu-mascota\/"]}]},{"@type":"ImageObject","inLanguage":"es","@id":"https:\/\/serinidog.com\/es\/p\/juguete-de-patas-de-pollo-para-perros-diversion-duradera-y-estimulante-para-tu-mascota\/#primaryimage","url":"https:\/\/serinidog.com\/wp-content\/uploads\/2024\/11\/S5164137f819a44e980fc2175d81232692.webp","contentUrl":"https:\/\/serinidog.com\/wp-content\/uploads\/2024\/11\/S5164137f819a44e980fc2175d81232692.webp","width":800,"height":800},{"@type":"BreadcrumbList","@id":"https:\/\/serinidog.com\/es\/p\/juguete-de-patas-de-pollo-para-perros-diversion-duradera-y-estimulante-para-tu-mascota\/#breadcrumb","itemListElement":[{"@type":"ListItem","position":1,"name":"Accueil","item":"https:\/\/serinidog.com\/es\/"},{"@type":"ListItem","position":2,"name":"Boutique","item":"https:\/\/serinidog.com\/shop\/"},{"@type":"ListItem","position":3,"name":"Juguete de pollo para perro","item":"https:\/\/serinidog.com\/es\/c\/juguete-de-pollo-para-perro\/"},{"@type":"ListItem","position":4,"name":"Juguete de patas de pollo para perros: diversi\u00f3n duradera y estimulante para tu mascota"}]},{"@type":"WebSite","@id":"https:\/\/serinidog.com\/es\/#website","url":"https:\/\/serinidog.com\/es\/","name":"SeriniDog","description":"Shop pour chien","potentialAction":[{"@type":"SearchAction","target":{"@type":"EntryPoint","urlTemplate":"https:\/\/serinidog.com\/es\/?s={search_term_string}"},"query-input":{"@type":"PropertyValueSpecification","valueRequired":true,"valueName":"search_term_string"}}],"inLanguage":"es"}]},"product_price_amount":"9.00","product_price_currency":"EUR","og_availability":"instock","product_availability":"instock","product_retailer_item_id":"14:365458#1pc_ct5ofm5pol6000foaqo0","product_condition":"new"},"_links":{"self":[{"href":"https:\/\/serinidog.com\/es\/wp-json\/wp\/v2\/product\/9765","targetHints":{"allow":["GET"]}}],"collection":[{"href":"https:\/\/serinidog.com\/es\/wp-json\/wp\/v2\/product"}],"about":[{"href":"https:\/\/serinidog.com\/es\/wp-json\/wp\/v2\/types\/product"}],"replies":[{"embeddable":true,"href":"https:\/\/serinidog.com\/es\/wp-json\/wp\/v2\/comments?post=9765"}],"wp:featuredmedia":[{"embeddable":true,"href":"https:\/\/serinidog.com\/es\/wp-json\/wp\/v2\/media\/5452"}],"wp:attachment":[{"href":"https:\/\/serinidog.com\/es\/wp-json\/wp\/v2\/media?parent=9765"}],"wp:term":[{"taxonomy":"product_brand","embeddable":true,"href":"https:\/\/serinidog.com\/es\/wp-json\/wp\/v2\/product_brand?post=9765"},{"taxonomy":"product_cat","embeddable":true,"href":"https:\/\/serinidog.com\/es\/wp-json\/wp\/v2\/product_cat?post=9765"},{"taxonomy":"product_tag","embeddable":true,"href":"https:\/\/serinidog.com\/es\/wp-json\/wp\/v2\/product_tag?post=9765"}],"curies":[{"name":"wp","href":"https:\/\/api.w.org\/{rel}","templated":true}]}}