{"id":9833,"date":"2024-11-28T20:40:22","date_gmt":"2024-11-28T20:40:22","guid":{"rendered":"https:\/\/serinidog.com\/p\/collar-tactico-para-perros-con-soporte-airtag-duradero-y-seguro\/"},"modified":"2024-12-28T23:46:21","modified_gmt":"2024-12-28T23:46:21","slug":"collar-tactico-para-perros-con-soporte-airtag-duradero-y-seguro","status":"publish","type":"product","link":"https:\/\/serinidog.com\/es\/p\/collar-tactico-para-perros-con-soporte-airtag-duradero-y-seguro\/","title":{"rendered":"Collar t\u00e1ctico para perros con soporte AirTag, duradero y seguro"},"content":{"rendered":"<h2 id=\"collier-pour-chien-tactique-avec-support-airtag--pratique-et-robuste\">Collar t\u00e1ctico para perros con soporte AirTag: pr\u00e1ctico y robusto<\/h2>\n<p>El collar t\u00e1ctico para perros con soporte AirTag es el accesorio que necesitas para mantener seguro y c\u00f3modo a tu fiel compa\u00f1ero. Dise\u00f1ado para combinar robustez y elegancia, este collar tiene muchas prestaciones. <\/p>\n<h3 id=\"pourquoi-choisir-un-collier-tactique-\">\u00bfPor qu\u00e9 elegir un collar t\u00e1ctico?<\/h3>\n<p>Con su dise\u00f1o de nailon resistente, este collar es perfecto para los aventureros de cuatro patas. Es adecuado para todas las razas y tama\u00f1os de perro, gracias a su pr\u00e1ctico sistema de ajuste que garantiza una sujeci\u00f3n perfecta. Saca a pasear a tu perro con seguridad y estilo.  <\/p>\n<h3 id=\"les-caract\u00e9ristiques-du-collier\">Caracter\u00edsticas del collar<\/h3>\n<p>Equipado con un soporte AirTag, este collar te permite localizar a tu perro r\u00e1pidamente mediante la tecnolog\u00eda de Apple. \u00a1Se acabaron las preocupaciones cuando salgas a pasear por bosques o espacios abiertos! He aqu\u00ed por qu\u00e9 destaca este collar:  <\/p>\n<ul>\n<li><strong>Materiales resistentes<\/strong>: fabricados con nailon de alta calidad para una larga duraci\u00f3n.<\/li>\n<li><strong>Seguridad reforzada<\/strong>: cierre seguro para una sujeci\u00f3n \u00f3ptima.<\/li>\n<li><strong>Comodidad<\/strong>: de dise\u00f1o ergon\u00f3mico, no estorbar\u00e1 a tu perro en las aventuras largas.<\/li>\n<li><strong>Estilo t\u00e1ctico<\/strong>: colores militares para un look \u00fanico y sobrio.<\/li>\n<\/ul>\n<h3 id=\"lassurance-dun-produit-fiable\">La garant\u00eda de un producto fiable<\/h3>\n<p>Para quienes buscan un collar que combine funcionalidad y dise\u00f1o, el modelo AirTag es una elecci\u00f3n ideal. No s\u00f3lo est\u00e1 dise\u00f1ado para durar en el tiempo, sino que tambi\u00e9n se adapta a una gran variedad de actividades caninas, desde simples paseos a caminatas m\u00e1s intensas. Este collar para perros ofrece una seguridad tranquilizadora para ti y comodidad diaria para tu compa\u00f1ero, todo ello con una garant\u00eda de devoluci\u00f3n de 14 d\u00edas. \u00a1Atrae la atenci\u00f3n de los amantes de la aventura en Google haciendo de este collar uno de tus imprescindibles! <\/p>\n","protected":false},"excerpt":{"rendered":"<p>Descubre el collar t\u00e1ctico para perros con soporte AirTag, el accesorio esencial para la comodidad y seguridad de tu compa\u00f1ero. Fabricado en nylon resistente, se adapta perfectamente a todas las razas y tama\u00f1os, al tiempo que ofrece un aspecto elegante y militar. Gracias a su soporte espec\u00edfico, podr\u00e1s localizar a tu perro en un abrir y cerrar de ojos con la tecnolog\u00eda Apple, poniendo fin a tus preocupaciones en tus aventuras. Regala a tu fiel amigo un collar robusto y ergon\u00f3mico, hecho para durar. No esperes m\u00e1s, \u00a1haz de cada paseo una experiencia serena y con estilo! Garant\u00eda de devoluci\u00f3n de 14 d\u00edas.     <\/p>\n","protected":false},"featured_media":4516,"comment_status":"open","ping_status":"closed","template":"","meta":[],"product_brand":[76],"product_cat":[242],"product_tag":[],"class_list":{"0":"post-9833","1":"product","2":"type-product","3":"status-publish","4":"has-post-thumbnail","6":"product_brand-serinidog","7":"product_cat-collares-militares-para-perros","8":"sales-flash-overlay","9":"woocommerce-text-align-left","10":"woocommerce-image-align-center","11":"do-quantity-buttons","13":"first","14":"instock","15":"taxable","16":"shipping-taxable","17":"purchasable","18":"product-type-variable","19":"has-default-attributes"},"yoast_head":"<!-- This site is optimized with the Yoast SEO Premium plugin v23.4 (Yoast SEO v27.4) - https:\/\/yoast.com\/product\/yoast-seo-premium-wordpress\/ -->\n<title>Collar t\u00e1ctico para perros con soporte AirTag, duradero y seguro - SeriniDog<\/title>\n<meta name=\"robots\" content=\"index, follow, max-snippet:-1, max-image-preview:large, max-video-preview:-1\" \/>\n<link rel=\"canonical\" href=\"https:\/\/serinidog.com\/es\/p\/collar-tactico-para-perros-con-soporte-airtag-duradero-y-seguro\/\" \/>\n<meta property=\"og:locale\" content=\"es_ES\" \/>\n<meta property=\"og:type\" content=\"article\" \/>\n<meta property=\"og:title\" content=\"Collar t\u00e1ctico para perros con soporte AirTag, duradero y seguro - SeriniDog\" \/>\n<meta property=\"og:description\" content=\"Descubre el collar t\u00e1ctico para perros con soporte AirTag, el accesorio esencial para la comodidad y seguridad de tu compa\u00f1ero. Fabricado en nylon resistente, se adapta perfectamente a todas las razas y tama\u00f1os, al tiempo que ofrece un aspecto elegante y militar. Gracias a su soporte espec\u00edfico, podr\u00e1s localizar a tu perro en un abrir y cerrar de ojos con la tecnolog\u00eda Apple, poniendo fin a tus preocupaciones en tus aventuras. Regala a tu fiel amigo un collar robusto y ergon\u00f3mico, hecho para durar. No esperes m\u00e1s, \u00a1haz de cada paseo una experiencia serena y con estilo! Garant\u00eda de devoluci\u00f3n de 14 d\u00edas.\" \/>\n<meta property=\"og:url\" content=\"https:\/\/serinidog.com\/es\/p\/collar-tactico-para-perros-con-soporte-airtag-duradero-y-seguro\/\" \/>\n<meta property=\"og:site_name\" content=\"SeriniDog\" \/>\n<meta property=\"article:modified_time\" content=\"2024-12-28T23:46:21+00:00\" \/>\n<meta property=\"og:image\" content=\"https:\/\/serinidog.com\/wp-content\/uploads\/2024\/11\/Sf61d3e2c029649f08b96823090a66f66z.webp\" \/>\n\t<meta property=\"og:image:width\" content=\"1200\" \/>\n\t<meta property=\"og:image:height\" content=\"1200\" \/>\n\t<meta property=\"og:image:type\" content=\"image\/webp\" \/>\n<meta name=\"twitter:card\" content=\"summary_large_image\" \/>\n<meta name=\"twitter:label1\" content=\"Disponibilidad\" \/>\n\t<meta name=\"twitter:data1\" content=\"Disponible\" \/>\n<script type=\"application\/ld+json\" class=\"yoast-schema-graph\">{\"@context\":\"https:\\\/\\\/schema.org\",\"@graph\":[{\"@type\":\"WebPage\",\"@id\":\"https:\\\/\\\/serinidog.com\\\/es\\\/p\\\/collar-tactico-para-perros-con-soporte-airtag-duradero-y-seguro\\\/\",\"url\":\"https:\\\/\\\/serinidog.com\\\/es\\\/p\\\/collar-tactico-para-perros-con-soporte-airtag-duradero-y-seguro\\\/\",\"name\":\"Collar t\u00e1ctico para perros con soporte AirTag, duradero y seguro - SeriniDog\",\"isPartOf\":{\"@id\":\"https:\\\/\\\/serinidog.com\\\/es\\\/#website\"},\"primaryImageOfPage\":{\"@id\":\"https:\\\/\\\/serinidog.com\\\/es\\\/p\\\/collar-tactico-para-perros-con-soporte-airtag-duradero-y-seguro\\\/#primaryimage\"},\"image\":{\"@id\":\"https:\\\/\\\/serinidog.com\\\/es\\\/p\\\/collar-tactico-para-perros-con-soporte-airtag-duradero-y-seguro\\\/#primaryimage\"},\"thumbnailUrl\":\"https:\\\/\\\/serinidog.com\\\/wp-content\\\/uploads\\\/2024\\\/11\\\/Sf61d3e2c029649f08b96823090a66f66z.webp\",\"datePublished\":\"2024-11-28T20:40:22+00:00\",\"dateModified\":\"2024-12-28T23:46:21+00:00\",\"breadcrumb\":{\"@id\":\"https:\\\/\\\/serinidog.com\\\/es\\\/p\\\/collar-tactico-para-perros-con-soporte-airtag-duradero-y-seguro\\\/#breadcrumb\"},\"inLanguage\":\"es\",\"potentialAction\":[{\"@type\":\"ReadAction\",\"target\":[\"https:\\\/\\\/serinidog.com\\\/es\\\/p\\\/collar-tactico-para-perros-con-soporte-airtag-duradero-y-seguro\\\/\"]}]},{\"@type\":\"ImageObject\",\"inLanguage\":\"es\",\"@id\":\"https:\\\/\\\/serinidog.com\\\/es\\\/p\\\/collar-tactico-para-perros-con-soporte-airtag-duradero-y-seguro\\\/#primaryimage\",\"url\":\"https:\\\/\\\/serinidog.com\\\/wp-content\\\/uploads\\\/2024\\\/11\\\/Sf61d3e2c029649f08b96823090a66f66z.webp\",\"contentUrl\":\"https:\\\/\\\/serinidog.com\\\/wp-content\\\/uploads\\\/2024\\\/11\\\/Sf61d3e2c029649f08b96823090a66f66z.webp\",\"width\":1200,\"height\":1200},{\"@type\":\"BreadcrumbList\",\"@id\":\"https:\\\/\\\/serinidog.com\\\/es\\\/p\\\/collar-tactico-para-perros-con-soporte-airtag-duradero-y-seguro\\\/#breadcrumb\",\"itemListElement\":[{\"@type\":\"ListItem\",\"position\":1,\"name\":\"Accueil\",\"item\":\"https:\\\/\\\/serinidog.com\\\/es\\\/\"},{\"@type\":\"ListItem\",\"position\":2,\"name\":\"Boutique\",\"item\":\"https:\\\/\\\/serinidog.com\\\/shop\\\/\"},{\"@type\":\"ListItem\",\"position\":3,\"name\":\"Collares para perros\",\"item\":\"https:\\\/\\\/serinidog.com\\\/es\\\/c\\\/collares-para-perros\\\/\"},{\"@type\":\"ListItem\",\"position\":4,\"name\":\"Collares militares para perros\",\"item\":\"https:\\\/\\\/serinidog.com\\\/es\\\/c\\\/collares-para-perros\\\/collares-militares-para-perros\\\/\"},{\"@type\":\"ListItem\",\"position\":5,\"name\":\"Collar t\u00e1ctico para perros con soporte AirTag, duradero y seguro\"}]},{\"@type\":\"WebSite\",\"@id\":\"https:\\\/\\\/serinidog.com\\\/es\\\/#website\",\"url\":\"https:\\\/\\\/serinidog.com\\\/es\\\/\",\"name\":\"SeriniDog\",\"description\":\"Shop pour chien\",\"potentialAction\":[{\"@type\":\"SearchAction\",\"target\":{\"@type\":\"EntryPoint\",\"urlTemplate\":\"https:\\\/\\\/serinidog.com\\\/es\\\/?s={search_term_string}\"},\"query-input\":{\"@type\":\"PropertyValueSpecification\",\"valueRequired\":true,\"valueName\":\"search_term_string\"}}],\"inLanguage\":\"es\"}]}<\/script>\n<meta property=\"product:brand\" content=\"Serinidog\" \/>\n<meta property=\"og:availability\" content=\"instock\" \/>\n<meta property=\"product:availability\" content=\"instock\" \/>\n<meta property=\"product:retailer_item_id\" content=\"ct4da8m9khh000a5nv8g\" \/>\n<meta property=\"product:condition\" content=\"new\" \/>\n<!-- \/ Yoast SEO Premium plugin. -->","yoast_head_json":{"title":"Collar t\u00e1ctico para perros con soporte AirTag, duradero y seguro - SeriniDog","robots":{"index":"index","follow":"follow","max-snippet":"max-snippet:-1","max-image-preview":"max-image-preview:large","max-video-preview":"max-video-preview:-1"},"canonical":"https:\/\/serinidog.com\/es\/p\/collar-tactico-para-perros-con-soporte-airtag-duradero-y-seguro\/","og_locale":"es_ES","og_type":"article","og_title":"Collar t\u00e1ctico para perros con soporte AirTag, duradero y seguro - SeriniDog","og_description":"Descubre el collar t\u00e1ctico para perros con soporte AirTag, el accesorio esencial para la comodidad y seguridad de tu compa\u00f1ero. Fabricado en nylon resistente, se adapta perfectamente a todas las razas y tama\u00f1os, al tiempo que ofrece un aspecto elegante y militar. Gracias a su soporte espec\u00edfico, podr\u00e1s localizar a tu perro en un abrir y cerrar de ojos con la tecnolog\u00eda Apple, poniendo fin a tus preocupaciones en tus aventuras. Regala a tu fiel amigo un collar robusto y ergon\u00f3mico, hecho para durar. No esperes m\u00e1s, \u00a1haz de cada paseo una experiencia serena y con estilo! Garant\u00eda de devoluci\u00f3n de 14 d\u00edas.","og_url":"https:\/\/serinidog.com\/es\/p\/collar-tactico-para-perros-con-soporte-airtag-duradero-y-seguro\/","og_site_name":"SeriniDog","article_modified_time":"2024-12-28T23:46:21+00:00","og_image":[{"width":1200,"height":1200,"url":"https:\/\/serinidog.com\/wp-content\/uploads\/2024\/11\/Sf61d3e2c029649f08b96823090a66f66z.webp","type":"image\/webp"}],"twitter_card":"summary_large_image","twitter_misc":{"Disponibilidad":"Disponible"},"schema":{"@context":"https:\/\/schema.org","@graph":[{"@type":"WebPage","@id":"https:\/\/serinidog.com\/es\/p\/collar-tactico-para-perros-con-soporte-airtag-duradero-y-seguro\/","url":"https:\/\/serinidog.com\/es\/p\/collar-tactico-para-perros-con-soporte-airtag-duradero-y-seguro\/","name":"Collar t\u00e1ctico para perros con soporte AirTag, duradero y seguro - SeriniDog","isPartOf":{"@id":"https:\/\/serinidog.com\/es\/#website"},"primaryImageOfPage":{"@id":"https:\/\/serinidog.com\/es\/p\/collar-tactico-para-perros-con-soporte-airtag-duradero-y-seguro\/#primaryimage"},"image":{"@id":"https:\/\/serinidog.com\/es\/p\/collar-tactico-para-perros-con-soporte-airtag-duradero-y-seguro\/#primaryimage"},"thumbnailUrl":"https:\/\/serinidog.com\/wp-content\/uploads\/2024\/11\/Sf61d3e2c029649f08b96823090a66f66z.webp","datePublished":"2024-11-28T20:40:22+00:00","dateModified":"2024-12-28T23:46:21+00:00","breadcrumb":{"@id":"https:\/\/serinidog.com\/es\/p\/collar-tactico-para-perros-con-soporte-airtag-duradero-y-seguro\/#breadcrumb"},"inLanguage":"es","potentialAction":[{"@type":"ReadAction","target":["https:\/\/serinidog.com\/es\/p\/collar-tactico-para-perros-con-soporte-airtag-duradero-y-seguro\/"]}]},{"@type":"ImageObject","inLanguage":"es","@id":"https:\/\/serinidog.com\/es\/p\/collar-tactico-para-perros-con-soporte-airtag-duradero-y-seguro\/#primaryimage","url":"https:\/\/serinidog.com\/wp-content\/uploads\/2024\/11\/Sf61d3e2c029649f08b96823090a66f66z.webp","contentUrl":"https:\/\/serinidog.com\/wp-content\/uploads\/2024\/11\/Sf61d3e2c029649f08b96823090a66f66z.webp","width":1200,"height":1200},{"@type":"BreadcrumbList","@id":"https:\/\/serinidog.com\/es\/p\/collar-tactico-para-perros-con-soporte-airtag-duradero-y-seguro\/#breadcrumb","itemListElement":[{"@type":"ListItem","position":1,"name":"Accueil","item":"https:\/\/serinidog.com\/es\/"},{"@type":"ListItem","position":2,"name":"Boutique","item":"https:\/\/serinidog.com\/shop\/"},{"@type":"ListItem","position":3,"name":"Collares para perros","item":"https:\/\/serinidog.com\/es\/c\/collares-para-perros\/"},{"@type":"ListItem","position":4,"name":"Collares militares para perros","item":"https:\/\/serinidog.com\/es\/c\/collares-para-perros\/collares-militares-para-perros\/"},{"@type":"ListItem","position":5,"name":"Collar t\u00e1ctico para perros con soporte AirTag, duradero y seguro"}]},{"@type":"WebSite","@id":"https:\/\/serinidog.com\/es\/#website","url":"https:\/\/serinidog.com\/es\/","name":"SeriniDog","description":"Shop pour chien","potentialAction":[{"@type":"SearchAction","target":{"@type":"EntryPoint","urlTemplate":"https:\/\/serinidog.com\/es\/?s={search_term_string}"},"query-input":{"@type":"PropertyValueSpecification","valueRequired":true,"valueName":"search_term_string"}}],"inLanguage":"es"}]},"product_brand":"Serinidog","og_availability":"instock","product_availability":"instock","product_retailer_item_id":"ct4da8m9khh000a5nv8g","product_condition":"new"},"_links":{"self":[{"href":"https:\/\/serinidog.com\/es\/wp-json\/wp\/v2\/product\/9833","targetHints":{"allow":["GET"]}}],"collection":[{"href":"https:\/\/serinidog.com\/es\/wp-json\/wp\/v2\/product"}],"about":[{"href":"https:\/\/serinidog.com\/es\/wp-json\/wp\/v2\/types\/product"}],"replies":[{"embeddable":true,"href":"https:\/\/serinidog.com\/es\/wp-json\/wp\/v2\/comments?post=9833"}],"wp:featuredmedia":[{"embeddable":true,"href":"https:\/\/serinidog.com\/es\/wp-json\/wp\/v2\/media\/4516"}],"wp:attachment":[{"href":"https:\/\/serinidog.com\/es\/wp-json\/wp\/v2\/media?parent=9833"}],"wp:term":[{"taxonomy":"product_brand","embeddable":true,"href":"https:\/\/serinidog.com\/es\/wp-json\/wp\/v2\/product_brand?post=9833"},{"taxonomy":"product_cat","embeddable":true,"href":"https:\/\/serinidog.com\/es\/wp-json\/wp\/v2\/product_cat?post=9833"},{"taxonomy":"product_tag","embeddable":true,"href":"https:\/\/serinidog.com\/es\/wp-json\/wp\/v2\/product_tag?post=9833"}],"curies":[{"name":"wp","href":"https:\/\/api.w.org\/{rel}","templated":true}]}}