{"id":9882,"date":"2024-11-29T15:59:31","date_gmt":"2024-11-29T15:59:31","guid":{"rendered":"https:\/\/serinidog.com\/p\/adaptador-de-silicona-antideslizante-para-cuencos-de-perros\/"},"modified":"2024-12-28T22:55:16","modified_gmt":"2024-12-28T22:55:16","slug":"adaptador-de-silicona-antideslizante-para-cuencos-de-perros","status":"publish","type":"product","link":"https:\/\/serinidog.com\/es\/p\/adaptador-de-silicona-antideslizante-para-cuencos-de-perros\/","title":{"rendered":"Adaptador de silicona antideslizante para cuencos de perros"},"content":{"rendered":"<h2 id=\"adaptateur-gamelle-anti-glouton-en-silicone-pour-chiens\">Adaptador de silicona antideslizante para cuencos de perros<\/h2>\n<p>Descubre nuestro adaptador de silicona para cuencos antisaliva, el mejor aliado para ralentizar la ingesta de comida de tu perro mientras estimulas su mente inquisitiva. Dise\u00f1ado para perros de todos los tama\u00f1os, este accesorio transforma la hora de la comida en un momento de placer divertido y nutritivo. <\/p>\n<h3 id=\"pourquoi-choisir-notre-adaptateur-anti-glouton-\">\u00bfPor qu\u00e9 elegir nuestro adaptador antideslizante?<\/h3>\n<p>El adaptador de silicona es una innovaci\u00f3n esencial para todos los propietarios de perros preocupados por la salud y el bienestar de sus compa\u00f1eros caninos. Gracias a su ingenioso y vers\u00e1til dise\u00f1o, puede acoplarse a una gran variedad de comederos, ofreciendo una flexibilidad inigualable. <\/p>\n<h3 id=\"les-avantages-du-silicone-pour-une-prise-alimentaire-contr\u00f4l\u00e9e\">Las ventajas de la silicona para controlar la ingesta de alimentos<\/h3>\n<ol>\n<li><strong>Dise\u00f1ado para la salud canina:<\/strong> Ralentiza la ingesta de alimentos, minimizando el riesgo de hinchaz\u00f3n e indigesti\u00f3n.<\/li>\n<li><strong>Estimulaci\u00f3n mental:<\/strong> Anima a tu mascota a pensar en acceder a su comida, estimulando su mente.<\/li>\n<li><strong>F\u00e1cil de cuidar:<\/strong> la silicona es f\u00e1cil de limpiar y compatible con la mayor\u00eda de los lavavajillas, lo que garantiza una higiene impecable.<\/li>\n<li><strong>Variedad de colores:<\/strong> Disponible en varios colores para combinar con tu casa o con el gusto de tu perro.<\/li>\n<\/ol>\n<h3 id=\"adapt\u00e9-\u00e0-tous-les-chiens\">Adecuado para todos los perros<\/h3>\n<p>Sea cual sea el estilo de alimentaci\u00f3n de tu perro, este adaptador se adapta f\u00e1cilmente para proporcionarle una experiencia alimentaria mejorada. Su dise\u00f1o de silicona garantiza un f\u00e1cil manejo y una durabilidad excepcional. <\/p>\n<p>En definitiva, este adaptador de comedero es una sabia elecci\u00f3n para quienes desean dar a su perro una dieta m\u00e1s segura y estimulante. Pru\u00e9balo y comprueba los beneficios para el bienestar de tu perro. <\/p>\n<p>Para garantizar la satisfacci\u00f3n del cliente, ofrecemos una pol\u00edtica de devoluci\u00f3n de 14 d\u00edas desde la recepci\u00f3n del producto. Explora la diferencia que un accesorio bien dise\u00f1ado puede marcar en la vida de tu mascota en serinidog.com. <\/p>\n","protected":false},"excerpt":{"rendered":"<p>\u00a1Dale a tu perro la mejor experiencia posible al comer con nuestro adaptador de silicona antideslizante para cuencos! Dise\u00f1ado para ralentizar la ingesta de comida, mejora la digesti\u00f3n a la vez que estimula la mente de tu perro. F\u00e1cil de limpiar, compatible con muchos comederos y disponible en varios colores, este accesorio combina practicidad y dise\u00f1o. Apto para todos los perros, convierte cada comida en un momento divertido y saludable. \u00a1No pierdas esta oportunidad de mejorar el bienestar de tu mascota! Haz tu pedido ahora y benef\u00edciate de 14 d\u00edas de garant\u00eda de satisfacci\u00f3n en tu compra.     <\/p>\n","protected":false},"featured_media":5004,"comment_status":"open","ping_status":"closed","template":"","meta":[],"product_brand":[],"product_cat":[249],"product_tag":[],"class_list":{"0":"post-9882","1":"product","2":"type-product","3":"status-publish","4":"has-post-thumbnail","6":"product_cat-cuencos-antideslizantes","7":"sales-flash-overlay","8":"woocommerce-text-align-left","9":"woocommerce-image-align-center","10":"do-quantity-buttons","11":"wc-has-gallery","13":"first","14":"instock","15":"taxable","16":"shipping-taxable","17":"purchasable","18":"product-type-variable","19":"has-default-attributes"},"yoast_head":"<!-- This site is optimized with the Yoast SEO Premium plugin v23.4 (Yoast SEO v27.6) - https:\/\/yoast.com\/product\/yoast-seo-premium-wordpress\/ -->\n<title>Adaptador de silicona antideslizante para cuencos de perros - SeriniDog<\/title>\n<meta name=\"robots\" content=\"index, follow, max-snippet:-1, max-image-preview:large, max-video-preview:-1\" \/>\n<link rel=\"canonical\" href=\"https:\/\/serinidog.com\/es\/p\/adaptador-de-silicona-antideslizante-para-cuencos-de-perros\/\" \/>\n<meta property=\"og:locale\" content=\"es_ES\" \/>\n<meta property=\"og:type\" content=\"article\" \/>\n<meta property=\"og:title\" content=\"Adaptador de silicona antideslizante para cuencos de perros - SeriniDog\" \/>\n<meta property=\"og:description\" content=\"\u00a1Dale a tu perro la mejor experiencia posible al comer con nuestro adaptador de silicona antideslizante para cuencos! Dise\u00f1ado para ralentizar la ingesta de comida, mejora la digesti\u00f3n a la vez que estimula la mente de tu perro. F\u00e1cil de limpiar, compatible con muchos comederos y disponible en varios colores, este accesorio combina practicidad y dise\u00f1o. Apto para todos los perros, convierte cada comida en un momento divertido y saludable. \u00a1No pierdas esta oportunidad de mejorar el bienestar de tu mascota! Haz tu pedido ahora y benef\u00edciate de 14 d\u00edas de garant\u00eda de satisfacci\u00f3n en tu compra.\" \/>\n<meta property=\"og:url\" content=\"https:\/\/serinidog.com\/es\/p\/adaptador-de-silicona-antideslizante-para-cuencos-de-perros\/\" \/>\n<meta property=\"og:site_name\" content=\"SeriniDog\" \/>\n<meta property=\"article:modified_time\" content=\"2024-12-28T22:55:16+00:00\" \/>\n<meta property=\"og:image\" content=\"https:\/\/serinidog.com\/wp-content\/uploads\/2024\/11\/S4f325d242ae5498bbc450c3ced0ccc75K.webp\" \/>\n\t<meta property=\"og:image:width\" content=\"800\" \/>\n\t<meta property=\"og:image:height\" content=\"800\" \/>\n\t<meta property=\"og:image:type\" content=\"image\/webp\" \/>\n<meta name=\"twitter:card\" content=\"summary_large_image\" \/>\n<meta name=\"twitter:label1\" content=\"Disponibilidad\" \/>\n\t<meta name=\"twitter:data1\" content=\"Disponible\" \/>\n<script type=\"application\/ld+json\" class=\"yoast-schema-graph\">{\"@context\":\"https:\\\/\\\/schema.org\",\"@graph\":[{\"@type\":\"WebPage\",\"@id\":\"https:\\\/\\\/serinidog.com\\\/es\\\/p\\\/adaptador-de-silicona-antideslizante-para-cuencos-de-perros\\\/\",\"url\":\"https:\\\/\\\/serinidog.com\\\/es\\\/p\\\/adaptador-de-silicona-antideslizante-para-cuencos-de-perros\\\/\",\"name\":\"Adaptador de silicona antideslizante para cuencos de perros - SeriniDog\",\"isPartOf\":{\"@id\":\"https:\\\/\\\/serinidog.com\\\/es\\\/#website\"},\"primaryImageOfPage\":{\"@id\":\"https:\\\/\\\/serinidog.com\\\/es\\\/p\\\/adaptador-de-silicona-antideslizante-para-cuencos-de-perros\\\/#primaryimage\"},\"image\":{\"@id\":\"https:\\\/\\\/serinidog.com\\\/es\\\/p\\\/adaptador-de-silicona-antideslizante-para-cuencos-de-perros\\\/#primaryimage\"},\"thumbnailUrl\":\"https:\\\/\\\/serinidog.com\\\/wp-content\\\/uploads\\\/2024\\\/11\\\/S4f325d242ae5498bbc450c3ced0ccc75K.webp\",\"datePublished\":\"2024-11-29T15:59:31+00:00\",\"dateModified\":\"2024-12-28T22:55:16+00:00\",\"breadcrumb\":{\"@id\":\"https:\\\/\\\/serinidog.com\\\/es\\\/p\\\/adaptador-de-silicona-antideslizante-para-cuencos-de-perros\\\/#breadcrumb\"},\"inLanguage\":\"es\",\"potentialAction\":[{\"@type\":\"ReadAction\",\"target\":[\"https:\\\/\\\/serinidog.com\\\/es\\\/p\\\/adaptador-de-silicona-antideslizante-para-cuencos-de-perros\\\/\"]}]},{\"@type\":\"ImageObject\",\"inLanguage\":\"es\",\"@id\":\"https:\\\/\\\/serinidog.com\\\/es\\\/p\\\/adaptador-de-silicona-antideslizante-para-cuencos-de-perros\\\/#primaryimage\",\"url\":\"https:\\\/\\\/serinidog.com\\\/wp-content\\\/uploads\\\/2024\\\/11\\\/S4f325d242ae5498bbc450c3ced0ccc75K.webp\",\"contentUrl\":\"https:\\\/\\\/serinidog.com\\\/wp-content\\\/uploads\\\/2024\\\/11\\\/S4f325d242ae5498bbc450c3ced0ccc75K.webp\",\"width\":800,\"height\":800},{\"@type\":\"BreadcrumbList\",\"@id\":\"https:\\\/\\\/serinidog.com\\\/es\\\/p\\\/adaptador-de-silicona-antideslizante-para-cuencos-de-perros\\\/#breadcrumb\",\"itemListElement\":[{\"@type\":\"ListItem\",\"position\":1,\"name\":\"Accueil\",\"item\":\"https:\\\/\\\/serinidog.com\\\/es\\\/\"},{\"@type\":\"ListItem\",\"position\":2,\"name\":\"Boutique\",\"item\":\"https:\\\/\\\/serinidog.com\\\/shop\\\/\"},{\"@type\":\"ListItem\",\"position\":3,\"name\":\"Cuencos antideslizantes\",\"item\":\"https:\\\/\\\/serinidog.com\\\/es\\\/c\\\/cuencos-antideslizantes\\\/\"},{\"@type\":\"ListItem\",\"position\":4,\"name\":\"Adaptador de silicona antideslizante para cuencos de perros\"}]},{\"@type\":\"WebSite\",\"@id\":\"https:\\\/\\\/serinidog.com\\\/es\\\/#website\",\"url\":\"https:\\\/\\\/serinidog.com\\\/es\\\/\",\"name\":\"SeriniDog\",\"description\":\"Shop pour chien\",\"potentialAction\":[{\"@type\":\"SearchAction\",\"target\":{\"@type\":\"EntryPoint\",\"urlTemplate\":\"https:\\\/\\\/serinidog.com\\\/es\\\/?s={search_term_string}\"},\"query-input\":{\"@type\":\"PropertyValueSpecification\",\"valueRequired\":true,\"valueName\":\"search_term_string\"}}],\"inLanguage\":\"es\"}]}<\/script>\n<meta property=\"og:availability\" content=\"instock\" \/>\n<meta property=\"product:availability\" content=\"instock\" \/>\n<meta property=\"product:retailer_item_id\" content=\"ct4u9ldpol6000foa3tg\" \/>\n<meta property=\"product:condition\" content=\"new\" \/>\n<!-- \/ Yoast SEO Premium plugin. -->","yoast_head_json":{"title":"Adaptador de silicona antideslizante para cuencos de perros - SeriniDog","robots":{"index":"index","follow":"follow","max-snippet":"max-snippet:-1","max-image-preview":"max-image-preview:large","max-video-preview":"max-video-preview:-1"},"canonical":"https:\/\/serinidog.com\/es\/p\/adaptador-de-silicona-antideslizante-para-cuencos-de-perros\/","og_locale":"es_ES","og_type":"article","og_title":"Adaptador de silicona antideslizante para cuencos de perros - SeriniDog","og_description":"\u00a1Dale a tu perro la mejor experiencia posible al comer con nuestro adaptador de silicona antideslizante para cuencos! Dise\u00f1ado para ralentizar la ingesta de comida, mejora la digesti\u00f3n a la vez que estimula la mente de tu perro. F\u00e1cil de limpiar, compatible con muchos comederos y disponible en varios colores, este accesorio combina practicidad y dise\u00f1o. Apto para todos los perros, convierte cada comida en un momento divertido y saludable. \u00a1No pierdas esta oportunidad de mejorar el bienestar de tu mascota! Haz tu pedido ahora y benef\u00edciate de 14 d\u00edas de garant\u00eda de satisfacci\u00f3n en tu compra.","og_url":"https:\/\/serinidog.com\/es\/p\/adaptador-de-silicona-antideslizante-para-cuencos-de-perros\/","og_site_name":"SeriniDog","article_modified_time":"2024-12-28T22:55:16+00:00","og_image":[{"width":800,"height":800,"url":"https:\/\/serinidog.com\/wp-content\/uploads\/2024\/11\/S4f325d242ae5498bbc450c3ced0ccc75K.webp","type":"image\/webp"}],"twitter_card":"summary_large_image","twitter_misc":{"Disponibilidad":"Disponible"},"schema":{"@context":"https:\/\/schema.org","@graph":[{"@type":"WebPage","@id":"https:\/\/serinidog.com\/es\/p\/adaptador-de-silicona-antideslizante-para-cuencos-de-perros\/","url":"https:\/\/serinidog.com\/es\/p\/adaptador-de-silicona-antideslizante-para-cuencos-de-perros\/","name":"Adaptador de silicona antideslizante para cuencos de perros - SeriniDog","isPartOf":{"@id":"https:\/\/serinidog.com\/es\/#website"},"primaryImageOfPage":{"@id":"https:\/\/serinidog.com\/es\/p\/adaptador-de-silicona-antideslizante-para-cuencos-de-perros\/#primaryimage"},"image":{"@id":"https:\/\/serinidog.com\/es\/p\/adaptador-de-silicona-antideslizante-para-cuencos-de-perros\/#primaryimage"},"thumbnailUrl":"https:\/\/serinidog.com\/wp-content\/uploads\/2024\/11\/S4f325d242ae5498bbc450c3ced0ccc75K.webp","datePublished":"2024-11-29T15:59:31+00:00","dateModified":"2024-12-28T22:55:16+00:00","breadcrumb":{"@id":"https:\/\/serinidog.com\/es\/p\/adaptador-de-silicona-antideslizante-para-cuencos-de-perros\/#breadcrumb"},"inLanguage":"es","potentialAction":[{"@type":"ReadAction","target":["https:\/\/serinidog.com\/es\/p\/adaptador-de-silicona-antideslizante-para-cuencos-de-perros\/"]}]},{"@type":"ImageObject","inLanguage":"es","@id":"https:\/\/serinidog.com\/es\/p\/adaptador-de-silicona-antideslizante-para-cuencos-de-perros\/#primaryimage","url":"https:\/\/serinidog.com\/wp-content\/uploads\/2024\/11\/S4f325d242ae5498bbc450c3ced0ccc75K.webp","contentUrl":"https:\/\/serinidog.com\/wp-content\/uploads\/2024\/11\/S4f325d242ae5498bbc450c3ced0ccc75K.webp","width":800,"height":800},{"@type":"BreadcrumbList","@id":"https:\/\/serinidog.com\/es\/p\/adaptador-de-silicona-antideslizante-para-cuencos-de-perros\/#breadcrumb","itemListElement":[{"@type":"ListItem","position":1,"name":"Accueil","item":"https:\/\/serinidog.com\/es\/"},{"@type":"ListItem","position":2,"name":"Boutique","item":"https:\/\/serinidog.com\/shop\/"},{"@type":"ListItem","position":3,"name":"Cuencos antideslizantes","item":"https:\/\/serinidog.com\/es\/c\/cuencos-antideslizantes\/"},{"@type":"ListItem","position":4,"name":"Adaptador de silicona antideslizante para cuencos de perros"}]},{"@type":"WebSite","@id":"https:\/\/serinidog.com\/es\/#website","url":"https:\/\/serinidog.com\/es\/","name":"SeriniDog","description":"Shop pour chien","potentialAction":[{"@type":"SearchAction","target":{"@type":"EntryPoint","urlTemplate":"https:\/\/serinidog.com\/es\/?s={search_term_string}"},"query-input":{"@type":"PropertyValueSpecification","valueRequired":true,"valueName":"search_term_string"}}],"inLanguage":"es"}]},"og_availability":"instock","product_availability":"instock","product_retailer_item_id":"ct4u9ldpol6000foa3tg","product_condition":"new"},"_links":{"self":[{"href":"https:\/\/serinidog.com\/es\/wp-json\/wp\/v2\/product\/9882","targetHints":{"allow":["GET"]}}],"collection":[{"href":"https:\/\/serinidog.com\/es\/wp-json\/wp\/v2\/product"}],"about":[{"href":"https:\/\/serinidog.com\/es\/wp-json\/wp\/v2\/types\/product"}],"replies":[{"embeddable":true,"href":"https:\/\/serinidog.com\/es\/wp-json\/wp\/v2\/comments?post=9882"}],"wp:featuredmedia":[{"embeddable":true,"href":"https:\/\/serinidog.com\/es\/wp-json\/wp\/v2\/media\/5004"}],"wp:attachment":[{"href":"https:\/\/serinidog.com\/es\/wp-json\/wp\/v2\/media?parent=9882"}],"wp:term":[{"taxonomy":"product_brand","embeddable":true,"href":"https:\/\/serinidog.com\/es\/wp-json\/wp\/v2\/product_brand?post=9882"},{"taxonomy":"product_cat","embeddable":true,"href":"https:\/\/serinidog.com\/es\/wp-json\/wp\/v2\/product_cat?post=9882"},{"taxonomy":"product_tag","embeddable":true,"href":"https:\/\/serinidog.com\/es\/wp-json\/wp\/v2\/product_tag?post=9882"}],"curies":[{"name":"wp","href":"https:\/\/api.w.org\/{rel}","templated":true}]}}