{"id":9937,"date":"2024-11-30T21:47:21","date_gmt":"2024-11-30T21:47:21","guid":{"rendered":"https:\/\/serinidog.com\/p\/juguete-pouet-de-pollo-para-perros-un-juguete-interactivo-de-plastico-para-perros-de-todos-los-tamanos\/"},"modified":"2024-12-28T22:06:56","modified_gmt":"2024-12-28T22:06:56","slug":"juguete-pouet-de-pollo-para-perros-un-juguete-interactivo-de-plastico-para-perros-de-todos-los-tamanos","status":"publish","type":"product","link":"https:\/\/serinidog.com\/es\/p\/juguete-pouet-de-pollo-para-perros-un-juguete-interactivo-de-plastico-para-perros-de-todos-los-tamanos\/","title":{"rendered":"Juguete pouet de pollo para perros &#8211; un juguete interactivo de pl\u00e1stico para perros de todos los tama\u00f1os"},"content":{"rendered":"<h2 id=\"d\u00e9couvrez-le-jouet-pouet-pouet-poulet-pour-chien\">Descubre el juguete de pollo para perros pouet pouet<\/h2>\n<p>El entretenimiento est\u00e1 a s\u00f3lo unos zarpazos con el juguete para perros \u00abpouet pouet poulet\u00bb, dise\u00f1ado para hacer las delicias de compa\u00f1eros caninos de todos los tama\u00f1os. Este juguete es ideal para mantener el inter\u00e9s de tu mascota gracias a su dise\u00f1o divertido e interactivo. <\/p>\n<h3 id=\"un-jouet-engageant-pour-toutes-les-occasions\">Un juguete atractivo para cada ocasi\u00f3n<\/h3>\n<p>Dale a tu perro un juguete que seguro estimular\u00e1 su curiosidad y su instinto natural de juego.<\/p>\n<h3 id=\"caract\u00e9ristiques-du-jouet-pouet-pouet-poulet\">Caracter\u00edsticas del juguete pouet pouet poulet<\/h3>\n<ul>\n<li><strong>Material seguro y duradero<\/strong>: Fabricado con pl\u00e1stico de calidad, este juguete es resistente y no t\u00f3xico para mantener a salvo a tu mascota.<\/li>\n<li><strong>Dise\u00f1o atractivo<\/strong>: Su juguetona forma de pollo asado y su textura realista cautivar\u00e1n los sentidos de tu perro.<\/li>\n<li><strong>Atractivo audible<\/strong>: Un simple golpecito en la mejilla de este juguete produce un atractivo sonido que har\u00e1 reaccionar a cualquier perro.<\/li>\n<\/ul>\n<h3 id=\"pourquoi-choisir-ce-jouet-\">\u00bfPor qu\u00e9 elegir este juguete?<\/h3>\n<ol>\n<li><strong>Estimula el juego activo<\/strong>: anima a tu mascota a gastar su energ\u00eda f\u00edsica y mental, lo que es esencial para su salud general.<\/li>\n<li><strong>Excelente durabilidad<\/strong>: Dise\u00f1ado para resistir los juegos de masticaci\u00f3n, prolongando las horas de diversi\u00f3n.<\/li>\n<li><strong>Refuerza los v\u00ednculos<\/strong>: Fomenta el v\u00ednculo entre el perro y el due\u00f1o durante las sesiones de juego.<\/li>\n<li><strong>F\u00e1cil<\/strong> mantenimiento: F\u00e1cil de limpiar, lo que simplifica el mantenimiento diario.<\/li>\n<\/ol>\n<h2 id=\"un-incontournable-pour-le-bien-\u00eatre-de-votre-chien\">Imprescindible para el bienestar de tu perro<\/h2>\n<p>Invertir en un juguete pouet pouet poulet garantiza a tu perro una actividad divertida y beneficiosa cada d\u00eda. Combina el negocio con el placer con un juguete que entretiene a la vez que cuida de la salud mental y f\u00edsica de tu perro. <\/p>\n<p>Cuando eliges este juguete, est\u00e1s ofreciendo a tu mascota una experiencia de juego gratificante y duradera. Aprovecha esta oportunidad para dar felicidad a tu mascota. <\/p>\n","protected":false},"excerpt":{"rendered":"<p>\u00a1Dale a tu perro horas de diversi\u00f3n con el juguete pouet pouet poulet! Este atractivo juguete, fabricado con pl\u00e1stico duradero y no t\u00f3xico, estimula el instinto de juego de tu perro a la vez que mantiene viva su curiosidad. Con su divertido dise\u00f1o y su cautivador atractivo sonoro, promete muchos momentos de uni\u00f3n entre tu compa\u00f1ero y t\u00fa. Resistente a los juegos de masticaci\u00f3n y f\u00e1cil de mantener, es perfecto para el bienestar f\u00edsico y mental de tu mascota. \u00a1No pierdas esta oportunidad de proporcionar alegr\u00eda y entretenimiento a tu perro con un producto seguro y divertido!    <\/p>\n","protected":false},"featured_media":5444,"comment_status":"open","ping_status":"closed","template":"","meta":[],"product_brand":[],"product_cat":[238],"product_tag":[],"class_list":{"0":"post-9937","1":"product","2":"type-product","3":"status-publish","4":"has-post-thumbnail","6":"product_cat-juguete-de-pollo-para-perro","7":"sales-flash-overlay","8":"woocommerce-text-align-left","9":"woocommerce-image-align-center","10":"do-quantity-buttons","12":"first","13":"instock","14":"taxable","15":"shipping-taxable","16":"purchasable","17":"product-type-simple"},"yoast_head":"<!-- This site is optimized with the Yoast SEO Premium plugin v23.4 (Yoast SEO v27.5) - https:\/\/yoast.com\/product\/yoast-seo-premium-wordpress\/ -->\n<title>Juguete pouet de pollo para perros - un juguete interactivo de pl\u00e1stico para perros de todos los tama\u00f1os - SeriniDog<\/title>\n<meta name=\"robots\" content=\"index, follow, max-snippet:-1, max-image-preview:large, max-video-preview:-1\" \/>\n<link rel=\"canonical\" href=\"https:\/\/serinidog.com\/es\/p\/juguete-pouet-de-pollo-para-perros-un-juguete-interactivo-de-plastico-para-perros-de-todos-los-tamanos\/\" \/>\n<meta property=\"og:locale\" content=\"es_ES\" \/>\n<meta property=\"og:type\" content=\"article\" \/>\n<meta property=\"og:title\" content=\"Juguete pouet de pollo para perros - un juguete interactivo de pl\u00e1stico para perros de todos los tama\u00f1os - SeriniDog\" \/>\n<meta property=\"og:description\" content=\"\u00a1Dale a tu perro horas de diversi\u00f3n con el juguete pouet pouet poulet! Este atractivo juguete, fabricado con pl\u00e1stico duradero y no t\u00f3xico, estimula el instinto de juego de tu perro a la vez que mantiene viva su curiosidad. Con su divertido dise\u00f1o y su cautivador atractivo sonoro, promete muchos momentos de uni\u00f3n entre tu compa\u00f1ero y t\u00fa. Resistente a los juegos de masticaci\u00f3n y f\u00e1cil de mantener, es perfecto para el bienestar f\u00edsico y mental de tu mascota. \u00a1No pierdas esta oportunidad de proporcionar alegr\u00eda y entretenimiento a tu perro con un producto seguro y divertido!\" \/>\n<meta property=\"og:url\" content=\"https:\/\/serinidog.com\/es\/p\/juguete-pouet-de-pollo-para-perros-un-juguete-interactivo-de-plastico-para-perros-de-todos-los-tamanos\/\" \/>\n<meta property=\"og:site_name\" content=\"SeriniDog\" \/>\n<meta property=\"article:modified_time\" content=\"2024-12-28T22:06:56+00:00\" \/>\n<meta property=\"og:image\" content=\"https:\/\/serinidog.com\/wp-content\/uploads\/2024\/11\/HTB1pME0fH5YBuNjSspoq6zeNFXas.webp\" \/>\n\t<meta property=\"og:image:width\" content=\"800\" \/>\n\t<meta property=\"og:image:height\" content=\"800\" \/>\n\t<meta property=\"og:image:type\" content=\"image\/webp\" \/>\n<meta name=\"twitter:card\" content=\"summary_large_image\" \/>\n<meta name=\"twitter:label1\" content=\"Precio\" \/>\n\t<meta name=\"twitter:data1\" content=\"9,00&nbsp;&euro;\" \/>\n\t<meta name=\"twitter:label2\" content=\"Disponibilidad\" \/>\n\t<meta name=\"twitter:data2\" content=\"Disponible\" \/>\n<script type=\"application\/ld+json\" class=\"yoast-schema-graph\">{\"@context\":\"https:\\\/\\\/schema.org\",\"@graph\":[{\"@type\":\"WebPage\",\"@id\":\"https:\\\/\\\/serinidog.com\\\/es\\\/p\\\/juguete-pouet-de-pollo-para-perros-un-juguete-interactivo-de-plastico-para-perros-de-todos-los-tamanos\\\/\",\"url\":\"https:\\\/\\\/serinidog.com\\\/es\\\/p\\\/juguete-pouet-de-pollo-para-perros-un-juguete-interactivo-de-plastico-para-perros-de-todos-los-tamanos\\\/\",\"name\":\"Juguete pouet de pollo para perros - un juguete interactivo de pl\u00e1stico para perros de todos los tama\u00f1os - SeriniDog\",\"isPartOf\":{\"@id\":\"https:\\\/\\\/serinidog.com\\\/es\\\/#website\"},\"primaryImageOfPage\":{\"@id\":\"https:\\\/\\\/serinidog.com\\\/es\\\/p\\\/juguete-pouet-de-pollo-para-perros-un-juguete-interactivo-de-plastico-para-perros-de-todos-los-tamanos\\\/#primaryimage\"},\"image\":{\"@id\":\"https:\\\/\\\/serinidog.com\\\/es\\\/p\\\/juguete-pouet-de-pollo-para-perros-un-juguete-interactivo-de-plastico-para-perros-de-todos-los-tamanos\\\/#primaryimage\"},\"thumbnailUrl\":\"https:\\\/\\\/serinidog.com\\\/wp-content\\\/uploads\\\/2024\\\/11\\\/HTB1pME0fH5YBuNjSspoq6zeNFXas.webp\",\"datePublished\":\"2024-11-30T21:47:21+00:00\",\"dateModified\":\"2024-12-28T22:06:56+00:00\",\"breadcrumb\":{\"@id\":\"https:\\\/\\\/serinidog.com\\\/es\\\/p\\\/juguete-pouet-de-pollo-para-perros-un-juguete-interactivo-de-plastico-para-perros-de-todos-los-tamanos\\\/#breadcrumb\"},\"inLanguage\":\"es\",\"potentialAction\":[{\"@type\":\"ReadAction\",\"target\":[\"https:\\\/\\\/serinidog.com\\\/es\\\/p\\\/juguete-pouet-de-pollo-para-perros-un-juguete-interactivo-de-plastico-para-perros-de-todos-los-tamanos\\\/\"]}]},{\"@type\":\"ImageObject\",\"inLanguage\":\"es\",\"@id\":\"https:\\\/\\\/serinidog.com\\\/es\\\/p\\\/juguete-pouet-de-pollo-para-perros-un-juguete-interactivo-de-plastico-para-perros-de-todos-los-tamanos\\\/#primaryimage\",\"url\":\"https:\\\/\\\/serinidog.com\\\/wp-content\\\/uploads\\\/2024\\\/11\\\/HTB1pME0fH5YBuNjSspoq6zeNFXas.webp\",\"contentUrl\":\"https:\\\/\\\/serinidog.com\\\/wp-content\\\/uploads\\\/2024\\\/11\\\/HTB1pME0fH5YBuNjSspoq6zeNFXas.webp\",\"width\":800,\"height\":800},{\"@type\":\"BreadcrumbList\",\"@id\":\"https:\\\/\\\/serinidog.com\\\/es\\\/p\\\/juguete-pouet-de-pollo-para-perros-un-juguete-interactivo-de-plastico-para-perros-de-todos-los-tamanos\\\/#breadcrumb\",\"itemListElement\":[{\"@type\":\"ListItem\",\"position\":1,\"name\":\"Accueil\",\"item\":\"https:\\\/\\\/serinidog.com\\\/es\\\/\"},{\"@type\":\"ListItem\",\"position\":2,\"name\":\"Boutique\",\"item\":\"https:\\\/\\\/serinidog.com\\\/shop\\\/\"},{\"@type\":\"ListItem\",\"position\":3,\"name\":\"Juguete de pollo para perro\",\"item\":\"https:\\\/\\\/serinidog.com\\\/es\\\/c\\\/juguete-de-pollo-para-perro\\\/\"},{\"@type\":\"ListItem\",\"position\":4,\"name\":\"Juguete pouet de pollo para perros &#8211; un juguete interactivo de pl\u00e1stico para perros de todos los tama\u00f1os\"}]},{\"@type\":\"WebSite\",\"@id\":\"https:\\\/\\\/serinidog.com\\\/es\\\/#website\",\"url\":\"https:\\\/\\\/serinidog.com\\\/es\\\/\",\"name\":\"SeriniDog\",\"description\":\"Shop pour chien\",\"potentialAction\":[{\"@type\":\"SearchAction\",\"target\":{\"@type\":\"EntryPoint\",\"urlTemplate\":\"https:\\\/\\\/serinidog.com\\\/es\\\/?s={search_term_string}\"},\"query-input\":{\"@type\":\"PropertyValueSpecification\",\"valueRequired\":true,\"valueName\":\"search_term_string\"}}],\"inLanguage\":\"es\"}]}<\/script>\n<meta property=\"product:price:amount\" content=\"9.00\" \/>\n<meta property=\"product:price:currency\" content=\"EUR\" \/>\n<meta property=\"og:availability\" content=\"instock\" \/>\n<meta property=\"product:availability\" content=\"instock\" \/>\n<meta property=\"product:retailer_item_id\" content=\"14:366#yellow;5:361386#13X6.5CM_ct5ofm0gte2g00af97og\" \/>\n<meta property=\"product:condition\" content=\"new\" \/>\n<!-- \/ Yoast SEO Premium plugin. -->","yoast_head_json":{"title":"Juguete pouet de pollo para perros - un juguete interactivo de pl\u00e1stico para perros de todos los tama\u00f1os - SeriniDog","robots":{"index":"index","follow":"follow","max-snippet":"max-snippet:-1","max-image-preview":"max-image-preview:large","max-video-preview":"max-video-preview:-1"},"canonical":"https:\/\/serinidog.com\/es\/p\/juguete-pouet-de-pollo-para-perros-un-juguete-interactivo-de-plastico-para-perros-de-todos-los-tamanos\/","og_locale":"es_ES","og_type":"article","og_title":"Juguete pouet de pollo para perros - un juguete interactivo de pl\u00e1stico para perros de todos los tama\u00f1os - SeriniDog","og_description":"\u00a1Dale a tu perro horas de diversi\u00f3n con el juguete pouet pouet poulet! Este atractivo juguete, fabricado con pl\u00e1stico duradero y no t\u00f3xico, estimula el instinto de juego de tu perro a la vez que mantiene viva su curiosidad. Con su divertido dise\u00f1o y su cautivador atractivo sonoro, promete muchos momentos de uni\u00f3n entre tu compa\u00f1ero y t\u00fa. Resistente a los juegos de masticaci\u00f3n y f\u00e1cil de mantener, es perfecto para el bienestar f\u00edsico y mental de tu mascota. \u00a1No pierdas esta oportunidad de proporcionar alegr\u00eda y entretenimiento a tu perro con un producto seguro y divertido!","og_url":"https:\/\/serinidog.com\/es\/p\/juguete-pouet-de-pollo-para-perros-un-juguete-interactivo-de-plastico-para-perros-de-todos-los-tamanos\/","og_site_name":"SeriniDog","article_modified_time":"2024-12-28T22:06:56+00:00","og_image":[{"width":800,"height":800,"url":"https:\/\/serinidog.com\/wp-content\/uploads\/2024\/11\/HTB1pME0fH5YBuNjSspoq6zeNFXas.webp","type":"image\/webp"}],"twitter_card":"summary_large_image","twitter_misc":{"Precio":"9,00&nbsp;&euro;","Disponibilidad":"Disponible"},"schema":{"@context":"https:\/\/schema.org","@graph":[{"@type":"WebPage","@id":"https:\/\/serinidog.com\/es\/p\/juguete-pouet-de-pollo-para-perros-un-juguete-interactivo-de-plastico-para-perros-de-todos-los-tamanos\/","url":"https:\/\/serinidog.com\/es\/p\/juguete-pouet-de-pollo-para-perros-un-juguete-interactivo-de-plastico-para-perros-de-todos-los-tamanos\/","name":"Juguete pouet de pollo para perros - un juguete interactivo de pl\u00e1stico para perros de todos los tama\u00f1os - SeriniDog","isPartOf":{"@id":"https:\/\/serinidog.com\/es\/#website"},"primaryImageOfPage":{"@id":"https:\/\/serinidog.com\/es\/p\/juguete-pouet-de-pollo-para-perros-un-juguete-interactivo-de-plastico-para-perros-de-todos-los-tamanos\/#primaryimage"},"image":{"@id":"https:\/\/serinidog.com\/es\/p\/juguete-pouet-de-pollo-para-perros-un-juguete-interactivo-de-plastico-para-perros-de-todos-los-tamanos\/#primaryimage"},"thumbnailUrl":"https:\/\/serinidog.com\/wp-content\/uploads\/2024\/11\/HTB1pME0fH5YBuNjSspoq6zeNFXas.webp","datePublished":"2024-11-30T21:47:21+00:00","dateModified":"2024-12-28T22:06:56+00:00","breadcrumb":{"@id":"https:\/\/serinidog.com\/es\/p\/juguete-pouet-de-pollo-para-perros-un-juguete-interactivo-de-plastico-para-perros-de-todos-los-tamanos\/#breadcrumb"},"inLanguage":"es","potentialAction":[{"@type":"ReadAction","target":["https:\/\/serinidog.com\/es\/p\/juguete-pouet-de-pollo-para-perros-un-juguete-interactivo-de-plastico-para-perros-de-todos-los-tamanos\/"]}]},{"@type":"ImageObject","inLanguage":"es","@id":"https:\/\/serinidog.com\/es\/p\/juguete-pouet-de-pollo-para-perros-un-juguete-interactivo-de-plastico-para-perros-de-todos-los-tamanos\/#primaryimage","url":"https:\/\/serinidog.com\/wp-content\/uploads\/2024\/11\/HTB1pME0fH5YBuNjSspoq6zeNFXas.webp","contentUrl":"https:\/\/serinidog.com\/wp-content\/uploads\/2024\/11\/HTB1pME0fH5YBuNjSspoq6zeNFXas.webp","width":800,"height":800},{"@type":"BreadcrumbList","@id":"https:\/\/serinidog.com\/es\/p\/juguete-pouet-de-pollo-para-perros-un-juguete-interactivo-de-plastico-para-perros-de-todos-los-tamanos\/#breadcrumb","itemListElement":[{"@type":"ListItem","position":1,"name":"Accueil","item":"https:\/\/serinidog.com\/es\/"},{"@type":"ListItem","position":2,"name":"Boutique","item":"https:\/\/serinidog.com\/shop\/"},{"@type":"ListItem","position":3,"name":"Juguete de pollo para perro","item":"https:\/\/serinidog.com\/es\/c\/juguete-de-pollo-para-perro\/"},{"@type":"ListItem","position":4,"name":"Juguete pouet de pollo para perros &#8211; un juguete interactivo de pl\u00e1stico para perros de todos los tama\u00f1os"}]},{"@type":"WebSite","@id":"https:\/\/serinidog.com\/es\/#website","url":"https:\/\/serinidog.com\/es\/","name":"SeriniDog","description":"Shop pour chien","potentialAction":[{"@type":"SearchAction","target":{"@type":"EntryPoint","urlTemplate":"https:\/\/serinidog.com\/es\/?s={search_term_string}"},"query-input":{"@type":"PropertyValueSpecification","valueRequired":true,"valueName":"search_term_string"}}],"inLanguage":"es"}]},"product_price_amount":"9.00","product_price_currency":"EUR","og_availability":"instock","product_availability":"instock","product_retailer_item_id":"14:366#yellow;5:361386#13X6.5CM_ct5ofm0gte2g00af97og","product_condition":"new"},"_links":{"self":[{"href":"https:\/\/serinidog.com\/es\/wp-json\/wp\/v2\/product\/9937","targetHints":{"allow":["GET"]}}],"collection":[{"href":"https:\/\/serinidog.com\/es\/wp-json\/wp\/v2\/product"}],"about":[{"href":"https:\/\/serinidog.com\/es\/wp-json\/wp\/v2\/types\/product"}],"replies":[{"embeddable":true,"href":"https:\/\/serinidog.com\/es\/wp-json\/wp\/v2\/comments?post=9937"}],"wp:featuredmedia":[{"embeddable":true,"href":"https:\/\/serinidog.com\/es\/wp-json\/wp\/v2\/media\/5444"}],"wp:attachment":[{"href":"https:\/\/serinidog.com\/es\/wp-json\/wp\/v2\/media?parent=9937"}],"wp:term":[{"taxonomy":"product_brand","embeddable":true,"href":"https:\/\/serinidog.com\/es\/wp-json\/wp\/v2\/product_brand?post=9937"},{"taxonomy":"product_cat","embeddable":true,"href":"https:\/\/serinidog.com\/es\/wp-json\/wp\/v2\/product_cat?post=9937"},{"taxonomy":"product_tag","embeddable":true,"href":"https:\/\/serinidog.com\/es\/wp-json\/wp\/v2\/product_tag?post=9937"}],"curies":[{"name":"wp","href":"https:\/\/api.w.org\/{rel}","templated":true}]}}