{"id":9942,"date":"2024-05-13T21:19:01","date_gmt":"2024-05-13T21:19:01","guid":{"rendered":"https:\/\/serinidog.com\/p\/arnes-antitirones-serinidog\/"},"modified":"2024-12-28T21:50:01","modified_gmt":"2024-12-28T21:50:01","slug":"arnes-antitirones-serinidog","status":"publish","type":"product","link":"https:\/\/serinidog.com\/es\/p\/arnes-antitirones-serinidog\/","title":{"rendered":"Arn\u00e9s antitirones SeriniDog"},"content":{"rendered":"<div class=\"min-h-[20px] text-message flex flex-col items-start whitespace-pre-wrap break-words [.text-message+&amp;]:mt-5 juice:w-full juice:items-end overflow-x-auto gap-2\" dir=\"auto\" data-message-author-role=\"assistant\" data-message-id=\"e5b29027-4f54-4969-94d7-b28c94d3a17d\">\n<div class=\"flex w-full flex-col gap-1 juice:empty:hidden juice:first:pt-[3px]\">\n<div class=\"markdown prose w-full break-words dark:prose-invert light\">\n<h2>Caracter\u00edsticas principales:<\/h2>\n<ul>\n<li><strong>Tallas disponibles:<\/strong> S, M, L, XL (consulta nuestra gu\u00eda de tallas para elegir la talla perfecta para tu perro)<\/li>\n<li><strong>Material:<\/strong> Cincha de nailon de alta calidad con acolchado de malla suave<\/li>\n<li><strong>Color:<\/strong> Negro<\/li>\n<\/ul>\n<h2>Ventajas principales :<\/h2>\n<ul>\n<li><strong>Seguridad y visibilidad:<\/strong> Garantiza la seguridad de tu perro cuando pasees de noche gracias a las bandas reflectantes.<\/li>\n<li><strong>Comodidad y ergonom\u00eda:<\/strong> Dise\u00f1ado pensando en el bienestar y la comodidad de tu perro.<\/li>\n<li><strong>Robustez y longevidad:<\/strong> Materiales de alta calidad para una durabilidad excepcional.<\/li>\n<li><strong>Pr\u00e1ctico para todos los d\u00edas:<\/strong> f\u00e1cil de usar y adecuado para todas las situaciones.<\/li>\n<li><strong>Control antitracci\u00f3n:<\/strong> ideal para perros con tendencia a tirar, ofrece una experiencia de paseo m\u00e1s agradable.<\/li>\n<li><strong>Adecuado para todas las razas<\/strong>: Un arn\u00e9s vers\u00e1til que se adapta a todas las razas de perro.<\/li>\n<li><strong>Para todas las estaciones<\/strong>: Dise\u00f1ado para su uso en todas las estaciones, sean cuales sean las condiciones meteorol\u00f3gicas.<\/li>\n<\/ul>\n<p><img loading=\"lazy\" decoding=\"async\" class=\"wp-image-2350 size-large aligncenter\" src=\"https:\/\/serinidog.com\/wp-content\/uploads\/2024\/05\/Taille-du-harnais-1024x1024.jpeg\" alt=\"\" width=\"1024\" height=\"1024\" srcset=\"https:\/\/serinidog.com\/wp-content\/uploads\/2024\/05\/Taille-du-harnais-1024x1024.jpeg 1024w, https:\/\/serinidog.com\/wp-content\/uploads\/2024\/05\/Taille-du-harnais-300x300.jpeg 300w, https:\/\/serinidog.com\/wp-content\/uploads\/2024\/05\/Taille-du-harnais-150x150.jpeg 150w, https:\/\/serinidog.com\/wp-content\/uploads\/2024\/05\/Taille-du-harnais-768x768.jpeg 768w, https:\/\/serinidog.com\/wp-content\/uploads\/2024\/05\/Taille-du-harnais-600x600.jpeg 600w, https:\/\/serinidog.com\/wp-content\/uploads\/2024\/05\/Taille-du-harnais-100x100.jpeg 100w, https:\/\/serinidog.com\/wp-content\/uploads\/2024\/05\/Taille-du-harnais.jpeg 1080w\" sizes=\"auto, (max-width: 1024px) 100vw, 1024px\" \/><\/p>\n<\/div>\n<\/div>\n<\/div>\n<div class=\"min-h-[20px] text-message flex flex-col items-start whitespace-pre-wrap break-words [.text-message+&amp;]:mt-5 juice:w-full juice:items-end overflow-x-auto gap-2\" dir=\"auto\" data-message-author-role=\"assistant\" data-message-id=\"8daa5ab0-6850-406b-8306-a6fd390419c7\">\n<div class=\"flex w-full flex-col gap-1 juice:empty:hidden juice:first:pt-[3px]\">\n<div class=\"markdown prose w-full break-words dark:prose-invert light\">\n<h2>\u00bfPor qu\u00e9 elegir nuestro Arn\u00e9s Antitracci\u00f3n?<\/h2>\n<p>Elige un arn\u00e9s que combine seguridad, comodidad y control. Tanto para un paseo nocturno como para una aventura diurna, este arn\u00e9s es la elecci\u00f3n ideal para todos los propietarios de perros preocupados por el bienestar y la seguridad de su compa\u00f1ero de cuatro patas. <\/p>\n<p><strong>\u00a1A\u00f1ade ahora este arn\u00e9s antitirones a tu cesta y mejora la experiencia de paseo de tu perro!<\/strong><\/p>\n<\/div>\n<\/div>\n<\/div>\n","protected":false},"excerpt":{"rendered":"<p>Entrega: 48 a 72 horas<a href=\"https:\/\/serinidog.com\/wp-content\/uploads\/2024\/05\/Taille-du-harnais.jpeg\" target=\"_blank\" rel=\"noopener\">Gu\u00eda de<\/a><a href=\"https:\/\/serinidog.com\/wp-content\/uploads\/2024\/05\/Taille-du-harnais.jpeg\" target=\"_blank\" rel=\"noopener\">tallas<\/a><\/p>\n","protected":false},"featured_media":7484,"comment_status":"open","ping_status":"closed","template":"","meta":[],"product_brand":[76],"product_cat":[219],"product_tag":[],"class_list":{"0":"post-9942","1":"product","2":"type-product","3":"status-publish","4":"has-post-thumbnail","6":"product_brand-serinidog","7":"product_cat-arnes-para-perros","8":"sales-flash-overlay","9":"woocommerce-text-align-left","10":"woocommerce-image-align-center","11":"do-quantity-buttons","12":"wc-has-gallery","14":"first","15":"instock","16":"taxable","17":"shipping-taxable","18":"purchasable","19":"product-type-variable","20":"has-default-attributes"},"yoast_head":"<!-- This site is optimized with the Yoast SEO Premium plugin v23.4 (Yoast SEO v27.5) - https:\/\/yoast.com\/product\/yoast-seo-premium-wordpress\/ -->\n<title>Arn\u00e9s antitirones SeriniDog - SeriniDog<\/title>\n<meta name=\"robots\" content=\"index, follow, max-snippet:-1, max-image-preview:large, max-video-preview:-1\" \/>\n<link rel=\"canonical\" href=\"https:\/\/serinidog.com\/es\/p\/arnes-antitirones-serinidog\/\" \/>\n<meta property=\"og:locale\" content=\"es_ES\" \/>\n<meta property=\"og:type\" content=\"article\" \/>\n<meta property=\"og:title\" content=\"Arn\u00e9s antitirones SeriniDog - SeriniDog\" \/>\n<meta property=\"og:description\" content=\"Entrega: 48 a 72 horasGu\u00eda detallas\" \/>\n<meta property=\"og:url\" content=\"https:\/\/serinidog.com\/es\/p\/arnes-antitirones-serinidog\/\" \/>\n<meta property=\"og:site_name\" content=\"SeriniDog\" \/>\n<meta property=\"article:modified_time\" content=\"2024-12-28T21:50:01+00:00\" \/>\n<meta property=\"og:image\" content=\"https:\/\/serinidog.com\/wp-content\/uploads\/2024\/05\/petit-harnais-1.webp\" \/>\n\t<meta property=\"og:image:width\" content=\"1024\" \/>\n\t<meta property=\"og:image:height\" content=\"1024\" \/>\n\t<meta property=\"og:image:type\" content=\"image\/webp\" \/>\n<meta name=\"twitter:card\" content=\"summary_large_image\" \/>\n<meta name=\"twitter:label1\" content=\"Disponibilidad\" \/>\n\t<meta name=\"twitter:data1\" content=\"Disponible\" \/>\n<script type=\"application\/ld+json\" class=\"yoast-schema-graph\">{\"@context\":\"https:\\\/\\\/schema.org\",\"@graph\":[{\"@type\":\"WebPage\",\"@id\":\"https:\\\/\\\/serinidog.com\\\/es\\\/p\\\/arnes-antitirones-serinidog\\\/\",\"url\":\"https:\\\/\\\/serinidog.com\\\/es\\\/p\\\/arnes-antitirones-serinidog\\\/\",\"name\":\"Arn\u00e9s antitirones SeriniDog - SeriniDog\",\"isPartOf\":{\"@id\":\"https:\\\/\\\/serinidog.com\\\/es\\\/#website\"},\"primaryImageOfPage\":{\"@id\":\"https:\\\/\\\/serinidog.com\\\/es\\\/p\\\/arnes-antitirones-serinidog\\\/#primaryimage\"},\"image\":{\"@id\":\"https:\\\/\\\/serinidog.com\\\/es\\\/p\\\/arnes-antitirones-serinidog\\\/#primaryimage\"},\"thumbnailUrl\":\"https:\\\/\\\/serinidog.com\\\/wp-content\\\/uploads\\\/2024\\\/05\\\/petit-harnais-1.webp\",\"datePublished\":\"2024-05-13T21:19:01+00:00\",\"dateModified\":\"2024-12-28T21:50:01+00:00\",\"breadcrumb\":{\"@id\":\"https:\\\/\\\/serinidog.com\\\/es\\\/p\\\/arnes-antitirones-serinidog\\\/#breadcrumb\"},\"inLanguage\":\"es\",\"potentialAction\":[{\"@type\":\"ReadAction\",\"target\":[\"https:\\\/\\\/serinidog.com\\\/es\\\/p\\\/arnes-antitirones-serinidog\\\/\"]}]},{\"@type\":\"ImageObject\",\"inLanguage\":\"es\",\"@id\":\"https:\\\/\\\/serinidog.com\\\/es\\\/p\\\/arnes-antitirones-serinidog\\\/#primaryimage\",\"url\":\"https:\\\/\\\/serinidog.com\\\/wp-content\\\/uploads\\\/2024\\\/05\\\/petit-harnais-1.webp\",\"contentUrl\":\"https:\\\/\\\/serinidog.com\\\/wp-content\\\/uploads\\\/2024\\\/05\\\/petit-harnais-1.webp\",\"width\":1024,\"height\":1024},{\"@type\":\"BreadcrumbList\",\"@id\":\"https:\\\/\\\/serinidog.com\\\/es\\\/p\\\/arnes-antitirones-serinidog\\\/#breadcrumb\",\"itemListElement\":[{\"@type\":\"ListItem\",\"position\":1,\"name\":\"Accueil\",\"item\":\"https:\\\/\\\/serinidog.com\\\/es\\\/\"},{\"@type\":\"ListItem\",\"position\":2,\"name\":\"Boutique\",\"item\":\"https:\\\/\\\/serinidog.com\\\/shop\\\/\"},{\"@type\":\"ListItem\",\"position\":3,\"name\":\"Arn\u00e9s para perros\",\"item\":\"https:\\\/\\\/serinidog.com\\\/es\\\/c\\\/arnes-para-perros\\\/\"},{\"@type\":\"ListItem\",\"position\":4,\"name\":\"Arn\u00e9s antitirones SeriniDog\"}]},{\"@type\":\"WebSite\",\"@id\":\"https:\\\/\\\/serinidog.com\\\/es\\\/#website\",\"url\":\"https:\\\/\\\/serinidog.com\\\/es\\\/\",\"name\":\"SeriniDog\",\"description\":\"Shop pour chien\",\"potentialAction\":[{\"@type\":\"SearchAction\",\"target\":{\"@type\":\"EntryPoint\",\"urlTemplate\":\"https:\\\/\\\/serinidog.com\\\/es\\\/?s={search_term_string}\"},\"query-input\":{\"@type\":\"PropertyValueSpecification\",\"valueRequired\":true,\"valueName\":\"search_term_string\"}}],\"inLanguage\":\"es\"}]}<\/script>\n<meta property=\"product:brand\" content=\"Serinidog\" \/>\n<meta property=\"og:availability\" content=\"instock\" \/>\n<meta property=\"product:availability\" content=\"instock\" \/>\n<meta property=\"product:condition\" content=\"new\" \/>\n<!-- \/ Yoast SEO Premium plugin. -->","yoast_head_json":{"title":"Arn\u00e9s antitirones SeriniDog - SeriniDog","robots":{"index":"index","follow":"follow","max-snippet":"max-snippet:-1","max-image-preview":"max-image-preview:large","max-video-preview":"max-video-preview:-1"},"canonical":"https:\/\/serinidog.com\/es\/p\/arnes-antitirones-serinidog\/","og_locale":"es_ES","og_type":"article","og_title":"Arn\u00e9s antitirones SeriniDog - SeriniDog","og_description":"Entrega: 48 a 72 horasGu\u00eda detallas","og_url":"https:\/\/serinidog.com\/es\/p\/arnes-antitirones-serinidog\/","og_site_name":"SeriniDog","article_modified_time":"2024-12-28T21:50:01+00:00","og_image":[{"width":1024,"height":1024,"url":"https:\/\/serinidog.com\/wp-content\/uploads\/2024\/05\/petit-harnais-1.webp","type":"image\/webp"}],"twitter_card":"summary_large_image","twitter_misc":{"Disponibilidad":"Disponible"},"schema":{"@context":"https:\/\/schema.org","@graph":[{"@type":"WebPage","@id":"https:\/\/serinidog.com\/es\/p\/arnes-antitirones-serinidog\/","url":"https:\/\/serinidog.com\/es\/p\/arnes-antitirones-serinidog\/","name":"Arn\u00e9s antitirones SeriniDog - SeriniDog","isPartOf":{"@id":"https:\/\/serinidog.com\/es\/#website"},"primaryImageOfPage":{"@id":"https:\/\/serinidog.com\/es\/p\/arnes-antitirones-serinidog\/#primaryimage"},"image":{"@id":"https:\/\/serinidog.com\/es\/p\/arnes-antitirones-serinidog\/#primaryimage"},"thumbnailUrl":"https:\/\/serinidog.com\/wp-content\/uploads\/2024\/05\/petit-harnais-1.webp","datePublished":"2024-05-13T21:19:01+00:00","dateModified":"2024-12-28T21:50:01+00:00","breadcrumb":{"@id":"https:\/\/serinidog.com\/es\/p\/arnes-antitirones-serinidog\/#breadcrumb"},"inLanguage":"es","potentialAction":[{"@type":"ReadAction","target":["https:\/\/serinidog.com\/es\/p\/arnes-antitirones-serinidog\/"]}]},{"@type":"ImageObject","inLanguage":"es","@id":"https:\/\/serinidog.com\/es\/p\/arnes-antitirones-serinidog\/#primaryimage","url":"https:\/\/serinidog.com\/wp-content\/uploads\/2024\/05\/petit-harnais-1.webp","contentUrl":"https:\/\/serinidog.com\/wp-content\/uploads\/2024\/05\/petit-harnais-1.webp","width":1024,"height":1024},{"@type":"BreadcrumbList","@id":"https:\/\/serinidog.com\/es\/p\/arnes-antitirones-serinidog\/#breadcrumb","itemListElement":[{"@type":"ListItem","position":1,"name":"Accueil","item":"https:\/\/serinidog.com\/es\/"},{"@type":"ListItem","position":2,"name":"Boutique","item":"https:\/\/serinidog.com\/shop\/"},{"@type":"ListItem","position":3,"name":"Arn\u00e9s para perros","item":"https:\/\/serinidog.com\/es\/c\/arnes-para-perros\/"},{"@type":"ListItem","position":4,"name":"Arn\u00e9s antitirones SeriniDog"}]},{"@type":"WebSite","@id":"https:\/\/serinidog.com\/es\/#website","url":"https:\/\/serinidog.com\/es\/","name":"SeriniDog","description":"Shop pour chien","potentialAction":[{"@type":"SearchAction","target":{"@type":"EntryPoint","urlTemplate":"https:\/\/serinidog.com\/es\/?s={search_term_string}"},"query-input":{"@type":"PropertyValueSpecification","valueRequired":true,"valueName":"search_term_string"}}],"inLanguage":"es"}]},"product_brand":"Serinidog","og_availability":"instock","product_availability":"instock","product_condition":"new"},"_links":{"self":[{"href":"https:\/\/serinidog.com\/es\/wp-json\/wp\/v2\/product\/9942","targetHints":{"allow":["GET"]}}],"collection":[{"href":"https:\/\/serinidog.com\/es\/wp-json\/wp\/v2\/product"}],"about":[{"href":"https:\/\/serinidog.com\/es\/wp-json\/wp\/v2\/types\/product"}],"replies":[{"embeddable":true,"href":"https:\/\/serinidog.com\/es\/wp-json\/wp\/v2\/comments?post=9942"}],"wp:featuredmedia":[{"embeddable":true,"href":"https:\/\/serinidog.com\/es\/wp-json\/wp\/v2\/media\/7484"}],"wp:attachment":[{"href":"https:\/\/serinidog.com\/es\/wp-json\/wp\/v2\/media?parent=9942"}],"wp:term":[{"taxonomy":"product_brand","embeddable":true,"href":"https:\/\/serinidog.com\/es\/wp-json\/wp\/v2\/product_brand?post=9942"},{"taxonomy":"product_cat","embeddable":true,"href":"https:\/\/serinidog.com\/es\/wp-json\/wp\/v2\/product_cat?post=9942"},{"taxonomy":"product_tag","embeddable":true,"href":"https:\/\/serinidog.com\/es\/wp-json\/wp\/v2\/product_tag?post=9942"}],"curies":[{"name":"wp","href":"https:\/\/api.w.org\/{rel}","templated":true}]}}