{"id":9966,"date":"2024-11-21T12:11:09","date_gmt":"2024-11-21T12:11:09","guid":{"rendered":"https:\/\/serinidog.com\/p\/cortaunas-electrico-para-perros\/"},"modified":"2024-12-28T21:49:02","modified_gmt":"2024-12-28T21:49:02","slug":"cortaunas-electrico-para-perros","status":"publish","type":"product","link":"https:\/\/serinidog.com\/es\/p\/cortaunas-electrico-para-perros\/","title":{"rendered":"Corta\u00fa\u00f1as el\u00e9ctrico para perros"},"content":{"rendered":"\n<h2 class=\"wp-block-heading\" id=\"h-pourquoi-choisir-notre-coupe-ongles-electrique-pour-chien\"><strong>\u00bfPor qu\u00e9 elegir nuestro corta\u00fa\u00f1as el\u00e9ctrico para perros?<\/strong><\/h2>\n\n<p>Porque tu perro se merece lo mejor, este corta\u00fa\u00f1as combina <strong>seguridad, sencillez y eficacia<\/strong>. Sus dos velocidades y su punta adaptable lo hacen perfecto para todos los perros, sea cual sea su tama\u00f1o o la dureza de sus u\u00f1as. <\/p>\n\n<h2 class=\"wp-block-heading\"><strong>Dale a tu perro unas u\u00f1as perfectas, \u00a1sin estr\u00e9s ni esfuerzo!<\/strong><\/h2>\n\n<p>Descubre nuestro <strong>corta\u00fa\u00f1as el\u00e9ctrico para perros<\/strong>, la herramienta esencial para el cuidado profesional de las u\u00f1as en casa. Pr\u00e1ctico, seguro y f\u00e1cil de usar, est\u00e1 dise\u00f1ado para adaptarse a todos los tama\u00f1os de perro y proporcionar una agradable experiencia de aseo a tu compa\u00f1ero. <\/p>\n\n<h3 class=\"wp-block-heading\" id=\"h-caracteristiques-principales\"><strong>Caracter\u00edsticas principales:<\/strong><\/h3>\n\n<ul class=\"wp-block-list\">\n<li><strong>Punta protectora ajustable:<\/strong> se adapta perfectamente al tama\u00f1o de las u\u00f1as de tu perro, ya sean peque\u00f1as, medianas o grandes, para un corte preciso sin riesgo de lesiones.<\/li>\n\n\n\n<li><strong>Dos velocidades de rotaci\u00f3n:<\/strong> Permite un corte y alisado personalizados en funci\u00f3n de la dureza y el tama\u00f1o de las garras, para unos resultados impecables.<\/li>\n\n\n\n<li><strong>Bater\u00eda recargable por USB:<\/strong> \u00a1no necesitas pilas! Basta con conectarla a un puerto USB para recargarla r\u00e1pida y c\u00f3modamente. Una carga completa garantiza una gran autonom\u00eda para varias sesiones de acicalamiento.  <\/li>\n\n\n\n<li><strong>Silencioso y no asusta:<\/strong> Ideal para perros sensibles, su motor silencioso reduce el estr\u00e9s de tu mascota durante el tratamiento.<\/li>\n\n\n\n<li><strong>Compacta y ergon\u00f3mica:<\/strong> ligera y f\u00e1cil de manejar, est\u00e1 dise\u00f1ada para un agarre c\u00f3modo y un uso sin esfuerzo.<\/li>\n<\/ul>\n\n<h2 class=\"wp-block-heading\" id=\"h-les-avantages-pour-vous-et-votre-chien\"><strong>Los beneficios para ti y para tu perro:<\/strong><\/h2>\n\n<ul class=\"wp-block-list\">\n<li><strong>100% Seguro:<\/strong> gracias a la punta protectora, evita atajos y lesiones.<\/li>\n\n\n\n<li><strong>Pr\u00e1ctico y econ\u00f3mico:<\/strong> \u00a1sin necesidad de costosas citas de peluquer\u00eda! Cuida las u\u00f1as de tu perro en casa, cuando quieras. <\/li>\n\n\n\n<li><strong>M\u00e1xima comodidad para tu perro:<\/strong> el corte es suave, r\u00e1pido e indoloro, para una experiencia agradable y sin estr\u00e9s.<\/li>\n\n\n\n<li><strong>Mantenimiento \u00f3ptimo:<\/strong> Unas garras bien cuidadas reducen el riesgo de dolor articular y evitan los ara\u00f1azos accidentales.<\/li>\n<\/ul>\n","protected":false},"excerpt":{"rendered":"<p>Dale a tu perro unas u\u00f1as perfectas, \u00a1sin estr\u00e9s ni esfuerzo! Descubre nuestro corta\u00fa\u00f1as el\u00e9ctrico para perros, la herramienta esencial para el cuidado profesional de las u\u00f1as en casa. Pr\u00e1ctico, seguro y f\u00e1cil de usar, est\u00e1 dise\u00f1ado para adaptarse a todos los tama\u00f1os de perro y proporcionar una agradable experiencia de aseo a tu compa\u00f1ero.<\/p>\n<p> En el pack: &#8211; 1 Corta\u00fa\u00f1as el\u00e9ctrico para perros &#8211; 1 Cable de recarga USB \u00a1No dejes que las u\u00f1as largas se interpongan en la comodidad de tu perro! P\u00eddelo ahora y rec\u00edbelo r\u00e1pido: \u00a1en 3 d\u00edas laborables! Simplifica hoy su rutina de aseo. \u00a1Tu perro te lo agradecer\u00e1! \ud83d\udc3e<\/p>\n","protected":false},"featured_media":7596,"comment_status":"open","ping_status":"closed","template":"","meta":[],"product_brand":[],"product_cat":[256],"product_tag":[],"class_list":{"0":"post-9966","1":"product","2":"type-product","3":"status-publish","4":"has-post-thumbnail","6":"product_cat-aseo","7":"sales-flash-overlay","8":"woocommerce-text-align-left","9":"woocommerce-image-align-center","10":"do-quantity-buttons","11":"wc-has-gallery","13":"first","14":"instock","15":"sale","16":"taxable","17":"shipping-taxable","18":"purchasable","19":"product-type-simple"},"yoast_head":"<!-- This site is optimized with the Yoast SEO Premium plugin v23.4 (Yoast SEO v27.5) - https:\/\/yoast.com\/product\/yoast-seo-premium-wordpress\/ -->\n<title>Corta\u00fa\u00f1as el\u00e9ctrico para perros - SeriniDog<\/title>\n<meta name=\"robots\" content=\"index, follow, max-snippet:-1, max-image-preview:large, max-video-preview:-1\" \/>\n<link rel=\"canonical\" href=\"https:\/\/serinidog.com\/es\/p\/cortaunas-electrico-para-perros\/\" \/>\n<meta property=\"og:locale\" content=\"es_ES\" \/>\n<meta property=\"og:type\" content=\"article\" \/>\n<meta property=\"og:title\" content=\"Corta\u00fa\u00f1as el\u00e9ctrico para perros - SeriniDog\" \/>\n<meta property=\"og:description\" content=\"Dale a tu perro unas u\u00f1as perfectas, \u00a1sin estr\u00e9s ni esfuerzo! Descubre nuestro corta\u00fa\u00f1as el\u00e9ctrico para perros, la herramienta esencial para el cuidado profesional de las u\u00f1as en casa. Pr\u00e1ctico, seguro y f\u00e1cil de usar, est\u00e1 dise\u00f1ado para adaptarse a todos los tama\u00f1os de perro y proporcionar una agradable experiencia de aseo a tu compa\u00f1ero.  En el pack: - 1 Corta\u00fa\u00f1as el\u00e9ctrico para perros - 1 Cable de recarga USB \u00a1No dejes que las u\u00f1as largas se interpongan en la comodidad de tu perro! P\u00eddelo ahora y rec\u00edbelo r\u00e1pido: \u00a1en 3 d\u00edas laborables! Simplifica hoy su rutina de aseo. \u00a1Tu perro te lo agradecer\u00e1! \ud83d\udc3e\" \/>\n<meta property=\"og:url\" content=\"https:\/\/serinidog.com\/es\/p\/cortaunas-electrico-para-perros\/\" \/>\n<meta property=\"og:site_name\" content=\"SeriniDog\" \/>\n<meta property=\"article:modified_time\" content=\"2024-12-28T21:49:02+00:00\" \/>\n<meta property=\"og:image\" content=\"https:\/\/serinidog.com\/wp-content\/uploads\/2024\/11\/presentation-coupe-ongle.jpg\" \/>\n\t<meta property=\"og:image:width\" content=\"2000\" \/>\n\t<meta property=\"og:image:height\" content=\"2000\" \/>\n\t<meta property=\"og:image:type\" content=\"image\/jpeg\" \/>\n<meta name=\"twitter:card\" content=\"summary_large_image\" \/>\n<meta name=\"twitter:label1\" content=\"Precio\" \/>\n\t<meta name=\"twitter:data1\" content=\"29,00&nbsp;&euro;\" \/>\n\t<meta name=\"twitter:label2\" content=\"Disponibilidad\" \/>\n\t<meta name=\"twitter:data2\" content=\"Disponible\" \/>\n<script type=\"application\/ld+json\" class=\"yoast-schema-graph\">{\"@context\":\"https:\\\/\\\/schema.org\",\"@graph\":[{\"@type\":\"WebPage\",\"@id\":\"https:\\\/\\\/serinidog.com\\\/es\\\/p\\\/cortaunas-electrico-para-perros\\\/\",\"url\":\"https:\\\/\\\/serinidog.com\\\/es\\\/p\\\/cortaunas-electrico-para-perros\\\/\",\"name\":\"Corta\u00fa\u00f1as el\u00e9ctrico para perros - SeriniDog\",\"isPartOf\":{\"@id\":\"https:\\\/\\\/serinidog.com\\\/es\\\/#website\"},\"primaryImageOfPage\":{\"@id\":\"https:\\\/\\\/serinidog.com\\\/es\\\/p\\\/cortaunas-electrico-para-perros\\\/#primaryimage\"},\"image\":{\"@id\":\"https:\\\/\\\/serinidog.com\\\/es\\\/p\\\/cortaunas-electrico-para-perros\\\/#primaryimage\"},\"thumbnailUrl\":\"https:\\\/\\\/serinidog.com\\\/wp-content\\\/uploads\\\/2024\\\/11\\\/presentation-coupe-ongle.jpg\",\"datePublished\":\"2024-11-21T12:11:09+00:00\",\"dateModified\":\"2024-12-28T21:49:02+00:00\",\"breadcrumb\":{\"@id\":\"https:\\\/\\\/serinidog.com\\\/es\\\/p\\\/cortaunas-electrico-para-perros\\\/#breadcrumb\"},\"inLanguage\":\"es\",\"potentialAction\":[{\"@type\":\"ReadAction\",\"target\":[\"https:\\\/\\\/serinidog.com\\\/es\\\/p\\\/cortaunas-electrico-para-perros\\\/\"]}]},{\"@type\":\"ImageObject\",\"inLanguage\":\"es\",\"@id\":\"https:\\\/\\\/serinidog.com\\\/es\\\/p\\\/cortaunas-electrico-para-perros\\\/#primaryimage\",\"url\":\"https:\\\/\\\/serinidog.com\\\/wp-content\\\/uploads\\\/2024\\\/11\\\/presentation-coupe-ongle.jpg\",\"contentUrl\":\"https:\\\/\\\/serinidog.com\\\/wp-content\\\/uploads\\\/2024\\\/11\\\/presentation-coupe-ongle.jpg\",\"width\":2000,\"height\":2000},{\"@type\":\"BreadcrumbList\",\"@id\":\"https:\\\/\\\/serinidog.com\\\/es\\\/p\\\/cortaunas-electrico-para-perros\\\/#breadcrumb\",\"itemListElement\":[{\"@type\":\"ListItem\",\"position\":1,\"name\":\"Accueil\",\"item\":\"https:\\\/\\\/serinidog.com\\\/es\\\/\"},{\"@type\":\"ListItem\",\"position\":2,\"name\":\"Boutique\",\"item\":\"https:\\\/\\\/serinidog.com\\\/shop\\\/\"},{\"@type\":\"ListItem\",\"position\":3,\"name\":\"Aseo\",\"item\":\"https:\\\/\\\/serinidog.com\\\/es\\\/c\\\/aseo\\\/\"},{\"@type\":\"ListItem\",\"position\":4,\"name\":\"Corta\u00fa\u00f1as el\u00e9ctrico para perros\"}]},{\"@type\":\"WebSite\",\"@id\":\"https:\\\/\\\/serinidog.com\\\/es\\\/#website\",\"url\":\"https:\\\/\\\/serinidog.com\\\/es\\\/\",\"name\":\"SeriniDog\",\"description\":\"Shop pour chien\",\"potentialAction\":[{\"@type\":\"SearchAction\",\"target\":{\"@type\":\"EntryPoint\",\"urlTemplate\":\"https:\\\/\\\/serinidog.com\\\/es\\\/?s={search_term_string}\"},\"query-input\":{\"@type\":\"PropertyValueSpecification\",\"valueRequired\":true,\"valueName\":\"search_term_string\"}}],\"inLanguage\":\"es\"}]}<\/script>\n<meta property=\"product:price:amount\" content=\"29.00\" \/>\n<meta property=\"product:price:currency\" content=\"EUR\" \/>\n<meta property=\"og:availability\" content=\"instock\" \/>\n<meta property=\"product:availability\" content=\"instock\" \/>\n<meta property=\"product:condition\" content=\"new\" \/>\n<!-- \/ Yoast SEO Premium plugin. -->","yoast_head_json":{"title":"Corta\u00fa\u00f1as el\u00e9ctrico para perros - SeriniDog","robots":{"index":"index","follow":"follow","max-snippet":"max-snippet:-1","max-image-preview":"max-image-preview:large","max-video-preview":"max-video-preview:-1"},"canonical":"https:\/\/serinidog.com\/es\/p\/cortaunas-electrico-para-perros\/","og_locale":"es_ES","og_type":"article","og_title":"Corta\u00fa\u00f1as el\u00e9ctrico para perros - SeriniDog","og_description":"Dale a tu perro unas u\u00f1as perfectas, \u00a1sin estr\u00e9s ni esfuerzo! Descubre nuestro corta\u00fa\u00f1as el\u00e9ctrico para perros, la herramienta esencial para el cuidado profesional de las u\u00f1as en casa. Pr\u00e1ctico, seguro y f\u00e1cil de usar, est\u00e1 dise\u00f1ado para adaptarse a todos los tama\u00f1os de perro y proporcionar una agradable experiencia de aseo a tu compa\u00f1ero.  En el pack: - 1 Corta\u00fa\u00f1as el\u00e9ctrico para perros - 1 Cable de recarga USB \u00a1No dejes que las u\u00f1as largas se interpongan en la comodidad de tu perro! P\u00eddelo ahora y rec\u00edbelo r\u00e1pido: \u00a1en 3 d\u00edas laborables! Simplifica hoy su rutina de aseo. \u00a1Tu perro te lo agradecer\u00e1! \ud83d\udc3e","og_url":"https:\/\/serinidog.com\/es\/p\/cortaunas-electrico-para-perros\/","og_site_name":"SeriniDog","article_modified_time":"2024-12-28T21:49:02+00:00","og_image":[{"width":2000,"height":2000,"url":"https:\/\/serinidog.com\/wp-content\/uploads\/2024\/11\/presentation-coupe-ongle.jpg","type":"image\/jpeg"}],"twitter_card":"summary_large_image","twitter_misc":{"Precio":"29,00&nbsp;&euro;","Disponibilidad":"Disponible"},"schema":{"@context":"https:\/\/schema.org","@graph":[{"@type":"WebPage","@id":"https:\/\/serinidog.com\/es\/p\/cortaunas-electrico-para-perros\/","url":"https:\/\/serinidog.com\/es\/p\/cortaunas-electrico-para-perros\/","name":"Corta\u00fa\u00f1as el\u00e9ctrico para perros - SeriniDog","isPartOf":{"@id":"https:\/\/serinidog.com\/es\/#website"},"primaryImageOfPage":{"@id":"https:\/\/serinidog.com\/es\/p\/cortaunas-electrico-para-perros\/#primaryimage"},"image":{"@id":"https:\/\/serinidog.com\/es\/p\/cortaunas-electrico-para-perros\/#primaryimage"},"thumbnailUrl":"https:\/\/serinidog.com\/wp-content\/uploads\/2024\/11\/presentation-coupe-ongle.jpg","datePublished":"2024-11-21T12:11:09+00:00","dateModified":"2024-12-28T21:49:02+00:00","breadcrumb":{"@id":"https:\/\/serinidog.com\/es\/p\/cortaunas-electrico-para-perros\/#breadcrumb"},"inLanguage":"es","potentialAction":[{"@type":"ReadAction","target":["https:\/\/serinidog.com\/es\/p\/cortaunas-electrico-para-perros\/"]}]},{"@type":"ImageObject","inLanguage":"es","@id":"https:\/\/serinidog.com\/es\/p\/cortaunas-electrico-para-perros\/#primaryimage","url":"https:\/\/serinidog.com\/wp-content\/uploads\/2024\/11\/presentation-coupe-ongle.jpg","contentUrl":"https:\/\/serinidog.com\/wp-content\/uploads\/2024\/11\/presentation-coupe-ongle.jpg","width":2000,"height":2000},{"@type":"BreadcrumbList","@id":"https:\/\/serinidog.com\/es\/p\/cortaunas-electrico-para-perros\/#breadcrumb","itemListElement":[{"@type":"ListItem","position":1,"name":"Accueil","item":"https:\/\/serinidog.com\/es\/"},{"@type":"ListItem","position":2,"name":"Boutique","item":"https:\/\/serinidog.com\/shop\/"},{"@type":"ListItem","position":3,"name":"Aseo","item":"https:\/\/serinidog.com\/es\/c\/aseo\/"},{"@type":"ListItem","position":4,"name":"Corta\u00fa\u00f1as el\u00e9ctrico para perros"}]},{"@type":"WebSite","@id":"https:\/\/serinidog.com\/es\/#website","url":"https:\/\/serinidog.com\/es\/","name":"SeriniDog","description":"Shop pour chien","potentialAction":[{"@type":"SearchAction","target":{"@type":"EntryPoint","urlTemplate":"https:\/\/serinidog.com\/es\/?s={search_term_string}"},"query-input":{"@type":"PropertyValueSpecification","valueRequired":true,"valueName":"search_term_string"}}],"inLanguage":"es"}]},"product_price_amount":"29.00","product_price_currency":"EUR","og_availability":"instock","product_availability":"instock","product_condition":"new"},"_links":{"self":[{"href":"https:\/\/serinidog.com\/es\/wp-json\/wp\/v2\/product\/9966","targetHints":{"allow":["GET"]}}],"collection":[{"href":"https:\/\/serinidog.com\/es\/wp-json\/wp\/v2\/product"}],"about":[{"href":"https:\/\/serinidog.com\/es\/wp-json\/wp\/v2\/types\/product"}],"replies":[{"embeddable":true,"href":"https:\/\/serinidog.com\/es\/wp-json\/wp\/v2\/comments?post=9966"}],"wp:featuredmedia":[{"embeddable":true,"href":"https:\/\/serinidog.com\/es\/wp-json\/wp\/v2\/media\/7596"}],"wp:attachment":[{"href":"https:\/\/serinidog.com\/es\/wp-json\/wp\/v2\/media?parent=9966"}],"wp:term":[{"taxonomy":"product_brand","embeddable":true,"href":"https:\/\/serinidog.com\/es\/wp-json\/wp\/v2\/product_brand?post=9966"},{"taxonomy":"product_cat","embeddable":true,"href":"https:\/\/serinidog.com\/es\/wp-json\/wp\/v2\/product_cat?post=9966"},{"taxonomy":"product_tag","embeddable":true,"href":"https:\/\/serinidog.com\/es\/wp-json\/wp\/v2\/product_tag?post=9966"}],"curies":[{"name":"wp","href":"https:\/\/api.w.org\/{rel}","templated":true}]}}